{"id":19013,"date":"2023-09-11T10:47:40","date_gmt":"2023-09-11T10:47:40","guid":{"rendered":"https:\/\/moresimp.com\/passman-jira\/"},"modified":"2023-09-14T12:57:03","modified_gmt":"2023-09-14T12:57:03","slug":"passman-jira","status":"publish","type":"page","link":"https:\/\/moresimp.com\/hu\/passman-jira\/","title":{"rendered":"PassMan | Jira-val Integr\u00e1lhat\u00f3 V\u00e1llalati Jelsz\u00f3kezel\u0151"},"content":{"rendered":"<div class=\"wpb-content-wrapper\"><p>[vc_row type=&#8221;full_width_section&#8221; bg_image=&#8221;10412&#8243; top_padding=&#8221;40&#8243; bottom_padding=&#8221;40&#8243;][vc_column column_center=&#8221;true&#8221; width=&#8221;8\/12&#8243;]<h1 class=\"headline font-inherit fontsize-xxxl fontweight-900 lh-inherit align-center transform-inherit \" style=\"margin: 0px 0px 0px 0px; color: #253858;\">Biztons\u00e1gos Jelsz\u00f3kezel\u0151 Jira Feladatkezel\u0151h\u00f6z<\/h1><div class=\"headline font-inherit fontsize-xxl fontweight-inherit lh-inherit align-center transform-inherit \" style=\" color: #6b6b6b;\">Egyszer\u0171bb mindennapok, nagyobb biztons\u00e1g a PassMan-nal<\/div>[vc_column_text el_class=&#8221;text4&#8243;]<\/p>\n<p style=\"text-align: center; color: blue;\"><strong><a href=\"https:\/\/marketplace.atlassian.com\/search?query=moresimp\">Ir\u00e1ny az Atlassian Marketplace &#8211;&gt;<\/a><\/strong><\/p>\n<p>[\/vc_column_text][\/vc_column][vc_column width=&#8221;3\/12&#8243;]<div class=\"single_image wpb_content_element align-left    \" data-animation=\"none\" data-delay=\"0\"><img loading=\"lazy\" decoding=\"async\" width=\"1000\" height=\"1000\" src=\"https:\/\/moresimp.com\/wp-content\/uploads\/2023\/09\/protect-jira-passwords.png\" class=\"attachment-full\" alt=\"\" title=\"protect-jira-passwords\" srcset=\"https:\/\/moresimp.com\/wp-content\/uploads\/2023\/09\/protect-jira-passwords.png 1000w, https:\/\/moresimp.com\/wp-content\/uploads\/2023\/09\/protect-jira-passwords-300x300.png 300w, https:\/\/moresimp.com\/wp-content\/uploads\/2023\/09\/protect-jira-passwords-150x150.png 150w, https:\/\/moresimp.com\/wp-content\/uploads\/2023\/09\/protect-jira-passwords-768x768.png 768w, https:\/\/moresimp.com\/wp-content\/uploads\/2023\/09\/protect-jira-passwords-80x80.png 80w, https:\/\/moresimp.com\/wp-content\/uploads\/2023\/09\/protect-jira-passwords-500x500.png 500w\" sizes=\"auto, (max-width: 1000px) 100vw, 1000px\"><\/div>\n[\/vc_column][vc_column width=&#8221;1\/12&#8243;][\/vc_column][\/vc_row][vc_row bg_color=&#8221;#253858&#8243; top_padding=&#8221;20&#8243; bottom_padding=&#8221;20&#8243; class=&#8221;no-mobile&#8221;][vc_column width=&#8221;1\/2&#8243;]<h2 class=\"headline font-inherit fontsize-xl fontweight-900 lh-inherit align-right transform-inherit \" style=\"margin: 0px 0px 0px 0px; color: #ffffff;\">Jelsz\u00f3kezel\u0151 Jira-hoz?<\/h2><div class=\"headline font-inherit fontsize-l fontweight-900 lh-inherit align-right transform-inherit \" style=\"margin: 0px 0px 0px 0px; color: #ffffff;\">Cloud \/ Data Center<\/div>[\/vc_column][vc_column column_center=&#8221;true&#8221; width=&#8221;1\/2&#8243;]<a href=\"https:\/\/passman.co\/hu\/demo-start\/\" target=\"_blank\" class=\"button color-8 full \" style=\"border-radius: 30px;\"><i class='fa fa-chevron-right'><\/i>PR\u00d3B\u00c1LD KI A TESZTRENDSZERT!<\/a>[\/vc_column][\/vc_row][vc_row text_color=&#8221;custom&#8221; custom_text_color=&#8221;#3d3d3d&#8221; top_padding=&#8221;80&#8243; bottom_padding=&#8221;40&#8243; row_id=&#8221;more&#8221;][vc_column width=&#8221;1\/1&#8243;]<h3 class=\"headline font-inherit fontsize-xxl fontweight-900 lh-inherit align-center transform-inherit \" style=\"margin: 0px 0px 0px 0px; color: #0052cc;\">Kih\u00edv\u00e1s<\/h3>[vc_column_text el_class=&#8221;text&#8221;]A v\u00e1llalatok gyakran figyelmeztetik a felhaszn\u00e1l\u00f3ikat, hogy <strong>ne t\u00e1rolj\u00e1k a jelszavakat a Jira -ban.<\/strong> Az is kock\u00e1zatos, ha a felhaszn\u00e1l\u00f3kra b\u00edzzuk a c\u00e9ges jelszavak kezel\u00e9s\u00e9t. Hab\u00e1r l\u00e9tezik megold\u00e1s arra, hogy saj\u00e1t jelsz\u00f3ir\u00e1nyelveket alkalmazz, a megosztott jelszavak kezel\u00e9se m\u00e1s megold\u00e1st ig\u00e9nyel. A Jira-ban t\u00e1rolt jelszavakhoz gyakran olyan felhaszn\u00e1l\u00f3k is hozz\u00e1f\u00e9rhetnek, akiknek erre nem lenne alapb\u00f3l jogosults\u00e1guk.[\/vc_column_text][\/vc_column][\/vc_row][vc_row text_color=&#8221;custom&#8221; custom_text_color=&#8221;#000000&#8243; top_padding=&#8221;40&#8243; bottom_padding=&#8221;40&#8243;][vc_column bg_color=&#8221;#d9ebff&#8221; width=&#8221;1\/1&#8243;]<div class=\"spacer\" style=\"height: 20px;\"><\/div><h3 class=\"headline font-inherit fontsize-xxl fontweight-900 lh-inherit align-center transform-inherit \" style=\"margin: 0px 0px 0px 0px; color: #0052cc;\">Megold\u00e1s<\/h3>[vc_column_text el_class=&#8221;text&#8221;]A Jira-ban t\u00e1rolt egyszer\u0171 sz\u00f6veges jelszavak helyett haszn\u00e1lj <strong>szuperbiztons\u00e1gos bejelentkez\u00e9si linkeket<\/strong> a PassMan jelsz\u00f3kezel\u0151n kereszt\u00fcl. Garant\u00e1ljuk, hogy csak a megfelel\u0151 jogosults\u00e1ggal rendelkez\u0151 felhaszn\u00e1l\u00f3k f\u00e9rnek majd hozz\u00e1 az egyes c\u00e9ges jelszavakhoz. Ne kock\u00e1ztassatok! B\u00edzz\u00e1tok a jelszavakat az els\u0151 <strong>Jira-integr\u00e1lt v\u00e1llalati jelsz\u00f3kezel\u0151re<\/strong>![\/vc_column_text]<div class=\"spacer\" style=\"height: 20px;\"><\/div>[\/vc_column][\/vc_row][vc_row][vc_column width=&#8221;1\/1&#8243;]<div class=\"spacer\" style=\"height: 40px;\"><\/div><h2 class=\"headline font-inherit fontsize-xxl fontweight-900 lh-inherit align-center transform-inherit \" style=\"margin: 0px 0px 0px 0px; color: #253858;\">PassMan: Jelsz\u00f3v\u00e9delem Teljesk\u00f6r\u0171 Munkav\u00e9gz\u00e9s R\u00f6gz\u00edt\u00e9ssel!<\/h2>[\/vc_column][\/vc_row][vc_row type=&#8221;full_width_section&#8221; text_color=&#8221;custom&#8221; custom_text_color=&#8221;#000000&#8243; top_padding=&#8221;40&#8243;][vc_column el_class=&#8221;text&#8221; column_center=&#8221;true&#8221; width=&#8221;1\/2&#8243;]<div class=\"single_image wpb_content_element align-left    \" data-animation=\"none\" data-delay=\"0\"><img loading=\"lazy\" decoding=\"async\" width=\"1920\" height=\"1080\" src=\"https:\/\/moresimp.com\/wp-content\/uploads\/2023\/09\/passman-pm-mobile-1.jpg\" class=\"attachment-full\" alt=\"\" title=\"passman-pm-mobile (1)\" srcset=\"https:\/\/moresimp.com\/wp-content\/uploads\/2023\/09\/passman-pm-mobile-1.jpg 1920w, https:\/\/moresimp.com\/wp-content\/uploads\/2023\/09\/passman-pm-mobile-1-300x169.jpg 300w, https:\/\/moresimp.com\/wp-content\/uploads\/2023\/09\/passman-pm-mobile-1-1024x576.jpg 1024w, https:\/\/moresimp.com\/wp-content\/uploads\/2023\/09\/passman-pm-mobile-1-768x432.jpg 768w, https:\/\/moresimp.com\/wp-content\/uploads\/2023\/09\/passman-pm-mobile-1-1536x864.jpg 1536w, https:\/\/moresimp.com\/wp-content\/uploads\/2023\/09\/passman-pm-mobile-1-1000x563.jpg 1000w, https:\/\/moresimp.com\/wp-content\/uploads\/2023\/09\/passman-pm-mobile-1-500x281.jpg 500w\" sizes=\"auto, (max-width: 1920px) 100vw, 1920px\"><\/div>\n[\/vc_column][vc_column width=&#8221;1\/2&#8243;]<div class=\"minti_boxedholder text  clearfix\" style=\"padding: 30px 0px 30px 30px; margin: 0px 0px 0px 0px; \">[vc_column_text]<\/p>\n<ul class=\"elementor-icon-list-items\">\n<li class=\"elementor-icon-list-item\"><span class=\"elementor-icon-list-text\"><b>\u0150rizd a titkaid<\/b>\u00a0\u2013 a PassMan gondoskodik a c\u00e9ges jelszavak titkos\u00edtott t\u00e1rol\u00e1s\u00e1r\u00f3l, rendelkez\u00e9sre bocs\u00e1t\u00e1s\u00e1r\u00f3l, rot\u00e1l\u00e1s\u00e1r\u00f3l.<\/span><\/li>\n<li class=\"elementor-icon-list-item\"><span class=\"elementor-icon-list-text\"><b>Szab\u00e1lyozd a hozz\u00e1f\u00e9r\u00e9seket<\/b>\u00a0\u2013 a jogosults\u00e1gkezel\u00e9s miatt mindenki csak a munk\u00e1j\u00e1hoz sz\u00fcks\u00e9ges titkokhoz f\u00e9r hozz\u00e1.<\/span><\/li>\n<li class=\"elementor-icon-list-item\"><span class=\"elementor-icon-list-text\"><b>Automatiz\u00e1lj<\/b>\u00a0\u2013 tedd lehet\u0151v\u00e9, hogy IT csapatod jelsz\u00f3kezel\u00e9s helyett val\u00f3s fejleszt\u00e9sekre f\u00f3kusz\u00e1ljon!<\/span><\/li>\n<li class=\"elementor-icon-list-item\"><span class=\"elementor-icon-list-text\"><b>Felelj meg a standardoknak<\/b>\u00a0\u2013 biztons\u00e1gos bel\u00e9ptet\u00e9s, jelsz\u00f3megoszt\u00e1s, tev\u00e9kenys\u00e9gnapl\u00f3 \u00e9s standard riportok biztos\u00edtj\u00e1k az audit-megfelel\u00e9st.<\/span><\/li>\n<li class=\"elementor-icon-list-item\"><span class=\"elementor-icon-list-text\"><b>Egyszer\u0171s\u00edts<\/b>\u00a0\u2013 egy \u00e1tl\u00e1that\u00f3 rendszer bevezet\u00e9s\u00e9vel kis befektet\u00e9ssel nagy l\u00e9p\u00e9st tehetsz a megosztott c\u00e9ges fi\u00f3kok biztons\u00e1gos kezel\u00e9se fel\u00e9.<\/span><\/li>\n<\/ul>\n<p>[\/vc_column_text]<\/div>[\/vc_column][\/vc_row][vc_row bg_color=&#8221;#0052cc&#8221; top_padding=&#8221;20&#8243; bottom_padding=&#8221;20&#8243; class=&#8221;no-mobile&#8221;][vc_column width=&#8221;1\/2&#8243;]<h2 class=\"headline font-inherit fontsize-xl fontweight-900 lh-inherit align-right transform-inherit \" style=\"margin: 0px 0px 0px 0px; color: #ffffff;\">Nem haszn\u00e1ltok Jira-t?<\/h2><h3 class=\"headline font-inherit fontsize-l fontweight-900 lh-inherit align-right transform-inherit \" style=\"margin: 0px 0px 0px 0px; color: #ffffff;\">A PassMan \u00f6n\u00e1ll\u00f3 megold\u00e1sk\u00e9nt is haszn\u00e1lhat\u00f3<\/h3>[\/vc_column][vc_column column_center=&#8221;true&#8221; width=&#8221;1\/2&#8243;]<a href=\"https:\/\/passman.co\/hu\" target=\"_blank\" class=\"button color-8 full \" style=\"border-radius: 30px;\"><i class='fa fa-chevron-right'><\/i>K\u00c9REM AZ \u00d6N\u00c1LL\u00d3 SZOFTVERT!<\/a>[\/vc_column][\/vc_row][vc_row type=&#8221;full_width_section&#8221; bg_image=&#8221;18921&#8243; text_color=&#8221;custom&#8221; custom_text_color=&#8221;#000000&#8243; text_align=&#8221;center&#8221; top_padding=&#8221;100&#8243; bottom_padding=&#8221;100&#8243;][vc_column column_center=&#8221;true&#8221; width=&#8221;1\/12&#8243;][\/vc_column][vc_column width=&#8221;8\/12&#8243;]<h2 class=\"headline font-inherit fontsize-xxxl fontweight-900 lh-inherit align-center transform-inherit \" style=\"margin: 0px 0px 0px 0px; color: #253858;\">A PassMan t\u00f6bb, mint egy jelsz\u00f3kezel\u0151!<\/h2><div class=\"headline font-inherit fontsize-xl fontweight-700 lh-inherit align-center transform-inherit \" style=\"margin: 0px 0px 0px 0px; color: #253858;\">\u00daj megk\u00f6zel\u00edt\u00e9s a biztons\u00e1gos jogosults\u00e1gkezel\u00e9sre<\/div><div class=\"spacer\" style=\"height: 20px;\"><\/div>[vc_column_text el_class=&#8221;text6&#8243;]<\/p>\n<p style=\"text-align: center;\"><em>El\u00e9rhet\u0151 az Atlassian Marketplace-en!<\/em><\/p>\n<p>[\/vc_column_text]<a href=\"https:\/\/marketplace.atlassian.com\/search?query=moresimp\" target=\"_blank\" class=\"button custom large \" style=\"background-color: #0052cc; border-color: #0052cc;border-radius: 30px;\"><i class='fa fa-chevron-right'><\/i>PR\u00d3B\u00c1LD KI INGYEN!<\/a>[\/vc_column][vc_column width=&#8221;2\/12&#8243;]<div class=\"single_image wpb_content_element align-left  image_box_shadow image_zoom \" data-animation=\"none\" data-delay=\"0\"><a href=\"https:\/\/passman.co\/wp-content\/uploads\/2023\/08\/onepager-1p.230401.hu_.pdf\" target=\"_blank\"><img loading=\"lazy\" decoding=\"async\" width=\"210\" height=\"300\" src=\"https:\/\/moresimp.com\/wp-content\/uploads\/2023\/09\/termekismerteto-passman-atlassian-210x300.png\" class=\"attachment-medium\" alt=\"\" title=\"termekismerteto-passman-atlassian\" srcset=\"https:\/\/moresimp.com\/wp-content\/uploads\/2023\/09\/termekismerteto-passman-atlassian-210x300.png 210w, https:\/\/moresimp.com\/wp-content\/uploads\/2023\/09\/termekismerteto-passman-atlassian-500x714.png 500w, https:\/\/moresimp.com\/wp-content\/uploads\/2023\/09\/termekismerteto-passman-atlassian.png 700w\" sizes=\"auto, (max-width: 210px) 100vw, 210px\"><\/a><\/div>\n[\/vc_column][vc_column width=&#8221;1\/12&#8243;][\/vc_column][\/vc_row][vc_row text_color=&#8221;custom&#8221; custom_text_color=&#8221;#3d3d3d&#8221; top_padding=&#8221;40&#8243;][vc_column text_align=&#8221;center&#8221; width=&#8221;1\/1&#8243;]<div class=\"spacer\" style=\"height: 40px;\"><\/div>[vc_column_text el_class=&#8221;text5&#8243;]<\/p>\n<p style=\"text-align: center;\"><i class=\"fa fa-quote-left minti-icon\" style=\"color:#0052cc !important; font-size: 40px; margin: 0px 0px 0px 0px\"><\/i> <strong><em>A PassMan-b\u00f3l ered\u0151 k\u00e9nyelem felbecs\u00fclhetetlen!<\/em><\/strong><\/p>\n<p>[\/vc_column_text][vc_column_text el_class=&#8221;text2&#8243;]<\/p>\n<p style=\"text-align: center;\"><em>\u00dczletfejleszt\u00e9si Igazgat\u00f3, HumanoiT Kft.<\/em><\/p>\n<p>[\/vc_column_text]<div class=\"single_image wpb_content_element align-center    \" data-animation=\"none\" data-delay=\"0\"><img loading=\"lazy\" decoding=\"async\" width=\"70\" height=\"70\" src=\"https:\/\/moresimp.com\/wp-content\/uploads\/2022\/12\/man-1.png\" class=\"attachment-full\" alt=\"\" title=\"man (1)\"><\/div>\n<div class=\"spacer\" style=\"height: 40px;\"><\/div><a href=\"https:\/\/marketplace.atlassian.com\/search?query=moresimp\" target=\"_blank\" class=\"button custom large btn\" style=\"background-color: #e2b203; border-color: #e2b203;border-radius: 30px;\">PR\u00d3B\u00c1LD KI INGYEN!<\/a><div class=\"spacer\" style=\"height: 40px;\"><\/div>[\/vc_column][\/vc_row][vc_row text_color=&#8221;custom&#8221; custom_text_color=&#8221;#3d3d3d&#8221; bottom_padding=&#8221;40&#8243;][vc_column el_class=&#8221;no-mobile&#8221; width=&#8221;1\/6&#8243;][\/vc_column][vc_column width=&#8221;2\/3&#8243;]<div class=\"single_image wpb_content_element align-left    \" data-animation=\"none\" data-delay=\"0\"><img loading=\"lazy\" decoding=\"async\" width=\"1920\" height=\"180\" src=\"https:\/\/moresimp.com\/wp-content\/uploads\/2022\/12\/My-project-1-1.jpg\" class=\"attachment-full\" alt=\"\" title=\"My project-1 (1)\" srcset=\"https:\/\/moresimp.com\/wp-content\/uploads\/2022\/12\/My-project-1-1.jpg 1920w, https:\/\/moresimp.com\/wp-content\/uploads\/2022\/12\/My-project-1-1-300x28.jpg 300w, https:\/\/moresimp.com\/wp-content\/uploads\/2022\/12\/My-project-1-1-1024x96.jpg 1024w, https:\/\/moresimp.com\/wp-content\/uploads\/2022\/12\/My-project-1-1-768x72.jpg 768w, https:\/\/moresimp.com\/wp-content\/uploads\/2022\/12\/My-project-1-1-1536x144.jpg 1536w, https:\/\/moresimp.com\/wp-content\/uploads\/2022\/12\/My-project-1-1-500x47.jpg 500w\" sizes=\"auto, (max-width: 1920px) 100vw, 1920px\"><\/div>\n[vc_column_text el_class=&#8221;text&#8221;]<\/p>\n<p style=\"text-align: center;\"><em>A MORESIMP Kft. a JExcel, ImpEx \u00e9s EPC Jira appok fejleszt\u0151je.<\/em><\/p>\n<p>[\/vc_column_text][\/vc_column][vc_column width=&#8221;1\/6&#8243;][\/vc_column][\/vc_row]<\/p>\n<\/div>","protected":false},"excerpt":{"rendered":"<p>[vc_row type=&#8221;full_width_section&#8221; bg_image=&#8221;10412&#8243; top_padding=&#8221;40&#8243; bottom_padding=&#8221;40&#8243;][vc_column column_center=&#8221;true&#8221; width=&#8221;8\/12&#8243;][vc_column_text el_class=&#8221;text4&#8243;] Ir\u00e1ny az Atlassian Marketplace &#8211;&gt; [\/vc_column_text][\/vc_column][vc_column width=&#8221;3\/12&#8243;][\/vc_column][vc_column width=&#8221;1\/12&#8243;][\/vc_column][\/vc_row][vc_row bg_color=&#8221;#253858&#8243; top_padding=&#8221;20&#8243; bottom_padding=&#8221;20&#8243; class=&#8221;no-mobile&#8221;][vc_column width=&#8221;1\/2&#8243;][\/vc_column][vc_column column_center=&#8221;true&#8221; width=&#8221;1\/2&#8243;][\/vc_column][\/vc_row][vc_row text_color=&#8221;custom&#8221; custom_text_color=&#8221;#3d3d3d&#8221; top_padding=&#8221;80&#8243; bottom_padding=&#8221;40&#8243; row_id=&#8221;more&#8221;][vc_column width=&#8221;1\/1&#8243;][vc_column_text el_class=&#8221;text&#8221;]A v\u00e1llalatok gyakran figyelmeztetik a felhaszn\u00e1l\u00f3ikat, hogy ne t\u00e1rolj\u00e1k a jelszavakat a Jira -ban. Az is kock\u00e1zatos, ha a felhaszn\u00e1l\u00f3kra b\u00edzzuk a c\u00e9ges jelszavak kezel\u00e9s\u00e9t. Hab\u00e1r l\u00e9tezik megold\u00e1s arra, hogy saj\u00e1t jelsz\u00f3ir\u00e1nyelveket alkalmazz, a megosztott jelszavak kezel\u00e9se m\u00e1s megold\u00e1st ig\u00e9nyel. A Jira-ban t\u00e1rolt jelszavakhoz gyakran olyan felhaszn\u00e1l\u00f3k is hozz\u00e1f\u00e9rhetnek, akiknek erre nem lenne alapb\u00f3l jogosults\u00e1guk.[\/vc_column_text][\/vc_column][\/vc_row][vc_row text_color=&#8221;custom&#8221; custom_text_color=&#8221;#000000&#8243; top_padding=&#8221;40&#8243; bottom_padding=&#8221;40&#8243;][vc_column bg_color=&#8221;#d9ebff&#8221; width=&#8221;1\/1&#8243;][vc_column_text el_class=&#8221;text&#8221;]A Jira-ban t\u00e1rolt egyszer\u0171 sz\u00f6veges jelszavak helyett haszn\u00e1lj szuperbiztons\u00e1gos bejelentkez\u00e9si linkeket a PassMan jelsz\u00f3kezel\u0151n kereszt\u00fcl. Garant\u00e1ljuk, hogy csak a megfelel\u0151 jogosults\u00e1ggal rendelkez\u0151 felhaszn\u00e1l\u00f3k f\u00e9rnek majd hozz\u00e1 az egyes c\u00e9ges jelszavakhoz. Ne kock\u00e1ztassatok! B\u00edzz\u00e1tok a jelszavakat az els\u0151 Jira-integr\u00e1lt v\u00e1llalati jelsz\u00f3kezel\u0151re![\/vc_column_text][\/vc_column][\/vc_row][vc_row][vc_column width=&#8221;1\/1&#8243;][\/vc_column][\/vc_row][vc_row type=&#8221;full_width_section&#8221; text_color=&#8221;custom&#8221; custom_text_color=&#8221;#000000&#8243; top_padding=&#8221;40&#8243;][vc_column el_class=&#8221;text&#8221; column_center=&#8221;true&#8221; width=&#8221;1\/2&#8243;][\/vc_column][vc_column width=&#8221;1\/2&#8243;][\/vc_column][\/vc_row][vc_row bg_color=&#8221;#0052cc&#8221; top_padding=&#8221;20&#8243; bottom_padding=&#8221;20&#8243; class=&#8221;no-mobile&#8221;][vc_column width=&#8221;1\/2&#8243;][\/vc_column][vc_column column_center=&#8221;true&#8221; width=&#8221;1\/2&#8243;][\/vc_column][\/vc_row][vc_row type=&#8221;full_width_section&#8221; bg_image=&#8221;18921&#8243; text_color=&#8221;custom&#8221; custom_text_color=&#8221;#000000&#8243; text_align=&#8221;center&#8221; top_padding=&#8221;100&#8243; bottom_padding=&#8221;100&#8243;][vc_column column_center=&#8221;true&#8221; width=&#8221;1\/12&#8243;][\/vc_column][vc_column width=&#8221;8\/12&#8243;][vc_column_text el_class=&#8221;text6&#8243;] El\u00e9rhet\u0151 az Atlassian Marketplace-en! [\/vc_column_text][\/vc_column][vc_column width=&#8221;2\/12&#8243;][\/vc_column][vc_column width=&#8221;1\/12&#8243;][\/vc_column][\/vc_row][vc_row text_color=&#8221;custom&#8221; custom_text_color=&#8221;#3d3d3d&#8221; top_padding=&#8221;40&#8243;][vc_column text_align=&#8221;center&#8221; width=&#8221;1\/1&#8243;][vc_column_text el_class=&#8221;text5&#8243;] A PassMan-b\u00f3l ered\u0151 k\u00e9nyelem felbecs\u00fclhetetlen! [\/vc_column_text][vc_column_text el_class=&#8221;text2&#8243;] \u00dczletfejleszt\u00e9si Igazgat\u00f3, HumanoiT Kft. [\/vc_column_text][\/vc_column][\/vc_row][vc_row text_color=&#8221;custom&#8221; custom_text_color=&#8221;#3d3d3d&#8221; bottom_padding=&#8221;40&#8243;][vc_column el_class=&#8221;no-mobile&#8221; width=&#8221;1\/6&#8243;][\/vc_column][vc_column width=&#8221;2\/3&#8243;][vc_column_text el_class=&#8221;text&#8221;] A MORESIMP Kft. a JExcel, ImpEx \u00e9s EPC Jira appok fejleszt\u0151je. [&hellip;]<\/p>\n","protected":false},"author":4,"featured_media":0,"parent":0,"menu_order":0,"comment_status":"closed","ping_status":"closed","template":"","meta":{"footnotes":""},"class_list":["post-19013","page","type-page","status-publish","hentry"],"yoast_head":"<!-- This site is optimized with the Yoast SEO plugin v27.4 - https:\/\/yoast.com\/product\/yoast-seo-wordpress\/ -->\n<title>PassMan | Jira-val Integr\u00e1lhat\u00f3 V\u00e1llalati Jelsz\u00f3kezel\u0151 - MORESIMP<\/title>\n<meta name=\"description\" content=\"A Jira-ban t\u00e1rolt, sz\u00f6veges form\u00e1tum\u00fa jelszavak t\u00e1rol\u00e1sa nem biztons\u00e1gos! Integr\u00e1ld a Jira-t a PassMan jelsz\u00f3kezel\u0151vel.\" \/>\n<meta name=\"robots\" content=\"index, follow, max-snippet:-1, max-image-preview:large, max-video-preview:-1\" \/>\n<link rel=\"canonical\" href=\"https:\/\/moresimp.com\/hu\/passman-jira\/\" \/>\n<meta property=\"og:locale\" content=\"hu_HU\" \/>\n<meta property=\"og:type\" content=\"article\" \/>\n<meta property=\"og:title\" content=\"PassMan | Jira-val Integr\u00e1lhat\u00f3 V\u00e1llalati Jelsz\u00f3kezel\u0151 - MORESIMP\" \/>\n<meta property=\"og:description\" content=\"A Jira-ban t\u00e1rolt, sz\u00f6veges form\u00e1tum\u00fa jelszavak t\u00e1rol\u00e1sa nem biztons\u00e1gos! Integr\u00e1ld a Jira-t a PassMan jelsz\u00f3kezel\u0151vel.\" \/>\n<meta property=\"og:url\" content=\"https:\/\/moresimp.com\/hu\/passman-jira\/\" \/>\n<meta property=\"og:site_name\" content=\"MORESIMP\" \/>\n<meta property=\"article:modified_time\" content=\"2023-09-14T12:57:03+00:00\" \/>\n<meta name=\"twitter:card\" content=\"summary_large_image\" \/>\n<meta name=\"twitter:label1\" content=\"Becs\u00fclt olvas\u00e1si id\u0151\" \/>\n\t<meta name=\"twitter:data1\" content=\"3 perc\" \/>\n<script type=\"application\/ld+json\" class=\"yoast-schema-graph\">{\"@context\":\"https:\\\/\\\/schema.org\",\"@graph\":[{\"@type\":\"WebPage\",\"@id\":\"https:\\\/\\\/moresimp.com\\\/hu\\\/passman-jira\\\/\",\"url\":\"https:\\\/\\\/moresimp.com\\\/hu\\\/passman-jira\\\/\",\"name\":\"PassMan | Jira-val Integr\u00e1lhat\u00f3 V\u00e1llalati Jelsz\u00f3kezel\u0151 - MORESIMP\",\"isPartOf\":{\"@id\":\"https:\\\/\\\/moresimp.com\\\/hu\\\/#website\"},\"datePublished\":\"2023-09-11T10:47:40+00:00\",\"dateModified\":\"2023-09-14T12:57:03+00:00\",\"description\":\"A Jira-ban t\u00e1rolt, sz\u00f6veges form\u00e1tum\u00fa jelszavak t\u00e1rol\u00e1sa nem biztons\u00e1gos! Integr\u00e1ld a Jira-t a PassMan jelsz\u00f3kezel\u0151vel.\",\"breadcrumb\":{\"@id\":\"https:\\\/\\\/moresimp.com\\\/hu\\\/passman-jira\\\/#breadcrumb\"},\"inLanguage\":\"hu\",\"potentialAction\":[{\"@type\":\"ReadAction\",\"target\":[\"https:\\\/\\\/moresimp.com\\\/hu\\\/passman-jira\\\/\"]}]},{\"@type\":\"BreadcrumbList\",\"@id\":\"https:\\\/\\\/moresimp.com\\\/hu\\\/passman-jira\\\/#breadcrumb\",\"itemListElement\":[{\"@type\":\"ListItem\",\"position\":1,\"name\":\"Home\",\"item\":\"https:\\\/\\\/moresimp.com\\\/hu\\\/\"},{\"@type\":\"ListItem\",\"position\":2,\"name\":\"PassMan | Jira-val Integr\u00e1lhat\u00f3 V\u00e1llalati Jelsz\u00f3kezel\u0151\"}]},{\"@type\":\"WebSite\",\"@id\":\"https:\\\/\\\/moresimp.com\\\/hu\\\/#website\",\"url\":\"https:\\\/\\\/moresimp.com\\\/hu\\\/\",\"name\":\"MORESIMP\",\"description\":\"Smart software, more life.\",\"potentialAction\":[{\"@type\":\"SearchAction\",\"target\":{\"@type\":\"EntryPoint\",\"urlTemplate\":\"https:\\\/\\\/moresimp.com\\\/hu\\\/?s={search_term_string}\"},\"query-input\":{\"@type\":\"PropertyValueSpecification\",\"valueRequired\":true,\"valueName\":\"search_term_string\"}}],\"inLanguage\":\"hu\"}]}<\/script>\n<!-- \/ Yoast SEO plugin. -->","yoast_head_json":{"title":"PassMan | Jira-val Integr\u00e1lhat\u00f3 V\u00e1llalati Jelsz\u00f3kezel\u0151 - MORESIMP","description":"A Jira-ban t\u00e1rolt, sz\u00f6veges form\u00e1tum\u00fa jelszavak t\u00e1rol\u00e1sa nem biztons\u00e1gos! Integr\u00e1ld a Jira-t a PassMan jelsz\u00f3kezel\u0151vel.","robots":{"index":"index","follow":"follow","max-snippet":"max-snippet:-1","max-image-preview":"max-image-preview:large","max-video-preview":"max-video-preview:-1"},"canonical":"https:\/\/moresimp.com\/hu\/passman-jira\/","og_locale":"hu_HU","og_type":"article","og_title":"PassMan | Jira-val Integr\u00e1lhat\u00f3 V\u00e1llalati Jelsz\u00f3kezel\u0151 - MORESIMP","og_description":"A Jira-ban t\u00e1rolt, sz\u00f6veges form\u00e1tum\u00fa jelszavak t\u00e1rol\u00e1sa nem biztons\u00e1gos! Integr\u00e1ld a Jira-t a PassMan jelsz\u00f3kezel\u0151vel.","og_url":"https:\/\/moresimp.com\/hu\/passman-jira\/","og_site_name":"MORESIMP","article_modified_time":"2023-09-14T12:57:03+00:00","twitter_card":"summary_large_image","twitter_misc":{"Becs\u00fclt olvas\u00e1si id\u0151":"3 perc"},"schema":{"@context":"https:\/\/schema.org","@graph":[{"@type":"WebPage","@id":"https:\/\/moresimp.com\/hu\/passman-jira\/","url":"https:\/\/moresimp.com\/hu\/passman-jira\/","name":"PassMan | Jira-val Integr\u00e1lhat\u00f3 V\u00e1llalati Jelsz\u00f3kezel\u0151 - MORESIMP","isPartOf":{"@id":"https:\/\/moresimp.com\/hu\/#website"},"datePublished":"2023-09-11T10:47:40+00:00","dateModified":"2023-09-14T12:57:03+00:00","description":"A Jira-ban t\u00e1rolt, sz\u00f6veges form\u00e1tum\u00fa jelszavak t\u00e1rol\u00e1sa nem biztons\u00e1gos! Integr\u00e1ld a Jira-t a PassMan jelsz\u00f3kezel\u0151vel.","breadcrumb":{"@id":"https:\/\/moresimp.com\/hu\/passman-jira\/#breadcrumb"},"inLanguage":"hu","potentialAction":[{"@type":"ReadAction","target":["https:\/\/moresimp.com\/hu\/passman-jira\/"]}]},{"@type":"BreadcrumbList","@id":"https:\/\/moresimp.com\/hu\/passman-jira\/#breadcrumb","itemListElement":[{"@type":"ListItem","position":1,"name":"Home","item":"https:\/\/moresimp.com\/hu\/"},{"@type":"ListItem","position":2,"name":"PassMan | Jira-val Integr\u00e1lhat\u00f3 V\u00e1llalati Jelsz\u00f3kezel\u0151"}]},{"@type":"WebSite","@id":"https:\/\/moresimp.com\/hu\/#website","url":"https:\/\/moresimp.com\/hu\/","name":"MORESIMP","description":"Smart software, more life.","potentialAction":[{"@type":"SearchAction","target":{"@type":"EntryPoint","urlTemplate":"https:\/\/moresimp.com\/hu\/?s={search_term_string}"},"query-input":{"@type":"PropertyValueSpecification","valueRequired":true,"valueName":"search_term_string"}}],"inLanguage":"hu"}]}},"_links":{"self":[{"href":"https:\/\/moresimp.com\/hu\/wp-json\/wp\/v2\/pages\/19013","targetHints":{"allow":["GET"]}}],"collection":[{"href":"https:\/\/moresimp.com\/hu\/wp-json\/wp\/v2\/pages"}],"about":[{"href":"https:\/\/moresimp.com\/hu\/wp-json\/wp\/v2\/types\/page"}],"author":[{"embeddable":true,"href":"https:\/\/moresimp.com\/hu\/wp-json\/wp\/v2\/users\/4"}],"replies":[{"embeddable":true,"href":"https:\/\/moresimp.com\/hu\/wp-json\/wp\/v2\/comments?post=19013"}],"version-history":[{"count":4,"href":"https:\/\/moresimp.com\/hu\/wp-json\/wp\/v2\/pages\/19013\/revisions"}],"predecessor-version":[{"id":19021,"href":"https:\/\/moresimp.com\/hu\/wp-json\/wp\/v2\/pages\/19013\/revisions\/19021"}],"wp:attachment":[{"href":"https:\/\/moresimp.com\/hu\/wp-json\/wp\/v2\/media?parent=19013"}],"curies":[{"name":"wp","href":"https:\/\/api.w.org\/{rel}","templated":true}]}}