{"id":19024,"date":"2023-09-14T13:33:10","date_gmt":"2023-09-14T13:33:10","guid":{"rendered":"https:\/\/moresimp.com\/passman-ceges-jelszokezelo\/"},"modified":"2023-09-14T13:41:34","modified_gmt":"2023-09-14T13:41:34","slug":"passman-ceges-jelszokezelo","status":"publish","type":"page","link":"https:\/\/moresimp.com\/hu\/passman-ceges-jelszokezelo\/","title":{"rendered":"PassMan C\u00e9ges Jelsz\u00f3kezel\u0151"},"content":{"rendered":"<div class=\"wpb-content-wrapper\"><p>[vc_row type=&#8221;full_width_section&#8221; bg_color=&#8221;#edf3dc&#8221; text_color=&#8221;custom&#8221; custom_text_color=&#8221;#a6c549&#8243; top_padding=&#8221;60&#8243; bottom_padding=&#8221;60&#8243; class=&#8221;no-mobile&#8221;][vc_column column_center=&#8221;true&#8221; text_align=&#8221;center&#8221; width=&#8221;1\/4&#8243;][\/vc_column][vc_column width=&#8221;1\/2&#8243;]<h1 class=\"headline font-inherit fontsize-xxxl fontweight-600 lh-12 align-center transform-inherit \" style=\"margin: 0 0 20px 0; color: #3d3d3d;\">Ne v\u00e1rd meg, am\u00edg egy incidens bek\u00f6vetkezik!<\/h1><h2 class=\"headline font-inherit fontsize-l fontweight-inherit lh-12 align-center transform-inherit \" style=\"margin: 0 0 20px 0; color: #3d3d3d;\">Titkos\u00edtott jelsz\u00f3t\u00e1rol\u00e1s \u00e9s t\u00f6bbszint\u0171 jogosults\u00e1gkezel\u00e9s a PassMan-al<\/h2><div class=\"spacer\" style=\"height: 40px;\"><\/div><a href=\"https:\/\/passman.co\/hu\" target=\"_blank\" class=\"button color-3 full \" style=\"border-radius: 30px;\"><i class='fa fa-chevron-right'><\/i>Tov\u00e1bb a term\u00e9k oldal\u00e1ra<\/a>[\/vc_column][vc_column width=&#8221;1\/4&#8243;][\/vc_column][\/vc_row][vc_row type=&#8221;full_width_section&#8221; text_color=&#8221;custom&#8221; custom_text_color=&#8221;#a6c549&#8243; top_padding=&#8221;40&#8243;][vc_column column_center=&#8221;true&#8221; width=&#8221;1\/12&#8243;][\/vc_column][vc_column column_center=&#8221;true&#8221; width=&#8221;6\/12&#8243;]<h2 class=\"headline font-inherit fontsize-m fontweight-600 lh-inherit align-center transform-inherit \" style=\" color: #3d3d3d;\">\u0150k m\u00e1r a mi appjainkat haszn\u00e1lj\u00e1k<\/h2><div class=\"single_image wpb_content_element align-right    \" data-animation=\"none\" data-delay=\"0\"><img loading=\"lazy\" decoding=\"async\" width=\"1024\" height=\"216\" src=\"https:\/\/moresimp.com\/wp-content\/uploads\/2022\/05\/Moresimp-references-1024x216.jpg\" class=\"attachment-large\" alt=\"\" title=\"Moresimp-references\" srcset=\"https:\/\/moresimp.com\/wp-content\/uploads\/2022\/05\/Moresimp-references-1024x216.jpg 1024w, https:\/\/moresimp.com\/wp-content\/uploads\/2022\/05\/Moresimp-references-300x63.jpg 300w, https:\/\/moresimp.com\/wp-content\/uploads\/2022\/05\/Moresimp-references-768x162.jpg 768w, https:\/\/moresimp.com\/wp-content\/uploads\/2022\/05\/Moresimp-references-1536x324.jpg 1536w, https:\/\/moresimp.com\/wp-content\/uploads\/2022\/05\/Moresimp-references.jpg 1918w\" sizes=\"auto, (max-width: 1024px) 100vw, 1024px\"><\/div>\n[\/vc_column][vc_column width=&#8221;5\/12&#8243;]<div class=\"single_image wpb_content_element align-left    \" data-animation=\"none\" data-delay=\"0\"><img loading=\"lazy\" decoding=\"async\" width=\"1920\" height=\"1080\" src=\"https:\/\/moresimp.com\/wp-content\/uploads\/2023\/09\/passman-pm-db-5-1.png\" class=\"attachment-full\" alt=\"\" title=\"passman-pm-db-5-1\" srcset=\"https:\/\/moresimp.com\/wp-content\/uploads\/2023\/09\/passman-pm-db-5-1.png 1920w, https:\/\/moresimp.com\/wp-content\/uploads\/2023\/09\/passman-pm-db-5-1-300x169.png 300w, https:\/\/moresimp.com\/wp-content\/uploads\/2023\/09\/passman-pm-db-5-1-1024x576.png 1024w, https:\/\/moresimp.com\/wp-content\/uploads\/2023\/09\/passman-pm-db-5-1-768x432.png 768w, https:\/\/moresimp.com\/wp-content\/uploads\/2023\/09\/passman-pm-db-5-1-1536x864.png 1536w, https:\/\/moresimp.com\/wp-content\/uploads\/2023\/09\/passman-pm-db-5-1-1000x563.png 1000w, https:\/\/moresimp.com\/wp-content\/uploads\/2023\/09\/passman-pm-db-5-1-500x281.png 500w\" sizes=\"auto, (max-width: 1920px) 100vw, 1920px\"><\/div>\n[\/vc_column][\/vc_row]<\/p>\n<\/div>","protected":false},"excerpt":{"rendered":"<p>[vc_row type=&#8221;full_width_section&#8221; bg_color=&#8221;#edf3dc&#8221; text_color=&#8221;custom&#8221; custom_text_color=&#8221;#a6c549&#8243; top_padding=&#8221;60&#8243; bottom_padding=&#8221;60&#8243; class=&#8221;no-mobile&#8221;][vc_column column_center=&#8221;true&#8221; text_align=&#8221;center&#8221; width=&#8221;1\/4&#8243;][\/vc_column][vc_column width=&#8221;1\/2&#8243;][\/vc_column][vc_column width=&#8221;1\/4&#8243;][\/vc_column][\/vc_row][vc_row type=&#8221;full_width_section&#8221; text_color=&#8221;custom&#8221; custom_text_color=&#8221;#a6c549&#8243; top_padding=&#8221;40&#8243;][vc_column column_center=&#8221;true&#8221; width=&#8221;1\/12&#8243;][\/vc_column][vc_column column_center=&#8221;true&#8221; width=&#8221;6\/12&#8243;][\/vc_column][vc_column width=&#8221;5\/12&#8243;][\/vc_column][\/vc_row]<\/p>\n","protected":false},"author":4,"featured_media":0,"parent":0,"menu_order":0,"comment_status":"closed","ping_status":"closed","template":"","meta":{"footnotes":""},"class_list":["post-19024","page","type-page","status-publish","hentry"],"yoast_head":"<!-- This site is optimized with the Yoast SEO plugin v27.3 - https:\/\/yoast.com\/product\/yoast-seo-wordpress\/ -->\n<title>PassMan C\u00e9ges Jelsz\u00f3kezel\u0151 - MORESIMP<\/title>\n<meta name=\"description\" content=\"PassMan jelsz\u00f3kezel\u0151 felel\u0151ss\u00e9gteljes c\u00e9geknek. Ne v\u00e1rd meg, am\u00edg bek\u00f6vetkezik egy incidens, legyen ink\u00e1bb egy \u00e1tl\u00e1that\u00f3 rendszeretek.\" \/>\n<meta name=\"robots\" content=\"index, follow, max-snippet:-1, max-image-preview:large, max-video-preview:-1\" \/>\n<link rel=\"canonical\" href=\"https:\/\/moresimp.com\/hu\/passman-ceges-jelszokezelo\/\" \/>\n<meta property=\"og:locale\" content=\"hu_HU\" \/>\n<meta property=\"og:type\" content=\"article\" \/>\n<meta property=\"og:title\" content=\"PassMan C\u00e9ges Jelsz\u00f3kezel\u0151 - MORESIMP\" \/>\n<meta property=\"og:description\" content=\"PassMan jelsz\u00f3kezel\u0151 felel\u0151ss\u00e9gteljes c\u00e9geknek. Ne v\u00e1rd meg, am\u00edg bek\u00f6vetkezik egy incidens, legyen ink\u00e1bb egy \u00e1tl\u00e1that\u00f3 rendszeretek.\" \/>\n<meta property=\"og:url\" content=\"https:\/\/moresimp.com\/hu\/passman-ceges-jelszokezelo\/\" \/>\n<meta property=\"og:site_name\" content=\"MORESIMP\" \/>\n<meta property=\"article:modified_time\" content=\"2023-09-14T13:41:34+00:00\" \/>\n<meta name=\"twitter:card\" content=\"summary_large_image\" \/>\n<meta name=\"twitter:label1\" content=\"Becs\u00fclt olvas\u00e1si id\u0151\" \/>\n\t<meta name=\"twitter:data1\" content=\"1 perc\" \/>\n<script type=\"application\/ld+json\" class=\"yoast-schema-graph\">{\"@context\":\"https:\\\/\\\/schema.org\",\"@graph\":[{\"@type\":\"WebPage\",\"@id\":\"https:\\\/\\\/moresimp.com\\\/hu\\\/passman-ceges-jelszokezelo\\\/\",\"url\":\"https:\\\/\\\/moresimp.com\\\/hu\\\/passman-ceges-jelszokezelo\\\/\",\"name\":\"PassMan C\u00e9ges Jelsz\u00f3kezel\u0151 - MORESIMP\",\"isPartOf\":{\"@id\":\"https:\\\/\\\/moresimp.com\\\/hu\\\/#website\"},\"datePublished\":\"2023-09-14T13:33:10+00:00\",\"dateModified\":\"2023-09-14T13:41:34+00:00\",\"description\":\"PassMan jelsz\u00f3kezel\u0151 felel\u0151ss\u00e9gteljes c\u00e9geknek. Ne v\u00e1rd meg, am\u00edg bek\u00f6vetkezik egy incidens, legyen ink\u00e1bb egy \u00e1tl\u00e1that\u00f3 rendszeretek.\",\"breadcrumb\":{\"@id\":\"https:\\\/\\\/moresimp.com\\\/hu\\\/passman-ceges-jelszokezelo\\\/#breadcrumb\"},\"inLanguage\":\"hu\",\"potentialAction\":[{\"@type\":\"ReadAction\",\"target\":[\"https:\\\/\\\/moresimp.com\\\/hu\\\/passman-ceges-jelszokezelo\\\/\"]}]},{\"@type\":\"BreadcrumbList\",\"@id\":\"https:\\\/\\\/moresimp.com\\\/hu\\\/passman-ceges-jelszokezelo\\\/#breadcrumb\",\"itemListElement\":[{\"@type\":\"ListItem\",\"position\":1,\"name\":\"Home\",\"item\":\"https:\\\/\\\/moresimp.com\\\/hu\\\/\"},{\"@type\":\"ListItem\",\"position\":2,\"name\":\"PassMan C\u00e9ges Jelsz\u00f3kezel\u0151\"}]},{\"@type\":\"WebSite\",\"@id\":\"https:\\\/\\\/moresimp.com\\\/hu\\\/#website\",\"url\":\"https:\\\/\\\/moresimp.com\\\/hu\\\/\",\"name\":\"MORESIMP\",\"description\":\"Smart software, more life.\",\"potentialAction\":[{\"@type\":\"SearchAction\",\"target\":{\"@type\":\"EntryPoint\",\"urlTemplate\":\"https:\\\/\\\/moresimp.com\\\/hu\\\/?s={search_term_string}\"},\"query-input\":{\"@type\":\"PropertyValueSpecification\",\"valueRequired\":true,\"valueName\":\"search_term_string\"}}],\"inLanguage\":\"hu\"}]}<\/script>\n<!-- \/ Yoast SEO plugin. -->","yoast_head_json":{"title":"PassMan C\u00e9ges Jelsz\u00f3kezel\u0151 - MORESIMP","description":"PassMan jelsz\u00f3kezel\u0151 felel\u0151ss\u00e9gteljes c\u00e9geknek. Ne v\u00e1rd meg, am\u00edg bek\u00f6vetkezik egy incidens, legyen ink\u00e1bb egy \u00e1tl\u00e1that\u00f3 rendszeretek.","robots":{"index":"index","follow":"follow","max-snippet":"max-snippet:-1","max-image-preview":"max-image-preview:large","max-video-preview":"max-video-preview:-1"},"canonical":"https:\/\/moresimp.com\/hu\/passman-ceges-jelszokezelo\/","og_locale":"hu_HU","og_type":"article","og_title":"PassMan C\u00e9ges Jelsz\u00f3kezel\u0151 - MORESIMP","og_description":"PassMan jelsz\u00f3kezel\u0151 felel\u0151ss\u00e9gteljes c\u00e9geknek. Ne v\u00e1rd meg, am\u00edg bek\u00f6vetkezik egy incidens, legyen ink\u00e1bb egy \u00e1tl\u00e1that\u00f3 rendszeretek.","og_url":"https:\/\/moresimp.com\/hu\/passman-ceges-jelszokezelo\/","og_site_name":"MORESIMP","article_modified_time":"2023-09-14T13:41:34+00:00","twitter_card":"summary_large_image","twitter_misc":{"Becs\u00fclt olvas\u00e1si id\u0151":"1 perc"},"schema":{"@context":"https:\/\/schema.org","@graph":[{"@type":"WebPage","@id":"https:\/\/moresimp.com\/hu\/passman-ceges-jelszokezelo\/","url":"https:\/\/moresimp.com\/hu\/passman-ceges-jelszokezelo\/","name":"PassMan C\u00e9ges Jelsz\u00f3kezel\u0151 - MORESIMP","isPartOf":{"@id":"https:\/\/moresimp.com\/hu\/#website"},"datePublished":"2023-09-14T13:33:10+00:00","dateModified":"2023-09-14T13:41:34+00:00","description":"PassMan jelsz\u00f3kezel\u0151 felel\u0151ss\u00e9gteljes c\u00e9geknek. Ne v\u00e1rd meg, am\u00edg bek\u00f6vetkezik egy incidens, legyen ink\u00e1bb egy \u00e1tl\u00e1that\u00f3 rendszeretek.","breadcrumb":{"@id":"https:\/\/moresimp.com\/hu\/passman-ceges-jelszokezelo\/#breadcrumb"},"inLanguage":"hu","potentialAction":[{"@type":"ReadAction","target":["https:\/\/moresimp.com\/hu\/passman-ceges-jelszokezelo\/"]}]},{"@type":"BreadcrumbList","@id":"https:\/\/moresimp.com\/hu\/passman-ceges-jelszokezelo\/#breadcrumb","itemListElement":[{"@type":"ListItem","position":1,"name":"Home","item":"https:\/\/moresimp.com\/hu\/"},{"@type":"ListItem","position":2,"name":"PassMan C\u00e9ges Jelsz\u00f3kezel\u0151"}]},{"@type":"WebSite","@id":"https:\/\/moresimp.com\/hu\/#website","url":"https:\/\/moresimp.com\/hu\/","name":"MORESIMP","description":"Smart software, more life.","potentialAction":[{"@type":"SearchAction","target":{"@type":"EntryPoint","urlTemplate":"https:\/\/moresimp.com\/hu\/?s={search_term_string}"},"query-input":{"@type":"PropertyValueSpecification","valueRequired":true,"valueName":"search_term_string"}}],"inLanguage":"hu"}]}},"_links":{"self":[{"href":"https:\/\/moresimp.com\/hu\/wp-json\/wp\/v2\/pages\/19024","targetHints":{"allow":["GET"]}}],"collection":[{"href":"https:\/\/moresimp.com\/hu\/wp-json\/wp\/v2\/pages"}],"about":[{"href":"https:\/\/moresimp.com\/hu\/wp-json\/wp\/v2\/types\/page"}],"author":[{"embeddable":true,"href":"https:\/\/moresimp.com\/hu\/wp-json\/wp\/v2\/users\/4"}],"replies":[{"embeddable":true,"href":"https:\/\/moresimp.com\/hu\/wp-json\/wp\/v2\/comments?post=19024"}],"version-history":[{"count":5,"href":"https:\/\/moresimp.com\/hu\/wp-json\/wp\/v2\/pages\/19024\/revisions"}],"predecessor-version":[{"id":19030,"href":"https:\/\/moresimp.com\/hu\/wp-json\/wp\/v2\/pages\/19024\/revisions\/19030"}],"wp:attachment":[{"href":"https:\/\/moresimp.com\/hu\/wp-json\/wp\/v2\/media?parent=19024"}],"curies":[{"name":"wp","href":"https:\/\/api.w.org\/{rel}","templated":true}]}}