{"id":1946,"date":"2015-06-26T13:10:39","date_gmt":"2015-06-26T13:10:39","guid":{"rendered":"http:\/\/moresimp.com\/hu\/contact\/"},"modified":"2023-09-14T15:45:23","modified_gmt":"2023-09-14T15:45:23","slug":"kapcsolat","status":"publish","type":"page","link":"https:\/\/moresimp.com\/hu\/kapcsolat\/","title":{"rendered":"Kapcsolat"},"content":{"rendered":"<div class=\"wpb-content-wrapper\"><p>[vc_row bg_image=&#8221;19035&#8243; bg_repeat=&#8221;no-repeat&#8221; parallax_bg=&#8221;true&#8221; text_color=&#8221;light&#8221; top_padding=&#8221;195&#8243; bottom_padding=&#8221;195&#8243; bg_position=&#8221;center center&#8221;][vc_column width=&#8221;1\/1&#8243;]<h2 class=\"headline font-special fontsize-s fontweight-700 lh-inherit align-left transform-uppercase \" style=\"margin: 0; color: rgba(255,255,255,0.7);\">L\u00e9pj vel\u00fcnk kapcsolatba<\/h2><h2 class=\"headline font-special fontsize-xxxl fontweight-700 lh-12 align-left transform-uppercase \" style=\"margin: 0; color: #ffffff;\">FORM\u00c1LJUK K\u00d6Z\u00d6SEN A J\u00d6V\u0150D!<\/p>\n<\/h2>[\/vc_column][\/vc_row][vc_row top_padding=&#8221;80&#8243; bottom_padding=&#8221;80&#8243; bg_position=&#8221;left top&#8221;][vc_column width=&#8221;1\/2&#8243;]<h2 class=\"headline font-special fontsize-m fontweight-700 lh-inherit align-left transform-uppercase \" style=\"margin: 0 0 20px 0;\">\n<p>Kapcsolat<\/p>\n<\/h2>[vc_column_text]Ha b\u00e1rmilyen k\u00e9rd\u00e9sed vagy \u00e9szrev\u00e9teled lenne, keress b\u00e1tran![\/vc_column_text]\n<div class=\"wpcf7 no-js\" id=\"wpcf7-f7575-o1\" lang=\"hu-HU\" dir=\"ltr\" data-wpcf7-id=\"7575\">\n<div class=\"screen-reader-response\"><p role=\"status\" aria-live=\"polite\" aria-atomic=\"true\"><\/p> <ul><\/ul><\/div>\n<form action=\"\/hu\/wp-json\/wp\/v2\/pages\/1946#wpcf7-f7575-o1\" method=\"post\" class=\"wpcf7-form init 1afc3c664a02 cmatic-disconn cmatic-aud-2 cmatic-mapd0-0 cmatic-v0978 cmatic-sent-0 cmatic-total-191\" aria-label=\"Kapcsolatfelv\u00e9teli \u0171rlap\" novalidate=\"novalidate\" data-status=\"init\">\n<fieldset class=\"hidden-fields-container\"><input type=\"hidden\" name=\"_wpcf7\" value=\"7575\" \/><input type=\"hidden\" name=\"_wpcf7_version\" value=\"6.1.5\" \/><input type=\"hidden\" name=\"_wpcf7_locale\" value=\"hu_HU\" \/><input type=\"hidden\" name=\"_wpcf7_unit_tag\" value=\"wpcf7-f7575-o1\" \/><input type=\"hidden\" name=\"_wpcf7_container_post\" value=\"0\" \/><input type=\"hidden\" name=\"_wpcf7_posted_data_hash\" value=\"\" \/><input type=\"hidden\" name=\"_wpcf7_recaptcha_response\" value=\"\" \/>\n<\/fieldset>\n<p>N\u00e9v (*)\n<\/p>\n<p><span class=\"wpcf7-form-control-wrap\" data-name=\"your-name\"><input size=\"40\" maxlength=\"400\" class=\"wpcf7-form-control wpcf7-text wpcf7-validates-as-required\" aria-required=\"true\" aria-invalid=\"false\" value=\"\" type=\"text\" name=\"your-name\" \/><\/span>\n<\/p>\n<p>Email (*)\n<\/p>\n<p><span class=\"wpcf7-form-control-wrap\" data-name=\"your-email\"><input size=\"40\" maxlength=\"400\" class=\"wpcf7-form-control wpcf7-email wpcf7-validates-as-required wpcf7-text wpcf7-validates-as-email\" aria-required=\"true\" aria-invalid=\"false\" value=\"\" type=\"email\" name=\"your-email\" \/><\/span>\n<\/p>\n<p>T\u00e1rgy\n<\/p>\n<p><span class=\"wpcf7-form-control-wrap\" data-name=\"your-subject\"><input size=\"40\" maxlength=\"400\" class=\"wpcf7-form-control wpcf7-text wpcf7-validates-as-required\" aria-required=\"true\" aria-invalid=\"false\" value=\"\" type=\"text\" name=\"your-subject\" \/><\/span>\n<\/p>\n<p>\u00dczenet\n<\/p>\n<p><span class=\"wpcf7-form-control-wrap\" data-name=\"your-message\"><textarea cols=\"40\" rows=\"10\" maxlength=\"2000\" class=\"wpcf7-form-control wpcf7-textarea\" aria-invalid=\"false\" name=\"your-message\"><\/textarea><\/span>\n<\/p>\n<p>\n<span class=\"wpcf7-form-control-wrap recaptcha\" data-name=\"recaptcha\"><span data-sitekey=\"6Lfb6QkTAAAAAKz1Q1HL0bPKQzNYZf0ycia0CxKa\" class=\"wpcf7-form-control wpcf7-recaptcha g-recaptcha\"><\/span>\r\n<noscript>\r\n\t<div class=\"grecaptcha-noscript\">\r\n\t\t<iframe loading=\"lazy\" src=\"https:\/\/www.google.com\/recaptcha\/api\/fallback?k=6Lfb6QkTAAAAAKz1Q1HL0bPKQzNYZf0ycia0CxKa\" frameborder=\"0\" scrolling=\"no\" width=\"310\" height=\"430\">\r\n\t\t<\/iframe>\r\n\t\t<textarea name=\"g-recaptcha-response\" rows=\"3\" cols=\"40\" placeholder=\"reCaptcha Response Here\">\r\n\t\t<\/textarea>\r\n\t<\/div>\r\n<\/noscript>\r\n<\/span>\n<\/p>\n<p><span class=\"wpcf7-form-control-wrap\" data-name=\"accept-this-1\"><span class=\"wpcf7-form-control wpcf7-acceptance\"><span class=\"wpcf7-list-item\"><label><input type=\"checkbox\" name=\"accept-this-1\" value=\"1\" aria-invalid=\"false\" \/><span class=\"wpcf7-list-item-label\">Kifejezetten hozz\u00e1j\u00e1rulok ahhoz, hogy kapcsolattart\u00e1s c\u00e9lj\u00e1b\u00f3l a szolg\u00e1ltat\u00f3 az \u00e1ltalam megadott szem\u00e9lyes adataimat felhaszn\u00e1lja.<\/span><\/label><\/span><\/span><\/span><br \/>\n<span class=\"wpcf7-form-control-wrap\" data-name=\"accept-this-2\"><span class=\"wpcf7-form-control wpcf7-acceptance\"><span class=\"wpcf7-list-item\"><label><input type=\"checkbox\" name=\"accept-this-2\" value=\"1\" aria-invalid=\"false\" \/><span class=\"wpcf7-list-item-label\">Elolvastam \u00e9s tudom\u00e1sul vettem az <a href=\"\/hu\/aszf\/\">\u00c1SZF<\/a> \u00e9s az <a href=\"\/hu\/adatkezelesi-tajekoztato\/\">Adatkezel\u00e9si t\u00e1j\u00e9koztat\u00f3<\/a> tartalm\u00e1t.<\/span><\/label><\/span><\/span><\/span>\n<\/p>\n<p><input class=\"wpcf7-form-control wpcf7-submit has-spinner\" type=\"submit\" value=\"K\u00fcld\u00e9s\" \/>\n<\/p>\n<p><script>\ndocument.addEventListener( 'wpcf7mailsent', function( event ) {\n location = 'https:\/\/moresimp.com\/hu\/koszonjuk-jira-software\/';\n}, false );\n<\/script>\n<\/p><div class=\"wpcf7-response-output\" aria-hidden=\"true\"><\/div>\n<\/form>\n<\/div>\n[\/vc_column][vc_column width=&#8221;1\/2&#8243;]<h2 class=\"headline font-special fontsize-m fontweight-700 lh-inherit align-left transform-uppercase \" style=\"margin: 0 0 20px 0;\">\n<p>E-MAIL<\/p>\n<\/h2><div class=\"headline font-special fontsize-xl fontweight-700 lh-inherit align-left transform-inherit \" style=\"margin: -20px 0 -10px 0; color: #aebf4f;\">\n<p>info@moresimp.com<\/p>\n<\/div><div class=\"spacer\" style=\"height: 60px;\"><\/div><h2 class=\"headline font-special fontsize-m fontweight-700 lh-inherit align-left transform-uppercase \" style=\"margin: 0 0 20px 0;\">\n<p>TELEFONSZ\u00c1M<\/p>\n<\/h2><div class=\"headline font-special fontsize-xxl fontweight-700 lh-inherit align-left transform-uppercase \" style=\"margin: -20px 0 -10px 0; color: #aebf4f;\">\n<p>+36 1 299 0225<\/p>\n<\/div><div class=\"headline font-special fontsize-s fontweight-700 lh-inherit align-left transform-uppercase \" style=\"margin: 0 0 20px 0; color: #999999;\">\n<p>EL\u00c9RHET\u0150: 9-T\u0150L 17 \u00d3R\u00c1IG<\/p>\n<\/div><div class=\"spacer\" style=\"height: 30px;\"><\/div><h2 class=\"headline font-special fontsize-m fontweight-700 lh-inherit align-left transform-uppercase \" style=\"margin: 0 0 20px 0;\">Moresimp Kft.<br \/>\n<\/h2>[vc_column_text]<strong>C\u00e9ginform\u00e1ci\u00f3k:<\/strong><\/p>\n<p>Sz\u00e9khely: 2161 Csom\u00e1d, Templom utca 15.<br \/>\nIroda: 1047 Budapest, Attila utca 12-18. A \u00e9p\u00fclet 1. emelet 113.<\/p>\n<p>Postac\u00edm: 1550 Budapest, Pf. 47.<br \/>\nTelefon: +36-1-299-0225<br \/>\nFax: +36-1-299-0224<\/p>\n<p><strong>Sz\u00e1ml\u00e1z\u00e1si adataink<\/strong><\/p>\n<p>Sz\u00e9khely: 2161 Csom\u00e1d, Templom utca 15.<br \/>\nC\u00e9gjegyz\u00e9ksz\u00e1m: Cg.13-09-214893<br \/>\nAd\u00f3sz\u00e1m: 23089112-2-13<br \/>\nK\u00f6z\u00f6ss\u00e9gi ad\u00f3sz\u00e1m: HU23089112<\/p>\n<p>E-sz\u00e1mla c\u00edm\u00fcnk: <u><a href=\"mailto:finance@moresimp.com\">finance@moresimp.com<\/a><\/u>[\/vc_column_text][vc_column_text]<\/p>\n<table>\n<tbody>\n<tr>\n<td><div class=\"social-icon social-big\"><a href=\"https:\/\/facebook.com\/moresimp\" target=\"_blank\" title=\"\"><i class=\"fa fa-facebook\"><\/i><\/a><\/div><\/td>\n<td><div class=\"social-icon social-big\"><a href=\"https:\/\/linkedin.com\/company\/moresimp\" target=\"_blank\" title=\"\"><i class=\"fa fa-linkedin\"><\/i><\/a><\/div><\/td>\n<td><div class=\"social-icon social-big\"><a href=\"https:\/\/twitter.com\/moresimp\" target=\"_blank\" title=\"\"><i class=\"fa fa-twitter\"><\/i><\/a><\/div><\/td>\n<\/tr>\n<\/tbody>\n<\/table>\n<p>[\/vc_column_text][\/vc_column][\/vc_row]<\/p>\n<\/div>","protected":false},"excerpt":{"rendered":"<p>[vc_row bg_image=&#8221;19035&#8243; bg_repeat=&#8221;no-repeat&#8221; parallax_bg=&#8221;true&#8221; text_color=&#8221;light&#8221; top_padding=&#8221;195&#8243; bottom_padding=&#8221;195&#8243; bg_position=&#8221;center center&#8221;][vc_column width=&#8221;1\/1&#8243;][\/vc_column][\/vc_row][vc_row top_padding=&#8221;80&#8243; bottom_padding=&#8221;80&#8243; bg_position=&#8221;left top&#8221;][vc_column width=&#8221;1\/2&#8243;][vc_column_text]Ha b\u00e1rmilyen k\u00e9rd\u00e9sed vagy \u00e9szrev\u00e9teled lenne, keress b\u00e1tran![\/vc_column_text][\/vc_column][vc_column width=&#8221;1\/2&#8243;][vc_column_text]C\u00e9ginform\u00e1ci\u00f3k: Sz\u00e9khely: 2161 Csom\u00e1d, Templom utca 15. Iroda: 1047 Budapest, Attila utca 12-18. A \u00e9p\u00fclet 1. emelet 113. Postac\u00edm: 1550 Budapest, Pf. 47. Telefon: +36-1-299-0225 Fax: +36-1-299-0224 Sz\u00e1ml\u00e1z\u00e1si adataink Sz\u00e9khely: 2161 Csom\u00e1d, Templom utca 15. C\u00e9gjegyz\u00e9ksz\u00e1m: Cg.13-09-214893 Ad\u00f3sz\u00e1m: 23089112-2-13 K\u00f6z\u00f6ss\u00e9gi ad\u00f3sz\u00e1m: HU23089112 E-sz\u00e1mla c\u00edm\u00fcnk: finance@moresimp.com[\/vc_column_text][vc_column_text] [\/vc_column_text][\/vc_column][\/vc_row]<\/p>\n","protected":false},"author":1,"featured_media":0,"parent":0,"menu_order":0,"comment_status":"closed","ping_status":"closed","template":"","meta":{"footnotes":""},"class_list":["post-1946","page","type-page","status-publish","hentry"],"yoast_head":"<!-- This site is optimized with the Yoast SEO plugin v27.3 - https:\/\/yoast.com\/product\/yoast-seo-wordpress\/ -->\n<title>Kapcsolat - MORESIMP<\/title>\n<meta name=\"description\" content=\"We offer Atlassian consulting, custom software development and many cool products! Let&#039;s create something together! Get in touch!\" \/>\n<meta name=\"robots\" content=\"index, follow, max-snippet:-1, max-image-preview:large, max-video-preview:-1\" \/>\n<link rel=\"canonical\" href=\"https:\/\/moresimp.com\/hu\/kapcsolat\/\" \/>\n<meta property=\"og:locale\" content=\"hu_HU\" \/>\n<meta property=\"og:type\" content=\"article\" \/>\n<meta property=\"og:title\" content=\"Kapcsolat - MORESIMP\" \/>\n<meta property=\"og:description\" content=\"We offer Atlassian consulting, custom software development and many cool products! Let&#039;s create something together! Get in touch!\" \/>\n<meta property=\"og:url\" content=\"https:\/\/moresimp.com\/hu\/kapcsolat\/\" \/>\n<meta property=\"og:site_name\" content=\"MORESIMP\" \/>\n<meta property=\"article:modified_time\" content=\"2023-09-14T15:45:23+00:00\" \/>\n<meta name=\"twitter:card\" content=\"summary_large_image\" \/>\n<meta name=\"twitter:label1\" content=\"Becs\u00fclt olvas\u00e1si id\u0151\" \/>\n\t<meta name=\"twitter:data1\" content=\"1 perc\" \/>\n<script type=\"application\/ld+json\" class=\"yoast-schema-graph\">{\"@context\":\"https:\\\/\\\/schema.org\",\"@graph\":[{\"@type\":\"WebPage\",\"@id\":\"https:\\\/\\\/moresimp.com\\\/hu\\\/kapcsolat\\\/\",\"url\":\"https:\\\/\\\/moresimp.com\\\/hu\\\/kapcsolat\\\/\",\"name\":\"Kapcsolat - MORESIMP\",\"isPartOf\":{\"@id\":\"https:\\\/\\\/moresimp.com\\\/hu\\\/#website\"},\"datePublished\":\"2015-06-26T13:10:39+00:00\",\"dateModified\":\"2023-09-14T15:45:23+00:00\",\"description\":\"We offer Atlassian consulting, custom software development and many cool products! Let's create something together! Get in touch!\",\"breadcrumb\":{\"@id\":\"https:\\\/\\\/moresimp.com\\\/hu\\\/kapcsolat\\\/#breadcrumb\"},\"inLanguage\":\"hu\",\"potentialAction\":[{\"@type\":\"ReadAction\",\"target\":[\"https:\\\/\\\/moresimp.com\\\/hu\\\/kapcsolat\\\/\"]}]},{\"@type\":\"BreadcrumbList\",\"@id\":\"https:\\\/\\\/moresimp.com\\\/hu\\\/kapcsolat\\\/#breadcrumb\",\"itemListElement\":[{\"@type\":\"ListItem\",\"position\":1,\"name\":\"Home\",\"item\":\"https:\\\/\\\/moresimp.com\\\/hu\\\/\"},{\"@type\":\"ListItem\",\"position\":2,\"name\":\"Kapcsolat\"}]},{\"@type\":\"WebSite\",\"@id\":\"https:\\\/\\\/moresimp.com\\\/hu\\\/#website\",\"url\":\"https:\\\/\\\/moresimp.com\\\/hu\\\/\",\"name\":\"MORESIMP\",\"description\":\"Smart software, more life.\",\"potentialAction\":[{\"@type\":\"SearchAction\",\"target\":{\"@type\":\"EntryPoint\",\"urlTemplate\":\"https:\\\/\\\/moresimp.com\\\/hu\\\/?s={search_term_string}\"},\"query-input\":{\"@type\":\"PropertyValueSpecification\",\"valueRequired\":true,\"valueName\":\"search_term_string\"}}],\"inLanguage\":\"hu\"}]}<\/script>\n<!-- \/ Yoast SEO plugin. -->","yoast_head_json":{"title":"Kapcsolat - MORESIMP","description":"We offer Atlassian consulting, custom software development and many cool products! Let's create something together! Get in touch!","robots":{"index":"index","follow":"follow","max-snippet":"max-snippet:-1","max-image-preview":"max-image-preview:large","max-video-preview":"max-video-preview:-1"},"canonical":"https:\/\/moresimp.com\/hu\/kapcsolat\/","og_locale":"hu_HU","og_type":"article","og_title":"Kapcsolat - MORESIMP","og_description":"We offer Atlassian consulting, custom software development and many cool products! Let's create something together! Get in touch!","og_url":"https:\/\/moresimp.com\/hu\/kapcsolat\/","og_site_name":"MORESIMP","article_modified_time":"2023-09-14T15:45:23+00:00","twitter_card":"summary_large_image","twitter_misc":{"Becs\u00fclt olvas\u00e1si id\u0151":"1 perc"},"schema":{"@context":"https:\/\/schema.org","@graph":[{"@type":"WebPage","@id":"https:\/\/moresimp.com\/hu\/kapcsolat\/","url":"https:\/\/moresimp.com\/hu\/kapcsolat\/","name":"Kapcsolat - MORESIMP","isPartOf":{"@id":"https:\/\/moresimp.com\/hu\/#website"},"datePublished":"2015-06-26T13:10:39+00:00","dateModified":"2023-09-14T15:45:23+00:00","description":"We offer Atlassian consulting, custom software development and many cool products! Let's create something together! Get in touch!","breadcrumb":{"@id":"https:\/\/moresimp.com\/hu\/kapcsolat\/#breadcrumb"},"inLanguage":"hu","potentialAction":[{"@type":"ReadAction","target":["https:\/\/moresimp.com\/hu\/kapcsolat\/"]}]},{"@type":"BreadcrumbList","@id":"https:\/\/moresimp.com\/hu\/kapcsolat\/#breadcrumb","itemListElement":[{"@type":"ListItem","position":1,"name":"Home","item":"https:\/\/moresimp.com\/hu\/"},{"@type":"ListItem","position":2,"name":"Kapcsolat"}]},{"@type":"WebSite","@id":"https:\/\/moresimp.com\/hu\/#website","url":"https:\/\/moresimp.com\/hu\/","name":"MORESIMP","description":"Smart software, more life.","potentialAction":[{"@type":"SearchAction","target":{"@type":"EntryPoint","urlTemplate":"https:\/\/moresimp.com\/hu\/?s={search_term_string}"},"query-input":{"@type":"PropertyValueSpecification","valueRequired":true,"valueName":"search_term_string"}}],"inLanguage":"hu"}]}},"_links":{"self":[{"href":"https:\/\/moresimp.com\/hu\/wp-json\/wp\/v2\/pages\/1946","targetHints":{"allow":["GET"]}}],"collection":[{"href":"https:\/\/moresimp.com\/hu\/wp-json\/wp\/v2\/pages"}],"about":[{"href":"https:\/\/moresimp.com\/hu\/wp-json\/wp\/v2\/types\/page"}],"author":[{"embeddable":true,"href":"https:\/\/moresimp.com\/hu\/wp-json\/wp\/v2\/users\/1"}],"replies":[{"embeddable":true,"href":"https:\/\/moresimp.com\/hu\/wp-json\/wp\/v2\/comments?post=1946"}],"version-history":[{"count":18,"href":"https:\/\/moresimp.com\/hu\/wp-json\/wp\/v2\/pages\/1946\/revisions"}],"predecessor-version":[{"id":19037,"href":"https:\/\/moresimp.com\/hu\/wp-json\/wp\/v2\/pages\/1946\/revisions\/19037"}],"wp:attachment":[{"href":"https:\/\/moresimp.com\/hu\/wp-json\/wp\/v2\/media?parent=1946"}],"curies":[{"name":"wp","href":"https:\/\/api.w.org\/{rel}","templated":true}]}}