{"id":1955,"date":"2015-06-26T13:06:15","date_gmt":"2015-06-26T13:06:15","guid":{"rendered":"http:\/\/moresimp.com\/hu\/home\/"},"modified":"2025-06-13T09:25:59","modified_gmt":"2025-06-13T09:25:59","slug":"home","status":"publish","type":"page","link":"https:\/\/moresimp.com\/hu\/","title":{"rendered":"Szoftverfejleszt\u00e9si \u00e9s kollabor\u00e1ci\u00f3s eszk\u00f6z\u00f6k I MORESIMP"},"content":{"rendered":"<div class=\"wpb-content-wrapper\"><p>[vc_row type=&#8221;full_width_section&#8221; bg_position=&#8221;left top&#8221;][vc_column width=&#8221;1\/1&#8243;][rev_slider_vc alias=&#8221;home-slider2&#8243;][\/vc_column][\/vc_row][vc_row type=&#8221;full_width_section&#8221; bg_color=&#8221;#dd3333&#8243; text_color=&#8221;light&#8221; top_padding=&#8221;20&#8243; bottom_padding=&#8221;20&#8243; class=&#8221;hide&#8221;][vc_column width=&#8221;1\/1&#8243;][vc_column_text el_class=&#8221;text2&#8243;]<\/p>\n<p style=\"text-align: center;\">A Confluence Szerver vagy Data Center verzi\u00f3j\u00e1t haszn\u00e1lod? Az Atlassian egy kritikus sebezhet\u0151s\u00e9get tal\u00e1lt, ez\u00e9rt miel\u0151bb friss\u00edts egy jav\u00edtott verzi\u00f3ra!<br \/>\nGondod akadt a friss\u00edt\u00e9ssel? K\u00f6vesd az Atlassian \u00e1tmeneti javaslatait!<\/p>\n<p style=\"text-align: center;\"><a href=\"https:\/\/confluence.atlassian.com\/security\/cve-2023-22518-improper-authorization-vulnerability-in-confluence-data-center-and-server-1311473907.html\" target=\"_blank\" rel=\"noopener\"><strong>R\u00c9SZLETEK &gt;&gt;<\/strong><\/a><\/p>\n<p>[\/vc_column_text][\/vc_column][\/vc_row][vc_row type=&#8221;full_width_section&#8221; bottom_padding=&#8221;20&#8243;][vc_column width=&#8221;1\/1&#8243;]<div class=\"single_image wpb_content_element align-center    \" data-animation=\"none\" data-delay=\"0\"><img loading=\"lazy\" decoding=\"async\" width=\"1198\" height=\"281\" src=\"https:\/\/moresimp.com\/wp-content\/uploads\/2025\/06\/referencia_HU_2025.png\" class=\"attachment-full\" alt=\"\" title=\"referencia_HU_2025\" srcset=\"https:\/\/moresimp.com\/wp-content\/uploads\/2025\/06\/referencia_HU_2025.png 1198w, https:\/\/moresimp.com\/wp-content\/uploads\/2025\/06\/referencia_HU_2025-300x70.png 300w, https:\/\/moresimp.com\/wp-content\/uploads\/2025\/06\/referencia_HU_2025-1024x240.png 1024w, https:\/\/moresimp.com\/wp-content\/uploads\/2025\/06\/referencia_HU_2025-768x180.png 768w\" sizes=\"auto, (max-width: 1198px) 100vw, 1198px\"><\/div>\n[\/vc_column][\/vc_row][vc_row bg_color=&#8221;#0052cc&#8221; top_padding=&#8221;30&#8243; bottom_padding=&#8221;30&#8243;][vc_column text_color=&#8221;light&#8221; text_align=&#8221;center&#8221; width=&#8221;1\/1&#8243;]<h2 class=\"headline font-inherit fontsize-xl fontweight-inherit lh-inherit align-center transform-inherit \" style=\"margin: 0 0 20px 0; color: #ffffff;\">A MORESIMP Kft. az Atlassian magyarorsz\u00e1gi kiemelt partnere<\/h2>[vc_column_text el_class=&#8221;text2&#8243;]Hisz\u00fcnk abban, hogy az Atlassian agilis projektmenedzsment eszk\u00f6zei \u00f3ri\u00e1si lend\u00fcletet adnak a csapatmunk\u00e1nak! L\u00e9pj miel\u0151bb kapcsolatba vel\u00fcnk, ha a Jira vagy Confluence haszn\u00e1lat\u00e1ban azonnal seg\u00edts\u00e9gre van sz\u00fcks\u00e9ged, vagy egyedi kieg\u00e9sz\u00edt\u0151t szeretn\u00e9l Atlassian term\u00e9keidhez![\/vc_column_text]<a href=\"https:\/\/moresimp.com\/hu\/kapcsolat\/\" target=\"_self\" class=\"button color-7 large btn-1\" style=\"border-radius: 2px;\">L\u00c9PJ VEL\u00dcNK KAPCSOLATBA!<\/a><a href=\"https:\/\/demo.moresimp.com\" target=\"_blank\" class=\"button custom large demo-btn\" style=\"background-color: #e2b203; border-color: #e2b203;border-radius: 2px;\">PR\u00d3B\u00c1LD KI B\u0150V\u00cdTM\u00c9NYEINKET<\/a>[\/vc_column][\/vc_row][vc_row top_padding=&#8221;30&#8243; bottom_padding=&#8221;30&#8243;][vc_column width=&#8221;1\/1&#8243;]<div class=\"single_image wpb_content_element align-left    \" data-animation=\"none\" data-delay=\"0\"><img loading=\"lazy\" decoding=\"async\" width=\"1160\" height=\"60\" src=\"https:\/\/moresimp.com\/wp-content\/uploads\/2021\/06\/atlassian-logo-sav.jpg\" class=\"attachment-full\" alt=\"\" title=\"atlassian-logo-sav\" srcset=\"https:\/\/moresimp.com\/wp-content\/uploads\/2021\/06\/atlassian-logo-sav.jpg 1160w, https:\/\/moresimp.com\/wp-content\/uploads\/2021\/06\/atlassian-logo-sav-300x16.jpg 300w, https:\/\/moresimp.com\/wp-content\/uploads\/2021\/06\/atlassian-logo-sav-1024x53.jpg 1024w, https:\/\/moresimp.com\/wp-content\/uploads\/2021\/06\/atlassian-logo-sav-768x40.jpg 768w\" sizes=\"auto, (max-width: 1160px) 100vw, 1160px\"><\/div>\n[\/vc_column][\/vc_row][vc_row bg_color=&#8221;#fafafa&#8221; top_padding=&#8221;40&#8243; bottom_padding=&#8221;40&#8243;][vc_column width=&#8221;1\/1&#8243;]<h2 class=\"headline font-inherit fontsize-xl fontweight-inherit lh-inherit align-center transform-inherit \" style=\"margin: 0 0 20px 0;\">Adj lend\u00fcletet a csapatmunk\u00e1nak!<\/h2>[\/vc_column][\/vc_row][vc_row bg_color=&#8221;#fafafa&#8221; bottom_padding=&#8221;60&#8243;][vc_column el_class=&#8221;text&#8221; width=&#8221;1\/3&#8243;]<div class=\"iconbox  wpb_content_element iconbox-style-3 icon-color-accent color-dark\"><img src='https:\/\/moresimp.com\/wp-content\/uploads\/2020\/04\/01-homeoffice.png' class='iconimg' alt='Oktat\u00e1s, tanfolyamok' \/><h3>Oktat\u00e1s, tanfolyamok<\/h3><p>\n<p style=\"text-align: left;\">Sp\u00f3rolj id\u0151t a tanul\u00e1ssal \u00e9s szabad\u00edtsd fel a csapatodban rejl\u0151 potenci\u00e1lt! Jira Software, Confluence \u00e9s Jira Service Management tanfolyamaink (felhaszn\u00e1l\u00f3, admin) ak\u00e1r online webinar form\u00e1ban is el\u00e9rhet\u0151k.<\/p>\n<\/p><\/div><div class=\"spacer\" style=\"height: 30px;\"><\/div><a href=\"\/hu\/tanfolyamok\/\" target=\"_self\" class=\"button color-2 full \" style=\"border-radius: 2px;\">KIPR\u00d3B\u00c1LOM<\/a>[\/vc_column][vc_column el_class=&#8221;text&#8221; width=&#8221;1\/3&#8243;]<div class=\"iconbox  wpb_content_element iconbox-style-3 icon-color-accent color-dark\"><img src='https:\/\/moresimp.com\/wp-content\/uploads\/2020\/03\/jira-Jexcel-lite.png' class='iconimg' alt='Jira kieg\u00e9sz\u00edt\u0151k' \/><h3>Jira kieg\u00e9sz\u00edt\u0151k<\/h3><p>\n<p style=\"text-align: left;\">Hozd ki a Jira-b\u00f3l a maximumot egyedi, hat\u00e9konys\u00e1gn\u00f6vel\u0151 kieg\u00e9sz\u00edt\u0151inkkel! Excel-szer\u0171 szerkeszt\u00e9s, gyors export \u00e9s import &#8211; ez\u00e9rt is v\u00e1lasztotta b\u0151v\u00edtm\u00e9nyeinket a Ferrari, a Renault \u00e9s a Vodafone.<\/p>\n<\/p><\/div><div class=\"spacer\" style=\"height: 30px;\"><\/div><a href=\"https:\/\/moresimp.com\/hu\/atlassian-bovitmenyek\/\" target=\"_self\" class=\"button color-3 full \" style=\"border-radius: 2px;\">MEGN\u00c9ZEM<\/a>[\/vc_column][vc_column el_class=&#8221;text&#8221; width=&#8221;1\/3&#8243;]<div class=\"iconbox  wpb_content_element iconbox-style-3 icon-color-accent color-dark\"><img src='https:\/\/moresimp.com\/wp-content\/uploads\/2024\/02\/migrating-icon-1.png' class='iconimg' alt='Atlassian migr\u00e1ci\u00f3' \/><h3>Atlassian migr\u00e1ci\u00f3<\/h3><p>\n<p style=\"text-align: left;\">Az Atlassian <strong>m\u00e1r csak Data Centert \u00e9s Cloud-ban fut\u00f3 szoftvereket k\u00edn\u00e1l az \u00fcgyfeleknek.<\/strong> M\u00e9g nem v\u00e1ltott\u00e1l? B\u00edzd magad min\u0151s\u00edtett Atlassian szak\u00e9rt\u0151inkre!<\/p>\n<\/p><\/div><div class=\"spacer\" style=\"height: 30px;\"><\/div><div class=\"spacer\" style=\"height: 30px;\"><\/div><a href=\"\/hu\/migracio\" target=\"_self\" class=\"button color-2 full \" style=\"border-radius: 2px;\">SZERVERR\u0150L K\u00d6LT\u00d6ZN\u00c9K<\/a>[\/vc_column][\/vc_row][vc_row bg_color=&#8221;#0052cc&#8221; text_color=&#8221;light&#8221; top_padding=&#8221;15&#8243; bottom_padding=&#8221;15&#8243;][vc_column column_padding=&#8221;custom-padding&#8221; width=&#8221;1\/12&#8243;][\/vc_column][vc_column column_padding=&#8221;custom-padding&#8221; width=&#8221;6\/12&#8243;]<h2 class=\"headline font-inherit fontsize-l fontweight-inherit lh-inherit align-center transform-inherit \" style=\"margin: 0 0 0px 0; color: #ffffff;\">Projektcsapat hat\u00e9konys\u00e1gi mutat\u00f3<\/h2><h2 class=\"headline font-inherit fontsize-s fontweight-inherit lh-inherit align-center transform-inherit \" style=\"margin: 0 0 0px 0; color: #ffffff;\">A sikeres csapatmunka 7+1 \u00f6sszetev\u0151je<\/h2>[\/vc_column][vc_column column_padding=&#8221;custom-padding&#8221; column_center=&#8221;true&#8221; text_align=&#8221;center&#8221; width=&#8221;4\/12&#8243;]<a href=\"https:\/\/moresimp.com\/hu\/projektsiker\" target=\"_self\" class=\"button color-8 large \" style=\"border-radius: 2px;\">LET\u00d6LT\u00d6M<\/a>[\/vc_column][vc_column column_padding=&#8221;custom-padding&#8221; width=&#8221;1\/12&#8243;][\/vc_column][\/vc_row][vc_row top_padding=&#8221;40&#8243; bottom_padding=&#8221;80&#8243;][vc_column width=&#8221;1\/1&#8243;]<h2 class=\"headline font-inherit fontsize-xl fontweight-inherit lh-inherit align-center transform-inherit \" style=\"margin: 0 0 20px 0;\">Partnereink mondj\u00e1k<\/h2><div class=\"testimonial-slider-wrap wpb_content_element\"><div class=\"testimonial-slide\">(JExcel PRO is an) EXCELLENT Plugin. The best I&#039;ve tried. Thank you!<span>&#45; Claudio Casiello<\/span><\/div><div class=\"testimonial-slide\">You are a competent team with quick responses to our questions.<span>&#45; Thomas Seehack<\/span><\/div><div class=\"testimonial-slide\">So far we have used Excel for everything, and I was very happy to find an add-on that I can use without knowing much about coding. Thanks for creating this add-on!<span>&#45; Andreas Teubler<\/span><\/div><div class=\"testimonial-slide\">An amazing plugin, tons of features! Really worth it.<span>&#45; Daniel Ben Eliyahu<\/span><\/div><div class=\"testimonial-slide\">JExcel Pro is a really nice tool for landing non-IT people into Jira.<span>&#45; Katerina Kolina, StiltSoft<\/span><\/div><\/div>[\/vc_column][\/vc_row]<\/p>\n<\/div>","protected":false},"excerpt":{"rendered":"<p>[vc_row type=&#8221;full_width_section&#8221; bg_position=&#8221;left top&#8221;][vc_column width=&#8221;1\/1&#8243;][rev_slider_vc alias=&#8221;home-slider2&#8243;][\/vc_column][\/vc_row][vc_row type=&#8221;full_width_section&#8221; bg_color=&#8221;#dd3333&#8243; text_color=&#8221;light&#8221; top_padding=&#8221;20&#8243; bottom_padding=&#8221;20&#8243; class=&#8221;hide&#8221;][vc_column width=&#8221;1\/1&#8243;][vc_column_text el_class=&#8221;text2&#8243;] A Confluence Szerver vagy Data Center verzi\u00f3j\u00e1t haszn\u00e1lod? Az Atlassian egy kritikus sebezhet\u0151s\u00e9get tal\u00e1lt, ez\u00e9rt miel\u0151bb friss\u00edts egy jav\u00edtott verzi\u00f3ra! Gondod akadt a friss\u00edt\u00e9ssel? K\u00f6vesd az Atlassian \u00e1tmeneti javaslatait! R\u00c9SZLETEK &gt;&gt; [\/vc_column_text][\/vc_column][\/vc_row][vc_row type=&#8221;full_width_section&#8221; bottom_padding=&#8221;20&#8243;][vc_column width=&#8221;1\/1&#8243;][\/vc_column][\/vc_row][vc_row bg_color=&#8221;#0052cc&#8221; top_padding=&#8221;30&#8243; bottom_padding=&#8221;30&#8243;][vc_column text_color=&#8221;light&#8221; text_align=&#8221;center&#8221; width=&#8221;1\/1&#8243;][vc_column_text el_class=&#8221;text2&#8243;]Hisz\u00fcnk abban, hogy az Atlassian agilis projektmenedzsment eszk\u00f6zei \u00f3ri\u00e1si lend\u00fcletet adnak a csapatmunk\u00e1nak! L\u00e9pj miel\u0151bb kapcsolatba vel\u00fcnk, ha a Jira vagy Confluence haszn\u00e1lat\u00e1ban azonnal seg\u00edts\u00e9gre van sz\u00fcks\u00e9ged, vagy egyedi kieg\u00e9sz\u00edt\u0151t szeretn\u00e9l Atlassian term\u00e9keidhez![\/vc_column_text][\/vc_column][\/vc_row][vc_row top_padding=&#8221;30&#8243; bottom_padding=&#8221;30&#8243;][vc_column width=&#8221;1\/1&#8243;][\/vc_column][\/vc_row][vc_row bg_color=&#8221;#fafafa&#8221; top_padding=&#8221;40&#8243; bottom_padding=&#8221;40&#8243;][vc_column width=&#8221;1\/1&#8243;][\/vc_column][\/vc_row][vc_row bg_color=&#8221;#fafafa&#8221; bottom_padding=&#8221;60&#8243;][vc_column el_class=&#8221;text&#8221; width=&#8221;1\/3&#8243;][\/vc_column][vc_column el_class=&#8221;text&#8221; width=&#8221;1\/3&#8243;][\/vc_column][vc_column el_class=&#8221;text&#8221; width=&#8221;1\/3&#8243;][\/vc_column][\/vc_row][vc_row bg_color=&#8221;#0052cc&#8221; text_color=&#8221;light&#8221; top_padding=&#8221;15&#8243; bottom_padding=&#8221;15&#8243;][vc_column column_padding=&#8221;custom-padding&#8221; width=&#8221;1\/12&#8243;][\/vc_column][vc_column column_padding=&#8221;custom-padding&#8221; width=&#8221;6\/12&#8243;][\/vc_column][vc_column column_padding=&#8221;custom-padding&#8221; column_center=&#8221;true&#8221; text_align=&#8221;center&#8221; width=&#8221;4\/12&#8243;][\/vc_column][vc_column column_padding=&#8221;custom-padding&#8221; width=&#8221;1\/12&#8243;][\/vc_column][\/vc_row][vc_row top_padding=&#8221;40&#8243; bottom_padding=&#8221;80&#8243;][vc_column width=&#8221;1\/1&#8243;][\/vc_column][\/vc_row]<\/p>\n","protected":false},"author":1,"featured_media":0,"parent":0,"menu_order":0,"comment_status":"closed","ping_status":"closed","template":"","meta":{"footnotes":""},"class_list":["post-1955","page","type-page","status-publish","hentry"],"yoast_head":"<!-- This site is optimized with the Yoast SEO plugin v27.4 - https:\/\/yoast.com\/product\/yoast-seo-wordpress\/ -->\n<title>Szoftverfejleszt\u00e9si \u00e9s kollabor\u00e1ci\u00f3s eszk\u00f6z\u00f6k I MORESIMP<\/title>\n<meta name=\"description\" content=\"Atlassian mesterek vagyunk! Jira, Confluence projektkezel\u0151 licencek \u00e9rt\u00e9kes\u00edt\u00e9se, term\u00e9kbevezet\u00e9s, oktat\u00e1s, t\u00e1mogat\u00e1s, egyedi szoftverfejleszt\u00e9s.\" \/>\n<meta name=\"robots\" content=\"index, follow, max-snippet:-1, max-image-preview:large, max-video-preview:-1\" \/>\n<link rel=\"canonical\" href=\"https:\/\/moresimp.com\/hu\/\" \/>\n<meta property=\"og:locale\" content=\"hu_HU\" \/>\n<meta property=\"og:type\" content=\"article\" \/>\n<meta property=\"og:title\" content=\"Szoftverfejleszt\u00e9si \u00e9s kollabor\u00e1ci\u00f3s eszk\u00f6z\u00f6k I MORESIMP\" \/>\n<meta property=\"og:description\" content=\"Atlassian mesterek vagyunk! Jira, Confluence projektkezel\u0151 licencek \u00e9rt\u00e9kes\u00edt\u00e9se, term\u00e9kbevezet\u00e9s, oktat\u00e1s, t\u00e1mogat\u00e1s, egyedi szoftverfejleszt\u00e9s.\" \/>\n<meta property=\"og:url\" content=\"https:\/\/moresimp.com\/hu\/\" \/>\n<meta property=\"og:site_name\" content=\"MORESIMP\" \/>\n<meta property=\"article:modified_time\" content=\"2025-06-13T09:25:59+00:00\" \/>\n<meta name=\"twitter:card\" content=\"summary_large_image\" \/>\n<meta name=\"twitter:label1\" content=\"Becs\u00fclt olvas\u00e1si id\u0151\" \/>\n\t<meta name=\"twitter:data1\" content=\"4 perc\" \/>\n<script type=\"application\/ld+json\" class=\"yoast-schema-graph\">{\"@context\":\"https:\\\/\\\/schema.org\",\"@graph\":[{\"@type\":\"WebPage\",\"@id\":\"https:\\\/\\\/moresimp.com\\\/hu\\\/\",\"url\":\"https:\\\/\\\/moresimp.com\\\/hu\\\/\",\"name\":\"Szoftverfejleszt\u00e9si \u00e9s kollabor\u00e1ci\u00f3s eszk\u00f6z\u00f6k I MORESIMP\",\"isPartOf\":{\"@id\":\"https:\\\/\\\/moresimp.com\\\/hu\\\/#website\"},\"datePublished\":\"2015-06-26T13:06:15+00:00\",\"dateModified\":\"2025-06-13T09:25:59+00:00\",\"description\":\"Atlassian mesterek vagyunk! Jira, Confluence projektkezel\u0151 licencek \u00e9rt\u00e9kes\u00edt\u00e9se, term\u00e9kbevezet\u00e9s, oktat\u00e1s, t\u00e1mogat\u00e1s, egyedi szoftverfejleszt\u00e9s.\",\"breadcrumb\":{\"@id\":\"https:\\\/\\\/moresimp.com\\\/hu\\\/#breadcrumb\"},\"inLanguage\":\"hu\",\"potentialAction\":[{\"@type\":\"ReadAction\",\"target\":[\"https:\\\/\\\/moresimp.com\\\/hu\\\/\"]}]},{\"@type\":\"BreadcrumbList\",\"@id\":\"https:\\\/\\\/moresimp.com\\\/hu\\\/#breadcrumb\",\"itemListElement\":[{\"@type\":\"ListItem\",\"position\":1,\"name\":\"Home\",\"item\":\"https:\\\/\\\/moresimp.com\\\/hu\\\/\"},{\"@type\":\"ListItem\",\"position\":2,\"name\":\"Szoftverfejleszt\u00e9si \u00e9s kollabor\u00e1ci\u00f3s eszk\u00f6z\u00f6k I MORESIMP\"}]},{\"@type\":\"WebSite\",\"@id\":\"https:\\\/\\\/moresimp.com\\\/hu\\\/#website\",\"url\":\"https:\\\/\\\/moresimp.com\\\/hu\\\/\",\"name\":\"MORESIMP\",\"description\":\"Smart software, more life.\",\"potentialAction\":[{\"@type\":\"SearchAction\",\"target\":{\"@type\":\"EntryPoint\",\"urlTemplate\":\"https:\\\/\\\/moresimp.com\\\/hu\\\/?s={search_term_string}\"},\"query-input\":{\"@type\":\"PropertyValueSpecification\",\"valueRequired\":true,\"valueName\":\"search_term_string\"}}],\"inLanguage\":\"hu\"}]}<\/script>\n<!-- \/ Yoast SEO plugin. -->","yoast_head_json":{"title":"Szoftverfejleszt\u00e9si \u00e9s kollabor\u00e1ci\u00f3s eszk\u00f6z\u00f6k I MORESIMP","description":"Atlassian mesterek vagyunk! Jira, Confluence projektkezel\u0151 licencek \u00e9rt\u00e9kes\u00edt\u00e9se, term\u00e9kbevezet\u00e9s, oktat\u00e1s, t\u00e1mogat\u00e1s, egyedi szoftverfejleszt\u00e9s.","robots":{"index":"index","follow":"follow","max-snippet":"max-snippet:-1","max-image-preview":"max-image-preview:large","max-video-preview":"max-video-preview:-1"},"canonical":"https:\/\/moresimp.com\/hu\/","og_locale":"hu_HU","og_type":"article","og_title":"Szoftverfejleszt\u00e9si \u00e9s kollabor\u00e1ci\u00f3s eszk\u00f6z\u00f6k I MORESIMP","og_description":"Atlassian mesterek vagyunk! Jira, Confluence projektkezel\u0151 licencek \u00e9rt\u00e9kes\u00edt\u00e9se, term\u00e9kbevezet\u00e9s, oktat\u00e1s, t\u00e1mogat\u00e1s, egyedi szoftverfejleszt\u00e9s.","og_url":"https:\/\/moresimp.com\/hu\/","og_site_name":"MORESIMP","article_modified_time":"2025-06-13T09:25:59+00:00","twitter_card":"summary_large_image","twitter_misc":{"Becs\u00fclt olvas\u00e1si id\u0151":"4 perc"},"schema":{"@context":"https:\/\/schema.org","@graph":[{"@type":"WebPage","@id":"https:\/\/moresimp.com\/hu\/","url":"https:\/\/moresimp.com\/hu\/","name":"Szoftverfejleszt\u00e9si \u00e9s kollabor\u00e1ci\u00f3s eszk\u00f6z\u00f6k I MORESIMP","isPartOf":{"@id":"https:\/\/moresimp.com\/hu\/#website"},"datePublished":"2015-06-26T13:06:15+00:00","dateModified":"2025-06-13T09:25:59+00:00","description":"Atlassian mesterek vagyunk! Jira, Confluence projektkezel\u0151 licencek \u00e9rt\u00e9kes\u00edt\u00e9se, term\u00e9kbevezet\u00e9s, oktat\u00e1s, t\u00e1mogat\u00e1s, egyedi szoftverfejleszt\u00e9s.","breadcrumb":{"@id":"https:\/\/moresimp.com\/hu\/#breadcrumb"},"inLanguage":"hu","potentialAction":[{"@type":"ReadAction","target":["https:\/\/moresimp.com\/hu\/"]}]},{"@type":"BreadcrumbList","@id":"https:\/\/moresimp.com\/hu\/#breadcrumb","itemListElement":[{"@type":"ListItem","position":1,"name":"Home","item":"https:\/\/moresimp.com\/hu\/"},{"@type":"ListItem","position":2,"name":"Szoftverfejleszt\u00e9si \u00e9s kollabor\u00e1ci\u00f3s eszk\u00f6z\u00f6k I MORESIMP"}]},{"@type":"WebSite","@id":"https:\/\/moresimp.com\/hu\/#website","url":"https:\/\/moresimp.com\/hu\/","name":"MORESIMP","description":"Smart software, more life.","potentialAction":[{"@type":"SearchAction","target":{"@type":"EntryPoint","urlTemplate":"https:\/\/moresimp.com\/hu\/?s={search_term_string}"},"query-input":{"@type":"PropertyValueSpecification","valueRequired":true,"valueName":"search_term_string"}}],"inLanguage":"hu"}]}},"_links":{"self":[{"href":"https:\/\/moresimp.com\/hu\/wp-json\/wp\/v2\/pages\/1955","targetHints":{"allow":["GET"]}}],"collection":[{"href":"https:\/\/moresimp.com\/hu\/wp-json\/wp\/v2\/pages"}],"about":[{"href":"https:\/\/moresimp.com\/hu\/wp-json\/wp\/v2\/types\/page"}],"author":[{"embeddable":true,"href":"https:\/\/moresimp.com\/hu\/wp-json\/wp\/v2\/users\/1"}],"replies":[{"embeddable":true,"href":"https:\/\/moresimp.com\/hu\/wp-json\/wp\/v2\/comments?post=1955"}],"version-history":[{"count":101,"href":"https:\/\/moresimp.com\/hu\/wp-json\/wp\/v2\/pages\/1955\/revisions"}],"predecessor-version":[{"id":28564,"href":"https:\/\/moresimp.com\/hu\/wp-json\/wp\/v2\/pages\/1955\/revisions\/28564"}],"wp:attachment":[{"href":"https:\/\/moresimp.com\/hu\/wp-json\/wp\/v2\/media?parent=1955"}],"curies":[{"name":"wp","href":"https:\/\/api.w.org\/{rel}","templated":true}]}}