{"id":2114,"date":"2016-01-15T13:20:14","date_gmt":"2016-01-15T13:20:14","guid":{"rendered":"http:\/\/moresimp.com\/hu\/?page_id=2114"},"modified":"2019-09-25T14:30:21","modified_gmt":"2019-09-25T14:30:21","slug":"fejlesztes","status":"publish","type":"page","link":"https:\/\/moresimp.com\/hu\/fejlesztes\/","title":{"rendered":"Fejleszt\u00e9s"},"content":{"rendered":"<div class=\"wpb-content-wrapper\"><p>[vc_row bg_image=&#8221;4309&#8243; bg_repeat=&#8221;no-repeat&#8221; parallax_bg=&#8221;true&#8221; bg_color=&#8221;#aebf4f&#8221; top_padding=&#8221;233&#8243; bottom_padding=&#8221;233&#8243; bg_position=&#8221;center center&#8221;][vc_column width=&#8221;1\/1&#8243;]<div class=\"headline font-special fontsize-m fontweight-700 lh-inherit align-left transform-uppercase \" style=\"margin: 0; color: rgba(255,255,255,0.7);\">\nEgyedi ig\u00e9nyek? Speci\u00e1lis funkci\u00f3k?<\/p>\n<\/div><h1 class=\"headline font-special fontsize-xxxxl fontweight-700 lh-12 align-left transform-uppercase \" style=\"margin: 0; color: #ffffff;\">\nEgyedi Szoftverfejleszt\u00e9s<\/p>\n<\/h1><div class=\"headline font-special fontsize-m fontweight-700 lh-12 align-left transform-uppercase \" style=\"margin: 0; color: #ffffff;\">\u00c9S AGILE COACHING<\/p>\n<\/div>[\/vc_column][\/vc_row][vc_row top_padding=&#8221;80&#8243; bottom_padding=&#8221;40&#8243;][vc_column width=&#8221;1\/2&#8243;][vc_column_text]<\/p>\n<h1 style=\"text-align: center;\">VAN EGY NAGYSZER\u0170 \u00d6TLETE?<br \/>\nMI SEG\u00cdT\u00dcNK MEGVAL\u00d3S\u00cdTANI!<\/h1>\n<p><b>A teljesen\u00a0szeniorokb\u00f3l \u00e1ll\u00f3 csapatunk<\/b><span style=\"font-weight: 400;\"> jelent\u0151s IT \u00e9s \u00fczleti tud\u00e1ssal, komoly tapasztalattal \u00e9s eszk\u00f6z\u00e1llom\u00e1nnyal seg\u00edt megval\u00f3s\u00edtani \u00f6tleteit.<\/span><\/p>\n<p><span style=\"font-weight: 400;\">A MORESIMP \u00e9s tagjai eddig is sz\u00e1mos k\u00fcl\u00f6nf\u00e9le projektben vettek r\u00e9szt:<\/span><\/p>\n<ul>\n<li><b>Web\/Mobil applik\u00e1ci\u00f3k (bele\u00e9rtve startup-okat)<\/b><\/li>\n<li><b>V\u00e1llalati megold\u00e1sok<\/b><\/li>\n<li><b>Atlassian plugin fejleszt\u00e9s<\/b><\/li>\n<\/ul>\n<p><span style=\"font-weight: 400;\">A mi csapatunk nem csak elv\u00e9gzi a kiadott munk\u00e1t: folyamatosan \u00d6nnel gondolkozunk, <\/span><b>meg\u00e9rtj\u00fck az \u00d6n \u00fczleti c\u00e9ljait<\/b><span style=\"font-weight: 400;\">, \u00e9s seg\u00edt\u00fcnk \u00d6nnek, hogy <\/span><b>a lehet\u0151 legt\u00f6bbet kapja a p\u00e9nz\u00e9\u00e9rt<\/b><span style=\"font-weight: 400;\">.<\/span>[\/vc_column_text][\/vc_column][vc_column width=&#8221;1\/2&#8243;][vc_column_text]<\/p>\n<h1 style=\"text-align: center;\">MI AZ AGILIS M\u00d3DSZERTANBAN HISZ\u00dcNK.<br \/>\n\u00d6N AZ \u00d6TLET\u00c9BEN.<\/h1>\n<p><span style=\"font-weight: 400;\">Tal\u00e1n m\u00e1r hallott az agilis szoftverfejleszt\u00e9sr\u0151l, de val\u00f3sz\u00edn\u0171leg csak f\u00e9ligazs\u00e1gokat. Nem is igaz\u00e1n \u00e9rdekes ebben az esetben, hiszen \u00d6nnek semmi m\u00e1sban nem kell hinnie, csak a saj\u00e1t \u00f6tlet\u00e9ben!<\/span><\/p>\n<p><span style=\"font-weight: 400;\">Nem is pr\u00f3b\u00e1lunk pr\u00e9dik\u00e1lni az agilis m\u00f3dszertan\u00a0el\u0151nyeir\u0151l,\u00a0ink\u00e1bb tesz\u00fcnk az\u00e9rt, hogy higgyen benne:<\/span><\/p>\n<ul>\n<li><span style=\"font-weight: 400;\">K\u00e9sz\u00edt\u00fcnk egy <\/span><b>kezdeti tervet (id\u0151, c\u00e9l, k\u00f6lts\u00e9g)<\/b><span style=\"font-weight: 400;\"> a projektj\u00e9hez, <\/span><b>INGYEN<\/b><span style=\"font-weight: 400;\">!<\/span><\/li>\n<li><b>M\u0170K\u00d6D\u0150 term\u00e9ket \u00e9s k\u00f3dot <\/b><span style=\"font-weight: 400;\">sz\u00e1ll\u00edtunk minden k\u00e9t h\u00e9tben.<\/span><\/li>\n<li><span style=\"font-weight: 400;\">R\u00e9szletes <\/span><b>p\u00e9nz\u00fcgyi \u00e9s projekt jelent\u00e9seket adunk \u00d6nnek k\u00e9thetente<\/b><span style=\"font-weight: 400;\">.<\/span><\/li>\n<li><span style=\"font-weight: 400;\">Nem csak szoftvert, hanem <\/span><b>term\u00e9ket fejleszt\u00fcnk<\/b><span style=\"font-weight: 400;\">, folyamatosan \u00faj \u00f6tletekkel, tan\u00e1csokkal t\u00e1mogatva \u00d6nt a m\u00faltbeli tapasztalataink, \u00e9s a kirajzol\u00f3d\u00f3 trendek alapj\u00e1n.<\/span><\/li>\n<\/ul>\n<p><span style=\"font-weight: 400;\">Az agilis folyamatainknak \u00e9s gyakorlatainknak k\u00f6sz\u00f6nhet\u0151en \u00d6n <\/span><b>t\u00f6k\u00e9letes kontrollt gyakorolhat projektjei felett<\/b><span style=\"font-weight: 400;\">, mik\u00f6zben \u00e9rt\u00e9ket kap minden m\u00e1sodik h\u00e9ten.<\/span>[\/vc_column_text][\/vc_column][\/vc_row][vc_row][vc_column width=&#8221;1\/1&#8243;]<div class=\"spacer\" style=\"height: 20px;\"><\/div>[vc_column_text]<\/p>\n<h4 style=\"text-align: center;\"><span style=\"font-weight: 400;\">Nem el\u00e9gedett vel\u00fcnk?<\/span><\/h4>\n<h4 style=\"text-align: center;\"><b>Megsz\u00fcntetheti a partners\u00e9g\u00fcnket b\u00e1rmikor,<\/b><\/h4>\n<h4 style=\"text-align: center;\">a m\u0171k\u00f6d\u0151 szoftvert \u00e9s annak k\u00f3dj\u00e1t megtarthatja!<\/h4>\n<p>[\/vc_column_text]<div class=\"spacer\" style=\"height: 20px;\"><\/div>[\/vc_column][\/vc_row][vc_row top_padding=&#8221;30&#8243;][vc_column width=&#8221;1\/1&#8243;]<h2 class=\"headline font-special fontsize-xl fontweight-700 lh-12 align-center transform-uppercase \" style=\"margin: 0; color: #000000;\">Szakter\u00fcleteink<\/p>\n<\/h2>[\/vc_column][\/vc_row][vc_row top_padding=&#8221;80&#8243; bottom_padding=&#8221;80&#8243;][vc_column width=&#8221;1\/2&#8243;]<div class=\"single_image wpb_content_element align-left    \" data-animation=\"none\" data-delay=\"0\"><img loading=\"lazy\" decoding=\"async\" width=\"1120\" height=\"746\" src=\"https:\/\/moresimp.com\/wp-content\/uploads\/2019\/04\/small10.jpg\" class=\"attachment-full\" alt=\"\" title=\"small10\" srcset=\"https:\/\/moresimp.com\/wp-content\/uploads\/2019\/04\/small10.jpg 1120w, https:\/\/moresimp.com\/wp-content\/uploads\/2019\/04\/small10-300x200.jpg 300w, https:\/\/moresimp.com\/wp-content\/uploads\/2019\/04\/small10-768x512.jpg 768w, https:\/\/moresimp.com\/wp-content\/uploads\/2019\/04\/small10-1024x682.jpg 1024w, https:\/\/moresimp.com\/wp-content\/uploads\/2019\/04\/small10-600x400.jpg 600w\" sizes=\"auto, (max-width: 1120px) 100vw, 1120px\"><\/div>\n[\/vc_column][vc_column width=&#8221;1\/2&#8243;][vc_column_text]<\/p>\n<h1>Web\/Mobil alkalmaz\u00e1s\u00a0fejleszt\u00e9s<\/h1>\n<p><span style=\"font-weight: 400;\">Egy egyszer\u0171 c\u00e9ges weboldalra van sz\u00fcks\u00e9ge? Vagy ak\u00e1r egy komplett\u00a0webshop kialak\u00edt\u00e1s\u00e1t szeretn\u00e9?\u00a0Keressen minket! Mi az\u00a0<\/span><b>\u00f6sszetett Java \u00e9s Android alap\u00fa webes \u00e9s mobil applik\u00e1ci\u00f3kra<\/b><span style=\"font-weight: 400;\"> koncentr\u00e1lunk, azokban\u00a0vagyunk a legjobbak!<\/span><\/p>\n<p><span style=\"font-weight: 400;\">Technol\u00f3gi\u00e1k, amelyeket haszn\u00e1lunk:<\/span><\/p>\n<ul>\n<li><span style=\"font-weight: 400;\">Java SE, Spring keretrendszer<\/span><\/li>\n<li><span style=\"font-weight: 400;\">HTML5, CSS, JS, Angular.js, jQuery<\/span><\/li>\n<li><span style=\"font-weight: 400;\">Android<\/span><\/li>\n<li><span style=\"font-weight: 400;\">RDMS (MySQL, PostgreSQL stb.), NO-SQL adatb\u00e1zisok (Mongo DB stb.)<\/span><\/li>\n<\/ul>\n<a href=\"\/hu\/termekeink\" target=\"\" class=\"button color-1 medium \" style=\"border-radius: 2px;\">Referenci\u00e1ink<\/a>\u00a0<a href=\"\/hu\/kapcsolat\" target=\"\" class=\"button color-1 medium \" style=\"border-radius: 2px;\">K\u00e9rjen \u00e1raj\u00e1nlatot<\/a>[\/vc_column_text][\/vc_column][\/vc_row][vc_row][vc_column width=&#8221;1\/1&#8243;]<div class=\"divider divider1\" style='margin:0px 0px 0px 0px !important;'><\/div>[\/vc_column][\/vc_row][vc_row top_padding=&#8221;80&#8243; bottom_padding=&#8221;80&#8243;][vc_column width=&#8221;1\/2&#8243;]<div class=\"single_image wpb_content_element align-left    \" data-animation=\"none\" data-delay=\"0\"><img loading=\"lazy\" decoding=\"async\" width=\"1120\" height=\"746\" src=\"https:\/\/moresimp.com\/wp-content\/uploads\/2019\/04\/small12.jpg\" class=\"attachment-full\" alt=\"\" title=\"small12\" srcset=\"https:\/\/moresimp.com\/wp-content\/uploads\/2019\/04\/small12.jpg 1120w, https:\/\/moresimp.com\/wp-content\/uploads\/2019\/04\/small12-300x200.jpg 300w, https:\/\/moresimp.com\/wp-content\/uploads\/2019\/04\/small12-768x512.jpg 768w, https:\/\/moresimp.com\/wp-content\/uploads\/2019\/04\/small12-1024x682.jpg 1024w, https:\/\/moresimp.com\/wp-content\/uploads\/2019\/04\/small12-600x400.jpg 600w\" sizes=\"auto, (max-width: 1120px) 100vw, 1120px\"><\/div>\n[\/vc_column][vc_column width=&#8221;1\/2&#8243;][vc_column_text]<\/p>\n<h1>Nagyv\u00e1llalati szoftverek fejleszt\u00e9se<\/h1>\n<p><span style=\"font-weight: 400;\">Startupk\u00e9nt dolgozni, \u00e9s saj\u00e1t szoftvereket fejleszteni manaps\u00e1g &#8222;trendi&#8221;, de a v\u00e1llalati megold\u00e1sok fejleszt\u00e9se szint\u00e9n remek \u00f6tlet, s\u0151t sok esetben m\u00e9g nagyobb kih\u00edv\u00e1snak sz\u00e1m\u00edt!<\/span><\/p>\n<p><span style=\"font-weight: 400;\">Szoros <\/span><b>integr\u00e1ci\u00f3ra van sz\u00fcks\u00e9ge a megl\u00e9v\u0151 rendszerekkel<\/b><span style=\"font-weight: 400;\">? Tov\u00e1bbra is <\/span><b>EJB<\/b><span style=\"font-weight: 400;\">-t kell haszn\u00e1lnia? A <\/span><b>v\u00e1llalati ir\u00e1nyelvek<\/b><span style=\"font-weight: 400;\"> lehetetlenn\u00e9 teszik az out-of-the-box megold\u00e1sok haszn\u00e1lat\u00e1t? Mi \u00e9rtj\u00fck az ilyen jelleg\u0171 probl\u00e9m\u00e1k term\u00e9szet\u00e9t, \u00e9s k\u00f6nnyed\u00e9n megbirk\u00f3zunk vel\u00fck!<\/span><\/p>\n<a href=\"\/hu\/termekeink\" target=\"\" class=\"button color-1 medium \" style=\"border-radius: 2px;\">Referenci\u00e1ink<\/a>\u00a0<a href=\"\/hu\/kapcsolat\" target=\"\" class=\"button color-1 medium \" style=\"border-radius: 2px;\">K\u00e9rjen \u00e1raj\u00e1nlatot<\/a>[\/vc_column_text][vc_raw_html]<\/p>\n<p>JTNDYSUyMG5hbWUlM0QlMjJhdGxhc2RldiUyMiUzRSUzQyUyRmElM0U=<\/p>\n<p>[\/vc_raw_html][\/vc_column][\/vc_row][vc_row][vc_column width=&#8221;1\/1&#8243;]<div class=\"divider divider1\" style='margin:0px 0px 0px 0px !important;'><\/div>[\/vc_column][\/vc_row][vc_row top_padding=&#8221;80&#8243; bottom_padding=&#8221;80&#8243;][vc_column width=&#8221;1\/2&#8243;]<div class=\"single_image wpb_content_element align-left    \" data-animation=\"none\" data-delay=\"0\"><img loading=\"lazy\" decoding=\"async\" width=\"1120\" height=\"746\" src=\"https:\/\/moresimp.com\/wp-content\/uploads\/2019\/04\/small03.jpg\" class=\"attachment-full\" alt=\"\" title=\"small03\" srcset=\"https:\/\/moresimp.com\/wp-content\/uploads\/2019\/04\/small03.jpg 1120w, https:\/\/moresimp.com\/wp-content\/uploads\/2019\/04\/small03-300x200.jpg 300w, https:\/\/moresimp.com\/wp-content\/uploads\/2019\/04\/small03-768x512.jpg 768w, https:\/\/moresimp.com\/wp-content\/uploads\/2019\/04\/small03-1024x682.jpg 1024w, https:\/\/moresimp.com\/wp-content\/uploads\/2019\/04\/small03-600x400.jpg 600w\" sizes=\"auto, (max-width: 1120px) 100vw, 1120px\"><\/div>\n[\/vc_column][vc_column width=&#8221;1\/2&#8243;][vc_column_text]<\/p>\n<h1>Atlassian plugin-ek fejleszt\u00e9se<\/h1>\n<p><span style=\"font-weight: 400;\">Az \u00e1ltal\u00e1nos szoftverfejleszt\u00e9sen t\u00fal van egy nagyszer\u0171 csapatunk kifejezetten Atlassian b\u0151v\u00edtm\u00e9nyek fejleszt\u00e9s\u00e9hez.<\/span><\/p>\n<p><span style=\"font-weight: 400;\">Kedveli a <\/span><b>JIR\u00c1T vagy a CONFLUENCE-t<\/b><span style=\"font-weight: 400;\">, de bizonyos esetekben <\/span><b>testreszabott m\u0171k\u00f6d\u00e9st<\/b><span style=\"font-weight: 400;\"> szeretne?<\/span><\/p>\n<p><span style=\"font-weight: 400;\">Mi kielemezz\u00fck az \u00d6n probl\u00e9m\u00e1j\u00e1t, \u00e9s <\/span><b>amennyiben sz\u00fcks\u00e9ges,<\/b> <b>egyedi plugint<\/b><span style=\"font-weight: 400;\"> k\u00e9sz\u00edt\u00fcnk \u00d6nnek, vagy pedig egyszer\u0171en csak <\/span><b>be\u00e1ll\u00edtjuk a rendszert<\/b><span style=\"font-weight: 400;\">, hogy az megfeleljen az ig\u00e9nyeinek.<\/span><\/p>\n<a href=\"\/hu\/termekeink\" target=\"\" class=\"button color-1 medium \" style=\"border-radius: 2px;\">Referenci\u00e1ink<\/a>\u00a0<a href=\"\/hu\/kapcsolat\" target=\"\" class=\"button color-1 medium \" style=\"border-radius: 2px;\">K\u00e9rjen \u00e1raj\u00e1nlatot!<\/a>[\/vc_column_text][\/vc_column][\/vc_row][vc_row][vc_column width=&#8221;1\/1&#8243;]<div class=\"divider divider1\" style='margin:0px 0px 0px 0px !important;'><\/div>[\/vc_column][\/vc_row][vc_row top_padding=&#8221;80&#8243; bottom_padding=&#8221;80&#8243;][vc_column width=&#8221;1\/2&#8243;]<div class=\"single_image wpb_content_element align-left    \" data-animation=\"none\" data-delay=\"0\"><img loading=\"lazy\" decoding=\"async\" width=\"1120\" height=\"746\" src=\"https:\/\/moresimp.com\/wp-content\/uploads\/2019\/04\/small07.jpg\" class=\"attachment-full\" alt=\"\" title=\"small07\" srcset=\"https:\/\/moresimp.com\/wp-content\/uploads\/2019\/04\/small07.jpg 1120w, https:\/\/moresimp.com\/wp-content\/uploads\/2019\/04\/small07-300x200.jpg 300w, https:\/\/moresimp.com\/wp-content\/uploads\/2019\/04\/small07-768x512.jpg 768w, https:\/\/moresimp.com\/wp-content\/uploads\/2019\/04\/small07-1024x682.jpg 1024w, https:\/\/moresimp.com\/wp-content\/uploads\/2019\/04\/small07-600x400.jpg 600w\" sizes=\"auto, (max-width: 1120px) 100vw, 1120px\"><\/div>\n[\/vc_column][vc_column width=&#8221;1\/2&#8243;][vc_column_text]<\/p>\n<h1>Agile Coaching<\/h1>\n<p><span style=\"font-weight: 400;\">Sz\u00edvesen megosztjuk tapasztalatunkat, szak\u00e9rtelm\u00fcnket arr\u00f3l, hogy hogyan kell egy m\u0171k\u00f6d\u0151k\u00e9pes agilis csapatot l\u00e9trehozni az alapokt\u00f3l.<\/span><\/p>\n<p><span style=\"font-weight: 400;\">Szeretne egy <\/span><b>saj\u00e1t agile csapatot l\u00e9trehozni<\/b><span style=\"font-weight: 400;\">, ami ugyanolyan eredm\u00e9nyesen m\u0171k\u00f6dik, mint a mi\u00e9nk?<\/span><\/p>\n<p><b>Van egy megl\u00e9v\u0151 fejleszt\u0151csapata<\/b><span style=\"font-weight: 400;\">, de nem \u00e9rti, <\/span><b>mi\u00e9rt nem tudnak min\u0151s\u00e9gi szoftvermegold\u00e1sokat k\u00e9sz\u00edteni<\/b><span style=\"font-weight: 400;\"> olyan gyorsan, ahogy azt \u00d6n v\u00e1rn\u00e1?<\/span><\/p>\n<p><span style=\"font-weight: 400;\">Engedje, hogy seg\u00edts\u00fcnk!<\/span><\/p>\n<a href=\"\/hu\/kapcsolat\" target=\"\" class=\"button color-1 medium \" style=\"border-radius: 2px;\">L\u00e9pjen vel\u00fcnk kapcsolatba!<\/a>[\/vc_column_text][\/vc_column][\/vc_row][vc_row][vc_column width=&#8221;1\/1&#8243;]<div class=\"spacer\" style=\"height: 40px;\"><\/div>[\/vc_column][\/vc_row][vc_row bg_color=&#8221;#fafafa&#8221;][vc_column width=&#8221;1\/1&#8243;]<div class=\"spacer\" style=\"height: 40px;\"><\/div>[\/vc_column][\/vc_row][vc_row type=&#8221;full_width_section&#8221;][vc_column width=&#8221;1\/1&#8243;]<div class=\"single_image wpb_content_element align-left    \" data-animation=\"none\" data-delay=\"0\"><img loading=\"lazy\" decoding=\"async\" width=\"1567\" height=\"357\" src=\"https:\/\/moresimp.com\/wp-content\/uploads\/2019\/09\/references-moresimp.jpg\" class=\"attachment-full\" alt=\"\" title=\"references-moresimp\" srcset=\"https:\/\/moresimp.com\/wp-content\/uploads\/2019\/09\/references-moresimp.jpg 1567w, https:\/\/moresimp.com\/wp-content\/uploads\/2019\/09\/references-moresimp-300x68.jpg 300w, https:\/\/moresimp.com\/wp-content\/uploads\/2019\/09\/references-moresimp-768x175.jpg 768w, https:\/\/moresimp.com\/wp-content\/uploads\/2019\/09\/references-moresimp-1024x233.jpg 1024w\" sizes=\"auto, (max-width: 1567px) 100vw, 1567px\"><\/div>\n[\/vc_column][\/vc_row]<\/p>\n<\/div>","protected":false},"excerpt":{"rendered":"<p>[vc_row bg_image=&#8221;4309&#8243; bg_repeat=&#8221;no-repeat&#8221; parallax_bg=&#8221;true&#8221; bg_color=&#8221;#aebf4f&#8221; top_padding=&#8221;233&#8243; bottom_padding=&#8221;233&#8243; bg_position=&#8221;center center&#8221;][vc_column width=&#8221;1\/1&#8243;][\/vc_column][\/vc_row][vc_row top_padding=&#8221;80&#8243; bottom_padding=&#8221;40&#8243;][vc_column width=&#8221;1\/2&#8243;][vc_column_text] VAN EGY NAGYSZER\u0170 \u00d6TLETE? MI SEG\u00cdT\u00dcNK MEGVAL\u00d3S\u00cdTANI! A teljesen\u00a0szeniorokb\u00f3l \u00e1ll\u00f3 csapatunk jelent\u0151s IT \u00e9s \u00fczleti tud\u00e1ssal, komoly tapasztalattal \u00e9s eszk\u00f6z\u00e1llom\u00e1nnyal seg\u00edt megval\u00f3s\u00edtani \u00f6tleteit. A MORESIMP \u00e9s tagjai eddig is sz\u00e1mos k\u00fcl\u00f6nf\u00e9le projektben vettek r\u00e9szt: Web\/Mobil applik\u00e1ci\u00f3k (bele\u00e9rtve startup-okat) V\u00e1llalati megold\u00e1sok Atlassian plugin fejleszt\u00e9s A mi csapatunk nem csak elv\u00e9gzi a kiadott munk\u00e1t: folyamatosan \u00d6nnel gondolkozunk, meg\u00e9rtj\u00fck az \u00d6n \u00fczleti c\u00e9ljait, \u00e9s seg\u00edt\u00fcnk \u00d6nnek, hogy a lehet\u0151 legt\u00f6bbet kapja a p\u00e9nz\u00e9\u00e9rt.[\/vc_column_text][\/vc_column][vc_column width=&#8221;1\/2&#8243;][vc_column_text] MI AZ AGILIS M\u00d3DSZERTANBAN HISZ\u00dcNK. \u00d6N AZ \u00d6TLET\u00c9BEN. Tal\u00e1n m\u00e1r hallott az agilis szoftverfejleszt\u00e9sr\u0151l, de val\u00f3sz\u00edn\u0171leg csak f\u00e9ligazs\u00e1gokat. Nem is igaz\u00e1n \u00e9rdekes ebben az esetben, hiszen \u00d6nnek semmi m\u00e1sban nem kell hinnie, csak a saj\u00e1t \u00f6tlet\u00e9ben! Nem is pr\u00f3b\u00e1lunk pr\u00e9dik\u00e1lni az agilis m\u00f3dszertan\u00a0el\u0151nyeir\u0151l,\u00a0ink\u00e1bb tesz\u00fcnk az\u00e9rt, hogy higgyen benne: K\u00e9sz\u00edt\u00fcnk egy kezdeti tervet (id\u0151, c\u00e9l, k\u00f6lts\u00e9g) a projektj\u00e9hez, INGYEN! M\u0170K\u00d6D\u0150 term\u00e9ket \u00e9s k\u00f3dot sz\u00e1ll\u00edtunk minden k\u00e9t h\u00e9tben. R\u00e9szletes p\u00e9nz\u00fcgyi \u00e9s projekt jelent\u00e9seket adunk \u00d6nnek k\u00e9thetente. Nem csak szoftvert, hanem term\u00e9ket fejleszt\u00fcnk, folyamatosan \u00faj \u00f6tletekkel, tan\u00e1csokkal t\u00e1mogatva \u00d6nt a m\u00faltbeli tapasztalataink, \u00e9s a kirajzol\u00f3d\u00f3 trendek alapj\u00e1n. Az agilis folyamatainknak \u00e9s gyakorlatainknak k\u00f6sz\u00f6nhet\u0151en \u00d6n t\u00f6k\u00e9letes kontrollt gyakorolhat projektjei felett, mik\u00f6zben \u00e9rt\u00e9ket kap minden m\u00e1sodik h\u00e9ten.[\/vc_column_text][\/vc_column][\/vc_row][vc_row][vc_column width=&#8221;1\/1&#8243;][vc_column_text] Nem el\u00e9gedett vel\u00fcnk? [&hellip;]<\/p>\n","protected":false},"author":1,"featured_media":0,"parent":0,"menu_order":0,"comment_status":"closed","ping_status":"closed","template":"","meta":{"footnotes":""},"class_list":["post-2114","page","type-page","status-publish","hentry"],"yoast_head":"<!-- This site is optimized with the Yoast SEO plugin v27.4 - https:\/\/yoast.com\/product\/yoast-seo-wordpress\/ -->\n<title>Fejleszt\u00e9s - MORESIMP<\/title>\n<meta name=\"description\" content=\"A csak szeniorokb\u00f3l \u00e1ll\u00f3 csapatunk\u00a0jelent\u0151s IT \u00e9s \u00fczleti tud\u00e1ssal, komoly tapasztalattal \u00e9s eszk\u00f6z\u00e1llom\u00e1nnyal seg\u00edt megval\u00f3s\u00edtani \u00f6tleteit.\" \/>\n<meta name=\"robots\" content=\"index, follow, max-snippet:-1, max-image-preview:large, max-video-preview:-1\" \/>\n<link rel=\"canonical\" href=\"https:\/\/moresimp.com\/hu\/fejlesztes\/\" \/>\n<meta property=\"og:locale\" content=\"hu_HU\" \/>\n<meta property=\"og:type\" content=\"article\" \/>\n<meta property=\"og:title\" content=\"Fejleszt\u00e9s - MORESIMP\" \/>\n<meta property=\"og:description\" content=\"A csak szeniorokb\u00f3l \u00e1ll\u00f3 csapatunk\u00a0jelent\u0151s IT \u00e9s \u00fczleti tud\u00e1ssal, komoly tapasztalattal \u00e9s eszk\u00f6z\u00e1llom\u00e1nnyal seg\u00edt megval\u00f3s\u00edtani \u00f6tleteit.\" \/>\n<meta property=\"og:url\" content=\"https:\/\/moresimp.com\/hu\/fejlesztes\/\" \/>\n<meta property=\"og:site_name\" content=\"MORESIMP\" \/>\n<meta property=\"article:modified_time\" content=\"2019-09-25T14:30:21+00:00\" \/>\n<meta name=\"twitter:card\" content=\"summary_large_image\" \/>\n<meta name=\"twitter:label1\" content=\"Becs\u00fclt olvas\u00e1si id\u0151\" \/>\n\t<meta name=\"twitter:data1\" content=\"6 perc\" \/>\n<script type=\"application\/ld+json\" class=\"yoast-schema-graph\">{\"@context\":\"https:\\\/\\\/schema.org\",\"@graph\":[{\"@type\":\"WebPage\",\"@id\":\"https:\\\/\\\/moresimp.com\\\/hu\\\/fejlesztes\\\/\",\"url\":\"https:\\\/\\\/moresimp.com\\\/hu\\\/fejlesztes\\\/\",\"name\":\"Fejleszt\u00e9s - MORESIMP\",\"isPartOf\":{\"@id\":\"https:\\\/\\\/moresimp.com\\\/hu\\\/#website\"},\"datePublished\":\"2016-01-15T13:20:14+00:00\",\"dateModified\":\"2019-09-25T14:30:21+00:00\",\"description\":\"A csak szeniorokb\u00f3l \u00e1ll\u00f3 csapatunk\u00a0jelent\u0151s IT \u00e9s \u00fczleti tud\u00e1ssal, komoly tapasztalattal \u00e9s eszk\u00f6z\u00e1llom\u00e1nnyal seg\u00edt megval\u00f3s\u00edtani \u00f6tleteit.\",\"breadcrumb\":{\"@id\":\"https:\\\/\\\/moresimp.com\\\/hu\\\/fejlesztes\\\/#breadcrumb\"},\"inLanguage\":\"hu\",\"potentialAction\":[{\"@type\":\"ReadAction\",\"target\":[\"https:\\\/\\\/moresimp.com\\\/hu\\\/fejlesztes\\\/\"]}]},{\"@type\":\"BreadcrumbList\",\"@id\":\"https:\\\/\\\/moresimp.com\\\/hu\\\/fejlesztes\\\/#breadcrumb\",\"itemListElement\":[{\"@type\":\"ListItem\",\"position\":1,\"name\":\"Home\",\"item\":\"https:\\\/\\\/moresimp.com\\\/hu\\\/\"},{\"@type\":\"ListItem\",\"position\":2,\"name\":\"Fejleszt\u00e9s\"}]},{\"@type\":\"WebSite\",\"@id\":\"https:\\\/\\\/moresimp.com\\\/hu\\\/#website\",\"url\":\"https:\\\/\\\/moresimp.com\\\/hu\\\/\",\"name\":\"MORESIMP\",\"description\":\"Smart software, more life.\",\"potentialAction\":[{\"@type\":\"SearchAction\",\"target\":{\"@type\":\"EntryPoint\",\"urlTemplate\":\"https:\\\/\\\/moresimp.com\\\/hu\\\/?s={search_term_string}\"},\"query-input\":{\"@type\":\"PropertyValueSpecification\",\"valueRequired\":true,\"valueName\":\"search_term_string\"}}],\"inLanguage\":\"hu\"}]}<\/script>\n<!-- \/ Yoast SEO plugin. -->","yoast_head_json":{"title":"Fejleszt\u00e9s - MORESIMP","description":"A csak szeniorokb\u00f3l \u00e1ll\u00f3 csapatunk\u00a0jelent\u0151s IT \u00e9s \u00fczleti tud\u00e1ssal, komoly tapasztalattal \u00e9s eszk\u00f6z\u00e1llom\u00e1nnyal seg\u00edt megval\u00f3s\u00edtani \u00f6tleteit.","robots":{"index":"index","follow":"follow","max-snippet":"max-snippet:-1","max-image-preview":"max-image-preview:large","max-video-preview":"max-video-preview:-1"},"canonical":"https:\/\/moresimp.com\/hu\/fejlesztes\/","og_locale":"hu_HU","og_type":"article","og_title":"Fejleszt\u00e9s - MORESIMP","og_description":"A csak szeniorokb\u00f3l \u00e1ll\u00f3 csapatunk\u00a0jelent\u0151s IT \u00e9s \u00fczleti tud\u00e1ssal, komoly tapasztalattal \u00e9s eszk\u00f6z\u00e1llom\u00e1nnyal seg\u00edt megval\u00f3s\u00edtani \u00f6tleteit.","og_url":"https:\/\/moresimp.com\/hu\/fejlesztes\/","og_site_name":"MORESIMP","article_modified_time":"2019-09-25T14:30:21+00:00","twitter_card":"summary_large_image","twitter_misc":{"Becs\u00fclt olvas\u00e1si id\u0151":"6 perc"},"schema":{"@context":"https:\/\/schema.org","@graph":[{"@type":"WebPage","@id":"https:\/\/moresimp.com\/hu\/fejlesztes\/","url":"https:\/\/moresimp.com\/hu\/fejlesztes\/","name":"Fejleszt\u00e9s - MORESIMP","isPartOf":{"@id":"https:\/\/moresimp.com\/hu\/#website"},"datePublished":"2016-01-15T13:20:14+00:00","dateModified":"2019-09-25T14:30:21+00:00","description":"A csak szeniorokb\u00f3l \u00e1ll\u00f3 csapatunk\u00a0jelent\u0151s IT \u00e9s \u00fczleti tud\u00e1ssal, komoly tapasztalattal \u00e9s eszk\u00f6z\u00e1llom\u00e1nnyal seg\u00edt megval\u00f3s\u00edtani \u00f6tleteit.","breadcrumb":{"@id":"https:\/\/moresimp.com\/hu\/fejlesztes\/#breadcrumb"},"inLanguage":"hu","potentialAction":[{"@type":"ReadAction","target":["https:\/\/moresimp.com\/hu\/fejlesztes\/"]}]},{"@type":"BreadcrumbList","@id":"https:\/\/moresimp.com\/hu\/fejlesztes\/#breadcrumb","itemListElement":[{"@type":"ListItem","position":1,"name":"Home","item":"https:\/\/moresimp.com\/hu\/"},{"@type":"ListItem","position":2,"name":"Fejleszt\u00e9s"}]},{"@type":"WebSite","@id":"https:\/\/moresimp.com\/hu\/#website","url":"https:\/\/moresimp.com\/hu\/","name":"MORESIMP","description":"Smart software, more life.","potentialAction":[{"@type":"SearchAction","target":{"@type":"EntryPoint","urlTemplate":"https:\/\/moresimp.com\/hu\/?s={search_term_string}"},"query-input":{"@type":"PropertyValueSpecification","valueRequired":true,"valueName":"search_term_string"}}],"inLanguage":"hu"}]}},"_links":{"self":[{"href":"https:\/\/moresimp.com\/hu\/wp-json\/wp\/v2\/pages\/2114","targetHints":{"allow":["GET"]}}],"collection":[{"href":"https:\/\/moresimp.com\/hu\/wp-json\/wp\/v2\/pages"}],"about":[{"href":"https:\/\/moresimp.com\/hu\/wp-json\/wp\/v2\/types\/page"}],"author":[{"embeddable":true,"href":"https:\/\/moresimp.com\/hu\/wp-json\/wp\/v2\/users\/1"}],"replies":[{"embeddable":true,"href":"https:\/\/moresimp.com\/hu\/wp-json\/wp\/v2\/comments?post=2114"}],"version-history":[{"count":21,"href":"https:\/\/moresimp.com\/hu\/wp-json\/wp\/v2\/pages\/2114\/revisions"}],"predecessor-version":[{"id":4901,"href":"https:\/\/moresimp.com\/hu\/wp-json\/wp\/v2\/pages\/2114\/revisions\/4901"}],"wp:attachment":[{"href":"https:\/\/moresimp.com\/hu\/wp-json\/wp\/v2\/media?parent=2114"}],"curies":[{"name":"wp","href":"https:\/\/api.w.org\/{rel}","templated":true}]}}