{"id":2148,"date":"2015-06-26T13:07:29","date_gmt":"2015-06-26T13:07:29","guid":{"rendered":"http:\/\/moresimp.com\/hu\/careers\/"},"modified":"2019-04-03T13:45:42","modified_gmt":"2019-04-03T13:45:42","slug":"karrier","status":"publish","type":"page","link":"https:\/\/moresimp.com\/hu\/karrier\/","title":{"rendered":"Karrier"},"content":{"rendered":"<div class=\"wpb-content-wrapper\"><p>[vc_row bg_image=&#8221;1032&#8243; bg_repeat=&#8221;no-repeat&#8221; parallax_bg=&#8221;true&#8221; bg_color=&#8221;#aebf4f&#8221; text_color=&#8221;light&#8221; top_padding=&#8221;195&#8243; bottom_padding=&#8221;195&#8243; bg_position=&#8221;center center&#8221;][vc_column width=&#8221;1\/1&#8243;]<div class=\"headline font-special fontsize-m fontweight-700 lh-inherit align-left transform-uppercase \" style=\"margin: 0; color: rgba(255,255,255,0.7);\">\n<p>BELEF\u00c1SULT JELENLEGI MUNK\u00c1J\u00c1BA?<\/p>\n<\/div><h1 class=\"headline font-special fontsize-xxxxl fontweight-700 lh-12 align-left transform-uppercase \" style=\"margin: 0;\">\nCsatlakozzon csapatunkhoz!<\/p>\n<\/h1>[\/vc_column][\/vc_row][vc_row top_padding=&#8221;80&#8243; bottom_padding=&#8221;10&#8243;][vc_column width=&#8221;1\/1&#8243;]<h2 class=\"headline font-special fontsize-xl fontweight-700 lh-inherit align-center transform-uppercase \" style=\"margin: -40px 0 40px 0;\">\nMit k\u00edn\u00e1lunk?<\/p>\n<\/h2>[vc_row_inner][vc_column_inner width=&#8221;1\/3&#8243; animation=&#8221;none&#8221;]<div class=\"iconbox  iconbox-style-8 icon-color-accent color-dark clearfix\"><h3>INSPIR\u00c1L\u00d3 PROJEKTEK<\/h3><i class=\"fa fa-rocket boxicon\" style=\"\"><\/i><p>\n<ul>\n<li style=\"text-align: left;\">A MORESIMP-hez csatlakozva sokf\u00e9le projektben vehetsz r\u00e9szt. Azonos megsz\u00e1llotts\u00e1ggal dolgozunk\u00a0saj\u00e1t term\u00e9keinken, nagyv\u00e1llalati megold\u00e1sokon \u00e9s startup projekteken is.<\/li>\n<li style=\"text-align: left;\">Saj\u00e1t term\u00e9keinket t\u00f6bb mint ezer c\u00e9g, t\u00f6bb ezer munkat\u00e1rsa haszn\u00e1lja nagy megel\u00e9gedetts\u00e9ggel.<\/li>\n<li style=\"text-align: left;\">C\u00e9lunk, hogy <strong>olyan szoftvereket hozzunk l\u00e9tre, melyeket<\/strong> a felhaszn\u00e1l\u00f3k <strong>T\u00c9NYLEG szeretnek haszn\u00e1lni, \u00e9s VAL\u00d3DI seg\u00edts\u00e9get ny\u00fajtanak<\/strong> napi munk\u00e1jukban.<\/li>\n<\/ul>\n<\/p><\/div>[\/vc_column_inner][vc_column_inner width=&#8221;1\/3&#8243; animation=&#8221;none&#8221;]<div class=\"iconbox  iconbox-style-8 icon-color-accent color-dark clearfix\"><h3>PROFESSZION\u00c1LIS CSAPAT<\/h3><i class=\"fa fa-users boxicon\" style=\"\"><\/i><p>\n<ul>\n<li style=\"text-align: left;\">Dokument\u00e1lt folyamatok ment\u00e9n, hat\u00e9konyan egy\u00fcttm\u0171k\u00f6d\u0151 CSAPATK\u00c9NT dolgozunk.<\/li>\n<li style=\"text-align: left;\">Mindannyian szeretj\u00fck, amit csin\u00e1lunk. Folyamatosan fejlesztj\u00fck saj\u00e1t tud\u00e1sunkat \u00e9s folyamatainkat is.<\/li>\n<li style=\"text-align: left;\">N\u00e1lunk megvan a lehet\u0151s\u00e9ged, hogy hallasd a hangodat annak \u00e9rdek\u00e9ben, hogy m\u00e9g jobban haszn\u00e1lhat\u00f3 szoftvereket csin\u00e1ljunk.<\/li>\n<\/ul>\n<p>&nbsp;<\/p>\n<p>&nbsp;<\/p>\n<\/p><\/div>[\/vc_column_inner][vc_column_inner width=&#8221;1\/3&#8243; animation=&#8221;none&#8221;]<div class=\"iconbox  iconbox-style-8 icon-color-accent color-dark clearfix\"><h3>KIV\u00c1L\u00d3 ESZK\u00d6Z\u00d6K<\/h3><i class=\"fa fa-desktop boxicon\" style=\"\"><\/i><p>\n<ul>\n<li style=\"text-align: left;\">Hisz\u00fcnk abban, hogy az embereknek van legnagyobb szerepe a szoftverfejleszt\u00e9sben. Nem engedj\u00fck, hogy gyenge eszk\u00f6z\u00f6k h\u00e1tr\u00e1ltassanak minket abban, hogy nagy dolgokat hozzunk l\u00e9tre.<\/li>\n<li style=\"text-align: left;\">Nem fogsz panaszkodni eszk\u00f6zeidre, ha csatlakozol hozz\u00e1nk.<\/li>\n<li style=\"text-align: left;\"><strong>Csak a legjobbakat haszn\u00e1ljuk.<\/strong><\/li>\n<\/ul>\n<p>&nbsp;<\/p>\n<p>&nbsp;<\/p>\n<\/p><\/div>[\/vc_column_inner][\/vc_row_inner][\/vc_column][\/vc_row][vc_row top_padding=&#8221;80&#8243; bottom_padding=&#8221;60&#8243;][vc_column width=&#8221;1\/1&#8243;]<h2 class=\"headline font-special fontsize-xl fontweight-700 lh-inherit align-center transform-uppercase \" style=\"margin: 0 0 40px 0;\">\nNyitott poz\u00edci\u00f3ink<\/p>\n<\/h2>[vc_row_inner][vc_column_inner width=&#8221;2\/3&#8243; animation=&#8221;none&#8221;]<div class=\"toggle\"><div class=\"toggle-title active\"><i class='fa fa-code'><\/i>\u00daj poz\u00edci\u00f3k el\u00e9rhet\u0151ek!<\/div><div class=\"toggle-inner\"><p>Tov\u00e1bbi r\u00e9szletek az \u00faj karrier port\u00e1lunkon!<\/p><\/div><\/div><a href=\"https:\/\/zenployd.com\/moresimp\" target=\"_blank\" class=\"button color-6 small \" style=\"border-radius: 2px;\">TOV\u00c1BB Az \u00daJ KARRIER-PORT\u00c1LUNKRA!<\/a>[\/vc_column_inner][vc_column_inner width=&#8221;1\/3&#8243; animation=&#8221;none&#8221;]<div class=\"box clearfix style-5 wpb_content_element align-left \" style=\"padding: 40px 40px 40px 40px; \">\n<h2 style=\"text-align: left;\">Irod\u00e1nk<\/h2>\n<ul>\n<li style=\"text-align: left;\"><span style=\"font-weight: 400;\">\u00daj \u00e9p\u00edt\u00e9s\u0171 irodapark, k\u00f6zel a Duna Plaz\u00e1hoz<\/span><\/li>\n<li style=\"text-align: left;\"><span style=\"font-weight: 400;\">K\u00f6nnyen megk\u00f6zel\u00edthet\u0151 t\u00f6megk\u00f6zleked\u00e9ssel (M3 metr\u00f3) vagy aut\u00f3val<\/span><\/li>\n<\/ul>\n<\/div><div class=\"single_image wpb_content_element align-left    \" data-animation=\"none\" data-delay=\"0\"><img loading=\"lazy\" decoding=\"async\" width=\"1920\" height=\"1280\" src=\"https:\/\/moresimp.com\/wp-content\/uploads\/2015\/06\/CAREERS-1st-test.jpg\" class=\"attachment-full\" alt=\"\" title=\"CAREERS 1st - test\" srcset=\"https:\/\/moresimp.com\/wp-content\/uploads\/2015\/06\/CAREERS-1st-test.jpg 1920w, https:\/\/moresimp.com\/wp-content\/uploads\/2015\/06\/CAREERS-1st-test-300x200.jpg 300w, https:\/\/moresimp.com\/wp-content\/uploads\/2015\/06\/CAREERS-1st-test-1024x683.jpg 1024w, https:\/\/moresimp.com\/wp-content\/uploads\/2015\/06\/CAREERS-1st-test-600x400.jpg 600w\" sizes=\"auto, (max-width: 1920px) 100vw, 1920px\"><\/div>\n<div class=\"single_image wpb_content_element align-left    \" data-animation=\"none\" data-delay=\"0\"><img loading=\"lazy\" decoding=\"async\" width=\"1920\" height=\"1280\" src=\"https:\/\/moresimp.com\/wp-content\/uploads\/2015\/06\/CAREERS-2nd-test.jpg\" class=\"attachment-full\" alt=\"\" title=\"CAREERS 2nd - test\" srcset=\"https:\/\/moresimp.com\/wp-content\/uploads\/2015\/06\/CAREERS-2nd-test.jpg 1920w, https:\/\/moresimp.com\/wp-content\/uploads\/2015\/06\/CAREERS-2nd-test-300x200.jpg 300w, https:\/\/moresimp.com\/wp-content\/uploads\/2015\/06\/CAREERS-2nd-test-1024x683.jpg 1024w, https:\/\/moresimp.com\/wp-content\/uploads\/2015\/06\/CAREERS-2nd-test-600x400.jpg 600w\" sizes=\"auto, (max-width: 1920px) 100vw, 1920px\"><\/div>\n[\/vc_column_inner][\/vc_row_inner][\/vc_column][\/vc_row]<\/p>\n<\/div>","protected":false},"excerpt":{"rendered":"<p>[vc_row bg_image=&#8221;1032&#8243; bg_repeat=&#8221;no-repeat&#8221; parallax_bg=&#8221;true&#8221; bg_color=&#8221;#aebf4f&#8221; text_color=&#8221;light&#8221; top_padding=&#8221;195&#8243; bottom_padding=&#8221;195&#8243; bg_position=&#8221;center center&#8221;][vc_column width=&#8221;1\/1&#8243;][\/vc_column][\/vc_row][vc_row top_padding=&#8221;80&#8243; bottom_padding=&#8221;10&#8243;][vc_column width=&#8221;1\/1&#8243;][vc_row_inner][vc_column_inner width=&#8221;1\/3&#8243; animation=&#8221;none&#8221;][\/vc_column_inner][vc_column_inner width=&#8221;1\/3&#8243; animation=&#8221;none&#8221;][\/vc_column_inner][vc_column_inner width=&#8221;1\/3&#8243; animation=&#8221;none&#8221;][\/vc_column_inner][\/vc_row_inner][\/vc_column][\/vc_row][vc_row top_padding=&#8221;80&#8243; bottom_padding=&#8221;60&#8243;][vc_column width=&#8221;1\/1&#8243;][vc_row_inner][vc_column_inner width=&#8221;2\/3&#8243; animation=&#8221;none&#8221;][\/vc_column_inner][vc_column_inner width=&#8221;1\/3&#8243; animation=&#8221;none&#8221;][\/vc_column_inner][\/vc_row_inner][\/vc_column][\/vc_row]<\/p>\n","protected":false},"author":1,"featured_media":0,"parent":0,"menu_order":0,"comment_status":"closed","ping_status":"closed","template":"","meta":{"footnotes":""},"class_list":["post-2148","page","type-page","status-publish","hentry"],"yoast_head":"<!-- This site is optimized with the Yoast SEO plugin v27.5 - https:\/\/yoast.com\/product\/yoast-seo-wordpress\/ -->\n<title>Karrier - MORESIMP<\/title>\n<meta name=\"description\" content=\"Belef\u00e1radt jelenlegi munk\u00e1j\u00e1ba? Csatlakozzon kiz\u00e1r\u00f3lag szeniorokb\u00f3l \u00e1ll\u00f3 csapatunkhoz! Inspir\u00e1l\u00f3 projekteket, tapasztalt csapatot, kiv\u00e1l\u00f3 eszk\u00f6z\u00f6ket biztos\u00edtunk. N\u00e9zze \u00e1t nyitott poz\u00edci\u00f3inkat!\" \/>\n<meta name=\"robots\" content=\"index, follow, max-snippet:-1, max-image-preview:large, max-video-preview:-1\" \/>\n<link rel=\"canonical\" href=\"https:\/\/moresimp.com\/hu\/karrier\/\" \/>\n<meta property=\"og:locale\" content=\"hu_HU\" \/>\n<meta property=\"og:type\" content=\"article\" \/>\n<meta property=\"og:title\" content=\"Karrier - MORESIMP\" \/>\n<meta property=\"og:description\" content=\"Belef\u00e1radt jelenlegi munk\u00e1j\u00e1ba? Csatlakozzon kiz\u00e1r\u00f3lag szeniorokb\u00f3l \u00e1ll\u00f3 csapatunkhoz! Inspir\u00e1l\u00f3 projekteket, tapasztalt csapatot, kiv\u00e1l\u00f3 eszk\u00f6z\u00f6ket biztos\u00edtunk. N\u00e9zze \u00e1t nyitott poz\u00edci\u00f3inkat!\" \/>\n<meta property=\"og:url\" content=\"https:\/\/moresimp.com\/hu\/karrier\/\" \/>\n<meta property=\"og:site_name\" content=\"MORESIMP\" \/>\n<meta property=\"article:modified_time\" content=\"2019-04-03T13:45:42+00:00\" \/>\n<meta name=\"twitter:card\" content=\"summary_large_image\" \/>\n<meta name=\"twitter:label1\" content=\"Becs\u00fclt olvas\u00e1si id\u0151\" \/>\n\t<meta name=\"twitter:data1\" content=\"3 perc\" \/>\n<script type=\"application\/ld+json\" class=\"yoast-schema-graph\">{\"@context\":\"https:\\\/\\\/schema.org\",\"@graph\":[{\"@type\":\"WebPage\",\"@id\":\"https:\\\/\\\/moresimp.com\\\/hu\\\/karrier\\\/\",\"url\":\"https:\\\/\\\/moresimp.com\\\/hu\\\/karrier\\\/\",\"name\":\"Karrier - MORESIMP\",\"isPartOf\":{\"@id\":\"https:\\\/\\\/moresimp.com\\\/hu\\\/#website\"},\"datePublished\":\"2015-06-26T13:07:29+00:00\",\"dateModified\":\"2019-04-03T13:45:42+00:00\",\"description\":\"Belef\u00e1radt jelenlegi munk\u00e1j\u00e1ba? Csatlakozzon kiz\u00e1r\u00f3lag szeniorokb\u00f3l \u00e1ll\u00f3 csapatunkhoz! Inspir\u00e1l\u00f3 projekteket, tapasztalt csapatot, kiv\u00e1l\u00f3 eszk\u00f6z\u00f6ket biztos\u00edtunk. N\u00e9zze \u00e1t nyitott poz\u00edci\u00f3inkat!\",\"breadcrumb\":{\"@id\":\"https:\\\/\\\/moresimp.com\\\/hu\\\/karrier\\\/#breadcrumb\"},\"inLanguage\":\"hu\",\"potentialAction\":[{\"@type\":\"ReadAction\",\"target\":[\"https:\\\/\\\/moresimp.com\\\/hu\\\/karrier\\\/\"]}]},{\"@type\":\"BreadcrumbList\",\"@id\":\"https:\\\/\\\/moresimp.com\\\/hu\\\/karrier\\\/#breadcrumb\",\"itemListElement\":[{\"@type\":\"ListItem\",\"position\":1,\"name\":\"Home\",\"item\":\"https:\\\/\\\/moresimp.com\\\/hu\\\/\"},{\"@type\":\"ListItem\",\"position\":2,\"name\":\"Karrier\"}]},{\"@type\":\"WebSite\",\"@id\":\"https:\\\/\\\/moresimp.com\\\/hu\\\/#website\",\"url\":\"https:\\\/\\\/moresimp.com\\\/hu\\\/\",\"name\":\"MORESIMP\",\"description\":\"Smart software, more life.\",\"potentialAction\":[{\"@type\":\"SearchAction\",\"target\":{\"@type\":\"EntryPoint\",\"urlTemplate\":\"https:\\\/\\\/moresimp.com\\\/hu\\\/?s={search_term_string}\"},\"query-input\":{\"@type\":\"PropertyValueSpecification\",\"valueRequired\":true,\"valueName\":\"search_term_string\"}}],\"inLanguage\":\"hu\"}]}<\/script>\n<!-- \/ Yoast SEO plugin. -->","yoast_head_json":{"title":"Karrier - MORESIMP","description":"Belef\u00e1radt jelenlegi munk\u00e1j\u00e1ba? Csatlakozzon kiz\u00e1r\u00f3lag szeniorokb\u00f3l \u00e1ll\u00f3 csapatunkhoz! Inspir\u00e1l\u00f3 projekteket, tapasztalt csapatot, kiv\u00e1l\u00f3 eszk\u00f6z\u00f6ket biztos\u00edtunk. N\u00e9zze \u00e1t nyitott poz\u00edci\u00f3inkat!","robots":{"index":"index","follow":"follow","max-snippet":"max-snippet:-1","max-image-preview":"max-image-preview:large","max-video-preview":"max-video-preview:-1"},"canonical":"https:\/\/moresimp.com\/hu\/karrier\/","og_locale":"hu_HU","og_type":"article","og_title":"Karrier - MORESIMP","og_description":"Belef\u00e1radt jelenlegi munk\u00e1j\u00e1ba? Csatlakozzon kiz\u00e1r\u00f3lag szeniorokb\u00f3l \u00e1ll\u00f3 csapatunkhoz! Inspir\u00e1l\u00f3 projekteket, tapasztalt csapatot, kiv\u00e1l\u00f3 eszk\u00f6z\u00f6ket biztos\u00edtunk. N\u00e9zze \u00e1t nyitott poz\u00edci\u00f3inkat!","og_url":"https:\/\/moresimp.com\/hu\/karrier\/","og_site_name":"MORESIMP","article_modified_time":"2019-04-03T13:45:42+00:00","twitter_card":"summary_large_image","twitter_misc":{"Becs\u00fclt olvas\u00e1si id\u0151":"3 perc"},"schema":{"@context":"https:\/\/schema.org","@graph":[{"@type":"WebPage","@id":"https:\/\/moresimp.com\/hu\/karrier\/","url":"https:\/\/moresimp.com\/hu\/karrier\/","name":"Karrier - MORESIMP","isPartOf":{"@id":"https:\/\/moresimp.com\/hu\/#website"},"datePublished":"2015-06-26T13:07:29+00:00","dateModified":"2019-04-03T13:45:42+00:00","description":"Belef\u00e1radt jelenlegi munk\u00e1j\u00e1ba? Csatlakozzon kiz\u00e1r\u00f3lag szeniorokb\u00f3l \u00e1ll\u00f3 csapatunkhoz! Inspir\u00e1l\u00f3 projekteket, tapasztalt csapatot, kiv\u00e1l\u00f3 eszk\u00f6z\u00f6ket biztos\u00edtunk. N\u00e9zze \u00e1t nyitott poz\u00edci\u00f3inkat!","breadcrumb":{"@id":"https:\/\/moresimp.com\/hu\/karrier\/#breadcrumb"},"inLanguage":"hu","potentialAction":[{"@type":"ReadAction","target":["https:\/\/moresimp.com\/hu\/karrier\/"]}]},{"@type":"BreadcrumbList","@id":"https:\/\/moresimp.com\/hu\/karrier\/#breadcrumb","itemListElement":[{"@type":"ListItem","position":1,"name":"Home","item":"https:\/\/moresimp.com\/hu\/"},{"@type":"ListItem","position":2,"name":"Karrier"}]},{"@type":"WebSite","@id":"https:\/\/moresimp.com\/hu\/#website","url":"https:\/\/moresimp.com\/hu\/","name":"MORESIMP","description":"Smart software, more life.","potentialAction":[{"@type":"SearchAction","target":{"@type":"EntryPoint","urlTemplate":"https:\/\/moresimp.com\/hu\/?s={search_term_string}"},"query-input":{"@type":"PropertyValueSpecification","valueRequired":true,"valueName":"search_term_string"}}],"inLanguage":"hu"}]}},"_links":{"self":[{"href":"https:\/\/moresimp.com\/hu\/wp-json\/wp\/v2\/pages\/2148","targetHints":{"allow":["GET"]}}],"collection":[{"href":"https:\/\/moresimp.com\/hu\/wp-json\/wp\/v2\/pages"}],"about":[{"href":"https:\/\/moresimp.com\/hu\/wp-json\/wp\/v2\/types\/page"}],"author":[{"embeddable":true,"href":"https:\/\/moresimp.com\/hu\/wp-json\/wp\/v2\/users\/1"}],"replies":[{"embeddable":true,"href":"https:\/\/moresimp.com\/hu\/wp-json\/wp\/v2\/comments?post=2148"}],"version-history":[{"count":42,"href":"https:\/\/moresimp.com\/hu\/wp-json\/wp\/v2\/pages\/2148\/revisions"}],"predecessor-version":[{"id":4198,"href":"https:\/\/moresimp.com\/hu\/wp-json\/wp\/v2\/pages\/2148\/revisions\/4198"}],"wp:attachment":[{"href":"https:\/\/moresimp.com\/hu\/wp-json\/wp\/v2\/media?parent=2148"}],"curies":[{"name":"wp","href":"https:\/\/api.w.org\/{rel}","templated":true}]}}