{"id":2183,"date":"2015-07-01T10:40:42","date_gmt":"2015-07-01T10:40:42","guid":{"rendered":"http:\/\/moresimp.com\/hu\/atlassian\/consulting\/"},"modified":"2021-06-28T09:58:13","modified_gmt":"2021-06-28T09:58:13","slug":"tanacsadas","status":"publish","type":"page","link":"https:\/\/moresimp.com\/hu\/atlassian\/tanacsadas\/","title":{"rendered":"Tan\u00e1csad\u00e1s"},"content":{"rendered":"<div class=\"wpb-content-wrapper\"><p>[vc_row bg_image=&#8221;4321&#8243; bg_repeat=&#8221;no-repeat&#8221; parallax_bg=&#8221;true&#8221; bg_color=&#8221;#aebf4f&#8221; text_color=&#8221;light&#8221; top_padding=&#8221;250&#8243; bottom_padding=&#8221;160&#8243; bg_position=&#8221;center center&#8221;][vc_column width=&#8221;1\/1&#8243;]<div class=\"headline font-special fontsize-m fontweight-700 lh-inherit align-left transform-uppercase \" style=\"margin: 0; color: rgba(255,255,255,0.7);\">JIRA bevezet\u00e9s? Tan\u00e1csad\u00e1s? Oktat\u00e1s?<\/p>\n<\/div><h1 class=\"headline font-special fontsize-xxxxl fontweight-700 lh-12 align-left transform-uppercase \" style=\"margin: 0;\">Atlassian tan\u00e1csad\u00e1s<\/h1>[\/vc_column][\/vc_row][vc_row top_padding=&#8221;80&#8243; bottom_padding=&#8221;80&#8243;][vc_column width=&#8221;1\/2&#8243;][vc_column_text]<\/p>\n<h1 style=\"text-align: center;\"><span style=\"font-weight: 400;\">MIT IS JELENT <\/span><b>ATLASSIAN\u00a0GOLD PARTNERNEK<\/b><span style=\"font-weight: 400;\">\u00a0LENNI?<\/span><\/h1>\n<p><span style=\"font-weight: 400;\">Az Atlassian fontosnak tartja, hogy csak olyan \u00e9rett v\u00e1llalatok viselhess\u00e9k az Atlassian Gold Solution Partner c\u00edmet, melyek <\/span><b>m\u00e1r bizony\u00edtottak a ter\u00fcleten<\/b><span style=\"font-weight: 400;\">.<\/span><\/p>\n<p><span style=\"font-weight: 400;\">Mit jelent ez \u00d6nnek?<\/span><\/p>\n<ul>\n<li><span style=\"font-weight: 400;\">Esetlegesen <\/span><b>alacsonyabb \u00e1rakat<\/b><span style=\"font-weight: 400;\">, amennyiben t\u0151l\u00fcnk v\u00e1s\u00e1rolja az Atlassian term\u00e9keket<\/span><\/li>\n<li><b>Igazolt szak\u00e9rtelemet<\/b><span style=\"font-weight: 400;\"> az al\u00e1bbi ter\u00fcleteken:<\/span>\n<ul>\n<li><span style=\"font-weight: 400;\">term\u00e9kbevezet\u00e9s<\/span><\/li>\n<li><span style=\"font-weight: 400;\">licencel\u00e9s<\/span><\/li>\n<li><span style=\"font-weight: 400;\">telep\u00edt\u00e9s<\/span><\/li>\n<li><span style=\"font-weight: 400;\">karbantart\u00e1s<\/span><\/li>\n<li><span style=\"font-weight: 400;\">teljes\u00edtm\u00e9ny tuning<\/span><\/li>\n<li><span style=\"font-weight: 400;\">egyedi plugin fejleszt\u00e9s<\/span><\/li>\n<\/ul>\n<\/li>\n<\/ul>\n<p>[\/vc_column_text][\/vc_column][vc_column width=&#8221;1\/2&#8243;][vc_column_text]<\/p>\n<h1 style=\"text-align: center;\"><span style=\"font-weight: 400;\">AZ EGYETLEN <\/span><b>TAN\u00c1CSAD\u00d3<\/b><span style=\"font-weight: 400;\">, MELYRE SZ\u00dcKS\u00c9GE LESZ<\/span><\/h1>\n<p><span style=\"font-weight: 400;\">Az er\u0151s h\u00e1tter\u00fcnk <\/span><b>rendszerintegr\u00e1ci\u00f3ban, telep\u00edt\u00e9sben \u00e9s karbantart\u00e1sban, szoftverfejleszt\u00e9sben \u00e9s hosztingban<\/b><span style=\"font-weight: 400;\"> garant\u00e1lja, hogy mi lehet\u00fcnk az egyetlen Atlassian partner, melyre sz\u00fcks\u00e9ge van.<\/span><\/p>\n<p><span style=\"font-weight: 400;\">\u00dagy gondoljuk, hogy egy j\u00f3 partnerkapcsolat mindig az <\/span><b>\u00fczleti ig\u00e9nyek r\u00e9szletes elemz\u00e9s\u00e9vel<\/b><span style=\"font-weight: 400;\"> kezd\u0151dik. Parnereink, megtapasztalva, hogy milyen pontosan meg tudjuk \u00e9rteni t\u00e9nyleges ig\u00e9nyeiket, \u00e1ltal\u00e1ban \u00e9veken \u00e1t kapcsolatban maradnak c\u00e9g\u00fcnkkel, tan\u00e1csad\u00e1s, fejleszt\u00e9sek vagy egyedi plugin fejleszt\u00e9se c\u00e9lj\u00e1b\u00f3l.<\/span><\/p>\n<p><span style=\"font-weight: 400;\">Hossz\u00fa t\u00e1v\u00fa egy\u00fcttm\u0171k\u00f6d\u00e9st tervezve, c\u00e9lunk mindig az, hogy azt a term\u00e9ket \u00e9s szolg\u00e1ltat\u00e1st ny\u00fajtsuk, melyre \u00d6nnek <\/span><b>akkor \u00e9ppen sz\u00fcks\u00e9ge van<\/b><span style=\"font-weight: 400;\">.<\/span>[\/vc_column_text][\/vc_column][\/vc_row][vc_row][vc_column width=&#8221;1\/1&#8243;][vc_column_text]<\/p>\n<h1 style=\"text-align: center;\"><span style=\"font-weight: 400;\">JIRA bevezet\u00e9s? Konfigur\u00e1ci\u00f3? Tan\u00e1csad\u00e1s?<\/span><\/h1>\n<h4 style=\"text-align: center;\"><span style=\"font-weight: 400;\"><br \/>\nSeg\u00edt\u00fcnk \u00d6nnek a legt\u00f6bbet kihozni<\/span><\/h4>\n<h4 style=\"text-align: center;\"><b>Atlassian term\u00e9keib\u0151l!<\/b><\/h4>\n<p>[\/vc_column_text]<div class=\"spacer\" style=\"height: 40px;\"><\/div>[\/vc_column][\/vc_row][vc_row][vc_column width=&#8221;1\/1&#8243;]<h3 class=\"headline font-special fontsize-xl fontweight-700 lh-inherit align-center transform-inherit \" style=\"margin: 0 0 0px 0; color: #000000;\">\nSZAKTER\u00dcLETEINK<\/p>\n<\/h3>[\/vc_column][\/vc_row][vc_row top_padding=&#8221;80&#8243; bottom_padding=&#8221;80&#8243;][vc_column width=&#8221;1\/2&#8243;]<div class=\"single_image wpb_content_element align-left    \" data-animation=\"none\" data-delay=\"0\"><img loading=\"lazy\" decoding=\"async\" width=\"1120\" height=\"746\" src=\"https:\/\/moresimp.com\/wp-content\/uploads\/2019\/04\/small01.jpg\" class=\"attachment-full\" alt=\"\" title=\"small01\" srcset=\"https:\/\/moresimp.com\/wp-content\/uploads\/2019\/04\/small01.jpg 1120w, https:\/\/moresimp.com\/wp-content\/uploads\/2019\/04\/small01-300x200.jpg 300w, https:\/\/moresimp.com\/wp-content\/uploads\/2019\/04\/small01-768x512.jpg 768w, https:\/\/moresimp.com\/wp-content\/uploads\/2019\/04\/small01-1024x682.jpg 1024w, https:\/\/moresimp.com\/wp-content\/uploads\/2019\/04\/small01-600x400.jpg 600w\" sizes=\"auto, (max-width: 1120px) 100vw, 1120px\"><\/div>\n[\/vc_column][vc_column width=&#8221;1\/2&#8243;][vc_column_text]<\/p>\n<h1><span style=\"font-weight: 400;\">Atlassian term\u00e9kek licencel\u00e9se, telep\u00edt\u00e9se, konfigur\u00e1l\u00e1sa<\/span><\/h1>\n<p><span style=\"font-weight: 400;\">Hiteles\u00edtett Atlassian szak\u00e9rt\u0151k\u00e9nt\u00a0a teljes\u00a0Atlassian-palett\u00e1val elboldogulunk, legyen a feladat:<\/span><\/p>\n<ul>\n<li><b>term\u00e9kbevezet\u00e9s<\/b><\/li>\n<li><b>lincencel\u00e9s<\/b><\/li>\n<li><b>telep\u00edt\u00e9s<\/b><\/li>\n<li><b>karbantart\u00e1s<\/b><\/li>\n<li><b>konfigur\u00e1ci\u00f3<\/b><\/li>\n<li><b>teljes\u00edtm\u00e9nyn\u00f6vel\u00e9s<\/b><\/li>\n<\/ul>\n<a href=\"\/hu\/kapcsolat\" target=\"_blank\" class=\"button color-1 medium \" style=\"border-radius: 2px;\">L\u00e9pjen kapcsolatba vel\u00fcnk!<\/a>[\/vc_column_text][\/vc_column][\/vc_row][vc_row][vc_column width=&#8221;1\/1&#8243;]<div class=\"divider divider1\" style='margin:0px 0 0px 0 !important;'><\/div>[\/vc_column][\/vc_row][vc_row top_padding=&#8221;80&#8243; bottom_padding=&#8221;80&#8243;][vc_column width=&#8221;1\/2&#8243;]<div class=\"single_image wpb_content_element align-left    \" data-animation=\"none\" data-delay=\"0\"><img loading=\"lazy\" decoding=\"async\" width=\"1120\" height=\"746\" src=\"https:\/\/moresimp.com\/wp-content\/uploads\/2019\/04\/small07-1.jpg\" class=\"attachment-full\" alt=\"\" title=\"small07\" srcset=\"https:\/\/moresimp.com\/wp-content\/uploads\/2019\/04\/small07-1.jpg 1120w, https:\/\/moresimp.com\/wp-content\/uploads\/2019\/04\/small07-1-300x200.jpg 300w, https:\/\/moresimp.com\/wp-content\/uploads\/2019\/04\/small07-1-768x512.jpg 768w, https:\/\/moresimp.com\/wp-content\/uploads\/2019\/04\/small07-1-1024x682.jpg 1024w, https:\/\/moresimp.com\/wp-content\/uploads\/2019\/04\/small07-1-600x400.jpg 600w\" sizes=\"auto, (max-width: 1120px) 100vw, 1120px\"><\/div>\n[\/vc_column][vc_column width=&#8221;1\/2&#8243;][vc_column_text]<\/p>\n<h1><span style=\"font-weight: 400;\">Agilis szoftverfejleszt\u00e9s Atlassiannal<\/span><\/h1>\n<p><span style=\"font-weight: 400;\">Fejleszt\u0151i\u00a0csapatunk \u00e9vek \u00f3ta Atlassian term\u00e9kekkel dolgozik, hiszen remek eszk\u00f6zt\u00e1rat ny\u00fajtanak az agilis szoftverfejleszt\u00e9si elvek alkalmaz\u00e1s\u00e1hoz.<\/span><\/p>\n<p><span style=\"font-weight: 400;\">A<\/span><b> legf\u0151bb \u00e9p\u00edt\u0151elemek az agilis fejleszt\u00e9s eszk\u00f6zt\u00e1r\u00e1ban<\/b><span style=\"font-weight: 400;\">:<\/span><\/p>\n<ul>\n<li>JIRA Work Management (issue tracker)<\/li>\n<li>JIRA Software\u00a0(Scrum\/Kanban kieg\u00e9sz\u00edt\u0151)<\/li>\n<li>Tempo Timesheets (id\u0151menedzsment)<\/li>\n<li>Tempo Planner (er\u0151forr\u00e1s-menedzsment)<\/li>\n<li>Confluence (Wiki)<\/li>\n<li>Bamboo (folyamatos integr\u00e1ci\u00f3)<\/li>\n<li>Bitbucket Server\u00a0(git code repository)<\/li>\n<li>HipChat (csapatkommunik\u00e1ci\u00f3)<\/li>\n<\/ul>\n<p><span style=\"font-weight: 400;\">\u00c1ltal\u00e1ban jelent\u0151s id\u0151t vesz ig\u00e9nybe megtanulni mindezeket hat\u00e9konyan integr\u00e1lni.<\/span><\/p>\n<p><span style=\"font-weight: 400;\">Amennyiben felveszi vel\u00fcnk a kapcsolatot, nem csak ezt az eszk\u00f6zk\u00e9szletet mutatjuk be \u00d6nnek, megmutatjuk azt is, hogy hogyan kell <\/span><b>a semmib\u0151l egy hat\u00e9kony agilis csapatot l\u00e9trehozni<\/b><span style=\"font-weight: 400;\">.<\/span><\/p>\n<a href=\"\/hu\/kapcsolat\" target=\"_blank\" class=\"button color-1 medium \" style=\"border-radius: 2px;\">L\u00e9pjen kapcsolatba vel\u00fcnk!<\/a>[\/vc_column_text][\/vc_column][\/vc_row][vc_row][vc_column width=&#8221;1\/1&#8243;]<div class=\"divider divider1\" style='margin:0px 0 0px 0 !important;'><\/div>[\/vc_column][\/vc_row][vc_row top_padding=&#8221;80&#8243; bottom_padding=&#8221;80&#8243;][vc_column width=&#8221;1\/2&#8243;]<div class=\"single_image wpb_content_element align-left    \" data-animation=\"none\" data-delay=\"0\"><img loading=\"lazy\" decoding=\"async\" width=\"1120\" height=\"746\" src=\"https:\/\/moresimp.com\/wp-content\/uploads\/2019\/04\/small04.jpg\" class=\"attachment-full\" alt=\"\" title=\"small04\" srcset=\"https:\/\/moresimp.com\/wp-content\/uploads\/2019\/04\/small04.jpg 1120w, https:\/\/moresimp.com\/wp-content\/uploads\/2019\/04\/small04-300x200.jpg 300w, https:\/\/moresimp.com\/wp-content\/uploads\/2019\/04\/small04-768x512.jpg 768w, https:\/\/moresimp.com\/wp-content\/uploads\/2019\/04\/small04-1024x682.jpg 1024w, https:\/\/moresimp.com\/wp-content\/uploads\/2019\/04\/small04-600x400.jpg 600w\" sizes=\"auto, (max-width: 1120px) 100vw, 1120px\"><\/div>\n[\/vc_column][vc_column width=&#8221;1\/2&#8243;][vc_column_text]<\/p>\n<h1><span style=\"font-weight: 400;\">A JIRA \u00e9s a Confluence \u00fczleti alkalmaz\u00e1sai (HR, p\u00e9nz\u00fcgy, CRM, stb.)<\/span><\/h1>\n<p><span style=\"font-weight: 400;\">A szoftverfejleszt\u0151k k\u00f6r\u00e9ben megb\u00edzhat\u00f3\u00a0jegykezel\u0151\u00a0\u00e9s projektmenedzsment megold\u00e1sk\u00e9nt\u00a0tartj\u00e1k sz\u00e1mon a JIRA-t \u00e9s a Confluence-t.<\/span><\/p>\n<p><span style=\"font-weight: 400;\">Mivel ezek a megold\u00e1sok\u00a0szinte <strong>v\u00e9gtelens\u00e9gig testreszabhat\u00f3ak<\/strong>, \u00edgy nem csak a szoftverfejleszt\u0151knek, de az <strong>\u00fczleti r\u00e9szlegek\u00a0sz\u00e1m\u00e1ra<\/strong><\/span><span style=\"font-weight: 400;\">\u00a0(HR, p\u00e9nz\u00fcgy, CRM) is megfelel\u0151 v\u00e1laszt\u00e1s.<\/span><\/p>\n<p>Egy<b> HR alkalmaz\u00e1s v\u00e1s\u00e1rl\u00e1s\u00e1n,\u00a0<\/b><span style=\"font-weight: 400;\">vagy pedig egy <strong>fejleszt\u0151csapat b\u00e9rl\u00e9s\u00e9n<\/strong>\u00a0gondolkozik?<\/span><\/p>\n<p><span style=\"font-weight: 400;\">Mi tudunk aj\u00e1nlani egy <\/span><b>megfizethet\u0151bb<\/b>,<b> <\/b>m<span style=\"font-weight: 400;\">\u00e9gis \u00e1tfog\u00f3bb megold\u00e1st Atlassian term\u00e9kek\u00a0bevezet\u00e9s\u00e9vel.<\/span><\/p>\n<a href=\"\/hu\/kapcsolat\" target=\"_blank\" class=\"button color-1 medium \" style=\"border-radius: 2px;\">L\u00e9pjen kapcsolatba vel\u00fcnk!<\/a>[\/vc_column_text][\/vc_column][\/vc_row][vc_row bg_color=&#8221;#fafafa&#8221;][vc_column width=&#8221;1\/1&#8243;]<div class=\"spacer\" style=\"height: 40px;\"><\/div>[\/vc_column][vc_column][vc_column_text]<\/p>\n<h3>\u00a0 \u00a0References<\/h3>\n<p>[\/vc_column_text][\/vc_column][\/vc_row][vc_row bg_color=&#8221;#fafafa&#8221; text_align=&#8221;center&#8221; top_padding=&#8221;40&#8243; bottom_padding=&#8221;50&#8243; bg_position=&#8221;left top&#8221;][vc_column width=&#8221;1\/6&#8243;]<div class=\"single_image wpb_content_element align-center    \" data-animation=\"none\" data-delay=\"0\"><img loading=\"lazy\" decoding=\"async\" width=\"300\" height=\"180\" src=\"https:\/\/moresimp.com\/wp-content\/uploads\/2016\/04\/partner-mitsubishi.jpg\" class=\"attachment-full\" alt=\"\" title=\"partner-mitsubishi\"><\/div>\n<div class=\"single_image wpb_content_element align-center    \" data-animation=\"none\" data-delay=\"0\"><img loading=\"lazy\" decoding=\"async\" width=\"300\" height=\"180\" src=\"https:\/\/moresimp.com\/wp-content\/uploads\/2016\/04\/partner-humanoit.jpg\" class=\"attachment-full\" alt=\"\" title=\"partner-humanoit\"><\/div>\n[\/vc_column][vc_column width=&#8221;1\/6&#8243;]<div class=\"single_image wpb_content_element align-center    \" data-animation=\"none\" data-delay=\"0\"><img loading=\"lazy\" decoding=\"async\" width=\"300\" height=\"180\" src=\"https:\/\/moresimp.com\/wp-content\/uploads\/2016\/04\/partner-cisco.jpg\" class=\"attachment-full\" alt=\"\" title=\"partner-cisco\"><\/div>\n<div class=\"single_image wpb_content_element align-center    \" data-animation=\"none\" data-delay=\"0\"><img loading=\"lazy\" decoding=\"async\" width=\"300\" height=\"180\" src=\"https:\/\/moresimp.com\/wp-content\/uploads\/2016\/04\/partner-hitachi.jpg\" class=\"attachment-full\" alt=\"\" title=\"partner-hitachi\"><\/div>\n[\/vc_column][vc_column width=&#8221;1\/6&#8243;]<div class=\"single_image wpb_content_element align-center    \" data-animation=\"none\" data-delay=\"0\"><img loading=\"lazy\" decoding=\"async\" width=\"300\" height=\"180\" src=\"https:\/\/moresimp.com\/wp-content\/uploads\/2016\/04\/partner-tmobile.jpg\" class=\"attachment-full\" alt=\"\" title=\"partner-tmobile\"><\/div>\n<div class=\"single_image wpb_content_element align-center    \" data-animation=\"none\" data-delay=\"0\"><img loading=\"lazy\" decoding=\"async\" width=\"300\" height=\"180\" src=\"https:\/\/moresimp.com\/wp-content\/uploads\/2016\/04\/partner-bmw.jpg\" class=\"attachment-full\" alt=\"\" title=\"partner-bmw\"><\/div>\n[\/vc_column][vc_column width=&#8221;1\/6&#8243;]<div class=\"single_image wpb_content_element align-center    \" data-animation=\"none\" data-delay=\"0\"><img loading=\"lazy\" decoding=\"async\" width=\"300\" height=\"180\" src=\"https:\/\/moresimp.com\/wp-content\/uploads\/2016\/04\/partner-balabit.jpg\" class=\"attachment-full\" alt=\"\" title=\"partner-balabit\"><\/div>\n<div class=\"single_image wpb_content_element align-center    \" data-animation=\"none\" data-delay=\"0\"><img loading=\"lazy\" decoding=\"async\" width=\"300\" height=\"180\" src=\"https:\/\/moresimp.com\/wp-content\/uploads\/2016\/03\/partner-siemens.jpg\" class=\"attachment-full\" alt=\"\" title=\"partner-siemens\"><\/div>\n[\/vc_column][vc_column width=&#8221;1\/6&#8243;]<div class=\"single_image wpb_content_element align-left    \" data-animation=\"none\" data-delay=\"0\"><img loading=\"lazy\" decoding=\"async\" width=\"300\" height=\"180\" src=\"https:\/\/moresimp.com\/wp-content\/uploads\/2016\/04\/partner-continental.jpg\" class=\"attachment-full\" alt=\"\" title=\"partner-continental\"><\/div>\n<div class=\"single_image wpb_content_element align-left    \" data-animation=\"none\" data-delay=\"0\"><img loading=\"lazy\" decoding=\"async\" width=\"300\" height=\"180\" src=\"https:\/\/moresimp.com\/wp-content\/uploads\/2016\/04\/partner-ea.jpg\" class=\"attachment-full\" alt=\"\" title=\"partner-ea\"><\/div>\n[\/vc_column][vc_column width=&#8221;1\/6&#8243;]<div class=\"single_image wpb_content_element align-left    \" data-animation=\"none\" data-delay=\"0\"><img loading=\"lazy\" decoding=\"async\" width=\"300\" height=\"180\" src=\"https:\/\/moresimp.com\/wp-content\/uploads\/2016\/04\/partner-microsoft.jpg\" class=\"attachment-full\" alt=\"\" title=\"partner-microsoft\"><\/div>\n<div class=\"single_image wpb_content_element align-left    \" data-animation=\"none\" data-delay=\"0\"><img loading=\"lazy\" decoding=\"async\" width=\"300\" height=\"180\" src=\"https:\/\/moresimp.com\/wp-content\/uploads\/2016\/04\/partner-htc.jpg\" class=\"attachment-full\" alt=\"\" title=\"partner-htc\"><\/div>\n[\/vc_column][\/vc_row]<\/p>\n<\/div>","protected":false},"excerpt":{"rendered":"<p>[vc_row bg_image=&#8221;4321&#8243; bg_repeat=&#8221;no-repeat&#8221; parallax_bg=&#8221;true&#8221; bg_color=&#8221;#aebf4f&#8221; text_color=&#8221;light&#8221; top_padding=&#8221;250&#8243; bottom_padding=&#8221;160&#8243; bg_position=&#8221;center center&#8221;][vc_column width=&#8221;1\/1&#8243;][\/vc_column][\/vc_row][vc_row top_padding=&#8221;80&#8243; bottom_padding=&#8221;80&#8243;][vc_column width=&#8221;1\/2&#8243;][vc_column_text] MIT IS JELENT ATLASSIAN\u00a0GOLD PARTNERNEK\u00a0LENNI? Az Atlassian fontosnak tartja, hogy csak olyan \u00e9rett v\u00e1llalatok viselhess\u00e9k az Atlassian Gold Solution Partner c\u00edmet, melyek m\u00e1r bizony\u00edtottak a ter\u00fcleten. Mit jelent ez \u00d6nnek? Esetlegesen alacsonyabb \u00e1rakat, amennyiben t\u0151l\u00fcnk v\u00e1s\u00e1rolja az Atlassian term\u00e9keket Igazolt szak\u00e9rtelemet az al\u00e1bbi ter\u00fcleteken: term\u00e9kbevezet\u00e9s licencel\u00e9s telep\u00edt\u00e9s karbantart\u00e1s teljes\u00edtm\u00e9ny tuning egyedi plugin fejleszt\u00e9s [\/vc_column_text][\/vc_column][vc_column width=&#8221;1\/2&#8243;][vc_column_text] AZ EGYETLEN TAN\u00c1CSAD\u00d3, MELYRE SZ\u00dcKS\u00c9GE LESZ Az er\u0151s h\u00e1tter\u00fcnk rendszerintegr\u00e1ci\u00f3ban, telep\u00edt\u00e9sben \u00e9s karbantart\u00e1sban, szoftverfejleszt\u00e9sben \u00e9s hosztingban garant\u00e1lja, hogy mi lehet\u00fcnk az egyetlen Atlassian partner, melyre sz\u00fcks\u00e9ge van. \u00dagy gondoljuk, hogy egy j\u00f3 partnerkapcsolat mindig az \u00fczleti ig\u00e9nyek r\u00e9szletes elemz\u00e9s\u00e9vel kezd\u0151dik. Parnereink, megtapasztalva, hogy milyen pontosan meg tudjuk \u00e9rteni t\u00e9nyleges ig\u00e9nyeiket, \u00e1ltal\u00e1ban \u00e9veken \u00e1t kapcsolatban maradnak c\u00e9g\u00fcnkkel, tan\u00e1csad\u00e1s, fejleszt\u00e9sek vagy egyedi plugin fejleszt\u00e9se c\u00e9lj\u00e1b\u00f3l. Hossz\u00fa t\u00e1v\u00fa egy\u00fcttm\u0171k\u00f6d\u00e9st tervezve, c\u00e9lunk mindig az, hogy azt a term\u00e9ket \u00e9s szolg\u00e1ltat\u00e1st ny\u00fajtsuk, melyre \u00d6nnek akkor \u00e9ppen sz\u00fcks\u00e9ge van.[\/vc_column_text][\/vc_column][\/vc_row][vc_row][vc_column width=&#8221;1\/1&#8243;][vc_column_text] JIRA bevezet\u00e9s? Konfigur\u00e1ci\u00f3? Tan\u00e1csad\u00e1s? Seg\u00edt\u00fcnk \u00d6nnek a legt\u00f6bbet kihozni Atlassian term\u00e9keib\u0151l! [\/vc_column_text][\/vc_column][\/vc_row][vc_row][vc_column width=&#8221;1\/1&#8243;][\/vc_column][\/vc_row][vc_row top_padding=&#8221;80&#8243; bottom_padding=&#8221;80&#8243;][vc_column width=&#8221;1\/2&#8243;][\/vc_column][vc_column width=&#8221;1\/2&#8243;][vc_column_text] Atlassian term\u00e9kek licencel\u00e9se, telep\u00edt\u00e9se, konfigur\u00e1l\u00e1sa Hiteles\u00edtett Atlassian szak\u00e9rt\u0151k\u00e9nt\u00a0a teljes\u00a0Atlassian-palett\u00e1val elboldogulunk, legyen a feladat: term\u00e9kbevezet\u00e9s lincencel\u00e9s telep\u00edt\u00e9s karbantart\u00e1s konfigur\u00e1ci\u00f3 teljes\u00edtm\u00e9nyn\u00f6vel\u00e9s [\/vc_column_text][\/vc_column][\/vc_row][vc_row][vc_column width=&#8221;1\/1&#8243;][\/vc_column][\/vc_row][vc_row top_padding=&#8221;80&#8243; bottom_padding=&#8221;80&#8243;][vc_column width=&#8221;1\/2&#8243;][\/vc_column][vc_column width=&#8221;1\/2&#8243;][vc_column_text] Agilis szoftverfejleszt\u00e9s Atlassiannal Fejleszt\u0151i\u00a0csapatunk \u00e9vek [&hellip;]<\/p>\n","protected":false},"author":1,"featured_media":0,"parent":2053,"menu_order":0,"comment_status":"closed","ping_status":"closed","template":"","meta":{"footnotes":""},"class_list":["post-2183","page","type-page","status-publish","hentry"],"yoast_head":"<!-- This site is optimized with the Yoast SEO plugin v27.4 - https:\/\/yoast.com\/product\/yoast-seo-wordpress\/ -->\n<title>Tan\u00e1csad\u00e1s - MORESIMP<\/title>\n<meta name=\"description\" content=\"Szakmai tan\u00e1csad\u00e1st ny\u00fajtunk. Er\u0151s h\u00e1tt\u00e9rrel rendelkez\u00fcnk rendszerintegr\u00e1ci\u00f3ban, telep\u00edt\u00e9sben \u00e9s karbantart\u00e1sban, szoftverfejleszt\u00e9sben \u00e9s hosztingban.\" \/>\n<meta name=\"robots\" content=\"index, follow, max-snippet:-1, max-image-preview:large, max-video-preview:-1\" \/>\n<link rel=\"canonical\" href=\"https:\/\/moresimp.com\/hu\/atlassian\/tanacsadas\/\" \/>\n<meta property=\"og:locale\" content=\"hu_HU\" \/>\n<meta property=\"og:type\" content=\"article\" \/>\n<meta property=\"og:title\" content=\"Tan\u00e1csad\u00e1s - MORESIMP\" \/>\n<meta property=\"og:description\" content=\"Szakmai tan\u00e1csad\u00e1st ny\u00fajtunk. Er\u0151s h\u00e1tt\u00e9rrel rendelkez\u00fcnk rendszerintegr\u00e1ci\u00f3ban, telep\u00edt\u00e9sben \u00e9s karbantart\u00e1sban, szoftverfejleszt\u00e9sben \u00e9s hosztingban.\" \/>\n<meta property=\"og:url\" content=\"https:\/\/moresimp.com\/hu\/atlassian\/tanacsadas\/\" \/>\n<meta property=\"og:site_name\" content=\"MORESIMP\" \/>\n<meta property=\"article:modified_time\" content=\"2021-06-28T09:58:13+00:00\" \/>\n<meta name=\"twitter:card\" content=\"summary_large_image\" \/>\n<meta name=\"twitter:label1\" content=\"Becs\u00fclt olvas\u00e1si id\u0151\" \/>\n\t<meta name=\"twitter:data1\" content=\"3 perc\" \/>\n<script type=\"application\/ld+json\" class=\"yoast-schema-graph\">{\"@context\":\"https:\\\/\\\/schema.org\",\"@graph\":[{\"@type\":\"WebPage\",\"@id\":\"https:\\\/\\\/moresimp.com\\\/hu\\\/atlassian\\\/tanacsadas\\\/\",\"url\":\"https:\\\/\\\/moresimp.com\\\/hu\\\/atlassian\\\/tanacsadas\\\/\",\"name\":\"Tan\u00e1csad\u00e1s - MORESIMP\",\"isPartOf\":{\"@id\":\"https:\\\/\\\/moresimp.com\\\/hu\\\/#website\"},\"datePublished\":\"2015-07-01T10:40:42+00:00\",\"dateModified\":\"2021-06-28T09:58:13+00:00\",\"description\":\"Szakmai tan\u00e1csad\u00e1st ny\u00fajtunk. Er\u0151s h\u00e1tt\u00e9rrel rendelkez\u00fcnk rendszerintegr\u00e1ci\u00f3ban, telep\u00edt\u00e9sben \u00e9s karbantart\u00e1sban, szoftverfejleszt\u00e9sben \u00e9s hosztingban.\",\"breadcrumb\":{\"@id\":\"https:\\\/\\\/moresimp.com\\\/hu\\\/atlassian\\\/tanacsadas\\\/#breadcrumb\"},\"inLanguage\":\"hu\",\"potentialAction\":[{\"@type\":\"ReadAction\",\"target\":[\"https:\\\/\\\/moresimp.com\\\/hu\\\/atlassian\\\/tanacsadas\\\/\"]}]},{\"@type\":\"BreadcrumbList\",\"@id\":\"https:\\\/\\\/moresimp.com\\\/hu\\\/atlassian\\\/tanacsadas\\\/#breadcrumb\",\"itemListElement\":[{\"@type\":\"ListItem\",\"position\":1,\"name\":\"Home\",\"item\":\"https:\\\/\\\/moresimp.com\\\/hu\\\/\"},{\"@type\":\"ListItem\",\"position\":2,\"name\":\"Atlassian szolg\u00e1ltat\u00e1saink\",\"item\":\"https:\\\/\\\/moresimp.com\\\/hu\\\/atlassian\\\/\"},{\"@type\":\"ListItem\",\"position\":3,\"name\":\"Tan\u00e1csad\u00e1s\"}]},{\"@type\":\"WebSite\",\"@id\":\"https:\\\/\\\/moresimp.com\\\/hu\\\/#website\",\"url\":\"https:\\\/\\\/moresimp.com\\\/hu\\\/\",\"name\":\"MORESIMP\",\"description\":\"Smart software, more life.\",\"potentialAction\":[{\"@type\":\"SearchAction\",\"target\":{\"@type\":\"EntryPoint\",\"urlTemplate\":\"https:\\\/\\\/moresimp.com\\\/hu\\\/?s={search_term_string}\"},\"query-input\":{\"@type\":\"PropertyValueSpecification\",\"valueRequired\":true,\"valueName\":\"search_term_string\"}}],\"inLanguage\":\"hu\"}]}<\/script>\n<!-- \/ Yoast SEO plugin. -->","yoast_head_json":{"title":"Tan\u00e1csad\u00e1s - MORESIMP","description":"Szakmai tan\u00e1csad\u00e1st ny\u00fajtunk. Er\u0151s h\u00e1tt\u00e9rrel rendelkez\u00fcnk rendszerintegr\u00e1ci\u00f3ban, telep\u00edt\u00e9sben \u00e9s karbantart\u00e1sban, szoftverfejleszt\u00e9sben \u00e9s hosztingban.","robots":{"index":"index","follow":"follow","max-snippet":"max-snippet:-1","max-image-preview":"max-image-preview:large","max-video-preview":"max-video-preview:-1"},"canonical":"https:\/\/moresimp.com\/hu\/atlassian\/tanacsadas\/","og_locale":"hu_HU","og_type":"article","og_title":"Tan\u00e1csad\u00e1s - MORESIMP","og_description":"Szakmai tan\u00e1csad\u00e1st ny\u00fajtunk. Er\u0151s h\u00e1tt\u00e9rrel rendelkez\u00fcnk rendszerintegr\u00e1ci\u00f3ban, telep\u00edt\u00e9sben \u00e9s karbantart\u00e1sban, szoftverfejleszt\u00e9sben \u00e9s hosztingban.","og_url":"https:\/\/moresimp.com\/hu\/atlassian\/tanacsadas\/","og_site_name":"MORESIMP","article_modified_time":"2021-06-28T09:58:13+00:00","twitter_card":"summary_large_image","twitter_misc":{"Becs\u00fclt olvas\u00e1si id\u0151":"3 perc"},"schema":{"@context":"https:\/\/schema.org","@graph":[{"@type":"WebPage","@id":"https:\/\/moresimp.com\/hu\/atlassian\/tanacsadas\/","url":"https:\/\/moresimp.com\/hu\/atlassian\/tanacsadas\/","name":"Tan\u00e1csad\u00e1s - MORESIMP","isPartOf":{"@id":"https:\/\/moresimp.com\/hu\/#website"},"datePublished":"2015-07-01T10:40:42+00:00","dateModified":"2021-06-28T09:58:13+00:00","description":"Szakmai tan\u00e1csad\u00e1st ny\u00fajtunk. Er\u0151s h\u00e1tt\u00e9rrel rendelkez\u00fcnk rendszerintegr\u00e1ci\u00f3ban, telep\u00edt\u00e9sben \u00e9s karbantart\u00e1sban, szoftverfejleszt\u00e9sben \u00e9s hosztingban.","breadcrumb":{"@id":"https:\/\/moresimp.com\/hu\/atlassian\/tanacsadas\/#breadcrumb"},"inLanguage":"hu","potentialAction":[{"@type":"ReadAction","target":["https:\/\/moresimp.com\/hu\/atlassian\/tanacsadas\/"]}]},{"@type":"BreadcrumbList","@id":"https:\/\/moresimp.com\/hu\/atlassian\/tanacsadas\/#breadcrumb","itemListElement":[{"@type":"ListItem","position":1,"name":"Home","item":"https:\/\/moresimp.com\/hu\/"},{"@type":"ListItem","position":2,"name":"Atlassian szolg\u00e1ltat\u00e1saink","item":"https:\/\/moresimp.com\/hu\/atlassian\/"},{"@type":"ListItem","position":3,"name":"Tan\u00e1csad\u00e1s"}]},{"@type":"WebSite","@id":"https:\/\/moresimp.com\/hu\/#website","url":"https:\/\/moresimp.com\/hu\/","name":"MORESIMP","description":"Smart software, more life.","potentialAction":[{"@type":"SearchAction","target":{"@type":"EntryPoint","urlTemplate":"https:\/\/moresimp.com\/hu\/?s={search_term_string}"},"query-input":{"@type":"PropertyValueSpecification","valueRequired":true,"valueName":"search_term_string"}}],"inLanguage":"hu"}]}},"_links":{"self":[{"href":"https:\/\/moresimp.com\/hu\/wp-json\/wp\/v2\/pages\/2183","targetHints":{"allow":["GET"]}}],"collection":[{"href":"https:\/\/moresimp.com\/hu\/wp-json\/wp\/v2\/pages"}],"about":[{"href":"https:\/\/moresimp.com\/hu\/wp-json\/wp\/v2\/types\/page"}],"author":[{"embeddable":true,"href":"https:\/\/moresimp.com\/hu\/wp-json\/wp\/v2\/users\/1"}],"replies":[{"embeddable":true,"href":"https:\/\/moresimp.com\/hu\/wp-json\/wp\/v2\/comments?post=2183"}],"version-history":[{"count":26,"href":"https:\/\/moresimp.com\/hu\/wp-json\/wp\/v2\/pages\/2183\/revisions"}],"predecessor-version":[{"id":7462,"href":"https:\/\/moresimp.com\/hu\/wp-json\/wp\/v2\/pages\/2183\/revisions\/7462"}],"up":[{"embeddable":true,"href":"https:\/\/moresimp.com\/hu\/wp-json\/wp\/v2\/pages\/2053"}],"wp:attachment":[{"href":"https:\/\/moresimp.com\/hu\/wp-json\/wp\/v2\/media?parent=2183"}],"curies":[{"name":"wp","href":"https:\/\/api.w.org\/{rel}","templated":true}]}}