{"id":2293,"date":"2015-08-10T19:41:08","date_gmt":"2015-08-10T19:41:08","guid":{"rendered":"http:\/\/moresimp.com\/hu\/privacy-statement\/"},"modified":"2019-09-26T12:18:09","modified_gmt":"2019-09-26T12:18:09","slug":"adatvedelmi-nyilatkozat","status":"publish","type":"page","link":"https:\/\/moresimp.com\/hu\/adatvedelmi-nyilatkozat\/","title":{"rendered":"Adatv\u00e9delmi nyilatkozat"},"content":{"rendered":"<div class=\"wpb-content-wrapper\"><p>[vc_row][vc_column width=&#8221;1\/1&#8243;]<h1 class=\"headline font-special fontsize-l fontweight-700 lh-12 align-center transform-inherit \" style=\"margin: 20px 0 40px 0;\">\nADATV\u00c9DELMI NYILATKOZAT<br \/>\n<\/h1>[\/vc_column][\/vc_row][vc_row][vc_column width=&#8221;1\/1&#8243;][vc_column_text]<\/p>\n<div class=\"md-column col-md-2\">\n<p><span style=\"font-weight: 400;\">A MORESIMP.com kiemelt figyelmet ford\u00edt adatainak biztons\u00e1g\u00e1ra. A jogosulatlan hozz\u00e1f\u00e9r\u00e9s vagy k\u00f6zz\u00e9t\u00e9tel megel\u0151z\u00e9se, az adatok pontoss\u00e1g\u00e1nak meg\u0151rz\u00e9se, \u00e9s a megfelel\u0151 adathaszn\u00e1lati korl\u00e1toz\u00e1sok biztos\u00edt\u00e1sa \u00e9rdek\u00e9ben megfelel\u0151 fizikai, elektronikai \u00e9s ir\u00e1ny\u00edt\u00e1si folyamatokat vezett\u00fcnk be az online fel\u00fcleteken gy\u0171jt\u00f6tt inform\u00e1ci\u00f3ink v\u00e9delm\u00e9hez.<\/span><\/p>\n<p><span style=\"font-weight: 400;\">Ez a weboldal inform\u00e1ci\u00f3kat tartalmaz c\u00e9g\u00fcnkr\u0151l, term\u00e9keinkr\u0151l \u00e9s szolg\u00e1ltat\u00e1sainkr\u00f3l.<\/span><\/p>\n<p><span style=\"font-weight: 400;\">Szerepelnek tov\u00e1bb\u00e1 sikert\u00f6rt\u00e9netek partnereinkr\u0151l \u00e9s \u00fcgyfeleinkr\u0151l, a leg\u00fajabb MORESIMP.com h\u00edrek, k\u00f6zelg\u0151 esem\u00e9nyek \u00e9s \u00e1ll\u00e1slehet\u0151s\u00e9gek.<\/span><br \/>\n<span style=\"font-weight: 400;\">A MORESIMP.com weboldalt \u00fagy \u00e9p\u00edtett\u00fck fel, hogy a legt\u00f6bb oldalt szem\u00e9ly\u00e9nek azonos\u00edt\u00e1sa, \u00e9s szem\u00e9lyes adatainak felfed\u00e9se n\u00e9lk\u00fcl megtekinthesse.<\/span><\/p>\n<p><span style=\"font-weight: 400;\">Bizonyos esetekben a MORESIMP.com szem\u00e9lyes inform\u00e1ci\u00f3kat ig\u00e9nyelhet \u00d6nt\u0151l, \u00fagy mint n\u00e9v, e-mail c\u00edm, c\u00e9gn\u00e9v vagy telefonsz\u00e1m.<\/span><br \/>\n<span style=\"font-weight: 400;\">Erre p\u00e9lda a term\u00e9kbemutat\u00f3k \u00e9s dokumentumok ig\u00e9nyl\u00e9se, feliratkoz\u00e1s szolg\u00e1ltat\u00e1sokra, vagy csatlakoz\u00e1s felhaszn\u00e1l\u00f3i csoportokhoz. Az adatok megad\u00e1sa teljesen \u00f6nk\u00e9ntes, de sz\u00fcks\u00e9ges bizonyos tev\u00e9kenys\u00e9gek elv\u00e9gz\u00e9s\u00e9hez, melyek kapcsolatban vannak az inform\u00e1ci\u00f3kkal. A MORESIMP.com haszn\u00e1lhatja ezeket az adatokat a weboldal testreszab\u00e1s\u00e1hoz. Tov\u00e1bb\u00e1, a MORESIMP.com m\u00e1s \u00fczleti c\u00e9lokra is haszn\u00e1lhatja ezeket az inform\u00e1ci\u00f3kat, mint p\u00e9ld\u00e1ul \u00e9rtes\u00edt\u00e9s k\u00fcld\u00e9se term\u00e9kekr\u0151l vagy szolg\u00e1ltat\u00e1sokr\u00f3l, melyek az \u00f6n v\u00e1llalkoz\u00e1s\u00e1t seg\u00edthetik, vagy k\u00f6zrem\u0171k\u00f6d\u00e9s a rendel\u00e9sek feldolgoz\u00e1sa sor\u00e1n.<\/span><\/p>\n<p><span style=\"font-weight: 400;\">Amennyiben \u00fagy d\u00f6nt, hogy megosztja vel\u00fcnk szem\u00e9lyazonos\u00edt\u00e1sra alkalmas adatait (b\u00e1rmilyen inform\u00e1ci\u00f3t, ami alapj\u00e1n azonos\u00edtani lehet \u00d6nt), biztos lehet abban, hogy azokat csak az \u00d6n \u00e9s a MORESIMP.com kapcsolat\u00e1nak t\u00e1mogat\u00e1s\u00e1ra haszn\u00e1ljuk.<\/span><\/p>\n<p><span style=\"font-weight: 400;\">Amennyiben \u00d6n szem\u00e9lyes adatait megosztja vel\u00fcnk, mi azokat nem adjuk ki (osztjuk meg, adjuk el vagy tessz\u00fck k\u00f6zz\u00e9) k\u00fcls\u0151 szervezeteknek mindaddig, am\u00edg \u00d6nt err\u0151l nem t\u00e1j\u00e9koztattuk, illetve a t\u00f6rv\u00e9nyi rendelkez\u00e9sek erre nem k\u00e9nyszer\u00edtettek.<\/span><\/p>\n<p><span style=\"font-weight: 400;\">Az inform\u00e1ci\u00f3kat meg\u0151rizz\u00fck, csak \u00fagy, mint \u00d6n \u00fczleti aktivit\u00e1sait \u00e9s tranzakci\u00f3it, a MORESIMP.com szok\u00e1sos titoktart\u00e1si el\u0151\u00edr\u00e1sai szerint.<\/span><br \/>\n<span style=\"font-weight: 400;\">A MORESIMP.com tov\u00e1bb\u00e1 domain inform\u00e1ci\u00f3kat (bele\u00e9rtve e-mail c\u00edmek, IP c\u00edmek, nevek, geogr\u00e1fiai inform\u00e1ci\u00f3k, stb.) is gy\u0171jt, az oldalhaszn\u00e1lat elemz\u00e9s\u00e9nek r\u00e9szek\u00e9nt.<\/span><\/p>\n<p><span style=\"font-weight: 400;\">Ezek az adatok seg\u00edtenek benn\u00fcnket megismerni, \u00fcgyfeleink hogyan haszn\u00e1lj\u00e1k weboldalunkat. A MORESIMP.com ezeket az inform\u00e1ci\u00f3kat webes aj\u00e1nlatainak fejleszt\u00e9s\u00e9hez haszn\u00e1lja.<\/span><\/p>\n<p><span style=\"font-weight: 400;\">Ezek az inform\u00e1ci\u00f3k automatikusan gy\u0171lnek, nem ig\u00e9nyelnek k\u00f6zrem\u0171k\u00f6d\u00e9st az \u00d6n r\u00e9sz\u00e9r\u0151l.<\/span><\/p>\n<p><span style=\"font-weight: 400;\">A MORESIMP.com, illetve harmadik f\u00e9l cookie-kat helyezhet el az \u00d6n sz\u00e1m\u00edt\u00f3g\u00e9p\u00e9n, mik\u00f6zben oldalunkat b\u00f6ng\u00e9szi. A cookie-k c\u00e9lja, hogy nyomonk\u00f6vess\u00e9k keres\u00e9seit, kattint\u00e1sait, illetve hogy mely r\u00e9szeit l\u00e1togatta a weboldalnak, \u00e9s ezeket a n\u00e9vtelen inform\u00e1ci\u00f3kat a hirdet\u00e9sek \u00e9s a tartalom testreszab\u00e1s\u00e1ra haszn\u00e1lj\u00e1k a MORESIMP.com weboldalon \u00e9s m\u00e1s webhelyeken, \u00e9s\/vagy nyomonk\u00f6vess\u00e9k, hogyan reag\u00e1l az egyes rekl\u00e1mokra. Semelyik harmadik f\u00e9l sem tudja ezeket az inform\u00e1ci\u00f3kat az \u00d6n szem\u00e9lyes azonos\u00edt\u00e1s\u00e1ra haszn\u00e1lni.<\/span><\/p>\n<p><span style=\"font-weight: 400;\">A MORESIMP.com \u00e1ltal kik\u00fcld\u00f6tt e-mail \u00fczenetek egy\u00e9rtelm\u0171 \u00e9s hat\u00e9kony instrukci\u00f3kat biztos\u00edtanak a j\u00f6v\u0151ben kik\u00fcldend\u0151 hasonl\u00f3 t\u00edpus\u00fa levelekr\u0151l val\u00f3 leiratkoz\u00e1sra.<\/span><\/p>\n<p><span style=\"font-weight: 400;\">A MORESIMP.com weboldal hivatkoz\u00e1sokat tartalmazhat m\u00e1s weboldalakra, melyeket nem a MORESIMP.com k\u00e9sz\u00edtett \u00e9s\/vagy tulajdonol. Nem garant\u00e1lunk vagy \u00edg\u00e9r\u00fcnk semmit az ott tal\u00e1lhat\u00f3 inform\u00e1ci\u00f3kkal kapcsolatban, tov\u00e1bb\u00e1 nem v\u00e1llalunk felel\u0151ss\u00e9get az \u00fczemeltet\u0151 tettei\u00e9rt vagy mulaszt\u00e1sai\u00e9rt.<\/span><\/p>\n<p>B\u00e1rmelyik MORESIMP term\u00e9k vagy szolg\u00e1ltat\u00e1s haszn\u00e1lat\u00e1val beleegyezik, hogy az \u00d6n alapvet\u0151 el\u00e9rhet\u0151s\u00e9gei (pl.: c\u00e9gn\u00e9v, c\u00e9ges log\u00f3, weboldal c\u00edme, m\u00e1s nyilv\u00e1nosan el\u00e9rhet\u0151 adatok) megjelenhetnek a Moresimp weboldal\u00e1n (MORESIMP.com), illetve egy\u00e9b referenciaanyagokban.<\/p>\n<\/div>\n<p>[\/vc_column_text][\/vc_column][\/vc_row]<\/p>\n<\/div>","protected":false},"excerpt":{"rendered":"<p>[vc_row][vc_column width=&#8221;1\/1&#8243;][\/vc_column][\/vc_row][vc_row][vc_column width=&#8221;1\/1&#8243;][vc_column_text] A MORESIMP.com kiemelt figyelmet ford\u00edt adatainak biztons\u00e1g\u00e1ra. A jogosulatlan hozz\u00e1f\u00e9r\u00e9s vagy k\u00f6zz\u00e9t\u00e9tel megel\u0151z\u00e9se, az adatok pontoss\u00e1g\u00e1nak meg\u0151rz\u00e9se, \u00e9s a megfelel\u0151 adathaszn\u00e1lati korl\u00e1toz\u00e1sok biztos\u00edt\u00e1sa \u00e9rdek\u00e9ben megfelel\u0151 fizikai, elektronikai \u00e9s ir\u00e1ny\u00edt\u00e1si folyamatokat vezett\u00fcnk be az online fel\u00fcleteken gy\u0171jt\u00f6tt inform\u00e1ci\u00f3ink v\u00e9delm\u00e9hez. Ez a weboldal inform\u00e1ci\u00f3kat tartalmaz c\u00e9g\u00fcnkr\u0151l, term\u00e9keinkr\u0151l \u00e9s szolg\u00e1ltat\u00e1sainkr\u00f3l. Szerepelnek tov\u00e1bb\u00e1 sikert\u00f6rt\u00e9netek partnereinkr\u0151l \u00e9s \u00fcgyfeleinkr\u0151l, a leg\u00fajabb MORESIMP.com h\u00edrek, k\u00f6zelg\u0151 esem\u00e9nyek \u00e9s \u00e1ll\u00e1slehet\u0151s\u00e9gek. A MORESIMP.com weboldalt \u00fagy \u00e9p\u00edtett\u00fck fel, hogy a legt\u00f6bb oldalt szem\u00e9ly\u00e9nek azonos\u00edt\u00e1sa, \u00e9s szem\u00e9lyes adatainak felfed\u00e9se n\u00e9lk\u00fcl megtekinthesse. Bizonyos esetekben a MORESIMP.com szem\u00e9lyes inform\u00e1ci\u00f3kat ig\u00e9nyelhet \u00d6nt\u0151l, \u00fagy mint n\u00e9v, e-mail c\u00edm, c\u00e9gn\u00e9v vagy telefonsz\u00e1m. Erre p\u00e9lda a term\u00e9kbemutat\u00f3k \u00e9s dokumentumok ig\u00e9nyl\u00e9se, feliratkoz\u00e1s szolg\u00e1ltat\u00e1sokra, vagy csatlakoz\u00e1s felhaszn\u00e1l\u00f3i csoportokhoz. Az adatok megad\u00e1sa teljesen \u00f6nk\u00e9ntes, de sz\u00fcks\u00e9ges bizonyos tev\u00e9kenys\u00e9gek elv\u00e9gz\u00e9s\u00e9hez, melyek kapcsolatban vannak az inform\u00e1ci\u00f3kkal. A MORESIMP.com haszn\u00e1lhatja ezeket az adatokat a weboldal testreszab\u00e1s\u00e1hoz. Tov\u00e1bb\u00e1, a MORESIMP.com m\u00e1s \u00fczleti c\u00e9lokra is haszn\u00e1lhatja ezeket az inform\u00e1ci\u00f3kat, mint p\u00e9ld\u00e1ul \u00e9rtes\u00edt\u00e9s k\u00fcld\u00e9se term\u00e9kekr\u0151l vagy szolg\u00e1ltat\u00e1sokr\u00f3l, melyek az \u00f6n v\u00e1llalkoz\u00e1s\u00e1t seg\u00edthetik, vagy k\u00f6zrem\u0171k\u00f6d\u00e9s a rendel\u00e9sek feldolgoz\u00e1sa sor\u00e1n. Amennyiben \u00fagy d\u00f6nt, hogy megosztja vel\u00fcnk szem\u00e9lyazonos\u00edt\u00e1sra alkalmas adatait (b\u00e1rmilyen inform\u00e1ci\u00f3t, ami alapj\u00e1n azonos\u00edtani lehet \u00d6nt), biztos lehet abban, hogy azokat csak az \u00d6n \u00e9s a MORESIMP.com kapcsolat\u00e1nak t\u00e1mogat\u00e1s\u00e1ra haszn\u00e1ljuk. Amennyiben \u00d6n szem\u00e9lyes adatait megosztja vel\u00fcnk, [&hellip;]<\/p>\n","protected":false},"author":1,"featured_media":0,"parent":0,"menu_order":0,"comment_status":"closed","ping_status":"closed","template":"","meta":{"footnotes":""},"class_list":["post-2293","page","type-page","status-publish","hentry"],"yoast_head":"<!-- This site is optimized with the Yoast SEO plugin v27.4 - https:\/\/yoast.com\/product\/yoast-seo-wordpress\/ -->\n<title>Adatv\u00e9delmi nyilatkozat - MORESIMP<\/title>\n<meta name=\"description\" content=\"Olvassa el adatv\u00e9delmi nyiltkozatunkat!\" \/>\n<meta name=\"robots\" content=\"index, follow, max-snippet:-1, max-image-preview:large, max-video-preview:-1\" \/>\n<link rel=\"canonical\" href=\"https:\/\/moresimp.com\/hu\/adatvedelmi-nyilatkozat\/\" \/>\n<meta property=\"og:locale\" content=\"hu_HU\" \/>\n<meta property=\"og:type\" content=\"article\" \/>\n<meta property=\"og:title\" content=\"Adatv\u00e9delmi nyilatkozat - MORESIMP\" \/>\n<meta property=\"og:description\" content=\"Olvassa el adatv\u00e9delmi nyiltkozatunkat!\" \/>\n<meta property=\"og:url\" content=\"https:\/\/moresimp.com\/hu\/adatvedelmi-nyilatkozat\/\" \/>\n<meta property=\"og:site_name\" content=\"MORESIMP\" \/>\n<meta property=\"article:modified_time\" content=\"2019-09-26T12:18:09+00:00\" \/>\n<meta name=\"twitter:card\" content=\"summary_large_image\" \/>\n<meta name=\"twitter:label1\" content=\"Becs\u00fclt olvas\u00e1si id\u0151\" \/>\n\t<meta name=\"twitter:data1\" content=\"4 perc\" \/>\n<script type=\"application\/ld+json\" class=\"yoast-schema-graph\">{\"@context\":\"https:\\\/\\\/schema.org\",\"@graph\":[{\"@type\":\"WebPage\",\"@id\":\"https:\\\/\\\/moresimp.com\\\/hu\\\/adatvedelmi-nyilatkozat\\\/\",\"url\":\"https:\\\/\\\/moresimp.com\\\/hu\\\/adatvedelmi-nyilatkozat\\\/\",\"name\":\"Adatv\u00e9delmi nyilatkozat - MORESIMP\",\"isPartOf\":{\"@id\":\"https:\\\/\\\/moresimp.com\\\/hu\\\/#website\"},\"datePublished\":\"2015-08-10T19:41:08+00:00\",\"dateModified\":\"2019-09-26T12:18:09+00:00\",\"description\":\"Olvassa el adatv\u00e9delmi nyiltkozatunkat!\",\"breadcrumb\":{\"@id\":\"https:\\\/\\\/moresimp.com\\\/hu\\\/adatvedelmi-nyilatkozat\\\/#breadcrumb\"},\"inLanguage\":\"hu\",\"potentialAction\":[{\"@type\":\"ReadAction\",\"target\":[\"https:\\\/\\\/moresimp.com\\\/hu\\\/adatvedelmi-nyilatkozat\\\/\"]}]},{\"@type\":\"BreadcrumbList\",\"@id\":\"https:\\\/\\\/moresimp.com\\\/hu\\\/adatvedelmi-nyilatkozat\\\/#breadcrumb\",\"itemListElement\":[{\"@type\":\"ListItem\",\"position\":1,\"name\":\"Home\",\"item\":\"https:\\\/\\\/moresimp.com\\\/hu\\\/\"},{\"@type\":\"ListItem\",\"position\":2,\"name\":\"Adatv\u00e9delmi nyilatkozat\"}]},{\"@type\":\"WebSite\",\"@id\":\"https:\\\/\\\/moresimp.com\\\/hu\\\/#website\",\"url\":\"https:\\\/\\\/moresimp.com\\\/hu\\\/\",\"name\":\"MORESIMP\",\"description\":\"Smart software, more life.\",\"potentialAction\":[{\"@type\":\"SearchAction\",\"target\":{\"@type\":\"EntryPoint\",\"urlTemplate\":\"https:\\\/\\\/moresimp.com\\\/hu\\\/?s={search_term_string}\"},\"query-input\":{\"@type\":\"PropertyValueSpecification\",\"valueRequired\":true,\"valueName\":\"search_term_string\"}}],\"inLanguage\":\"hu\"}]}<\/script>\n<!-- \/ Yoast SEO plugin. -->","yoast_head_json":{"title":"Adatv\u00e9delmi nyilatkozat - MORESIMP","description":"Olvassa el adatv\u00e9delmi nyiltkozatunkat!","robots":{"index":"index","follow":"follow","max-snippet":"max-snippet:-1","max-image-preview":"max-image-preview:large","max-video-preview":"max-video-preview:-1"},"canonical":"https:\/\/moresimp.com\/hu\/adatvedelmi-nyilatkozat\/","og_locale":"hu_HU","og_type":"article","og_title":"Adatv\u00e9delmi nyilatkozat - MORESIMP","og_description":"Olvassa el adatv\u00e9delmi nyiltkozatunkat!","og_url":"https:\/\/moresimp.com\/hu\/adatvedelmi-nyilatkozat\/","og_site_name":"MORESIMP","article_modified_time":"2019-09-26T12:18:09+00:00","twitter_card":"summary_large_image","twitter_misc":{"Becs\u00fclt olvas\u00e1si id\u0151":"4 perc"},"schema":{"@context":"https:\/\/schema.org","@graph":[{"@type":"WebPage","@id":"https:\/\/moresimp.com\/hu\/adatvedelmi-nyilatkozat\/","url":"https:\/\/moresimp.com\/hu\/adatvedelmi-nyilatkozat\/","name":"Adatv\u00e9delmi nyilatkozat - MORESIMP","isPartOf":{"@id":"https:\/\/moresimp.com\/hu\/#website"},"datePublished":"2015-08-10T19:41:08+00:00","dateModified":"2019-09-26T12:18:09+00:00","description":"Olvassa el adatv\u00e9delmi nyiltkozatunkat!","breadcrumb":{"@id":"https:\/\/moresimp.com\/hu\/adatvedelmi-nyilatkozat\/#breadcrumb"},"inLanguage":"hu","potentialAction":[{"@type":"ReadAction","target":["https:\/\/moresimp.com\/hu\/adatvedelmi-nyilatkozat\/"]}]},{"@type":"BreadcrumbList","@id":"https:\/\/moresimp.com\/hu\/adatvedelmi-nyilatkozat\/#breadcrumb","itemListElement":[{"@type":"ListItem","position":1,"name":"Home","item":"https:\/\/moresimp.com\/hu\/"},{"@type":"ListItem","position":2,"name":"Adatv\u00e9delmi nyilatkozat"}]},{"@type":"WebSite","@id":"https:\/\/moresimp.com\/hu\/#website","url":"https:\/\/moresimp.com\/hu\/","name":"MORESIMP","description":"Smart software, more life.","potentialAction":[{"@type":"SearchAction","target":{"@type":"EntryPoint","urlTemplate":"https:\/\/moresimp.com\/hu\/?s={search_term_string}"},"query-input":{"@type":"PropertyValueSpecification","valueRequired":true,"valueName":"search_term_string"}}],"inLanguage":"hu"}]}},"_links":{"self":[{"href":"https:\/\/moresimp.com\/hu\/wp-json\/wp\/v2\/pages\/2293","targetHints":{"allow":["GET"]}}],"collection":[{"href":"https:\/\/moresimp.com\/hu\/wp-json\/wp\/v2\/pages"}],"about":[{"href":"https:\/\/moresimp.com\/hu\/wp-json\/wp\/v2\/types\/page"}],"author":[{"embeddable":true,"href":"https:\/\/moresimp.com\/hu\/wp-json\/wp\/v2\/users\/1"}],"replies":[{"embeddable":true,"href":"https:\/\/moresimp.com\/hu\/wp-json\/wp\/v2\/comments?post=2293"}],"version-history":[{"count":8,"href":"https:\/\/moresimp.com\/hu\/wp-json\/wp\/v2\/pages\/2293\/revisions"}],"predecessor-version":[{"id":4914,"href":"https:\/\/moresimp.com\/hu\/wp-json\/wp\/v2\/pages\/2293\/revisions\/4914"}],"wp:attachment":[{"href":"https:\/\/moresimp.com\/hu\/wp-json\/wp\/v2\/media?parent=2293"}],"curies":[{"name":"wp","href":"https:\/\/api.w.org\/{rel}","templated":true}]}}