{"id":23415,"date":"2024-07-10T12:04:55","date_gmt":"2024-07-10T12:04:55","guid":{"rendered":"https:\/\/moresimp.com\/partners\/"},"modified":"2025-07-10T08:47:28","modified_gmt":"2025-07-10T08:47:28","slug":"partnereink","status":"publish","type":"page","link":"https:\/\/moresimp.com\/hu\/partnereink\/","title":{"rendered":"Partnereink"},"content":{"rendered":"<div class=\"wpb-content-wrapper\"><p>[vc_row bg_color=&#8221;#0052cc&#8221; text_color=&#8221;light&#8221; bg_position=&#8221;center center&#8221;][vc_column column_center=&#8221;true&#8221; width=&#8221;2\/3&#8243;]<h1 class=\"headline font-special fontsize-xl fontweight-600 lh-inherit align-left transform-inherit \" style=\"margin: 0; color: #ffffff;\">Helyi t\u00e1mogat\u00e1s partnereinkt\u0151l<\/h1><h2 class=\"headline font-special fontsize-s fontweight-600 lh-inherit align-left transform-inherit \" style=\"margin: 0 0 20px 0; color: #ffffff;\">Megb\u00edzhat\u00f3 partnereink seg\u00edtenek nektek Jira alkalmaz\u00e1saink bevezet\u00e9s\u00e9ben, haszn\u00e1lat\u00e1ban \u00e9s licenc beszerz\u00e9s\u00e9ben, a lehet\u0151 legjobb t\u00e1mogat\u00e1s mellett!<\/h2>[\/vc_column][vc_column width=&#8221;1\/3&#8243;]<div class=\"single_image wpb_content_element align-left    \" data-animation=\"none\" data-delay=\"0\"><img loading=\"lazy\" decoding=\"async\" width=\"700\" height=\"700\" src=\"https:\/\/moresimp.com\/wp-content\/uploads\/2024\/07\/world-kek.png\" class=\"attachment-full\" alt=\"\" title=\"world-kek\" srcset=\"https:\/\/moresimp.com\/wp-content\/uploads\/2024\/07\/world-kek.png 700w, https:\/\/moresimp.com\/wp-content\/uploads\/2024\/07\/world-kek-300x300.png 300w, https:\/\/moresimp.com\/wp-content\/uploads\/2024\/07\/world-kek-150x150.png 150w, https:\/\/moresimp.com\/wp-content\/uploads\/2024\/07\/world-kek-80x80.png 80w, https:\/\/moresimp.com\/wp-content\/uploads\/2024\/07\/world-kek-500x500.png 500w\" sizes=\"auto, (max-width: 700px) 100vw, 700px\"><\/div>\n[\/vc_column][\/vc_row][vc_row top_padding=&#8221;40&#8243;][vc_column el_class=&#8221;box&#8221; column_center=&#8221;true&#8221; text_align=&#8221;center&#8221; width=&#8221;3\/12&#8243;][vc_column_text el_class=&#8221;text&#8221;]<\/p>\n<h4 style=\"text-align: center;\"><strong>Seibert Solutions GmbH<\/strong><\/h4>\n<p style=\"text-align: center;\">Platinum Solution Partner<\/p>\n<p style=\"text-align: center;\"><img loading=\"lazy\" decoding=\"async\" class=\"alignnone wp-image-27068\" src=\"https:\/\/moresimp.com\/wp-content\/uploads\/2025\/03\/seibert-group-300x80.png\" alt=\"\" width=\"139\" height=\"37\" srcset=\"https:\/\/moresimp.com\/wp-content\/uploads\/2025\/03\/seibert-group-300x80.png 300w, https:\/\/moresimp.com\/wp-content\/uploads\/2025\/03\/seibert-group-768x205.png 768w, https:\/\/moresimp.com\/wp-content\/uploads\/2025\/03\/seibert-group-500x134.png 500w, https:\/\/moresimp.com\/wp-content\/uploads\/2025\/03\/seibert-group.png 972w\" sizes=\"auto, (max-width: 139px) 100vw, 139px\" \/><\/p>\n<p style=\"text-align: center;\">Wiesbaden, N\u00e9metorsz\u00e1g<\/p>\n<p style=\"text-align: center;\"><a href=\"https:\/\/seibert.group\/atlassian\/\">Weboldal<\/a><\/p>\n<p>[\/vc_column_text][\/vc_column][vc_column el_class=&#8221;box&#8221; text_align=&#8221;center&#8221; width=&#8221;3\/12&#8243;][vc_column_text el_class=&#8221;text&#8221;]<\/p>\n<h4 style=\"text-align: center;\"><strong>Deviniti Sp. z o.o.<\/strong><\/h4>\n<p style=\"text-align: center;\">Platinum Solution Partner<\/p>\n<p><img loading=\"lazy\" decoding=\"async\" class=\"aligncenter\" src=\"https:\/\/cdn.prod.website-files.com\/6479c56038d1842aa59918a9\/64b6c72b4d55b2335ef93585_Full%20Color%20Company%20Logo%20(PNG).png\" alt=\"META-INF Our Partners\" width=\"135\" height=\"24\" \/><\/p>\n<p style=\"text-align: center;\">Boroszl\u00f3, Lengyelorsz\u00e1g<\/p>\n<p style=\"text-align: center;\"><a href=\"https:\/\/deviniti.com\/services\/atlassian-platinum-partner\">Weboldal<\/a><\/p>\n<p>[\/vc_column_text][\/vc_column][vc_column el_class=&#8221;box&#8221; text_align=&#8221;center&#8221; width=&#8221;3\/12&#8243;][vc_column_text el_class=&#8221;text&#8221;]<\/p>\n<h4 style=\"text-align: center;\"><strong><span data-olk-copy-source=\"MessageBody\">ByteSource Technology Consulting GmbH<\/span><\/strong><\/h4>\n<p>Platinum Solution Partner<\/p>\n<p><img loading=\"lazy\" decoding=\"async\" class=\"alignnone wp-image-25898\" src=\"https:\/\/moresimp.com\/wp-content\/uploads\/2025\/01\/with-slogan-rot-schwarz-300x89.png\" alt=\"\" width=\"202\" height=\"60\" srcset=\"https:\/\/moresimp.com\/wp-content\/uploads\/2025\/01\/with-slogan-rot-schwarz-300x89.png 300w, https:\/\/moresimp.com\/wp-content\/uploads\/2025\/01\/with-slogan-rot-schwarz-1024x302.png 1024w, https:\/\/moresimp.com\/wp-content\/uploads\/2025\/01\/with-slogan-rot-schwarz-768x227.png 768w, https:\/\/moresimp.com\/wp-content\/uploads\/2025\/01\/with-slogan-rot-schwarz-1536x453.png 1536w, https:\/\/moresimp.com\/wp-content\/uploads\/2025\/01\/with-slogan-rot-schwarz-2048x605.png 2048w, https:\/\/moresimp.com\/wp-content\/uploads\/2025\/01\/with-slogan-rot-schwarz-500x148.png 500w\" sizes=\"auto, (max-width: 202px) 100vw, 202px\" \/><\/p>\n<p>B\u00e9cs, Ausztria<\/p>\n<p><a href=\"https:\/\/bytesource.net\/de\/\">Weboldal<\/a>[\/vc_column_text][\/vc_column][\/vc_row][vc_row bottom_padding=&#8221;40&#8243;][vc_column el_class=&#8221;box&#8221; column_center=&#8221;true&#8221; text_align=&#8221;center&#8221; width=&#8221;3\/12&#8243;][vc_column_text el_class=&#8221;text&#8221;]<\/p>\n<h4 style=\"text-align: center;\"><strong>Eficode Switzerland AG<\/strong><\/h4>\n<p style=\"text-align: center;\">Platinum Solution Partner<\/p>\n<p><img loading=\"lazy\" decoding=\"async\" class=\"aligncenter\" src=\"https:\/\/www.eficode.com\/hubfs\/images\/logos\/eficode_logo_black_70.svg\" alt=\"Eficode\" width=\"73\" height=\"55\" \/><\/p>\n<p>Z\u00fcrich, Sv\u00e1jc<\/p>\n<p><a href=\"https:\/\/www.eficode.com\/de\/beecom\">Weboldal<\/a>[\/vc_column_text][\/vc_column][vc_column el_class=&#8221;box&#8221; text_align=&#8221;center&#8221; width=&#8221;3\/12&#8243;][vc_column_text el_class=&#8221;text&#8221;]<\/p>\n<h4 style=\"text-align: center;\"><strong>codecentric AG<\/strong><\/h4>\n<p style=\"text-align: center;\">Platinum Solution Partner<\/p>\n<p><img loading=\"lazy\" decoding=\"async\" class=\"aligncenter wp-image-24867 \" src=\"https:\/\/moresimp.com\/wp-content\/uploads\/2024\/10\/cc-300x58.png\" alt=\"\" width=\"197\" height=\"38\" srcset=\"https:\/\/moresimp.com\/wp-content\/uploads\/2024\/10\/cc-300x58.png 300w, https:\/\/moresimp.com\/wp-content\/uploads\/2024\/10\/cc.png 323w\" sizes=\"auto, (max-width: 197px) 100vw, 197px\" \/><\/p>\n<p style=\"text-align: center;\">Solingen, N\u00e9metorsz\u00e1g<\/p>\n<p style=\"text-align: center;\"><a href=\"https:\/\/www.codecentric.de\/leistungen\/atlassian\">Weboldal<\/a><\/p>\n<p>[\/vc_column_text][\/vc_column][vc_column el_class=&#8221;box&#8221; text_align=&#8221;center&#8221; width=&#8221;3\/12&#8243;][vc_column_text el_class=&#8221;text&#8221;]<\/p>\n<h4 style=\"text-align: center;\"><strong>Axians Belgium<\/strong><\/h4>\n<p>Gold Solution Partner<\/p>\n<p><img loading=\"lazy\" decoding=\"async\" class=\"\" src=\"https:\/\/content.partnerpage.io\/eyJidWNrZXQiOiJwYXJ0bmVycGFnZS5wcm9kIiwia2V5IjoibWVkaWEvY29udGFjdF9pbWFnZXMvMjQ3NWVlZmUtZTc5ZS00N2Q0LTliYzAtZDViODg5MmU4ZDNjLzVjNjZhMTljLWFkYmQtNDMxNi1iNTljLWVlZjA3MzQxZDU3MS5wbmciLCJlZGl0cyI6eyJ0b0Zvcm1hdCI6IndlYnAiLCJyZXNpemUiOnsid2lkdGgiOjU3NiwiaGVpZ2h0Ijo1NiwiZml0IjoiaW5zaWRlIiwiYmFja2dyb3VuZCI6eyJyIjoyNTUsImciOjI1NSwiYiI6MjU1LCJhbHBoYSI6MH19fX0=\" width=\"165\" height=\"49\" \/><\/p>\n<p>Merelbeke, Belgium<\/p>\n<p><a href=\"https:\/\/www.axians.be\/\">Weboldal<\/a>[\/vc_column_text][\/vc_column][\/vc_row][vc_row bottom_padding=&#8221;40&#8243;][vc_column el_class=&#8221;box&#8221; column_center=&#8221;true&#8221; text_align=&#8221;center&#8221; width=&#8221;3\/12&#8243;][vc_column_text el_class=&#8221;text&#8221;]<\/p>\n<h4 style=\"text-align: center;\"><strong>PractiProject P.R. LTD<\/strong><\/h4>\n<p style=\"text-align: center;\">Platinum Solution Partner<\/p>\n<p><img loading=\"lazy\" decoding=\"async\" class=\"aligncenter\" src=\"https:\/\/content.partnerpage.io\/eyJidWNrZXQiOiJwYXJ0bmVycGFnZS5wcm9kIiwia2V5IjoibWVkaWEvY29udGFjdF9pbWFnZXMvM2QxZWU4ZDItOTc1Yy00MTk4LWEwZWItZDU1NzY0N2QzNmFjLzcyMThkZmYyLTI1ZTUtNGRlMS05NzNiLWJmNTczNjdmZDI4OC5wbmciLCJlZGl0cyI6eyJ0b0Zvcm1hdCI6IndlYnAiLCJyZXNpemUiOnsid2lkdGgiOjU3NiwiaGVpZ2h0Ijo1NiwiZml0IjoiaW5zaWRlIiwiYmFja2dyb3VuZCI6eyJyIjoyNTUsImciOjI1NSwiYiI6MjU1LCJhbHBoYSI6MH19fX0=\" width=\"182\" height=\"33\" \/><\/p>\n<p style=\"text-align: center;\">Ramat-Gan, Izrael<\/p>\n<p style=\"text-align: center;\"><a href=\"https:\/\/www.practiproject.com\/\">Weboldal<\/a><\/p>\n<p>[\/vc_column_text][\/vc_column][vc_column text_align=&#8221;center&#8221; width=&#8221;3\/12&#8243;][\/vc_column][vc_column text_align=&#8221;center&#8221; width=&#8221;3\/12&#8243;][\/vc_column][\/vc_row]<\/p>\n<\/div>","protected":false},"excerpt":{"rendered":"<p>[vc_row bg_color=&#8221;#0052cc&#8221; text_color=&#8221;light&#8221; bg_position=&#8221;center center&#8221;][vc_column column_center=&#8221;true&#8221; width=&#8221;2\/3&#8243;][\/vc_column][vc_column width=&#8221;1\/3&#8243;][\/vc_column][\/vc_row][vc_row top_padding=&#8221;40&#8243;][vc_column el_class=&#8221;box&#8221; column_center=&#8221;true&#8221; text_align=&#8221;center&#8221; width=&#8221;3\/12&#8243;][vc_column_text el_class=&#8221;text&#8221;] Seibert Solutions GmbH Platinum Solution Partner Wiesbaden, N\u00e9metorsz\u00e1g Weboldal [\/vc_column_text][\/vc_column][vc_column el_class=&#8221;box&#8221; text_align=&#8221;center&#8221; width=&#8221;3\/12&#8243;][vc_column_text el_class=&#8221;text&#8221;] Deviniti Sp. z o.o. Platinum Solution Partner Boroszl\u00f3, Lengyelorsz\u00e1g Weboldal [\/vc_column_text][\/vc_column][vc_column el_class=&#8221;box&#8221; text_align=&#8221;center&#8221; width=&#8221;3\/12&#8243;][vc_column_text el_class=&#8221;text&#8221;] ByteSource Technology Consulting GmbH Platinum Solution Partner B\u00e9cs, Ausztria Weboldal[\/vc_column_text][\/vc_column][\/vc_row][vc_row bottom_padding=&#8221;40&#8243;][vc_column el_class=&#8221;box&#8221; column_center=&#8221;true&#8221; text_align=&#8221;center&#8221; width=&#8221;3\/12&#8243;][vc_column_text el_class=&#8221;text&#8221;] Eficode Switzerland AG Platinum Solution Partner Z\u00fcrich, Sv\u00e1jc Weboldal[\/vc_column_text][\/vc_column][vc_column el_class=&#8221;box&#8221; text_align=&#8221;center&#8221; width=&#8221;3\/12&#8243;][vc_column_text el_class=&#8221;text&#8221;] codecentric AG Platinum Solution Partner Solingen, N\u00e9metorsz\u00e1g Weboldal [\/vc_column_text][\/vc_column][vc_column el_class=&#8221;box&#8221; text_align=&#8221;center&#8221; width=&#8221;3\/12&#8243;][vc_column_text el_class=&#8221;text&#8221;] Axians Belgium Gold Solution Partner Merelbeke, Belgium Weboldal[\/vc_column_text][\/vc_column][\/vc_row][vc_row bottom_padding=&#8221;40&#8243;][vc_column el_class=&#8221;box&#8221; column_center=&#8221;true&#8221; text_align=&#8221;center&#8221; width=&#8221;3\/12&#8243;][vc_column_text el_class=&#8221;text&#8221;] PractiProject P.R. LTD Platinum Solution Partner Ramat-Gan, Izrael Weboldal [\/vc_column_text][\/vc_column][vc_column text_align=&#8221;center&#8221; width=&#8221;3\/12&#8243;][\/vc_column][vc_column text_align=&#8221;center&#8221; width=&#8221;3\/12&#8243;][\/vc_column][\/vc_row]<\/p>\n","protected":false},"author":4,"featured_media":0,"parent":0,"menu_order":0,"comment_status":"closed","ping_status":"closed","template":"","meta":{"footnotes":""},"class_list":["post-23415","page","type-page","status-publish","hentry"],"yoast_head":"<!-- This site is optimized with the Yoast SEO plugin v27.4 - https:\/\/yoast.com\/product\/yoast-seo-wordpress\/ -->\n<title>Partnereink - MORESIMP<\/title>\n<meta name=\"description\" content=\"Keresse fel a Moresimp viszontelad\u00f3 partnereit szerte a vil\u00e1gon. L\u00e9pjen kapcsolatba viszontelad\u00f3i partnereinkkel extra kedvezm\u00e9nyek\u00e9rt!\" \/>\n<meta name=\"robots\" content=\"index, follow, max-snippet:-1, max-image-preview:large, max-video-preview:-1\" \/>\n<link rel=\"canonical\" href=\"https:\/\/moresimp.com\/hu\/partnereink\/\" \/>\n<meta property=\"og:locale\" content=\"hu_HU\" \/>\n<meta property=\"og:type\" content=\"article\" \/>\n<meta property=\"og:title\" content=\"Partnereink - MORESIMP\" \/>\n<meta property=\"og:description\" content=\"Keresse fel a Moresimp viszontelad\u00f3 partnereit szerte a vil\u00e1gon. L\u00e9pjen kapcsolatba viszontelad\u00f3i partnereinkkel extra kedvezm\u00e9nyek\u00e9rt!\" \/>\n<meta property=\"og:url\" content=\"https:\/\/moresimp.com\/hu\/partnereink\/\" \/>\n<meta property=\"og:site_name\" content=\"MORESIMP\" \/>\n<meta property=\"article:modified_time\" content=\"2025-07-10T08:47:28+00:00\" \/>\n<meta property=\"og:image\" content=\"https:\/\/moresimp.com\/wp-content\/uploads\/2025\/03\/seibert-group-300x80.png\" \/>\n<meta name=\"twitter:card\" content=\"summary_large_image\" \/>\n<meta name=\"twitter:label1\" content=\"Becs\u00fclt olvas\u00e1si id\u0151\" \/>\n\t<meta name=\"twitter:data1\" content=\"3 perc\" \/>\n<script type=\"application\/ld+json\" class=\"yoast-schema-graph\">{\"@context\":\"https:\\\/\\\/schema.org\",\"@graph\":[{\"@type\":\"WebPage\",\"@id\":\"https:\\\/\\\/moresimp.com\\\/hu\\\/partnereink\\\/\",\"url\":\"https:\\\/\\\/moresimp.com\\\/hu\\\/partnereink\\\/\",\"name\":\"Partnereink - MORESIMP\",\"isPartOf\":{\"@id\":\"https:\\\/\\\/moresimp.com\\\/hu\\\/#website\"},\"primaryImageOfPage\":{\"@id\":\"https:\\\/\\\/moresimp.com\\\/hu\\\/partnereink\\\/#primaryimage\"},\"image\":{\"@id\":\"https:\\\/\\\/moresimp.com\\\/hu\\\/partnereink\\\/#primaryimage\"},\"thumbnailUrl\":\"https:\\\/\\\/moresimp.com\\\/wp-content\\\/uploads\\\/2025\\\/03\\\/seibert-group-300x80.png\",\"datePublished\":\"2024-07-10T12:04:55+00:00\",\"dateModified\":\"2025-07-10T08:47:28+00:00\",\"description\":\"Keresse fel a Moresimp viszontelad\u00f3 partnereit szerte a vil\u00e1gon. L\u00e9pjen kapcsolatba viszontelad\u00f3i partnereinkkel extra kedvezm\u00e9nyek\u00e9rt!\",\"breadcrumb\":{\"@id\":\"https:\\\/\\\/moresimp.com\\\/hu\\\/partnereink\\\/#breadcrumb\"},\"inLanguage\":\"hu\",\"potentialAction\":[{\"@type\":\"ReadAction\",\"target\":[\"https:\\\/\\\/moresimp.com\\\/hu\\\/partnereink\\\/\"]}]},{\"@type\":\"ImageObject\",\"inLanguage\":\"hu\",\"@id\":\"https:\\\/\\\/moresimp.com\\\/hu\\\/partnereink\\\/#primaryimage\",\"url\":\"https:\\\/\\\/moresimp.com\\\/wp-content\\\/uploads\\\/2025\\\/03\\\/seibert-group-300x80.png\",\"contentUrl\":\"https:\\\/\\\/moresimp.com\\\/wp-content\\\/uploads\\\/2025\\\/03\\\/seibert-group-300x80.png\"},{\"@type\":\"BreadcrumbList\",\"@id\":\"https:\\\/\\\/moresimp.com\\\/hu\\\/partnereink\\\/#breadcrumb\",\"itemListElement\":[{\"@type\":\"ListItem\",\"position\":1,\"name\":\"Home\",\"item\":\"https:\\\/\\\/moresimp.com\\\/hu\\\/\"},{\"@type\":\"ListItem\",\"position\":2,\"name\":\"Partnereink\"}]},{\"@type\":\"WebSite\",\"@id\":\"https:\\\/\\\/moresimp.com\\\/hu\\\/#website\",\"url\":\"https:\\\/\\\/moresimp.com\\\/hu\\\/\",\"name\":\"MORESIMP\",\"description\":\"Smart software, more life.\",\"potentialAction\":[{\"@type\":\"SearchAction\",\"target\":{\"@type\":\"EntryPoint\",\"urlTemplate\":\"https:\\\/\\\/moresimp.com\\\/hu\\\/?s={search_term_string}\"},\"query-input\":{\"@type\":\"PropertyValueSpecification\",\"valueRequired\":true,\"valueName\":\"search_term_string\"}}],\"inLanguage\":\"hu\"}]}<\/script>\n<!-- \/ Yoast SEO plugin. -->","yoast_head_json":{"title":"Partnereink - MORESIMP","description":"Keresse fel a Moresimp viszontelad\u00f3 partnereit szerte a vil\u00e1gon. L\u00e9pjen kapcsolatba viszontelad\u00f3i partnereinkkel extra kedvezm\u00e9nyek\u00e9rt!","robots":{"index":"index","follow":"follow","max-snippet":"max-snippet:-1","max-image-preview":"max-image-preview:large","max-video-preview":"max-video-preview:-1"},"canonical":"https:\/\/moresimp.com\/hu\/partnereink\/","og_locale":"hu_HU","og_type":"article","og_title":"Partnereink - MORESIMP","og_description":"Keresse fel a Moresimp viszontelad\u00f3 partnereit szerte a vil\u00e1gon. L\u00e9pjen kapcsolatba viszontelad\u00f3i partnereinkkel extra kedvezm\u00e9nyek\u00e9rt!","og_url":"https:\/\/moresimp.com\/hu\/partnereink\/","og_site_name":"MORESIMP","article_modified_time":"2025-07-10T08:47:28+00:00","og_image":[{"url":"https:\/\/moresimp.com\/wp-content\/uploads\/2025\/03\/seibert-group-300x80.png","type":"","width":"","height":""}],"twitter_card":"summary_large_image","twitter_misc":{"Becs\u00fclt olvas\u00e1si id\u0151":"3 perc"},"schema":{"@context":"https:\/\/schema.org","@graph":[{"@type":"WebPage","@id":"https:\/\/moresimp.com\/hu\/partnereink\/","url":"https:\/\/moresimp.com\/hu\/partnereink\/","name":"Partnereink - MORESIMP","isPartOf":{"@id":"https:\/\/moresimp.com\/hu\/#website"},"primaryImageOfPage":{"@id":"https:\/\/moresimp.com\/hu\/partnereink\/#primaryimage"},"image":{"@id":"https:\/\/moresimp.com\/hu\/partnereink\/#primaryimage"},"thumbnailUrl":"https:\/\/moresimp.com\/wp-content\/uploads\/2025\/03\/seibert-group-300x80.png","datePublished":"2024-07-10T12:04:55+00:00","dateModified":"2025-07-10T08:47:28+00:00","description":"Keresse fel a Moresimp viszontelad\u00f3 partnereit szerte a vil\u00e1gon. L\u00e9pjen kapcsolatba viszontelad\u00f3i partnereinkkel extra kedvezm\u00e9nyek\u00e9rt!","breadcrumb":{"@id":"https:\/\/moresimp.com\/hu\/partnereink\/#breadcrumb"},"inLanguage":"hu","potentialAction":[{"@type":"ReadAction","target":["https:\/\/moresimp.com\/hu\/partnereink\/"]}]},{"@type":"ImageObject","inLanguage":"hu","@id":"https:\/\/moresimp.com\/hu\/partnereink\/#primaryimage","url":"https:\/\/moresimp.com\/wp-content\/uploads\/2025\/03\/seibert-group-300x80.png","contentUrl":"https:\/\/moresimp.com\/wp-content\/uploads\/2025\/03\/seibert-group-300x80.png"},{"@type":"BreadcrumbList","@id":"https:\/\/moresimp.com\/hu\/partnereink\/#breadcrumb","itemListElement":[{"@type":"ListItem","position":1,"name":"Home","item":"https:\/\/moresimp.com\/hu\/"},{"@type":"ListItem","position":2,"name":"Partnereink"}]},{"@type":"WebSite","@id":"https:\/\/moresimp.com\/hu\/#website","url":"https:\/\/moresimp.com\/hu\/","name":"MORESIMP","description":"Smart software, more life.","potentialAction":[{"@type":"SearchAction","target":{"@type":"EntryPoint","urlTemplate":"https:\/\/moresimp.com\/hu\/?s={search_term_string}"},"query-input":{"@type":"PropertyValueSpecification","valueRequired":true,"valueName":"search_term_string"}}],"inLanguage":"hu"}]}},"_links":{"self":[{"href":"https:\/\/moresimp.com\/hu\/wp-json\/wp\/v2\/pages\/23415","targetHints":{"allow":["GET"]}}],"collection":[{"href":"https:\/\/moresimp.com\/hu\/wp-json\/wp\/v2\/pages"}],"about":[{"href":"https:\/\/moresimp.com\/hu\/wp-json\/wp\/v2\/types\/page"}],"author":[{"embeddable":true,"href":"https:\/\/moresimp.com\/hu\/wp-json\/wp\/v2\/users\/4"}],"replies":[{"embeddable":true,"href":"https:\/\/moresimp.com\/hu\/wp-json\/wp\/v2\/comments?post=23415"}],"version-history":[{"count":15,"href":"https:\/\/moresimp.com\/hu\/wp-json\/wp\/v2\/pages\/23415\/revisions"}],"predecessor-version":[{"id":28740,"href":"https:\/\/moresimp.com\/hu\/wp-json\/wp\/v2\/pages\/23415\/revisions\/28740"}],"wp:attachment":[{"href":"https:\/\/moresimp.com\/hu\/wp-json\/wp\/v2\/media?parent=23415"}],"curies":[{"name":"wp","href":"https:\/\/api.w.org\/{rel}","templated":true}]}}