{"id":5382,"date":"2020-03-30T10:45:08","date_gmt":"2020-03-30T10:45:08","guid":{"rendered":"https:\/\/moresimp.com\/?page_id=5382"},"modified":"2022-05-05T21:32:32","modified_gmt":"2022-05-05T21:32:32","slug":"atlassian-licencek","status":"publish","type":"page","link":"https:\/\/moresimp.com\/hu\/atlassian-licencek\/","title":{"rendered":"Atlassian licencek I Jira &#038; Confluence"},"content":{"rendered":"<div class=\"wpb-content-wrapper\"><p>[vc_row bg_image=&#8221;6345&#8243; text_color=&#8221;light&#8221; top_padding=&#8221;80&#8243; bottom_padding=&#8221;80&#8243; bg_position=&#8221;center center&#8221;][vc_column width=&#8221;2\/3&#8243;]<h1 class=\"headline font-special fontsize-xxl fontweight-600 lh-inherit align-left transform-inherit \" style=\"margin: 0; color: #5f5f5f;\">Atlassian licenc \u00e9rt\u00e9kes\u00edt\u00e9s<\/h1><h2 class=\"headline font-special fontsize-l fontweight-600 lh-inherit align-left transform-inherit \" style=\"margin: 0 0 30px 0; color: #5f5f5f;\">Jira Work Management, Jira Software, Service Management \u00e9s Confluence<\/h2><h2 class=\"headline font-special fontsize-l fontweight-inherit lh-inherit align-left transform-inherit \" style=\"margin: 0 0 20px 0; color: #5f5f5f;\">Kisebb csapatoknak ingyenes szoftververzi\u00f3k!<\/h2><a href=\"tel:+36302245209\" target=\"_self\" class=\"button color-2 large \" style=\"border-radius: 2px;\">+3630 224 5209<\/a>[\/vc_column][vc_column column_padding=&#8221;custom-padding&#8221; column_center=&#8221;true&#8221; width=&#8221;1\/3&#8243;]<div class=\"single_image wpb_content_element align-left    \" data-animation=\"none\" data-delay=\"0\"><a href=\"https:\/\/moresimp.com\/wp-content\/uploads\/2020\/06\/Jira-kiadvany.pdf\" target=\"_self\"><img decoding=\"async\" class=\"\" src=\"https:\/\/moresimp.com\/wp-content\/uploads\/2020\/06\/Jira-feladatesprojektkezeles-175x250.jpg\" width=\"175\" height=\"250\" alt=\"jira feladat &eacute;s projektkezel&eacute;s\" title=\"Jira-feladatesprojektkezeles\" loading=\"lazy\"><\/a><\/div>\n[\/vc_column][\/vc_row][vc_row section_arrow=&#8221;false&#8221; top_padding=&#8221;20&#8243; bottom_padding=&#8221;20&#8243;][vc_column width=&#8221;1\/1&#8243;]<h2 class=\"headline font-inherit fontsize-xl fontweight-600 lh-inherit align-center transform-inherit \" style=\"margin: 0 0 0px 0;\">Tarts k\u00e9zben minden feladatot!<\/h2>[\/vc_column][\/vc_row][vc_row bg_color=&#8221;#fffffff&#8221; top_padding=&#8221;40&#8243; bottom_padding=&#8221;80&#8243;][vc_column el_class=&#8221;text&#8221; column_padding=&#8221;custom-padding&#8221; column_center=&#8221;true&#8221; width=&#8221;1\/2&#8243;]<h2 class=\"headline font-inherit fontsize-l fontweight-inherit lh-inherit align-left transform-inherit \" style=\"margin: 0 0 0px 0;\">Jira Work Management &#8211; \u00fczleti feladatkezel\u00e9s<\/h2>[vc_column_text el_class=&#8221;text&#8221;]A Jira Work Management (kor\u00e1bban Jira Core) \u00faj gener\u00e1ci\u00f3s programmal b\u00e1rmilyen nem-technikai jelleg\u0171 projekt &#8211; HR, marketing, p\u00e9nz\u00fcgyi, jogi, m\u0171veleti &#8211; menedzselhet\u0151. Tartsd k\u00e9zben a munkafolyamatokat, feladatokat \u00e9s \u00fcgyeket! A Jira Work Management <strong>csak cloud-on ig\u00e9nyelhet\u0151!<\/strong><\/p>\n<p><strong>Milyen ter\u00fcleteken alkalmazz\u00e1k?<\/strong><\/p>\n<ul>\n<li>Feladatkioszt\u00e1s<\/li>\n<li>A feladat st\u00e1tusz\u00e1nak k\u00f6vet\u00e9se<\/li>\n<li>A csapat munkaidej\u00e9nek menedzsel\u00e9se<\/li>\n<li>Kimutat\u00e1sok k\u00e9sz\u00edt\u00e9se<\/li>\n<\/ul>\n<p>[\/vc_column_text]<a href=\"https:\/\/moresimp.com\/hu\/jira-core\/\" target=\"_self\" class=\"button color-2 large \" style=\"border-radius: 2px;\">TERM\u00c9KOLDAL<\/a><a href=\"https:\/\/moresimp.com\/hu\/jira-opciok\" target=\"_self\" class=\"button color-3 large \" style=\"border-radius: 2px;\">\u00c9RDEKL\u0150D\u00c9S<\/a>[\/vc_column][vc_column width=&#8221;1\/2&#8243;]<div class=\"video-embed  wpb_content_element\"><iframe loading=\"lazy\" title=\"Jira Work Management - Join the waitlist\" width=\"1161\" height=\"653\" src=\"https:\/\/www.youtube.com\/embed\/sULjShbSbKM?feature=oembed\" frameborder=\"0\" allow=\"accelerometer; autoplay; clipboard-write; encrypted-media; gyroscope; picture-in-picture; web-share\" referrerpolicy=\"strict-origin-when-cross-origin\" allowfullscreen><\/iframe><\/div>[\/vc_column][\/vc_row][vc_row bg_color=&#8221;#172c4d&#8221; top_padding=&#8221;15&#8243; bottom_padding=&#8221;15&#8243;][vc_column column_padding=&#8221;custom-padding&#8221; width=&#8221;1\/2&#8243;]<h2 class=\"headline font-inherit fontsize-l fontweight-inherit lh-inherit align-left transform-inherit \" style=\"margin: 0 0 0px 0; color: #ffffff;\">Projektcsapat hat\u00e9konys\u00e1gi mutat\u00f3<\/h2><h2 class=\"headline font-inherit fontsize-m fontweight-inherit lh-inherit align-left transform-inherit \" style=\"margin: 0 0 20px 0; color: #ffffff;\">A sikeres csapatmunka 7+1 \u00f6sszetev\u0151je<\/h2>[\/vc_column][vc_column column_padding=&#8221;custom-padding&#8221; column_center=&#8221;true&#8221; width=&#8221;1\/4&#8243;][\/vc_column][vc_column column_padding=&#8221;custom-padding&#8221; width=&#8221;1\/4&#8243;]<a href=\"https:\/\/moresimp.com\/hu\/projektsiker\" target=\"_self\" class=\"button color-8 large \" style=\"border-radius: 2px;\">LET\u00d6LT\u00d6M<\/a>[\/vc_column][\/vc_row][vc_row section_arrow=&#8221;false&#8221; top_padding=&#8221;40&#8243; bottom_padding=&#8221;60&#8243;][vc_column el_class=&#8221;text&#8221; width=&#8221;1\/2&#8243;]<h2 class=\"headline font-inherit fontsize-l fontweight-inherit lh-inherit align-left transform-inherit \" style=\"margin: 0 0 0px 0;\">Jira Software &#8211; feladat- \u00e9s projektkezel\u0151 \u00fczleti \u00e9s fejleszt\u0151 csapatoknak<\/h2>[vc_column_text el_class=&#8221;text&#8221;]A\u00a0 Jira Software-t egyszer\u0171bb feladatkezel\u00e9ssel \u00e9s \u00f6sszetett projektmenedzsmenttel foglalkoz\u00f3 r\u00e9szlegek \u00fczleti \u00e9s technikai jelleg\u0171 munkafolyamataik kezel\u00e9s\u00e9re egyar\u00e1nt haszn\u00e1lj\u00e1k, mert lehet\u0151v\u00e9 teszi, hogy egyetlen, \u00e1tl\u00e1that\u00f3 helyen kezeld \u00fcgyeidet, k\u00f6nnyen kioszd a feladatokat, \u00e9s k\u00f6vesd a csapattagok leterhelts\u00e9g\u00e9t.<\/p>\n<p><strong>Milyen ter\u00fcleteken alkalmazz\u00e1k?<\/strong><\/p>\n<ul>\n<li>Feladatkezel\u00e9s<\/li>\n<li>Projekt- \u00e9s folyamatmenedzsment<\/li>\n<li>Term\u00e9kmenedzsment<\/li>\n<li>Hibakeres\u00e9s<\/li>\n<li>Szoftverfejleszt\u00e9s<\/li>\n<\/ul>\n<p>[\/vc_column_text]<a href=\"https:\/\/moresimp.com\/hu\/jira-software\/\" target=\"_self\" class=\"button color-2 large \" style=\"border-radius: 2px;\">TERM\u00c9KOLDAL<\/a><a href=\"https:\/\/moresimp.com\/hu\/jira-opciok\" target=\"_self\" class=\"button color-3 large \" style=\"border-radius: 2px;\">\u00c9RDEKL\u0150D\u00c9S<\/a>[\/vc_column][vc_column el_class=&#8221;text&#8221; column_padding=&#8221;custom-padding&#8221; column_center=&#8221;true&#8221; width=&#8221;1\/2&#8243;]<div class=\"video-embed  wpb_content_element\"><iframe loading=\"lazy\" title=\"(2018) The NEW Jira Begins Now - Modern Software Development\" width=\"1161\" height=\"653\" src=\"https:\/\/www.youtube.com\/embed\/PQa3NFB_LRg?feature=oembed\" frameborder=\"0\" allow=\"accelerometer; autoplay; clipboard-write; encrypted-media; gyroscope; picture-in-picture; web-share\" referrerpolicy=\"strict-origin-when-cross-origin\" allowfullscreen><\/iframe><\/div>[\/vc_column][\/vc_row][vc_row bg_color=&#8221;#fafafa&#8221; top_padding=&#8221;40&#8243; bottom_padding=&#8221;40&#8243;][vc_column width=&#8221;1\/2&#8243;]<div class=\"video-embed  wpb_content_element\"><iframe loading=\"lazy\" title=\"Introducing Jira Service Management\" width=\"1161\" height=\"653\" src=\"https:\/\/www.youtube.com\/embed\/om7vPYd7N74?feature=oembed\" frameborder=\"0\" allow=\"accelerometer; autoplay; clipboard-write; encrypted-media; gyroscope; picture-in-picture; web-share\" referrerpolicy=\"strict-origin-when-cross-origin\" allowfullscreen><\/iframe><\/div>[\/vc_column][vc_column el_class=&#8221;text&#8221; column_padding=&#8221;custom-padding&#8221; column_center=&#8221;true&#8221; width=&#8221;1\/2&#8243;]<h2 class=\"headline font-inherit fontsize-l fontweight-inherit lh-inherit align-left transform-inherit \" style=\"margin: 0 0 0px 0;\">Jira Service Management &#8211; feladatkezel\u00e9s \u00fcgyf\u00e9lszolg\u00e1latra<\/h2>[vc_column_text el_class=&#8221;text&#8221;]A Jira Service Management (kor\u00e1bban Service Desk) a fejleszt\u00e9si, az \u00fczemeltet\u0151i \u00e9s a t\u00e1mogat\u00e1si csapatoknak h\u00edv \u00e9letre egy egys\u00e9ges fel\u00fcletet, hogy az \u00fcgyfelek \u00e9s az alkalmazottak is min\u00e9l hamarabb a megfelel\u0151 seg\u00edts\u00e9get kapj\u00e1k.<\/p>\n<p><strong>Milyen ter\u00fcleteken alkalmazz\u00e1k?<\/strong><\/p>\n<ul>\n<li>\u00dcgyf\u00e9lt\u00e1mogat\u00e1s<\/li>\n<li>IT helpdesk, ITSM<\/li>\n<li>Szervizjegyes esetek t\u00e1mogat\u00e1sa<\/li>\n<li>Szolg\u00e1ltat\u00e1sk\u00e9r\u00e9s<\/li>\n<li>Incidenskezel\u00e9s<\/li>\n<\/ul>\n<p>[\/vc_column_text]<a href=\"https:\/\/moresimp.com\/hu\/jira-service-desk\/\" target=\"_self\" class=\"button color-2 large \" style=\"border-radius: 2px;\">TERM\u00c9KOLDAL<\/a><a href=\"\/hu\/jira-service-desk-opciok\" target=\"_self\" class=\"button color-3 large \" style=\"border-radius: 2px;\">\u00c9RDEKL\u0150D\u00c9S<\/a>[\/vc_column][\/vc_row][vc_row top_padding=&#8221;40&#8243; bottom_padding=&#8221;40&#8243;][vc_column column_padding=&#8221;custom-padding&#8221; column_center=&#8221;true&#8221; width=&#8221;1\/1&#8243;]<div class=\"single_image wpb_content_element align-left    \" data-animation=\"none\" data-delay=\"0\"><img loading=\"lazy\" decoding=\"async\" width=\"1160\" height=\"60\" src=\"https:\/\/moresimp.com\/wp-content\/uploads\/2021\/06\/atlassian-logo-sav.jpg\" class=\"attachment-full\" alt=\"\" title=\"atlassian-logo-sav\" srcset=\"https:\/\/moresimp.com\/wp-content\/uploads\/2021\/06\/atlassian-logo-sav.jpg 1160w, https:\/\/moresimp.com\/wp-content\/uploads\/2021\/06\/atlassian-logo-sav-300x16.jpg 300w, https:\/\/moresimp.com\/wp-content\/uploads\/2021\/06\/atlassian-logo-sav-1024x53.jpg 1024w, https:\/\/moresimp.com\/wp-content\/uploads\/2021\/06\/atlassian-logo-sav-768x40.jpg 768w\" sizes=\"auto, (max-width: 1160px) 100vw, 1160px\"><\/div>\n[\/vc_column][\/vc_row][vc_row section_arrow=&#8221;false&#8221; top_padding=&#8221;20&#8243; bottom_padding=&#8221;20&#8243;][vc_column width=&#8221;1\/1&#8243;]<h2 class=\"headline font-inherit fontsize-xl fontweight-inherit lh-inherit align-center transform-inherit \" style=\"margin: 0 0 0px 0;\">\u00c9p\u00edts igazi csapatot &#8211; mert egy\u00fctt t\u00f6bbre vagytok k\u00e9pesek!<\/h2>[\/vc_column][\/vc_row][vc_row top_padding=&#8221;80&#8243; bottom_padding=&#8221;80&#8243;][vc_column el_class=&#8221;text&#8221; column_padding=&#8221;custom-padding&#8221; column_center=&#8221;true&#8221; width=&#8221;1\/2&#8243;]<h2 class=\"headline font-inherit fontsize-l fontweight-inherit lh-inherit align-left transform-inherit \" style=\"margin: 0 0 0px 0;\">Confluence &#8211; interakt\u00edv tud\u00e1sb\u00e1zis<\/h2>[vc_column_text el_class=&#8221;text&#8221;]L\u00e1sd a teljes projektet kontextusban! A Confluence egy\u00a0 interakt\u00edv munkat\u00e9r, ahol b\u00e1rmilyen k\u00f6z\u00f6sen szerkeszthet\u0151 dokumentumot \u2013 ak\u00e1r sablon alapj\u00e1n \u2013 l\u00e9trehozhatsz, megoszthatsz; azokkal kapcsolatban pedig @eml\u00edt\u00e9sekkel visszajelz\u00e9seket k\u00e9rhetsz.<\/p>\n<p>M\u00edg a Jira a projekt tervez\u00e9sben, k\u00f6vet\u00e9sben \u2013 vagy ak\u00e1r egy bejelent\u00e9s kezel\u00e9s\u00e9ben &#8211; seg\u00edt, a Confluence egy helyen rendezi az \u00f6sszes kapcsol\u00f3d\u00f3 dokument\u00e1ci\u00f3t. Sp\u00f3rolj p\u00e9nzt \u00e9s id\u0151t az integr\u00e1ci\u00f3val![\/vc_column_text]<a href=\"https:\/\/moresimp.com\/hu\/kapcsolat\/\" target=\"_self\" class=\"button color-3 large \" style=\"border-radius: 2px;\">\u00c9RDEKL\u0150D\u00c9S<\/a>[\/vc_column][vc_column width=&#8221;1\/2&#8243;]<div class=\"video-embed  wpb_content_element\"><\/div>[\/vc_column][\/vc_row][vc_row section_arrow=&#8221;false&#8221; top_padding=&#8221;40&#8243; bottom_padding=&#8221;60&#8243;][vc_column el_class=&#8221;text&#8221; column_center=&#8221;true&#8221; width=&#8221;1\/3&#8243;]<div class=\"single_image wpb_content_element align-left    \" data-animation=\"none\" data-delay=\"0\"><img loading=\"lazy\" decoding=\"async\" width=\"701\" height=\"233\" src=\"https:\/\/moresimp.com\/wp-content\/uploads\/2020\/03\/Gold-Solution-Partner@2x.png\" class=\"attachment-full\" alt=\"\" title=\"Gold Solution Partner@2x\" srcset=\"https:\/\/moresimp.com\/wp-content\/uploads\/2020\/03\/Gold-Solution-Partner@2x.png 701w, https:\/\/moresimp.com\/wp-content\/uploads\/2020\/03\/Gold-Solution-Partner@2x-300x100.png 300w\" sizes=\"auto, (max-width: 701px) 100vw, 701px\"><\/div>\n[\/vc_column][vc_column el_class=&#8221;text&#8221; width=&#8221;2\/3&#8243;]<h2 class=\"headline font-inherit fontsize-l fontweight-inherit lh-inherit align-left transform-inherit \" style=\"margin: 0 0 0px 0;\">Mi\u00e9rt \u00e9rdemes vel\u00fcnk dolgozni?<\/h2>[vc_column_text el_class=&#8221;text&#8221;]Az Atlassian fontosnak tartja, hogy csak olyan \u00e9rett v\u00e1llalatok viselhess\u00e9k az Atlassian Gold Solution Partner c\u00edmet, melyek\u00a0<b>m\u00e1r bizony\u00edtottak a ter\u00fcleten<\/b>.\u00a0 Ha t\u0151l\u00fcnk v\u00e1s\u00e1rlod term\u00e9klicenceid, akkor nem csak az Atlassian teljes jog\u00fa \u00fcgyfel\u00e9v\u00e9 v\u00e1lsz, hanem a k\u00f6vetkez\u0151 el\u0151ny\u00f6ket is \u00e9lvezheted:<\/p>\n<ul>\n<li>sz\u00e1mos esetben alacsonyabb \u00e1rak;<\/li>\n<li>szak\u00e9rtelem \u00e9s best-practice technik\u00e1k term\u00e9kbevezet\u00e9s, licencel\u00e9s, telep\u00edt\u00e9s, karbantart\u00e1s, term\u00e9kt\u00e1mogat\u00e1s, teljes\u00edtm\u00e9ny-tuning \u00e9s egyedi plugin-fejleszt\u00e9s ter\u00fclet\u00e9n.<\/li>\n<\/ul>\n<p>[\/vc_column_text]<a href=\"https:\/\/moresimp.com\/hu\/kapcsolat\/\" target=\"_self\" class=\"button color-2 large \" style=\"border-radius: 2px;\">KAPCSOLAT<\/a><a href=\"tel:+36302245209\" target=\"_self\" class=\"button color-3 large \" style=\"border-radius: 2px;\">TAN\u00c1CSAD\u00d3VAL BESZ\u00c9LEK<\/a>[\/vc_column][\/vc_row][vc_row type=&#8221;full_width_section&#8221; bg_color=&#8221;#efefef&#8221; bottom_padding=&#8221;20&#8243;][vc_column width=&#8221;1\/1&#8243;]<div class=\"single_image wpb_content_element align-left    \" data-animation=\"none\" data-delay=\"0\"><img loading=\"lazy\" decoding=\"async\" width=\"1918\" height=\"404\" src=\"https:\/\/moresimp.com\/wp-content\/uploads\/2022\/05\/Moresimp-references-szurke.jpg\" class=\"attachment-full\" alt=\"\" title=\"Moresimp-references-szurke\" srcset=\"https:\/\/moresimp.com\/wp-content\/uploads\/2022\/05\/Moresimp-references-szurke.jpg 1918w, https:\/\/moresimp.com\/wp-content\/uploads\/2022\/05\/Moresimp-references-szurke-300x63.jpg 300w, https:\/\/moresimp.com\/wp-content\/uploads\/2022\/05\/Moresimp-references-szurke-1024x216.jpg 1024w, https:\/\/moresimp.com\/wp-content\/uploads\/2022\/05\/Moresimp-references-szurke-768x162.jpg 768w, https:\/\/moresimp.com\/wp-content\/uploads\/2022\/05\/Moresimp-references-szurke-1536x324.jpg 1536w\" sizes=\"auto, (max-width: 1918px) 100vw, 1918px\"><\/div>\n[\/vc_column][\/vc_row]<\/p>\n<\/div>","protected":false},"excerpt":{"rendered":"<p>[vc_row bg_image=&#8221;6345&#8243; text_color=&#8221;light&#8221; top_padding=&#8221;80&#8243; bottom_padding=&#8221;80&#8243; bg_position=&#8221;center center&#8221;][vc_column width=&#8221;2\/3&#8243;][\/vc_column][vc_column column_padding=&#8221;custom-padding&#8221; column_center=&#8221;true&#8221; width=&#8221;1\/3&#8243;][\/vc_column][\/vc_row][vc_row section_arrow=&#8221;false&#8221; top_padding=&#8221;20&#8243; bottom_padding=&#8221;20&#8243;][vc_column width=&#8221;1\/1&#8243;][\/vc_column][\/vc_row][vc_row bg_color=&#8221;#fffffff&#8221; top_padding=&#8221;40&#8243; bottom_padding=&#8221;80&#8243;][vc_column el_class=&#8221;text&#8221; column_padding=&#8221;custom-padding&#8221; column_center=&#8221;true&#8221; width=&#8221;1\/2&#8243;][vc_column_text el_class=&#8221;text&#8221;]A Jira Work Management (kor\u00e1bban Jira Core) \u00faj gener\u00e1ci\u00f3s programmal b\u00e1rmilyen nem-technikai jelleg\u0171 projekt &#8211; HR, marketing, p\u00e9nz\u00fcgyi, jogi, m\u0171veleti &#8211; menedzselhet\u0151. Tartsd k\u00e9zben a munkafolyamatokat, feladatokat \u00e9s \u00fcgyeket! A Jira Work Management csak cloud-on ig\u00e9nyelhet\u0151! Milyen ter\u00fcleteken alkalmazz\u00e1k? Feladatkioszt\u00e1s A feladat st\u00e1tusz\u00e1nak k\u00f6vet\u00e9se A csapat munkaidej\u00e9nek menedzsel\u00e9se Kimutat\u00e1sok k\u00e9sz\u00edt\u00e9se [\/vc_column_text][\/vc_column][vc_column width=&#8221;1\/2&#8243;][\/vc_column][\/vc_row][vc_row bg_color=&#8221;#172c4d&#8221; top_padding=&#8221;15&#8243; bottom_padding=&#8221;15&#8243;][vc_column column_padding=&#8221;custom-padding&#8221; width=&#8221;1\/2&#8243;][\/vc_column][vc_column column_padding=&#8221;custom-padding&#8221; column_center=&#8221;true&#8221; width=&#8221;1\/4&#8243;][\/vc_column][vc_column column_padding=&#8221;custom-padding&#8221; width=&#8221;1\/4&#8243;][\/vc_column][\/vc_row][vc_row section_arrow=&#8221;false&#8221; top_padding=&#8221;40&#8243; bottom_padding=&#8221;60&#8243;][vc_column el_class=&#8221;text&#8221; width=&#8221;1\/2&#8243;][vc_column_text el_class=&#8221;text&#8221;]A\u00a0 Jira Software-t egyszer\u0171bb feladatkezel\u00e9ssel \u00e9s \u00f6sszetett projektmenedzsmenttel foglalkoz\u00f3 r\u00e9szlegek \u00fczleti \u00e9s technikai jelleg\u0171 munkafolyamataik kezel\u00e9s\u00e9re egyar\u00e1nt haszn\u00e1lj\u00e1k, mert lehet\u0151v\u00e9 teszi, hogy egyetlen, \u00e1tl\u00e1that\u00f3 helyen kezeld \u00fcgyeidet, k\u00f6nnyen kioszd a feladatokat, \u00e9s k\u00f6vesd a csapattagok leterhelts\u00e9g\u00e9t. Milyen ter\u00fcleteken alkalmazz\u00e1k? Feladatkezel\u00e9s Projekt- \u00e9s folyamatmenedzsment Term\u00e9kmenedzsment Hibakeres\u00e9s Szoftverfejleszt\u00e9s [\/vc_column_text][\/vc_column][vc_column el_class=&#8221;text&#8221; column_padding=&#8221;custom-padding&#8221; column_center=&#8221;true&#8221; width=&#8221;1\/2&#8243;][\/vc_column][\/vc_row][vc_row bg_color=&#8221;#fafafa&#8221; top_padding=&#8221;40&#8243; bottom_padding=&#8221;40&#8243;][vc_column width=&#8221;1\/2&#8243;][\/vc_column][vc_column el_class=&#8221;text&#8221; column_padding=&#8221;custom-padding&#8221; column_center=&#8221;true&#8221; width=&#8221;1\/2&#8243;][vc_column_text el_class=&#8221;text&#8221;]A Jira Service Management (kor\u00e1bban Service Desk) a fejleszt\u00e9si, az \u00fczemeltet\u0151i \u00e9s a t\u00e1mogat\u00e1si csapatoknak h\u00edv \u00e9letre egy egys\u00e9ges fel\u00fcletet, hogy az \u00fcgyfelek \u00e9s az alkalmazottak is min\u00e9l hamarabb a megfelel\u0151 seg\u00edts\u00e9get kapj\u00e1k. Milyen ter\u00fcleteken alkalmazz\u00e1k? \u00dcgyf\u00e9lt\u00e1mogat\u00e1s IT helpdesk, ITSM Szervizjegyes esetek t\u00e1mogat\u00e1sa Szolg\u00e1ltat\u00e1sk\u00e9r\u00e9s Incidenskezel\u00e9s [\/vc_column_text][\/vc_column][\/vc_row][vc_row top_padding=&#8221;40&#8243; bottom_padding=&#8221;40&#8243;][vc_column column_padding=&#8221;custom-padding&#8221; column_center=&#8221;true&#8221; width=&#8221;1\/1&#8243;][\/vc_column][\/vc_row][vc_row section_arrow=&#8221;false&#8221; [&hellip;]<\/p>\n","protected":false},"author":7,"featured_media":0,"parent":0,"menu_order":0,"comment_status":"closed","ping_status":"closed","template":"","meta":{"footnotes":""},"class_list":["post-5382","page","type-page","status-publish","hentry"],"yoast_head":"<!-- This site is optimized with the Yoast SEO plugin v27.3 - https:\/\/yoast.com\/product\/yoast-seo-wordpress\/ -->\n<title>Atlassian licencek I Jira &amp; Confluence - MORESIMP<\/title>\n<meta name=\"description\" content=\"Atlassian licencekGold Solution partnert\u0151l. Hat\u00e9konyabb csapatod szeretn\u00e9l? V\u00e1laszd Jira \u00e9s Confluence term\u00e9klicenceinket t\u00f6bbletszolg\u00e1ltat\u00e1sokkal!\" \/>\n<meta name=\"robots\" content=\"index, follow, max-snippet:-1, max-image-preview:large, max-video-preview:-1\" \/>\n<link rel=\"canonical\" href=\"https:\/\/moresimp.com\/hu\/atlassian-licencek\/\" \/>\n<meta property=\"og:locale\" content=\"hu_HU\" \/>\n<meta property=\"og:type\" content=\"article\" \/>\n<meta property=\"og:title\" content=\"Atlassian licencek I Jira &amp; Confluence - MORESIMP\" \/>\n<meta property=\"og:description\" content=\"Atlassian licencekGold Solution partnert\u0151l. Hat\u00e9konyabb csapatod szeretn\u00e9l? V\u00e1laszd Jira \u00e9s Confluence term\u00e9klicenceinket t\u00f6bbletszolg\u00e1ltat\u00e1sokkal!\" \/>\n<meta property=\"og:url\" content=\"https:\/\/moresimp.com\/hu\/atlassian-licencek\/\" \/>\n<meta property=\"og:site_name\" content=\"MORESIMP\" \/>\n<meta property=\"article:modified_time\" content=\"2022-05-05T21:32:32+00:00\" \/>\n<meta name=\"twitter:card\" content=\"summary_large_image\" \/>\n<meta name=\"twitter:label1\" content=\"Becs\u00fclt olvas\u00e1si id\u0151\" \/>\n\t<meta name=\"twitter:data1\" content=\"3 perc\" \/>\n<script type=\"application\/ld+json\" class=\"yoast-schema-graph\">{\"@context\":\"https:\\\/\\\/schema.org\",\"@graph\":[{\"@type\":\"WebPage\",\"@id\":\"https:\\\/\\\/moresimp.com\\\/hu\\\/atlassian-licencek\\\/\",\"url\":\"https:\\\/\\\/moresimp.com\\\/hu\\\/atlassian-licencek\\\/\",\"name\":\"Atlassian licencek I Jira & Confluence - MORESIMP\",\"isPartOf\":{\"@id\":\"https:\\\/\\\/moresimp.com\\\/hu\\\/#website\"},\"datePublished\":\"2020-03-30T10:45:08+00:00\",\"dateModified\":\"2022-05-05T21:32:32+00:00\",\"description\":\"Atlassian licencekGold Solution partnert\u0151l. Hat\u00e9konyabb csapatod szeretn\u00e9l? V\u00e1laszd Jira \u00e9s Confluence term\u00e9klicenceinket t\u00f6bbletszolg\u00e1ltat\u00e1sokkal!\",\"breadcrumb\":{\"@id\":\"https:\\\/\\\/moresimp.com\\\/hu\\\/atlassian-licencek\\\/#breadcrumb\"},\"inLanguage\":\"hu\",\"potentialAction\":[{\"@type\":\"ReadAction\",\"target\":[\"https:\\\/\\\/moresimp.com\\\/hu\\\/atlassian-licencek\\\/\"]}]},{\"@type\":\"BreadcrumbList\",\"@id\":\"https:\\\/\\\/moresimp.com\\\/hu\\\/atlassian-licencek\\\/#breadcrumb\",\"itemListElement\":[{\"@type\":\"ListItem\",\"position\":1,\"name\":\"Home\",\"item\":\"https:\\\/\\\/moresimp.com\\\/hu\\\/\"},{\"@type\":\"ListItem\",\"position\":2,\"name\":\"Atlassian licencek I Jira &#038; Confluence\"}]},{\"@type\":\"WebSite\",\"@id\":\"https:\\\/\\\/moresimp.com\\\/hu\\\/#website\",\"url\":\"https:\\\/\\\/moresimp.com\\\/hu\\\/\",\"name\":\"MORESIMP\",\"description\":\"Smart software, more life.\",\"potentialAction\":[{\"@type\":\"SearchAction\",\"target\":{\"@type\":\"EntryPoint\",\"urlTemplate\":\"https:\\\/\\\/moresimp.com\\\/hu\\\/?s={search_term_string}\"},\"query-input\":{\"@type\":\"PropertyValueSpecification\",\"valueRequired\":true,\"valueName\":\"search_term_string\"}}],\"inLanguage\":\"hu\"}]}<\/script>\n<!-- \/ Yoast SEO plugin. -->","yoast_head_json":{"title":"Atlassian licencek I Jira & Confluence - MORESIMP","description":"Atlassian licencekGold Solution partnert\u0151l. Hat\u00e9konyabb csapatod szeretn\u00e9l? V\u00e1laszd Jira \u00e9s Confluence term\u00e9klicenceinket t\u00f6bbletszolg\u00e1ltat\u00e1sokkal!","robots":{"index":"index","follow":"follow","max-snippet":"max-snippet:-1","max-image-preview":"max-image-preview:large","max-video-preview":"max-video-preview:-1"},"canonical":"https:\/\/moresimp.com\/hu\/atlassian-licencek\/","og_locale":"hu_HU","og_type":"article","og_title":"Atlassian licencek I Jira & Confluence - MORESIMP","og_description":"Atlassian licencekGold Solution partnert\u0151l. Hat\u00e9konyabb csapatod szeretn\u00e9l? V\u00e1laszd Jira \u00e9s Confluence term\u00e9klicenceinket t\u00f6bbletszolg\u00e1ltat\u00e1sokkal!","og_url":"https:\/\/moresimp.com\/hu\/atlassian-licencek\/","og_site_name":"MORESIMP","article_modified_time":"2022-05-05T21:32:32+00:00","twitter_card":"summary_large_image","twitter_misc":{"Becs\u00fclt olvas\u00e1si id\u0151":"3 perc"},"schema":{"@context":"https:\/\/schema.org","@graph":[{"@type":"WebPage","@id":"https:\/\/moresimp.com\/hu\/atlassian-licencek\/","url":"https:\/\/moresimp.com\/hu\/atlassian-licencek\/","name":"Atlassian licencek I Jira & Confluence - MORESIMP","isPartOf":{"@id":"https:\/\/moresimp.com\/hu\/#website"},"datePublished":"2020-03-30T10:45:08+00:00","dateModified":"2022-05-05T21:32:32+00:00","description":"Atlassian licencekGold Solution partnert\u0151l. Hat\u00e9konyabb csapatod szeretn\u00e9l? V\u00e1laszd Jira \u00e9s Confluence term\u00e9klicenceinket t\u00f6bbletszolg\u00e1ltat\u00e1sokkal!","breadcrumb":{"@id":"https:\/\/moresimp.com\/hu\/atlassian-licencek\/#breadcrumb"},"inLanguage":"hu","potentialAction":[{"@type":"ReadAction","target":["https:\/\/moresimp.com\/hu\/atlassian-licencek\/"]}]},{"@type":"BreadcrumbList","@id":"https:\/\/moresimp.com\/hu\/atlassian-licencek\/#breadcrumb","itemListElement":[{"@type":"ListItem","position":1,"name":"Home","item":"https:\/\/moresimp.com\/hu\/"},{"@type":"ListItem","position":2,"name":"Atlassian licencek I Jira &#038; Confluence"}]},{"@type":"WebSite","@id":"https:\/\/moresimp.com\/hu\/#website","url":"https:\/\/moresimp.com\/hu\/","name":"MORESIMP","description":"Smart software, more life.","potentialAction":[{"@type":"SearchAction","target":{"@type":"EntryPoint","urlTemplate":"https:\/\/moresimp.com\/hu\/?s={search_term_string}"},"query-input":{"@type":"PropertyValueSpecification","valueRequired":true,"valueName":"search_term_string"}}],"inLanguage":"hu"}]}},"_links":{"self":[{"href":"https:\/\/moresimp.com\/hu\/wp-json\/wp\/v2\/pages\/5382","targetHints":{"allow":["GET"]}}],"collection":[{"href":"https:\/\/moresimp.com\/hu\/wp-json\/wp\/v2\/pages"}],"about":[{"href":"https:\/\/moresimp.com\/hu\/wp-json\/wp\/v2\/types\/page"}],"author":[{"embeddable":true,"href":"https:\/\/moresimp.com\/hu\/wp-json\/wp\/v2\/users\/7"}],"replies":[{"embeddable":true,"href":"https:\/\/moresimp.com\/hu\/wp-json\/wp\/v2\/comments?post=5382"}],"version-history":[{"count":84,"href":"https:\/\/moresimp.com\/hu\/wp-json\/wp\/v2\/pages\/5382\/revisions"}],"predecessor-version":[{"id":8664,"href":"https:\/\/moresimp.com\/hu\/wp-json\/wp\/v2\/pages\/5382\/revisions\/8664"}],"wp:attachment":[{"href":"https:\/\/moresimp.com\/hu\/wp-json\/wp\/v2\/media?parent=5382"}],"curies":[{"name":"wp","href":"https:\/\/api.w.org\/{rel}","templated":true}]}}