{"id":5459,"date":"2020-03-30T15:38:50","date_gmt":"2020-03-30T15:38:50","guid":{"rendered":"https:\/\/moresimp.com\/?page_id=5459"},"modified":"2024-12-12T10:56:52","modified_gmt":"2024-12-12T10:56:52","slug":"atlassian-bovitmenyek","status":"publish","type":"page","link":"https:\/\/moresimp.com\/hu\/atlassian-bovitmenyek\/","title":{"rendered":"Atlassian b\u0151v\u00edtm\u00e9nyek I Jira pluginok"},"content":{"rendered":"<div class=\"wpb-content-wrapper\"><p>[vc_row bg_color=&#8221;#0052cc&#8221; text_color=&#8221;light&#8221; top_padding=&#8221;80&#8243; bottom_padding=&#8221;80&#8243; bg_position=&#8221;center center&#8221;][vc_column width=&#8221;2\/3&#8243;]<h1 class=\"headline font-special fontsize-xxl fontweight-600 lh-inherit align-left transform-inherit \" style=\"margin: 0; color: #ffffff;\">Hozd ki a Jira-b\u00f3l a maximumot egyedi b\u0151v\u00edtm\u00e9nyeinkkel!<\/h1><div class=\"spacer\" style=\"height: 20px;\"><\/div><a href=\"https:\/\/demo.moresimp\" target=\"_self\" class=\"button custom large demo-btn\" style=\"background-color: #e2b203; border-color: #e2b203;border-radius: 2px;\"><i class='fa fa-chevron-right'><\/i>PR\u00d3B\u00c1LD KI B\u0150V\u00cdTM\u00c9NYEINKET TELEP\u00cdT\u00c9S N\u00c9LK\u00dcL<\/a>[\/vc_column][vc_column column_padding=&#8221;custom-padding&#8221; column_center=&#8221;true&#8221; width=&#8221;1\/3&#8243;]<div class=\"single_image wpb_content_element align-left    \" data-animation=\"none\" data-delay=\"0\"><img loading=\"lazy\" decoding=\"async\" width=\"300\" height=\"165\" src=\"https:\/\/moresimp.com\/wp-content\/uploads\/2020\/03\/atlassian_top_vendor_badge_small-1.png\" class=\"attachment-full\" alt=\"\" title=\"atlassian_top_vendor_badge_small\"><\/div>\n[\/vc_column][\/vc_row][vc_row bg_color=&#8221;#172c4d&#8221; top_padding=&#8221;20&#8243; bottom_padding=&#8221;20&#8243;][vc_column column_padding=&#8221;custom-padding&#8221; column_center=&#8221;true&#8221; width=&#8221;2\/3&#8243;]<h2 class=\"headline font-inherit fontsize-m fontweight-inherit lh-inherit align-left transform-inherit \" style=\"margin: 0 0 0px 0; color: #ffffff;\">Vajon mit szeret Jira kieg\u00e9sz\u00edt\u0151inkben a Ferrari, a McDonalds vagy a Renault?<br \/>\nItt megtudhatod!<\/h2>[\/vc_column][vc_column column_padding=&#8221;custom-padding&#8221; column_center=&#8221;true&#8221; text_align=&#8221;center&#8221; width=&#8221;1\/3&#8243;]<a href=\"https:\/\/marketplace.atlassian.com\/search?query=moresimp\" target=\"_self\" class=\"button color-8 large \" style=\"border-radius: 2px;\">ATLASSIAN MARKETPLACE<\/a>[\/vc_column][\/vc_row][vc_row section_arrow=&#8221;false&#8221; top_padding=&#8221;40&#8243; bottom_padding=&#8221;20&#8243;][vc_column width=&#8221;1\/1&#8243;]<h2 class=\"headline font-inherit fontsize-xxl fontweight-inherit lh-inherit align-center transform-inherit \" style=\"margin: 0 0 0px 0;\">Jira b\u0151v\u00edtm\u00e9nyeink<\/h2><div class=\"spacer\" style=\"height: 20px;\"><\/div>[vc_tta_tabs color=&#8221;white&#8221; spacing=&#8221;10&#8243; alignment=&#8221;center&#8221; active_section=&#8221;1&#8243; no_fill_content_area=&#8221;true&#8221;][vc_tta_section title=&#8221;On-premise appok&#8221; tab_id=&#8221;onpremise&#8221; el_class=&#8221;harmonika&#8221;]<div class=\"newdivider align-center\" style=\"border-bottom-style: solid; border-color: #e8e8e8; border-bottom-width: 1px; margin-top: 0; margin-bottom: 0; width: 40%; \"><\/div><div class=\"clear\"><\/div><div class=\"spacer\" style=\"height: 40px;\"><\/div>[vc_row_inner][vc_column_inner width=&#8221;1\/3&#8243;]<div onclick=\"location.href='https:\/\/marketplace.atlassian.com\/apps\/1215293\/jexcel-spreadsheet-table-edit-organize-analyze-issues?hosting=cloud&amp;tab=overview';\" style=\"cursor:pointer;\"><div class=\"iconbox  wpb_content_element iconbox-style-3 icon-color-accent color-dark\"><img src='https:\/\/moresimp.com\/wp-content\/uploads\/2024\/12\/6895c298-ae88-497a-970e-35d1c465e48e.png' class='iconimg' alt='JExcel' \/><h3>JExcel<\/h3><p><strong>Edit, Organize, Analyze Issues<\/strong><\/p>\n<p style=\"text-align: left;\">A JExcel Spreadsheet &amp; Table Jira app a feladataidat egy Excel-szer\u0171 n\u00e9zetben jelen\u00edti meg, annak minden el\u0151ny\u00e9vel: egyszer\u0171 sz\u0171r\u00e9s \u00e9s hipergyors szerkeszt\u00e9s, pont \u00fagy, ahogy azt Excelben tenn\u00e9d!<\/p>\n<p style=\"text-align: left;\">Ezen fel\u00fcl sz\u00e1mos extr\u00e1t is tartalmaz: cella- \u00e9s oszlopsz\u00e1m\u00edt\u00e1sok, import \u00e9s export lehet\u0151s\u00e9gek, gyorsan \u00e9s egyszer\u0171en!<\/p>\n<\/p><\/div><\/div><a href=\"https:\/\/marketplace.atlassian.com\/apps\/1215293\/jexcel-spreadsheet-table-edit-organize-analyze-issues?hosting=cloud&#038;tab=overview\" target=\"_self\" class=\"button color-3 full \" style=\"border-radius: 2px;\">TERM\u00c9KOLDAL<\/a>[\/vc_column_inner][vc_column_inner width=&#8221;1\/3&#8243;]<div onclick=\"location.href='https:\/\/marketplace.atlassian.com\/apps\/1215792\/impex-import-export-from-to-ms-excel?hosting=cloud&amp;tab=overview';\" style=\"cursor:pointer;\"><div class=\"iconbox  wpb_content_element iconbox-style-3 icon-color-accent color-dark\"><img src='https:\/\/moresimp.com\/wp-content\/uploads\/2020\/03\/jira-impex.png' class='iconimg' alt='Impex' \/><h3>Impex<\/h3><p><strong>Import &amp; Export from\/to MS Excel<\/strong><\/p>\n<p style=\"text-align: left;\">K\u00e9sz\u00edts vagy m\u00f3dos\u00edts egyszerre ak\u00e1r t\u00f6bbf\u00e9le jegyet, mozgasd az adatokat kedvedre, egyszer\u0171en \u00e9s gyorsan!<\/p>\n<p style=\"text-align: left;\">Export\u00e1lj egyszerre ak\u00e1r 1000 issue-t XLSX vagy HTML form\u00e1tumban, k\u00e9pekkel, csatolm\u00e1nyokkal, megjegyz\u00e9sekkel; import\u00e1lj gyorsan XLSX-b\u0151l, \u00e9s haszn\u00e1ld ki az Issue Navigator integr\u00e1ci\u00f3 el\u0151nyeit!<\/p>\n<h2 class=\"with-hero\"><\/h2>\n<\/p><\/div><\/div><div class=\"spacer\" style=\"height: 25px;\"><\/div><a href=\"https:\/\/marketplace.atlassian.com\/apps\/1215792\/impex-import-export-from-to-ms-excel?hosting=cloud&#038;tab=overview\" target=\"_self\" class=\"button color-3 full \" style=\"border-radius: 2px;\">TERM\u00c9KOLDAL<\/a>[\/vc_column_inner][vc_column_inner width=&#8221;1\/3&#8243;]<div onclick=\"location.href='https:\/\/marketplace.atlassian.com\/apps\/1223792\/kronos-timesheets-worklogs-and-reports?hosting=datacenter&amp;tab=overview';\" style=\"cursor:pointer;\"><div class=\"iconbox  wpb_content_element iconbox-style-3 icon-color-accent color-dark\"><img src='https:\/\/moresimp.com\/wp-content\/uploads\/2020\/11\/kronos.jpeg' class='iconimg' alt='KRONOS Timesheets' \/><h3>KRONOS Timesheets<\/h3><p><strong>Worklogs and reports<\/strong><\/p>\n<p style=\"text-align: left;\">Hat\u00e9kony feladat \u00e9s munkaid\u0151 r\u00f6gz\u00edt\u00e9s Jira-ban! K\u00e9sz\u00edts k\u00f6nnyen \u00e9rtelmezhet\u0151 csapat- \u00e9s egy\u00e9ni riportokat ak\u00e1r automatikusan is, meghat\u00e1rozott id\u0151k\u00f6z\u00f6nk\u00e9nt!<\/p>\n<p style=\"text-align: left;\">Kiemelked\u0151 munkaid\u0151-r\u00f6gz\u00edt\u0151 megold\u00e1s, amely naprak\u00e9sz inform\u00e1ci\u00f3t ny\u00fajt a projektek el\u0151rehalad\u00e1s\u00e1r\u00f3l. Pr\u00f3b\u00e1ld ki most ingyen!<\/p>\n<\/p><\/div><\/div><div class=\"spacer\" style=\"height: 30px;\"><\/div><a href=\"https:\/\/marketplace.atlassian.com\/apps\/1223792\/kronos-timesheets-worklogs-and-reports?hosting=datacenter&#038;tab=overview\" target=\"_self\" class=\"button color-3 full \" style=\"border-radius: 2px;\">TERM\u00c9KOLDAL<\/a>[\/vc_column_inner][\/vc_row_inner]<div class=\"spacer\" style=\"height: 40px;\"><\/div>[\/vc_tta_section][vc_tta_section title=&#8221;Cloud appok&#8221; tab_id=&#8221;cloud&#8221;]<div class=\"newdivider align-center\" style=\"border-bottom-style: solid; border-color: #e8e8e8; border-bottom-width: 1px; margin-top: 0; margin-bottom: 0; width: 40%; \"><\/div><div class=\"clear\"><\/div><div class=\"spacer\" style=\"height: 40px;\"><\/div>[vc_row_inner][vc_column_inner width=&#8221;1\/3&#8243;]<div onclick=\"location.href='https:\/\/marketplace.atlassian.com\/apps\/1215792\/impex-import-export-from-to-ms-excel?hosting=cloud&amp;tab=overview';\" style=\"cursor:pointer;\"><div class=\"iconbox  wpb_content_element iconbox-style-3 icon-color-accent color-dark\"><img src='https:\/\/moresimp.com\/wp-content\/uploads\/2020\/03\/jira-impex.png' class='iconimg' alt='ImpEx' \/><h3>ImpEx<\/h3><p><strong>Import &amp; Export from\/to MS Excel<\/strong><\/p>\n<p style=\"text-align: left;\">K\u00e9sz\u00edts vagy m\u00f3dos\u00edts egyszerre ak\u00e1r t\u00f6bbf\u00e9le jegyet, mozgasd az adatokat kedvedre, egyszer\u0171en \u00e9s gyorsan!<\/p>\n<p style=\"text-align: left;\">Export\u00e1lj egyszerre ak\u00e1r 1000 issue-t XLSX vagy HTML form\u00e1tumban, k\u00e9pekkel, csatolm\u00e1nyokkal, megjegyz\u00e9sekkel; import\u00e1lj gyorsan XLSX-b\u0151l, \u00e9s haszn\u00e1ld ki az Issue Navigator integr\u00e1ci\u00f3 el\u0151nyeit!<\/p>\n<h2 class=\"with-hero\"><\/h2>\n<\/p><\/div><\/div><div class=\"spacer\" style=\"height: 25px;\"><\/div><a href=\"https:\/\/marketplace.atlassian.com\/apps\/1215792\/impex-import-export-from-to-ms-excel?hosting=cloud&#038;tab=overview\" target=\"_self\" class=\"button color-3 full \" style=\"border-radius: 2px;\">TERM\u00c9KOLDAL<\/a>[\/vc_column_inner][vc_column_inner width=&#8221;1\/3&#8243;]<div onclick=\"location.href='https:\/\/marketplace.atlassian.com\/apps\/1215293\/jexcel-spreadsheet-table-edit-organize-analyze-issues?hosting=cloud&amp;tab=overview';\" style=\"cursor:pointer;\"><div class=\"iconbox  wpb_content_element iconbox-style-3 icon-color-accent color-dark\"><img src='https:\/\/moresimp.com\/wp-content\/uploads\/2024\/12\/6895c298-ae88-497a-970e-35d1c465e48e.png' class='iconimg' alt='JExcel' \/><h3>JExcel<\/h3><p><strong>Edit, Organize, Analyze Issues<\/strong><\/p>\n<p style=\"text-align: left;\">A JExcel Spreadsheet &amp; Table Jira app a feladataidat egy Excel-szer\u0171 n\u00e9zetben jelen\u00edti meg, annak minden el\u0151ny\u00e9vel: egyszer\u0171 sz\u0171r\u00e9s \u00e9s hipergyors szerkeszt\u00e9s, pont \u00fagy, ahogy azt Excelben tenn\u00e9d!<\/p>\n<p style=\"text-align: left;\">Ezen fel\u00fcl sz\u00e1mos extr\u00e1t is tartalmaz: cella- \u00e9s oszlopsz\u00e1m\u00edt\u00e1sok, import \u00e9s export lehet\u0151s\u00e9gek, gyorsan \u00e9s egyszer\u0171en!<\/p>\n<\/p><\/div><\/div><div class=\"spacer\" style=\"height: 5px;\"><\/div><a href=\"https:\/\/marketplace.atlassian.com\/apps\/1215293\/jexcel-spreadsheet-table-edit-organize-analyze-issues?hosting=cloud&#038;tab=overview\" target=\"_self\" class=\"button color-3 full \" style=\"border-radius: 2px;\">TERM\u00c9KOLDAL<\/a>[\/vc_column_inner][vc_column_inner width=&#8221;1\/3&#8243;]<div onclick=\"location.href='https:\/\/marketplace.atlassian.com\/apps\/1234519\/passman-store-and-manage-encrypted-passwords-in-jira?hosting=cloud&amp;tab=overview';\" style=\"cursor:pointer;\"><div class=\"iconbox  wpb_content_element iconbox-style-3 icon-color-accent color-dark\"><img src='https:\/\/moresimp.com\/wp-content\/uploads\/2024\/12\/migrating-icon.png' class='iconimg' alt='PassMan' \/><h3>PassMan<\/h3><p><strong>Store &amp; manage encrypted password in Jira<\/strong><\/p>\n<p style=\"text-align: left;\">K\u00f6zpontos\u00edtott, titkos\u00edtott jelsz\u00f3t\u00e1rral egyszer\u0171en kezelhet\u0151k \u00e9s biztons\u00e1gban tarthat\u00f3k a jelszavak \u00e9s titkok priv\u00e1t, vagy megosztott mapp\u00e1kban.<\/p>\n<p style=\"text-align: left;\">Jira-ban t\u00e1rolt sz\u00f6veges jelszavak helyett az app biztons\u00e1gos bejelentkez\u00e9si linkeket k\u00edn\u00e1l, t\u00e1mogatja a jelsz\u00f3megoszt\u00e1st, szab\u00e1lyok \u00e9rv\u00e9nyes\u00edt\u00e9s\u00e9t, \u00e9s biztos\u00edtja a GDPR-megfelel\u00e9st.<\/p>\n<\/p><\/div><\/div><div class=\"spacer\" style=\"height: 5px;\"><\/div><a href=\"https:\/\/marketplace.atlassian.com\/apps\/1234519\/passman-store-and-manage-encrypted-passwords-in-jira?hosting=cloud&#038;tab=overview\" target=\"_self\" class=\"button color-3 full \" style=\"border-radius: 2px;\">TERM\u00c9KOLDAL<\/a>[\/vc_column_inner][\/vc_row_inner]<div class=\"spacer\" style=\"height: 40px;\"><\/div>[vc_row_inner][vc_column_inner width=&#8221;1\/3&#8243;]<div onclick=\"location.href='https:\/\/marketplace.atlassian.com\/apps\/1233407\/passman-enterprise-privileged-passwords-session-recording?hosting=cloud&amp;tab=overview';\" style=\"cursor:pointer;\"><div class=\"iconbox  wpb_content_element iconbox-style-3 icon-color-accent color-dark\"><img src='https:\/\/moresimp.com\/wp-content\/uploads\/2024\/12\/migrating-icon-1.png' class='iconimg' alt='PassMan Enterprise' \/><h3>PassMan Enterprise<\/h3><p><strong>Privileged passwords, session recording<\/strong><\/p>\n<p style=\"text-align: left;\">K\u00f6zpontos\u00edtott, titkos\u00edtott jelsz\u00f3t\u00e1rral egyszer\u0171en kezelhet\u0151k \u00e9s biztons\u00e1gban tarthat\u00f3k a jelszavak \u00e9s titkok priv\u00e1t, vagy megosztott mapp\u00e1kban.<\/p>\n<p style=\"text-align: left;\">Jira-ban t\u00e1rolt sz\u00f6veges jelszavak helyett az app biztons\u00e1gos bejelentkez\u00e9si linkeket k\u00edn\u00e1l, t\u00e1mogatja a jelsz\u00f3megoszt\u00e1st, szab\u00e1lyok \u00e9rv\u00e9nyes\u00edt\u00e9s\u00e9t, munkamenet r\u00f6gz\u00edt\u00e9st tesz lehet\u0151v\u00e9.<\/p>\n<\/p><\/div><\/div><div class=\"spacer\" style=\"height: 5px;\"><\/div><a href=\"https:\/\/marketplace.atlassian.com\/apps\/1233407\/passman-enterprise-privileged-passwords-session-recording?hosting=cloud&#038;tab=overview\" target=\"_self\" class=\"button color-3 full \" style=\"border-radius: 2px;\">TERM\u00c9KOLDAL<\/a>[\/vc_column_inner][vc_column_inner width=&#8221;1\/3&#8243;][\/vc_column_inner][vc_column_inner width=&#8221;1\/3&#8243;][\/vc_column_inner][\/vc_row_inner][\/vc_tta_section][\/vc_tta_tabs][\/vc_column][\/vc_row][vc_row bg_color=&#8221;#0052cc&#8221; top_padding=&#8221;20&#8243; bottom_padding=&#8221;20&#8243;][vc_column el_class=&#8221;text&#8221; column_padding=&#8221;custom-padding&#8221; column_center=&#8221;true&#8221; width=&#8221;1\/1&#8243;]<h2 class=\"headline font-inherit fontsize-xl fontweight-inherit lh-inherit align-center transform-inherit \" style=\"margin: 0 0 0px 0; color: #ffffff;\">Dolgozzunk egy\u00fctt!<\/h2>[\/vc_column][\/vc_row][vc_row section_arrow=&#8221;false&#8221; top_padding=&#8221;40&#8243; bottom_padding=&#8221;60&#8243;][vc_column el_class=&#8221;text&#8221; column_center=&#8221;true&#8221; width=&#8221;1\/2&#8243;]<h3 class=\"headline font-inherit fontsize-m fontweight-inherit lh-inherit align-left transform-inherit \" style=\"margin: 0 0 0px 0;\">Atlassian Top Vendorok vagyunk<\/h3>[vc_column_text el_class=&#8221;text&#8221;]Az Atlassian fontosnak tartja, hogy csak olyan \u00e9rett v\u00e1llalatok viselhess\u00e9k az Atlassian Top Vendor c\u00edmet, melyek <b>m\u00e1r bizony\u00edtottak a ter\u00fcleten<\/b>.\u00a0 Ha minket v\u00e1lasztasz, biztos lehetsz benne, hogy nem hagyunk magadra a probl\u00e9m\u00e1iddal! Amiben sz\u00e1m\u00edthatsz r\u00e1nk:<\/p>\n<ul>\n<li>egyedi fejleszt\u00e9s\u0171, j\u00f3 min\u0151s\u00e9g\u0171 appok<\/li>\n<li>teljes k\u00f6r\u0171 dokument\u00e1ci\u00f3<\/li>\n<li>term\u00e9kt\u00e1mogat\u00e1s<\/li>\n<\/ul>\n<p>[\/vc_column_text]<a href=\"\/kapcsolat\/\" target=\"_self\" class=\"button color-2 large \" style=\"border-radius: 2px;\">AJ\u00c1NLATOT K\u00c9REK<\/a><a href=\"tel:+36302245209\" target=\"_self\" class=\"button color-3 large \" style=\"border-radius: 2px;\">+3630 224 5209<\/a>[\/vc_column][vc_column el_class=&#8221;text&#8221; width=&#8221;1\/2&#8243;]<div class=\"single_image wpb_content_element align-center    \" data-animation=\"none\" data-delay=\"0\"><img loading=\"lazy\" decoding=\"async\" width=\"300\" height=\"165\" src=\"https:\/\/moresimp.com\/wp-content\/uploads\/2020\/03\/atlassian_top_vendor_badge_small.png\" class=\"attachment-full\" alt=\"\" title=\"atlassian_top_vendor_badge_small\"><\/div>\n[\/vc_column][\/vc_row][vc_row type=&#8221;full_width_section&#8221; bg_color=&#8221;#efefef&#8221; bottom_padding=&#8221;20&#8243;][vc_column width=&#8221;1\/1&#8243;]<div class=\"single_image wpb_content_element align-left    \" data-animation=\"none\" data-delay=\"0\"><img loading=\"lazy\" decoding=\"async\" width=\"1918\" height=\"404\" src=\"https:\/\/moresimp.com\/wp-content\/uploads\/2022\/05\/Moresimp-references-szurke.jpg\" class=\"attachment-full\" alt=\"\" title=\"Moresimp-references-szurke\" srcset=\"https:\/\/moresimp.com\/wp-content\/uploads\/2022\/05\/Moresimp-references-szurke.jpg 1918w, https:\/\/moresimp.com\/wp-content\/uploads\/2022\/05\/Moresimp-references-szurke-300x63.jpg 300w, https:\/\/moresimp.com\/wp-content\/uploads\/2022\/05\/Moresimp-references-szurke-1024x216.jpg 1024w, https:\/\/moresimp.com\/wp-content\/uploads\/2022\/05\/Moresimp-references-szurke-768x162.jpg 768w, https:\/\/moresimp.com\/wp-content\/uploads\/2022\/05\/Moresimp-references-szurke-1536x324.jpg 1536w\" sizes=\"auto, (max-width: 1918px) 100vw, 1918px\"><\/div>\n[\/vc_column][\/vc_row]<\/p>\n<\/div>","protected":false},"excerpt":{"rendered":"<p>[vc_row bg_color=&#8221;#0052cc&#8221; text_color=&#8221;light&#8221; top_padding=&#8221;80&#8243; bottom_padding=&#8221;80&#8243; bg_position=&#8221;center center&#8221;][vc_column width=&#8221;2\/3&#8243;][\/vc_column][vc_column column_padding=&#8221;custom-padding&#8221; column_center=&#8221;true&#8221; width=&#8221;1\/3&#8243;][\/vc_column][\/vc_row][vc_row bg_color=&#8221;#172c4d&#8221; top_padding=&#8221;20&#8243; bottom_padding=&#8221;20&#8243;][vc_column column_padding=&#8221;custom-padding&#8221; column_center=&#8221;true&#8221; width=&#8221;2\/3&#8243;][\/vc_column][vc_column column_padding=&#8221;custom-padding&#8221; column_center=&#8221;true&#8221; text_align=&#8221;center&#8221; width=&#8221;1\/3&#8243;][\/vc_column][\/vc_row][vc_row section_arrow=&#8221;false&#8221; top_padding=&#8221;40&#8243; bottom_padding=&#8221;20&#8243;][vc_column width=&#8221;1\/1&#8243;][vc_tta_tabs color=&#8221;white&#8221; spacing=&#8221;10&#8243; alignment=&#8221;center&#8221; active_section=&#8221;1&#8243; no_fill_content_area=&#8221;true&#8221;][vc_tta_section title=&#8221;On-premise appok&#8221; tab_id=&#8221;onpremise&#8221; el_class=&#8221;harmonika&#8221;][vc_row_inner][vc_column_inner width=&#8221;1\/3&#8243;][\/vc_column_inner][vc_column_inner width=&#8221;1\/3&#8243;][\/vc_column_inner][vc_column_inner width=&#8221;1\/3&#8243;][\/vc_column_inner][\/vc_row_inner][\/vc_tta_section][vc_tta_section title=&#8221;Cloud appok&#8221; tab_id=&#8221;cloud&#8221;][vc_row_inner][vc_column_inner width=&#8221;1\/3&#8243;][\/vc_column_inner][vc_column_inner width=&#8221;1\/3&#8243;][\/vc_column_inner][vc_column_inner width=&#8221;1\/3&#8243;][\/vc_column_inner][\/vc_row_inner][vc_row_inner][vc_column_inner width=&#8221;1\/3&#8243;][\/vc_column_inner][vc_column_inner width=&#8221;1\/3&#8243;][\/vc_column_inner][vc_column_inner width=&#8221;1\/3&#8243;][\/vc_column_inner][\/vc_row_inner][\/vc_tta_section][\/vc_tta_tabs][\/vc_column][\/vc_row][vc_row bg_color=&#8221;#0052cc&#8221; top_padding=&#8221;20&#8243; bottom_padding=&#8221;20&#8243;][vc_column el_class=&#8221;text&#8221; column_padding=&#8221;custom-padding&#8221; column_center=&#8221;true&#8221; width=&#8221;1\/1&#8243;][\/vc_column][\/vc_row][vc_row section_arrow=&#8221;false&#8221; top_padding=&#8221;40&#8243; bottom_padding=&#8221;60&#8243;][vc_column el_class=&#8221;text&#8221; column_center=&#8221;true&#8221; width=&#8221;1\/2&#8243;][vc_column_text el_class=&#8221;text&#8221;]Az Atlassian fontosnak tartja, hogy csak olyan \u00e9rett v\u00e1llalatok viselhess\u00e9k az Atlassian Top Vendor c\u00edmet, melyek m\u00e1r bizony\u00edtottak a ter\u00fcleten.\u00a0 Ha minket v\u00e1lasztasz, biztos lehetsz benne, hogy nem hagyunk magadra a probl\u00e9m\u00e1iddal! Amiben sz\u00e1m\u00edthatsz r\u00e1nk: egyedi fejleszt\u00e9s\u0171, j\u00f3 min\u0151s\u00e9g\u0171 appok teljes k\u00f6r\u0171 dokument\u00e1ci\u00f3 term\u00e9kt\u00e1mogat\u00e1s [\/vc_column_text][\/vc_column][vc_column el_class=&#8221;text&#8221; width=&#8221;1\/2&#8243;][\/vc_column][\/vc_row][vc_row type=&#8221;full_width_section&#8221; bg_color=&#8221;#efefef&#8221; bottom_padding=&#8221;20&#8243;][vc_column width=&#8221;1\/1&#8243;][\/vc_column][\/vc_row]<\/p>\n","protected":false},"author":7,"featured_media":0,"parent":0,"menu_order":0,"comment_status":"closed","ping_status":"closed","template":"","meta":{"footnotes":""},"class_list":["post-5459","page","type-page","status-publish","hentry"],"yoast_head":"<!-- This site is optimized with the Yoast SEO plugin v27.3 - https:\/\/yoast.com\/product\/yoast-seo-wordpress\/ -->\n<title>Atlassian b\u0151v\u00edtm\u00e9nyek I Jira pluginok - MORESIMP<\/title>\n<meta name=\"description\" content=\"Excel funkci\u00f3k, import\/export, vagy Jelsz\u00f3kezel\u00e9s mesterfokon? Fedezd fel, mit szeret Jira kieg\u00e9sz\u00edt\u0151inkben a Boeing, vagy a McDonalds!\" \/>\n<meta name=\"robots\" content=\"index, follow, max-snippet:-1, max-image-preview:large, max-video-preview:-1\" \/>\n<link rel=\"canonical\" href=\"https:\/\/moresimp.com\/hu\/atlassian-bovitmenyek\/\" \/>\n<meta property=\"og:locale\" content=\"hu_HU\" \/>\n<meta property=\"og:type\" content=\"article\" \/>\n<meta property=\"og:title\" content=\"Atlassian b\u0151v\u00edtm\u00e9nyek I Jira pluginok - MORESIMP\" \/>\n<meta property=\"og:description\" content=\"Excel funkci\u00f3k, import\/export, vagy Jelsz\u00f3kezel\u00e9s mesterfokon? Fedezd fel, mit szeret Jira kieg\u00e9sz\u00edt\u0151inkben a Boeing, vagy a McDonalds!\" \/>\n<meta property=\"og:url\" content=\"https:\/\/moresimp.com\/hu\/atlassian-bovitmenyek\/\" \/>\n<meta property=\"og:site_name\" content=\"MORESIMP\" \/>\n<meta property=\"article:modified_time\" content=\"2024-12-12T10:56:52+00:00\" \/>\n<meta name=\"twitter:card\" content=\"summary_large_image\" \/>\n<meta name=\"twitter:label1\" content=\"Becs\u00fclt olvas\u00e1si id\u0151\" \/>\n\t<meta name=\"twitter:data1\" content=\"4 perc\" \/>\n<script type=\"application\/ld+json\" class=\"yoast-schema-graph\">{\"@context\":\"https:\\\/\\\/schema.org\",\"@graph\":[{\"@type\":\"WebPage\",\"@id\":\"https:\\\/\\\/moresimp.com\\\/hu\\\/atlassian-bovitmenyek\\\/\",\"url\":\"https:\\\/\\\/moresimp.com\\\/hu\\\/atlassian-bovitmenyek\\\/\",\"name\":\"Atlassian b\u0151v\u00edtm\u00e9nyek I Jira pluginok - MORESIMP\",\"isPartOf\":{\"@id\":\"https:\\\/\\\/moresimp.com\\\/hu\\\/#website\"},\"datePublished\":\"2020-03-30T15:38:50+00:00\",\"dateModified\":\"2024-12-12T10:56:52+00:00\",\"description\":\"Excel funkci\u00f3k, import\\\/export, vagy Jelsz\u00f3kezel\u00e9s mesterfokon? Fedezd fel, mit szeret Jira kieg\u00e9sz\u00edt\u0151inkben a Boeing, vagy a McDonalds!\",\"breadcrumb\":{\"@id\":\"https:\\\/\\\/moresimp.com\\\/hu\\\/atlassian-bovitmenyek\\\/#breadcrumb\"},\"inLanguage\":\"hu\",\"potentialAction\":[{\"@type\":\"ReadAction\",\"target\":[\"https:\\\/\\\/moresimp.com\\\/hu\\\/atlassian-bovitmenyek\\\/\"]}]},{\"@type\":\"BreadcrumbList\",\"@id\":\"https:\\\/\\\/moresimp.com\\\/hu\\\/atlassian-bovitmenyek\\\/#breadcrumb\",\"itemListElement\":[{\"@type\":\"ListItem\",\"position\":1,\"name\":\"Home\",\"item\":\"https:\\\/\\\/moresimp.com\\\/hu\\\/\"},{\"@type\":\"ListItem\",\"position\":2,\"name\":\"Atlassian b\u0151v\u00edtm\u00e9nyek I Jira pluginok\"}]},{\"@type\":\"WebSite\",\"@id\":\"https:\\\/\\\/moresimp.com\\\/hu\\\/#website\",\"url\":\"https:\\\/\\\/moresimp.com\\\/hu\\\/\",\"name\":\"MORESIMP\",\"description\":\"Smart software, more life.\",\"potentialAction\":[{\"@type\":\"SearchAction\",\"target\":{\"@type\":\"EntryPoint\",\"urlTemplate\":\"https:\\\/\\\/moresimp.com\\\/hu\\\/?s={search_term_string}\"},\"query-input\":{\"@type\":\"PropertyValueSpecification\",\"valueRequired\":true,\"valueName\":\"search_term_string\"}}],\"inLanguage\":\"hu\"}]}<\/script>\n<!-- \/ Yoast SEO plugin. -->","yoast_head_json":{"title":"Atlassian b\u0151v\u00edtm\u00e9nyek I Jira pluginok - MORESIMP","description":"Excel funkci\u00f3k, import\/export, vagy Jelsz\u00f3kezel\u00e9s mesterfokon? Fedezd fel, mit szeret Jira kieg\u00e9sz\u00edt\u0151inkben a Boeing, vagy a McDonalds!","robots":{"index":"index","follow":"follow","max-snippet":"max-snippet:-1","max-image-preview":"max-image-preview:large","max-video-preview":"max-video-preview:-1"},"canonical":"https:\/\/moresimp.com\/hu\/atlassian-bovitmenyek\/","og_locale":"hu_HU","og_type":"article","og_title":"Atlassian b\u0151v\u00edtm\u00e9nyek I Jira pluginok - MORESIMP","og_description":"Excel funkci\u00f3k, import\/export, vagy Jelsz\u00f3kezel\u00e9s mesterfokon? Fedezd fel, mit szeret Jira kieg\u00e9sz\u00edt\u0151inkben a Boeing, vagy a McDonalds!","og_url":"https:\/\/moresimp.com\/hu\/atlassian-bovitmenyek\/","og_site_name":"MORESIMP","article_modified_time":"2024-12-12T10:56:52+00:00","twitter_card":"summary_large_image","twitter_misc":{"Becs\u00fclt olvas\u00e1si id\u0151":"4 perc"},"schema":{"@context":"https:\/\/schema.org","@graph":[{"@type":"WebPage","@id":"https:\/\/moresimp.com\/hu\/atlassian-bovitmenyek\/","url":"https:\/\/moresimp.com\/hu\/atlassian-bovitmenyek\/","name":"Atlassian b\u0151v\u00edtm\u00e9nyek I Jira pluginok - MORESIMP","isPartOf":{"@id":"https:\/\/moresimp.com\/hu\/#website"},"datePublished":"2020-03-30T15:38:50+00:00","dateModified":"2024-12-12T10:56:52+00:00","description":"Excel funkci\u00f3k, import\/export, vagy Jelsz\u00f3kezel\u00e9s mesterfokon? Fedezd fel, mit szeret Jira kieg\u00e9sz\u00edt\u0151inkben a Boeing, vagy a McDonalds!","breadcrumb":{"@id":"https:\/\/moresimp.com\/hu\/atlassian-bovitmenyek\/#breadcrumb"},"inLanguage":"hu","potentialAction":[{"@type":"ReadAction","target":["https:\/\/moresimp.com\/hu\/atlassian-bovitmenyek\/"]}]},{"@type":"BreadcrumbList","@id":"https:\/\/moresimp.com\/hu\/atlassian-bovitmenyek\/#breadcrumb","itemListElement":[{"@type":"ListItem","position":1,"name":"Home","item":"https:\/\/moresimp.com\/hu\/"},{"@type":"ListItem","position":2,"name":"Atlassian b\u0151v\u00edtm\u00e9nyek I Jira pluginok"}]},{"@type":"WebSite","@id":"https:\/\/moresimp.com\/hu\/#website","url":"https:\/\/moresimp.com\/hu\/","name":"MORESIMP","description":"Smart software, more life.","potentialAction":[{"@type":"SearchAction","target":{"@type":"EntryPoint","urlTemplate":"https:\/\/moresimp.com\/hu\/?s={search_term_string}"},"query-input":{"@type":"PropertyValueSpecification","valueRequired":true,"valueName":"search_term_string"}}],"inLanguage":"hu"}]}},"_links":{"self":[{"href":"https:\/\/moresimp.com\/hu\/wp-json\/wp\/v2\/pages\/5459","targetHints":{"allow":["GET"]}}],"collection":[{"href":"https:\/\/moresimp.com\/hu\/wp-json\/wp\/v2\/pages"}],"about":[{"href":"https:\/\/moresimp.com\/hu\/wp-json\/wp\/v2\/types\/page"}],"author":[{"embeddable":true,"href":"https:\/\/moresimp.com\/hu\/wp-json\/wp\/v2\/users\/7"}],"replies":[{"embeddable":true,"href":"https:\/\/moresimp.com\/hu\/wp-json\/wp\/v2\/comments?post=5459"}],"version-history":[{"count":86,"href":"https:\/\/moresimp.com\/hu\/wp-json\/wp\/v2\/pages\/5459\/revisions"}],"predecessor-version":[{"id":25556,"href":"https:\/\/moresimp.com\/hu\/wp-json\/wp\/v2\/pages\/5459\/revisions\/25556"}],"wp:attachment":[{"href":"https:\/\/moresimp.com\/hu\/wp-json\/wp\/v2\/media?parent=5459"}],"curies":[{"name":"wp","href":"https:\/\/api.w.org\/{rel}","templated":true}]}}