{"id":5552,"date":"2020-03-30T17:51:17","date_gmt":"2020-03-30T17:51:17","guid":{"rendered":"https:\/\/moresimp.com\/?page_id=5552"},"modified":"2022-05-05T08:35:34","modified_gmt":"2022-05-05T08:35:34","slug":"onallo-szoftverek","status":"publish","type":"page","link":"https:\/\/moresimp.com\/hu\/onallo-szoftverek\/","title":{"rendered":"\u00d6n\u00e1ll\u00f3 szoftverek I Jelsz\u00f3kezel\u00e9s I Projektmenedzsment"},"content":{"rendered":"<div class=\"wpb-content-wrapper\"><p>[vc_row bg_color=&#8221;#0052cc&#8221; text_color=&#8221;light&#8221; top_padding=&#8221;80&#8243; bottom_padding=&#8221;80&#8243; bg_position=&#8221;center center&#8221;][vc_column width=&#8221;2\/3&#8243;]<h1 class=\"headline font-special fontsize-xxl fontweight-600 lh-inherit align-left transform-inherit \" style=\"margin: 0; color: #ffffff;\">K\u00e9sz \u00fczleti megold\u00e1saink<\/h1><h2 class=\"headline font-special fontsize-l fontweight-600 lh-inherit align-left transform-inherit \" style=\"margin: 0; color: #ffffff;\">Jelsz\u00f3kezel\u00e9s, munkaer\u0151 kiv\u00e1laszt\u00e1s<\/h2>[\/vc_column][vc_column column_padding=&#8221;custom-padding&#8221; column_center=&#8221;true&#8221; width=&#8221;1\/3&#8243;][\/vc_column][\/vc_row][vc_row section_arrow=&#8221;false&#8221; top_padding=&#8221;40&#8243; bottom_padding=&#8221;20&#8243;][vc_column width=&#8221;1\/1&#8243;]<h2 class=\"headline font-inherit fontsize-xl fontweight-inherit lh-inherit align-center transform-inherit \" style=\"margin: 0 0 0px 0;\">F\u00fcggetlen fejleszt\u00e9seink<\/h2>[\/vc_column][\/vc_row][vc_row section_arrow=&#8221;false&#8221; top_padding=&#8221;40&#8243; bottom_padding=&#8221;60&#8243;][vc_column width=&#8221;1\/2&#8243;]<div class=\"video-embed  wpb_content_element\"><iframe loading=\"lazy\" title=\"PassMan v\u00e1llalati jelsz\u00f3kezel\u0151 - \u00cdgy haszn\u00e1ld!\" width=\"1161\" height=\"653\" src=\"https:\/\/www.youtube.com\/embed\/Re6FBdcsHZU?feature=oembed\" frameborder=\"0\" allow=\"accelerometer; autoplay; clipboard-write; encrypted-media; gyroscope; picture-in-picture; web-share\" referrerpolicy=\"strict-origin-when-cross-origin\" allowfullscreen><\/iframe><\/div>[\/vc_column][vc_column el_class=&#8221;text&#8221; column_padding=&#8221;custom-padding&#8221; column_center=&#8221;true&#8221; width=&#8221;1\/2&#8243;]<h2 class=\"headline font-inherit fontsize-l fontweight-inherit lh-inherit align-left transform-inherit \" style=\"margin: 0 0 0px 0;\">PassMan &#8211; \u00fczleti jelsz\u00f3kezel\u00e9s<\/h2>[vc_column_text el_class=&#8221;text&#8221;]A PassMan c\u00e9ges jelsz\u00f3kezel\u0151 szoftver titkos\u00edtva t\u00e1rolja, jogosults\u00e1g alapj\u00e1n kiadja, \u00e9s az elfogadott jelsz\u00f3ir\u00e1nyelvnek megfelel\u0151en ak\u00e1r automatikusan megv\u00e1ltoztatja a k\u00f6z\u00f6sen haszn\u00e1lt jelszavakat.<\/p>\n<p><strong>Milyen ter\u00fcleteken hasznos?<\/strong><\/p>\n<ul>\n<li>IT \u00fczemeltet\u00e9s \u00e9s t\u00e1mogat\u00e1s<\/li>\n<li>E-kereskedelem<\/li>\n<li>P\u00e9nz\u00fcgy<\/li>\n<\/ul>\n<p>[\/vc_column_text]<a href=\"https:\/\/moresimp.com\/hu\/passman-vallalati-jelszokezelo\/\" target=\"_self\" class=\"button color-3 large \" style=\"border-radius: 2px;\">TERM\u00c9KOLDAL<\/a><a href=\"https:\/\/passman.co\/probald-ki\/\" target=\"_self\" class=\"button color-2 large \" style=\"border-radius: 2px;\">PR\u00d3B\u00c1LD KI!<\/a>[\/vc_column][\/vc_row][vc_row bg_image=&#8221;5469&#8243; bg_color=&#8221;#f4f4f4&#8243; top_padding=&#8221;80&#8243; bottom_padding=&#8221;80&#8243;][vc_column el_class=&#8221;text&#8221; column_padding=&#8221;custom-padding&#8221; column_center=&#8221;true&#8221; width=&#8221;1\/2&#8243;]<h2 class=\"headline font-inherit fontsize-l fontweight-inherit lh-inherit align-left transform-inherit \" style=\"margin: 0 0 0px 0;\">Zenployd &#8211; HR toborz\u00e1si szoftver \u00e9s karrieroldal<\/h2><h2 class=\"headline font-inherit fontsize-m fontweight-inherit lh-inherit align-left transform-inherit \" style=\"margin: 0 0 20px 0; color: #0052cc;\">Most ingyen a tied lehet!<\/h2>[vc_column_text el_class=&#8221;text&#8221;]A Zenployd egy olyan\u00a0 toborz\u00e1si \u00e9s kiv\u00e1laszt\u00e1si szoftver, mely nem csak a HR adminisztr\u00e1ci\u00f3t cs\u00f6kkenti, hanem el\u0151seg\u00edti a folyamatban r\u00e9sztvev\u0151 csapattagok kollabor\u00e1ci\u00f3j\u00e1t &#8211; a GDPR szab\u00e1lyainak megfelel\u0151en.<\/p>\n<p><strong>Mi\u00e9rt hasznos?<\/strong><\/p>\n<ul>\n<li>Minden jelentkez\u00e9st egy helyen t\u00e1rolhatsz<\/li>\n<li>L\u00e9trehozhatsz HR-folyamat sablonokat<\/li>\n<li>A kiv\u00e1laszt\u00e1sba bevonhatod munkat\u00e1rsaidat<\/li>\n<li>Egyetlen fel\u00fcleten kezelheted a visszajelz\u00e9seket<\/li>\n<li>Saj\u00e1t karrieroldalad lehet<\/li>\n<\/ul>\n<p>[\/vc_column_text]<a href=\"https:\/\/zenployd.com\/\" target=\"_self\" class=\"button color-3 large \" style=\"border-radius: 2px;\">TERM\u00c9KOLDAL<\/a>[\/vc_column][vc_column width=&#8221;1\/2&#8243;][\/vc_column][\/vc_row]<\/p>\n<\/div>","protected":false},"excerpt":{"rendered":"<p>[vc_row bg_color=&#8221;#0052cc&#8221; text_color=&#8221;light&#8221; top_padding=&#8221;80&#8243; bottom_padding=&#8221;80&#8243; bg_position=&#8221;center center&#8221;][vc_column width=&#8221;2\/3&#8243;][\/vc_column][vc_column column_padding=&#8221;custom-padding&#8221; column_center=&#8221;true&#8221; width=&#8221;1\/3&#8243;][\/vc_column][\/vc_row][vc_row section_arrow=&#8221;false&#8221; top_padding=&#8221;40&#8243; bottom_padding=&#8221;20&#8243;][vc_column width=&#8221;1\/1&#8243;][\/vc_column][\/vc_row][vc_row section_arrow=&#8221;false&#8221; top_padding=&#8221;40&#8243; bottom_padding=&#8221;60&#8243;][vc_column width=&#8221;1\/2&#8243;][\/vc_column][vc_column el_class=&#8221;text&#8221; column_padding=&#8221;custom-padding&#8221; column_center=&#8221;true&#8221; width=&#8221;1\/2&#8243;][vc_column_text el_class=&#8221;text&#8221;]A PassMan c\u00e9ges jelsz\u00f3kezel\u0151 szoftver titkos\u00edtva t\u00e1rolja, jogosults\u00e1g alapj\u00e1n kiadja, \u00e9s az elfogadott jelsz\u00f3ir\u00e1nyelvnek megfelel\u0151en ak\u00e1r automatikusan megv\u00e1ltoztatja a k\u00f6z\u00f6sen haszn\u00e1lt jelszavakat. Milyen ter\u00fcleteken hasznos? IT \u00fczemeltet\u00e9s \u00e9s t\u00e1mogat\u00e1s E-kereskedelem P\u00e9nz\u00fcgy [\/vc_column_text][\/vc_column][\/vc_row][vc_row bg_image=&#8221;5469&#8243; bg_color=&#8221;#f4f4f4&#8243; top_padding=&#8221;80&#8243; bottom_padding=&#8221;80&#8243;][vc_column el_class=&#8221;text&#8221; column_padding=&#8221;custom-padding&#8221; column_center=&#8221;true&#8221; width=&#8221;1\/2&#8243;][vc_column_text el_class=&#8221;text&#8221;]A Zenployd egy olyan\u00a0 toborz\u00e1si \u00e9s kiv\u00e1laszt\u00e1si szoftver, mely nem csak a HR adminisztr\u00e1ci\u00f3t cs\u00f6kkenti, hanem el\u0151seg\u00edti a folyamatban r\u00e9sztvev\u0151 csapattagok kollabor\u00e1ci\u00f3j\u00e1t &#8211; a GDPR szab\u00e1lyainak megfelel\u0151en. Mi\u00e9rt hasznos? Minden jelentkez\u00e9st egy helyen t\u00e1rolhatsz L\u00e9trehozhatsz HR-folyamat sablonokat A kiv\u00e1laszt\u00e1sba bevonhatod munkat\u00e1rsaidat Egyetlen fel\u00fcleten kezelheted a visszajelz\u00e9seket Saj\u00e1t karrieroldalad lehet [\/vc_column_text][\/vc_column][vc_column width=&#8221;1\/2&#8243;][\/vc_column][\/vc_row]<\/p>\n","protected":false},"author":7,"featured_media":0,"parent":0,"menu_order":0,"comment_status":"closed","ping_status":"closed","template":"","meta":{"footnotes":""},"class_list":["post-5552","page","type-page","status-publish","hentry"],"yoast_head":"<!-- This site is optimized with the Yoast SEO plugin v27.5 - https:\/\/yoast.com\/product\/yoast-seo-wordpress\/ -->\n<title>\u00d6n\u00e1ll\u00f3 szoftverek I Jelsz\u00f3kezel\u00e9s I Projektmenedzsment - MORESIMP<\/title>\n<meta name=\"description\" content=\"K\u00e9sz \u00fczleti megold\u00e1saink: jelsz\u00f3kezel\u00e9s, munkaer\u0151kiv\u00e1laszt\u00e1s, projektmenedzsment.\" \/>\n<meta name=\"robots\" content=\"index, follow, max-snippet:-1, max-image-preview:large, max-video-preview:-1\" \/>\n<link rel=\"canonical\" href=\"https:\/\/moresimp.com\/hu\/onallo-szoftverek\/\" \/>\n<meta property=\"og:locale\" content=\"hu_HU\" \/>\n<meta property=\"og:type\" content=\"article\" \/>\n<meta property=\"og:title\" content=\"\u00d6n\u00e1ll\u00f3 szoftverek I Jelsz\u00f3kezel\u00e9s I Projektmenedzsment - MORESIMP\" \/>\n<meta property=\"og:description\" content=\"K\u00e9sz \u00fczleti megold\u00e1saink: jelsz\u00f3kezel\u00e9s, munkaer\u0151kiv\u00e1laszt\u00e1s, projektmenedzsment.\" \/>\n<meta property=\"og:url\" content=\"https:\/\/moresimp.com\/hu\/onallo-szoftverek\/\" \/>\n<meta property=\"og:site_name\" content=\"MORESIMP\" \/>\n<meta property=\"article:modified_time\" content=\"2022-05-05T08:35:34+00:00\" \/>\n<meta name=\"twitter:card\" content=\"summary_large_image\" \/>\n<meta name=\"twitter:label1\" content=\"Becs\u00fclt olvas\u00e1si id\u0151\" \/>\n\t<meta name=\"twitter:data1\" content=\"1 perc\" \/>\n<script type=\"application\/ld+json\" class=\"yoast-schema-graph\">{\"@context\":\"https:\\\/\\\/schema.org\",\"@graph\":[{\"@type\":\"WebPage\",\"@id\":\"https:\\\/\\\/moresimp.com\\\/hu\\\/onallo-szoftverek\\\/\",\"url\":\"https:\\\/\\\/moresimp.com\\\/hu\\\/onallo-szoftverek\\\/\",\"name\":\"\u00d6n\u00e1ll\u00f3 szoftverek I Jelsz\u00f3kezel\u00e9s I Projektmenedzsment - MORESIMP\",\"isPartOf\":{\"@id\":\"https:\\\/\\\/moresimp.com\\\/hu\\\/#website\"},\"datePublished\":\"2020-03-30T17:51:17+00:00\",\"dateModified\":\"2022-05-05T08:35:34+00:00\",\"description\":\"K\u00e9sz \u00fczleti megold\u00e1saink: jelsz\u00f3kezel\u00e9s, munkaer\u0151kiv\u00e1laszt\u00e1s, projektmenedzsment.\",\"breadcrumb\":{\"@id\":\"https:\\\/\\\/moresimp.com\\\/hu\\\/onallo-szoftverek\\\/#breadcrumb\"},\"inLanguage\":\"hu\",\"potentialAction\":[{\"@type\":\"ReadAction\",\"target\":[\"https:\\\/\\\/moresimp.com\\\/hu\\\/onallo-szoftverek\\\/\"]}]},{\"@type\":\"BreadcrumbList\",\"@id\":\"https:\\\/\\\/moresimp.com\\\/hu\\\/onallo-szoftverek\\\/#breadcrumb\",\"itemListElement\":[{\"@type\":\"ListItem\",\"position\":1,\"name\":\"Home\",\"item\":\"https:\\\/\\\/moresimp.com\\\/hu\\\/\"},{\"@type\":\"ListItem\",\"position\":2,\"name\":\"\u00d6n\u00e1ll\u00f3 szoftverek I Jelsz\u00f3kezel\u00e9s I Projektmenedzsment\"}]},{\"@type\":\"WebSite\",\"@id\":\"https:\\\/\\\/moresimp.com\\\/hu\\\/#website\",\"url\":\"https:\\\/\\\/moresimp.com\\\/hu\\\/\",\"name\":\"MORESIMP\",\"description\":\"Smart software, more life.\",\"potentialAction\":[{\"@type\":\"SearchAction\",\"target\":{\"@type\":\"EntryPoint\",\"urlTemplate\":\"https:\\\/\\\/moresimp.com\\\/hu\\\/?s={search_term_string}\"},\"query-input\":{\"@type\":\"PropertyValueSpecification\",\"valueRequired\":true,\"valueName\":\"search_term_string\"}}],\"inLanguage\":\"hu\"}]}<\/script>\n<!-- \/ Yoast SEO plugin. -->","yoast_head_json":{"title":"\u00d6n\u00e1ll\u00f3 szoftverek I Jelsz\u00f3kezel\u00e9s I Projektmenedzsment - MORESIMP","description":"K\u00e9sz \u00fczleti megold\u00e1saink: jelsz\u00f3kezel\u00e9s, munkaer\u0151kiv\u00e1laszt\u00e1s, projektmenedzsment.","robots":{"index":"index","follow":"follow","max-snippet":"max-snippet:-1","max-image-preview":"max-image-preview:large","max-video-preview":"max-video-preview:-1"},"canonical":"https:\/\/moresimp.com\/hu\/onallo-szoftverek\/","og_locale":"hu_HU","og_type":"article","og_title":"\u00d6n\u00e1ll\u00f3 szoftverek I Jelsz\u00f3kezel\u00e9s I Projektmenedzsment - MORESIMP","og_description":"K\u00e9sz \u00fczleti megold\u00e1saink: jelsz\u00f3kezel\u00e9s, munkaer\u0151kiv\u00e1laszt\u00e1s, projektmenedzsment.","og_url":"https:\/\/moresimp.com\/hu\/onallo-szoftverek\/","og_site_name":"MORESIMP","article_modified_time":"2022-05-05T08:35:34+00:00","twitter_card":"summary_large_image","twitter_misc":{"Becs\u00fclt olvas\u00e1si id\u0151":"1 perc"},"schema":{"@context":"https:\/\/schema.org","@graph":[{"@type":"WebPage","@id":"https:\/\/moresimp.com\/hu\/onallo-szoftverek\/","url":"https:\/\/moresimp.com\/hu\/onallo-szoftverek\/","name":"\u00d6n\u00e1ll\u00f3 szoftverek I Jelsz\u00f3kezel\u00e9s I Projektmenedzsment - MORESIMP","isPartOf":{"@id":"https:\/\/moresimp.com\/hu\/#website"},"datePublished":"2020-03-30T17:51:17+00:00","dateModified":"2022-05-05T08:35:34+00:00","description":"K\u00e9sz \u00fczleti megold\u00e1saink: jelsz\u00f3kezel\u00e9s, munkaer\u0151kiv\u00e1laszt\u00e1s, projektmenedzsment.","breadcrumb":{"@id":"https:\/\/moresimp.com\/hu\/onallo-szoftverek\/#breadcrumb"},"inLanguage":"hu","potentialAction":[{"@type":"ReadAction","target":["https:\/\/moresimp.com\/hu\/onallo-szoftverek\/"]}]},{"@type":"BreadcrumbList","@id":"https:\/\/moresimp.com\/hu\/onallo-szoftverek\/#breadcrumb","itemListElement":[{"@type":"ListItem","position":1,"name":"Home","item":"https:\/\/moresimp.com\/hu\/"},{"@type":"ListItem","position":2,"name":"\u00d6n\u00e1ll\u00f3 szoftverek I Jelsz\u00f3kezel\u00e9s I Projektmenedzsment"}]},{"@type":"WebSite","@id":"https:\/\/moresimp.com\/hu\/#website","url":"https:\/\/moresimp.com\/hu\/","name":"MORESIMP","description":"Smart software, more life.","potentialAction":[{"@type":"SearchAction","target":{"@type":"EntryPoint","urlTemplate":"https:\/\/moresimp.com\/hu\/?s={search_term_string}"},"query-input":{"@type":"PropertyValueSpecification","valueRequired":true,"valueName":"search_term_string"}}],"inLanguage":"hu"}]}},"_links":{"self":[{"href":"https:\/\/moresimp.com\/hu\/wp-json\/wp\/v2\/pages\/5552","targetHints":{"allow":["GET"]}}],"collection":[{"href":"https:\/\/moresimp.com\/hu\/wp-json\/wp\/v2\/pages"}],"about":[{"href":"https:\/\/moresimp.com\/hu\/wp-json\/wp\/v2\/types\/page"}],"author":[{"embeddable":true,"href":"https:\/\/moresimp.com\/hu\/wp-json\/wp\/v2\/users\/7"}],"replies":[{"embeddable":true,"href":"https:\/\/moresimp.com\/hu\/wp-json\/wp\/v2\/comments?post=5552"}],"version-history":[{"count":40,"href":"https:\/\/moresimp.com\/hu\/wp-json\/wp\/v2\/pages\/5552\/revisions"}],"predecessor-version":[{"id":8521,"href":"https:\/\/moresimp.com\/hu\/wp-json\/wp\/v2\/pages\/5552\/revisions\/8521"}],"wp:attachment":[{"href":"https:\/\/moresimp.com\/hu\/wp-json\/wp\/v2\/media?parent=5552"}],"curies":[{"name":"wp","href":"https:\/\/api.w.org\/{rel}","templated":true}]}}