{"id":5768,"date":"2020-04-22T12:50:54","date_gmt":"2020-04-22T12:50:54","guid":{"rendered":"https:\/\/moresimp.com\/?page_id=5768"},"modified":"2021-06-25T10:49:38","modified_gmt":"2021-06-25T10:49:38","slug":"jira-kapcsolat","status":"publish","type":"page","link":"https:\/\/moresimp.com\/hu\/jira-kapcsolat\/","title":{"rendered":"Jira kapcsolat"},"content":{"rendered":"<div class=\"wpb-content-wrapper\"><p>[vc_row bg_image=&#8221;6380&#8243; bg_color=&#8221;#ffffff&#8221; top_padding=&#8221;100&#8243; bottom_padding=&#8221;100&#8243;][vc_column width=&#8221;8\/12&#8243;]<h1 class=\"headline font-inherit fontsize-xxl fontweight-600 lh-inherit align-left transform-inherit \" style=\"margin: 0 0 20px 0; color: #5f5f5f;\">Jira \u00e9rdekl\u0151d\u00e9s<\/h1><h2 class=\"headline font-inherit fontsize-xl fontweight-inherit lh-inherit align-left transform-inherit \" style=\"margin: 0 0 0px 0;\">M\u00e1r ismered a term\u00e9ket?<br \/>\n<\/h2><h3 class=\"headline font-inherit fontsize-m fontweight-inherit lh-inherit align-left transform-inherit \" style=\"margin: 0 0 0px 0;\">Kisebb csapatoknak a szoftver ingyeness\u00e9 v\u00e1lt! Jelentkezz a r\u00e9szletek\u00e9rt!<br \/>\n<\/h3>[\/vc_column][vc_column width=&#8221;4\/12&#8243;]\n<div class=\"wpcf7 no-js\" id=\"wpcf7-f5765-o1\" lang=\"hu-HU\" dir=\"ltr\" data-wpcf7-id=\"5765\">\n<div class=\"screen-reader-response\"><p role=\"status\" aria-live=\"polite\" aria-atomic=\"true\"><\/p> <ul><\/ul><\/div>\n<form action=\"\/hu\/wp-json\/wp\/v2\/pages\/5768#wpcf7-f5765-o1\" method=\"post\" class=\"wpcf7-form init 1afc3c664a02 cmatic-disconn cmatic-aud-2 cmatic-mapd0-0 cmatic-v0978 cmatic-sent-0 cmatic-total-191\" aria-label=\"Kapcsolatfelv\u00e9teli \u0171rlap\" novalidate=\"novalidate\" data-status=\"init\">\n<fieldset class=\"hidden-fields-container\"><input type=\"hidden\" name=\"_wpcf7\" value=\"5765\" \/><input type=\"hidden\" name=\"_wpcf7_version\" value=\"6.1.5\" \/><input type=\"hidden\" name=\"_wpcf7_locale\" value=\"hu_HU\" \/><input type=\"hidden\" name=\"_wpcf7_unit_tag\" value=\"wpcf7-f5765-o1\" \/><input type=\"hidden\" name=\"_wpcf7_container_post\" value=\"0\" \/><input type=\"hidden\" name=\"_wpcf7_posted_data_hash\" value=\"\" \/><input type=\"hidden\" name=\"_wpcf7_recaptcha_response\" value=\"\" \/>\n<\/fieldset>\n<p><label> N\u00e9v (*)<br \/>\n<span class=\"wpcf7-form-control-wrap\" data-name=\"your-name\"><input size=\"40\" maxlength=\"400\" class=\"wpcf7-form-control wpcf7-text wpcf7-validates-as-required\" aria-required=\"true\" aria-invalid=\"false\" value=\"\" type=\"text\" name=\"your-name\" \/><\/span> <\/label>\n<\/p>\n<p><label> E-mail c\u00edm (*)<br \/>\n<span class=\"wpcf7-form-control-wrap\" data-name=\"your-email\"><input size=\"40\" maxlength=\"400\" class=\"wpcf7-form-control wpcf7-email wpcf7-validates-as-required wpcf7-text wpcf7-validates-as-email\" aria-required=\"true\" aria-invalid=\"false\" value=\"\" type=\"email\" name=\"your-email\" \/><\/span> <\/label>\n<\/p>\n<p><label> C\u00e9gn\u00e9v (*)<br \/>\n<span class=\"wpcf7-form-control-wrap\" data-name=\"Cgnv\"><input size=\"40\" maxlength=\"400\" class=\"wpcf7-form-control wpcf7-text wpcf7-validates-as-required\" aria-required=\"true\" aria-invalid=\"false\" value=\"\" type=\"text\" name=\"Cgnv\" \/><\/span> <\/label>\n<\/p>\n<p><label> Telefonsz\u00e1m (*)<br \/>\n<span class=\"wpcf7-form-control-wrap\" data-name=\"Tel\"><input size=\"40\" maxlength=\"400\" class=\"wpcf7-form-control wpcf7-tel wpcf7-validates-as-required wpcf7-text wpcf7-validates-as-tel\" aria-required=\"true\" aria-invalid=\"false\" value=\"\" type=\"tel\" name=\"Tel\" \/><\/span> <\/label>\n<\/p>\n<p>Melyik term\u00e9k \u00e9rdekel?\n<\/p>\n<p><span class=\"wpcf7-form-control-wrap\" data-name=\"checkbox-940\"><span class=\"wpcf7-form-control wpcf7-checkbox\"><span class=\"wpcf7-list-item first\"><input type=\"checkbox\" name=\"checkbox-940[]\" value=\"Jira Work Management (cloud) - \u00fczleti csapatoknak\" \/><span class=\"wpcf7-list-item-label\">Jira Work Management (cloud) - \u00fczleti csapatoknak<\/span><\/span><span class=\"wpcf7-list-item last\"><input type=\"checkbox\" name=\"checkbox-940[]\" value=\"Jira Software (cloud, Data Center) - \u00fczleti \u00e9s fejleszt\u0151i csapatoknak\" \/><span class=\"wpcf7-list-item-label\">Jira Software (cloud, Data Center) - \u00fczleti \u00e9s fejleszt\u0151i csapatoknak<\/span><\/span><\/span><\/span>\n<\/p>\n<p>Miben seg\u00edthet\u00fcnk?\n<\/p>\n<p><span class=\"wpcf7-form-control-wrap\" data-name=\"checkbox-74\"><span class=\"wpcf7-form-control wpcf7-checkbox\"><span class=\"wpcf7-list-item first\"><input type=\"checkbox\" name=\"checkbox-74[]\" value=\"Ingyenes szoftver - 10 felhaszn\u00e1l\u00f3ig\" \/><span class=\"wpcf7-list-item-label\">Ingyenes szoftver - 10 felhaszn\u00e1l\u00f3ig<\/span><\/span><span class=\"wpcf7-list-item last\"><input type=\"checkbox\" name=\"checkbox-74[]\" value=\"\u00c1raj\u00e1nlat - 10 felhaszn\u00e1l\u00f3 felett\" \/><span class=\"wpcf7-list-item-label\">\u00c1raj\u00e1nlat - 10 felhaszn\u00e1l\u00f3 felett<\/span><\/span><\/span><\/span>\n<\/p>\n<p>\n<span class=\"wpcf7-form-control-wrap recaptcha\" data-name=\"recaptcha\"><span data-sitekey=\"6Lfb6QkTAAAAAKz1Q1HL0bPKQzNYZf0ycia0CxKa\" class=\"wpcf7-form-control wpcf7-recaptcha g-recaptcha\"><\/span>\r\n<noscript>\r\n\t<div class=\"grecaptcha-noscript\">\r\n\t\t<iframe loading=\"lazy\" src=\"https:\/\/www.google.com\/recaptcha\/api\/fallback?k=6Lfb6QkTAAAAAKz1Q1HL0bPKQzNYZf0ycia0CxKa\" frameborder=\"0\" scrolling=\"no\" width=\"310\" height=\"430\">\r\n\t\t<\/iframe>\r\n\t\t<textarea name=\"g-recaptcha-response\" rows=\"3\" cols=\"40\" placeholder=\"reCaptcha Response Here\">\r\n\t\t<\/textarea>\r\n\t<\/div>\r\n<\/noscript>\r\n<\/span>\n<\/p>\n<p><span class=\"wpcf7-form-control-wrap\" data-name=\"accept-this-1\"><span class=\"wpcf7-form-control wpcf7-acceptance\"><span class=\"wpcf7-list-item\"><label><input type=\"checkbox\" name=\"accept-this-1\" value=\"1\" aria-invalid=\"false\" \/><span class=\"wpcf7-list-item-label\">Kifejezetten hozz\u00e1j\u00e1rulok ahhoz, hogy kapcsolattart\u00e1s c\u00e9lj\u00e1b\u00f3l a szolg\u00e1ltat\u00f3 az \u00e1ltalam megadott szem\u00e9lyes adataimat felhaszn\u00e1lja.<\/span><\/label><\/span><\/span><\/span><br \/>\n<span class=\"wpcf7-form-control-wrap\" data-name=\"accept-this-2\"><span class=\"wpcf7-form-control wpcf7-acceptance\"><span class=\"wpcf7-list-item\"><label><input type=\"checkbox\" name=\"accept-this-2\" value=\"1\" aria-invalid=\"false\" \/><span class=\"wpcf7-list-item-label\">Elolvastam \u00e9s tudom\u00e1sul vettem az <a href=\"\/hu\/aszf\/\">\u00c1SZF<\/a> \u00e9s az <a href=\"\/hu\/adatkezelesi-tajekoztato\/\">Adatkezel\u00e9si t\u00e1j\u00e9koztat\u00f3<\/a> tartalm\u00e1t.<\/span><\/label><\/span><\/span><\/span>\n<\/p>\n<p><input class=\"wpcf7-form-control wpcf7-submit has-spinner\" type=\"submit\" value=\"K\u00fcld\u00e9s\" \/>\n<\/p>\n<p><script>\ndocument.addEventListener( 'wpcf7mailsent', function( event ) {\n location = 'https:\/\/moresimp.com\/hu\/koszonjuk-jira\/';\n}, false );\n<\/script>\n<\/p><div class=\"wpcf7-response-output\" aria-hidden=\"true\"><\/div>\n<\/form>\n<\/div>\n[\/vc_column][\/vc_row]<\/p>\n<\/div>","protected":false},"excerpt":{"rendered":"<p>[vc_row bg_image=&#8221;6380&#8243; bg_color=&#8221;#ffffff&#8221; top_padding=&#8221;100&#8243; bottom_padding=&#8221;100&#8243;][vc_column width=&#8221;8\/12&#8243;][\/vc_column][vc_column width=&#8221;4\/12&#8243;][\/vc_column][\/vc_row]<\/p>\n","protected":false},"author":7,"featured_media":0,"parent":0,"menu_order":0,"comment_status":"closed","ping_status":"closed","template":"","meta":{"footnotes":""},"class_list":["post-5768","page","type-page","status-publish","hentry"],"yoast_head":"<!-- This site is optimized with the Yoast SEO plugin v27.3 - https:\/\/yoast.com\/product\/yoast-seo-wordpress\/ -->\n<title>Jira kapcsolat - MORESIMP<\/title>\n<meta name=\"description\" content=\"We are a software developer start-up with the dream of bringing simplicity to people&#039;s lives. Our applications are designed for broadening personal perspective and boosting productivity in business. We provide custom software development, Atlassian consulting and hosting.\" \/>\n<meta name=\"robots\" content=\"index, follow, max-snippet:-1, max-image-preview:large, max-video-preview:-1\" \/>\n<link rel=\"canonical\" href=\"https:\/\/moresimp.com\/hu\/jira-kapcsolat\/\" \/>\n<meta property=\"og:locale\" content=\"hu_HU\" \/>\n<meta property=\"og:type\" content=\"article\" \/>\n<meta property=\"og:title\" content=\"Jira kapcsolat - MORESIMP\" \/>\n<meta property=\"og:description\" content=\"We are a software developer start-up with the dream of bringing simplicity to people&#039;s lives. Our applications are designed for broadening personal perspective and boosting productivity in business. We provide custom software development, Atlassian consulting and hosting.\" \/>\n<meta property=\"og:url\" content=\"https:\/\/moresimp.com\/hu\/jira-kapcsolat\/\" \/>\n<meta property=\"og:site_name\" content=\"MORESIMP\" \/>\n<meta property=\"article:modified_time\" content=\"2021-06-25T10:49:38+00:00\" \/>\n<meta name=\"twitter:card\" content=\"summary_large_image\" \/>\n<script type=\"application\/ld+json\" class=\"yoast-schema-graph\">{\"@context\":\"https:\\\/\\\/schema.org\",\"@graph\":[{\"@type\":\"WebPage\",\"@id\":\"https:\\\/\\\/moresimp.com\\\/hu\\\/jira-kapcsolat\\\/\",\"url\":\"https:\\\/\\\/moresimp.com\\\/hu\\\/jira-kapcsolat\\\/\",\"name\":\"Jira kapcsolat - MORESIMP\",\"isPartOf\":{\"@id\":\"https:\\\/\\\/moresimp.com\\\/hu\\\/#website\"},\"datePublished\":\"2020-04-22T12:50:54+00:00\",\"dateModified\":\"2021-06-25T10:49:38+00:00\",\"description\":\"We are a software developer start-up with the dream of bringing simplicity to people's lives. Our applications are designed for broadening personal perspective and boosting productivity in business. We provide custom software development, Atlassian consulting and hosting.\",\"breadcrumb\":{\"@id\":\"https:\\\/\\\/moresimp.com\\\/hu\\\/jira-kapcsolat\\\/#breadcrumb\"},\"inLanguage\":\"hu\",\"potentialAction\":[{\"@type\":\"ReadAction\",\"target\":[\"https:\\\/\\\/moresimp.com\\\/hu\\\/jira-kapcsolat\\\/\"]}]},{\"@type\":\"BreadcrumbList\",\"@id\":\"https:\\\/\\\/moresimp.com\\\/hu\\\/jira-kapcsolat\\\/#breadcrumb\",\"itemListElement\":[{\"@type\":\"ListItem\",\"position\":1,\"name\":\"Home\",\"item\":\"https:\\\/\\\/moresimp.com\\\/hu\\\/\"},{\"@type\":\"ListItem\",\"position\":2,\"name\":\"Jira kapcsolat\"}]},{\"@type\":\"WebSite\",\"@id\":\"https:\\\/\\\/moresimp.com\\\/hu\\\/#website\",\"url\":\"https:\\\/\\\/moresimp.com\\\/hu\\\/\",\"name\":\"MORESIMP\",\"description\":\"Smart software, more life.\",\"potentialAction\":[{\"@type\":\"SearchAction\",\"target\":{\"@type\":\"EntryPoint\",\"urlTemplate\":\"https:\\\/\\\/moresimp.com\\\/hu\\\/?s={search_term_string}\"},\"query-input\":{\"@type\":\"PropertyValueSpecification\",\"valueRequired\":true,\"valueName\":\"search_term_string\"}}],\"inLanguage\":\"hu\"}]}<\/script>\n<!-- \/ Yoast SEO plugin. -->","yoast_head_json":{"title":"Jira kapcsolat - MORESIMP","description":"We are a software developer start-up with the dream of bringing simplicity to people's lives. Our applications are designed for broadening personal perspective and boosting productivity in business. We provide custom software development, Atlassian consulting and hosting.","robots":{"index":"index","follow":"follow","max-snippet":"max-snippet:-1","max-image-preview":"max-image-preview:large","max-video-preview":"max-video-preview:-1"},"canonical":"https:\/\/moresimp.com\/hu\/jira-kapcsolat\/","og_locale":"hu_HU","og_type":"article","og_title":"Jira kapcsolat - MORESIMP","og_description":"We are a software developer start-up with the dream of bringing simplicity to people's lives. Our applications are designed for broadening personal perspective and boosting productivity in business. We provide custom software development, Atlassian consulting and hosting.","og_url":"https:\/\/moresimp.com\/hu\/jira-kapcsolat\/","og_site_name":"MORESIMP","article_modified_time":"2021-06-25T10:49:38+00:00","twitter_card":"summary_large_image","schema":{"@context":"https:\/\/schema.org","@graph":[{"@type":"WebPage","@id":"https:\/\/moresimp.com\/hu\/jira-kapcsolat\/","url":"https:\/\/moresimp.com\/hu\/jira-kapcsolat\/","name":"Jira kapcsolat - MORESIMP","isPartOf":{"@id":"https:\/\/moresimp.com\/hu\/#website"},"datePublished":"2020-04-22T12:50:54+00:00","dateModified":"2021-06-25T10:49:38+00:00","description":"We are a software developer start-up with the dream of bringing simplicity to people's lives. Our applications are designed for broadening personal perspective and boosting productivity in business. We provide custom software development, Atlassian consulting and hosting.","breadcrumb":{"@id":"https:\/\/moresimp.com\/hu\/jira-kapcsolat\/#breadcrumb"},"inLanguage":"hu","potentialAction":[{"@type":"ReadAction","target":["https:\/\/moresimp.com\/hu\/jira-kapcsolat\/"]}]},{"@type":"BreadcrumbList","@id":"https:\/\/moresimp.com\/hu\/jira-kapcsolat\/#breadcrumb","itemListElement":[{"@type":"ListItem","position":1,"name":"Home","item":"https:\/\/moresimp.com\/hu\/"},{"@type":"ListItem","position":2,"name":"Jira kapcsolat"}]},{"@type":"WebSite","@id":"https:\/\/moresimp.com\/hu\/#website","url":"https:\/\/moresimp.com\/hu\/","name":"MORESIMP","description":"Smart software, more life.","potentialAction":[{"@type":"SearchAction","target":{"@type":"EntryPoint","urlTemplate":"https:\/\/moresimp.com\/hu\/?s={search_term_string}"},"query-input":{"@type":"PropertyValueSpecification","valueRequired":true,"valueName":"search_term_string"}}],"inLanguage":"hu"}]}},"_links":{"self":[{"href":"https:\/\/moresimp.com\/hu\/wp-json\/wp\/v2\/pages\/5768","targetHints":{"allow":["GET"]}}],"collection":[{"href":"https:\/\/moresimp.com\/hu\/wp-json\/wp\/v2\/pages"}],"about":[{"href":"https:\/\/moresimp.com\/hu\/wp-json\/wp\/v2\/types\/page"}],"author":[{"embeddable":true,"href":"https:\/\/moresimp.com\/hu\/wp-json\/wp\/v2\/users\/7"}],"replies":[{"embeddable":true,"href":"https:\/\/moresimp.com\/hu\/wp-json\/wp\/v2\/comments?post=5768"}],"version-history":[{"count":24,"href":"https:\/\/moresimp.com\/hu\/wp-json\/wp\/v2\/pages\/5768\/revisions"}],"predecessor-version":[{"id":7425,"href":"https:\/\/moresimp.com\/hu\/wp-json\/wp\/v2\/pages\/5768\/revisions\/7425"}],"wp:attachment":[{"href":"https:\/\/moresimp.com\/hu\/wp-json\/wp\/v2\/media?parent=5768"}],"curies":[{"name":"wp","href":"https:\/\/api.w.org\/{rel}","templated":true}]}}