{"id":6037,"date":"2020-04-30T14:55:29","date_gmt":"2020-04-30T14:55:29","guid":{"rendered":"https:\/\/moresimp.com\/?page_id=6037"},"modified":"2020-05-04T16:20:45","modified_gmt":"2020-05-04T16:20:45","slug":"projektsiker","status":"publish","type":"page","link":"https:\/\/moresimp.com\/hu\/projektsiker\/","title":{"rendered":"Projektcsapat hat\u00e9konys\u00e1gi mutat\u00f3"},"content":{"rendered":"<div class=\"wpb-content-wrapper\"><p>[vc_row bg_image=&#8221;5802&#8243; section_arrow=&#8221;false&#8221; top_padding=&#8221;60&#8243; bottom_padding=&#8221;100&#8243;][vc_column width=&#8221;3\/4&#8243;]<h1 class=\"headline font-special fontsize-xxl fontweight-600 lh-inherit align-left transform-inherit \" style=\"margin: 0; color: #5f5f5f;\">A sikeres csapatok 7+1 \u00f6sszetev\u0151je<\/p>\n<\/h1><h2 class=\"headline font-special fontsize-l fontweight-600 lh-inherit align-left transform-inherit \" style=\"margin: 0 0 20px 0; color: #5f5f5f;\">Let\u00f6lthet\u0151 projektcsapat j\u00e1t\u00e9k<\/h2><a href=\"#letoltes\" target=\"_self\" class=\"button custom large \" style=\"background-color: #0052cc; border-color: #0052cc;border-radius: 2px;\">HURR\u00c1, LET\u00d6LT\u00d6M!<\/a><h2 class=\"headline font-inherit fontsize-l fontweight-600 lh-inherit align-left transform-inherit \" style=\"margin: 50px 0 20px 0; color: #0052cc;\">Ismer\u0151s helyzet?<\/h2>[vc_column_text el_class=&#8221;text&#8221;]A marketingcsapat egy \u00faj term\u00e9k kommunik\u00e1ci\u00f3s kamp\u00e1ny\u00e1nak r\u00e9szleteir\u0151l egyeztet. D\u00f3ri meggy\u0151z\u0151d\u00e9se, hogy a felhaszn\u00e1l\u00f3k sz\u00e1m\u00e1ra k\u00f6nnyen befogadhat\u00f3 term\u00e9kbemutat\u00f3 vide\u00f3 k\u00e9sz\u00edt\u00e9se n\u00e9lk\u00fcl az eg\u00e9sz projektre keresztet vethetnek, D\u00e9nes viszont amellett \u00e9rvel, hogy ezt a p\u00e9nzt jobban is el lehetne k\u00f6lteni.<\/p>\n<p>Ti hogyan hozz\u00e1tok felsz\u00ednre \u00e9s sim\u00edtj\u00e1tok el az ellent\u00e9teket?[\/vc_column_text][\/vc_column][vc_column el_class=&#8221;text&#8221; column_padding=&#8221;custom-padding&#8221; column_center=&#8221;true&#8221; width=&#8221;1\/4&#8243;][\/vc_column][\/vc_row][vc_row section_arrow=&#8221;false&#8221; top_padding=&#8221;40&#8243; bottom_padding=&#8221;40&#8243;][vc_column width=&#8221;1\/2&#8243;]<div class=\"single_image wpb_content_element align-left    \" data-animation=\"none\" data-delay=\"0\"><img loading=\"lazy\" decoding=\"async\" width=\"1920\" height=\"1196\" src=\"https:\/\/moresimp.com\/wp-content\/uploads\/2020\/04\/atlassian-facebook-ad-03.jpg\" class=\"attachment-full\" alt=\"atlassian jira\" title=\"atlassian-facebook-ad-03\" srcset=\"https:\/\/moresimp.com\/wp-content\/uploads\/2020\/04\/atlassian-facebook-ad-03.jpg 1920w, https:\/\/moresimp.com\/wp-content\/uploads\/2020\/04\/atlassian-facebook-ad-03-300x187.jpg 300w, https:\/\/moresimp.com\/wp-content\/uploads\/2020\/04\/atlassian-facebook-ad-03-1024x638.jpg 1024w, https:\/\/moresimp.com\/wp-content\/uploads\/2020\/04\/atlassian-facebook-ad-03-768x478.jpg 768w, https:\/\/moresimp.com\/wp-content\/uploads\/2020\/04\/atlassian-facebook-ad-03-1536x957.jpg 1536w\" sizes=\"auto, (max-width: 1920px) 100vw, 1920px\"><\/div>\n[\/vc_column][vc_column el_class=&#8221;text&#8221; column_padding=&#8221;custom-padding&#8221; column_center=&#8221;true&#8221; width=&#8221;1\/2&#8243;]<h2 class=\"headline font-inherit fontsize-l fontweight-600 lh-inherit align-left transform-inherit \" style=\"margin: 0 0 20px 0; color: #0052cc;\">Teremtsetek j\u00e1tszva \u00f6sszhangot a csapatban!<\/h2>[vc_column_text el_class=&#8221;text&#8221;]A j\u00e1t\u00e9k c\u00e9lja, hogy meg\u00e9rts\u00e9tek a csapat er\u0151ss\u00e9geit \u00e9s gyenges\u00e9geit, mert ezek ar\u00e1nya jelzi a projekt sikeress\u00e9g\u00e9t. A brut\u00e1lis \u0151szintes\u00e9g alapfelt\u00e9telnek sz\u00e1m\u00edt, de nem csup\u00e1n kellemetlen, hanem j\u00f3l m\u0171k\u00f6d\u0151 dolgokat is felfedezhettek a j\u00e1t\u00e9k sor\u00e1n.<\/p>\n<ul>\n<li>M\u00e9rj\u00e9tek fel a csapat hat\u00e9konys\u00e1g\u00e1t!<\/li>\n<li>T\u00e1rj\u00e1tok fel az er\u0151ss\u00e9geket \u00e9s az elakad\u00e1sokat j\u00e1t\u00e9kosan!<\/li>\n<li>Optimaliz\u00e1ljatok folyamatosan!<\/li>\n<\/ul>\n<p>[\/vc_column_text]<a href=\"#letoltes\" target=\"_self\" class=\"button custom large \" style=\"background-color: #0052cc; border-color: #0052cc;border-radius: 2px;\">IDE VELE!<\/a>[\/vc_column][\/vc_row][vc_row][vc_column width=&#8221;1\/1&#8243;][vc_column_text]<\/p>\n<p style=\"position: relative;\"><a style=\"position: absolute; top: -100px;\" name=\"letoltes\"><\/a><\/p>\n<p>[\/vc_column_text][\/vc_column][\/vc_row][vc_row top_padding=&#8221;40&#8243;][vc_column width=&#8221;2\/12&#8243;][\/vc_column][vc_column width=&#8221;8\/12&#8243;]<h2 class=\"headline font-inherit fontsize-xl fontweight-600 lh-inherit align-center transform-inherit \" style=\"margin: 0 0 10px 0; color: #0052cc;\">Itt a projektcsapat hat\u00e9konys\u00e1gi mutat\u00f3!<\/h2><h2 class=\"headline font-inherit fontsize-m fontweight-inherit lh-inherit align-center transform-inherit \" style=\"margin: 0 0 0px 0; color: #000000;\">Mert kiegyens\u00falyozott csapattal nagyobb az es\u00e9ly a sikerre!<\/h2>[\/vc_column][vc_column width=&#8221;2\/12&#8243;][\/vc_column][\/vc_row][vc_row section_arrow=&#8221;false&#8221; top_padding=&#8221;50&#8243; bottom_padding=&#8221;25&#8243;][vc_column width=&#8221;1\/4&#8243;][\/vc_column][vc_column width=&#8221;1\/2&#8243;]\n<div class=\"wpcf7 no-js\" id=\"wpcf7-f6042-o1\" lang=\"hu-HU\" dir=\"ltr\" data-wpcf7-id=\"6042\">\n<div class=\"screen-reader-response\"><p role=\"status\" aria-live=\"polite\" aria-atomic=\"true\"><\/p> <ul><\/ul><\/div>\n<form action=\"\/hu\/wp-json\/wp\/v2\/pages\/6037#wpcf7-f6042-o1\" method=\"post\" class=\"wpcf7-form init 1afc3c664a02 cmatic-disconn cmatic-aud-2 cmatic-mapd0-0 cmatic-v0978 cmatic-sent-0 cmatic-total-191\" aria-label=\"Kapcsolatfelv\u00e9teli \u0171rlap\" novalidate=\"novalidate\" data-status=\"init\">\n<fieldset class=\"hidden-fields-container\"><input type=\"hidden\" name=\"_wpcf7\" value=\"6042\" \/><input type=\"hidden\" name=\"_wpcf7_version\" value=\"6.1.5\" \/><input type=\"hidden\" name=\"_wpcf7_locale\" value=\"hu_HU\" \/><input type=\"hidden\" name=\"_wpcf7_unit_tag\" value=\"wpcf7-f6042-o1\" \/><input type=\"hidden\" name=\"_wpcf7_container_post\" value=\"0\" \/><input type=\"hidden\" name=\"_wpcf7_posted_data_hash\" value=\"\" \/><input type=\"hidden\" name=\"_wpcf7_recaptcha_response\" value=\"\" \/>\n<\/fieldset>\n<p><label> N\u00e9v (*)<br \/>\n<span class=\"wpcf7-form-control-wrap\" data-name=\"your-name\"><input size=\"40\" maxlength=\"400\" class=\"wpcf7-form-control wpcf7-text wpcf7-validates-as-required\" aria-required=\"true\" aria-invalid=\"false\" value=\"\" type=\"text\" name=\"your-name\" \/><\/span> <\/label>\n<\/p>\n<p><label> E-mail (*)<br \/>\n<span class=\"wpcf7-form-control-wrap\" data-name=\"your-email\"><input size=\"40\" maxlength=\"400\" class=\"wpcf7-form-control wpcf7-email wpcf7-validates-as-required wpcf7-text wpcf7-validates-as-email\" aria-required=\"true\" aria-invalid=\"false\" value=\"\" type=\"email\" name=\"your-email\" \/><\/span> <\/label>\n<\/p>\n<p>\n<span class=\"wpcf7-form-control-wrap recaptcha\" data-name=\"recaptcha\"><span data-sitekey=\"6Lfb6QkTAAAAAKz1Q1HL0bPKQzNYZf0ycia0CxKa\" class=\"wpcf7-form-control wpcf7-recaptcha g-recaptcha\"><\/span>\r\n<noscript>\r\n\t<div class=\"grecaptcha-noscript\">\r\n\t\t<iframe loading=\"lazy\" src=\"https:\/\/www.google.com\/recaptcha\/api\/fallback?k=6Lfb6QkTAAAAAKz1Q1HL0bPKQzNYZf0ycia0CxKa\" frameborder=\"0\" scrolling=\"no\" width=\"310\" height=\"430\">\r\n\t\t<\/iframe>\r\n\t\t<textarea name=\"g-recaptcha-response\" rows=\"3\" cols=\"40\" placeholder=\"reCaptcha Response Here\">\r\n\t\t<\/textarea>\r\n\t<\/div>\r\n<\/noscript>\r\n<\/span>\n<\/p>\n<p><span class=\"wpcf7-form-control-wrap\" data-name=\"accept-this-2\"><span class=\"wpcf7-form-control wpcf7-acceptance\"><span class=\"wpcf7-list-item\"><label><input type=\"checkbox\" name=\"accept-this-2\" value=\"1\" aria-invalid=\"false\" \/><span class=\"wpcf7-list-item-label\">Elolvastam \u00e9s tudom\u00e1sul vettem az <a href=\"\/hu\/adatkezelesi-tajekoztato\/\">Adatkezel\u00e9si t\u00e1j\u00e9koztat\u00f3<\/a> tartalm\u00e1t.<\/span><\/label><\/span><\/span><\/span>\n<\/p>\n<p><input class=\"wpcf7-form-control wpcf7-submit has-spinner\" type=\"submit\" value=\"K\u00fcld\u00e9s\" \/>\n<\/p>\n<p><script>\ndocument.addEventListener( 'wpcf7mailsent', function( event ) {\n location = 'https:\/\/moresimp.com\/hu\/jira-letoltes\/';\n}, false );\n<\/script>\n<\/p><div class=\"wpcf7-response-output\" aria-hidden=\"true\"><\/div>\n<\/form>\n<\/div>\n[\/vc_column][vc_column width=&#8221;1\/4&#8243;][\/vc_column][\/vc_row]<\/p>\n<\/div>","protected":false},"excerpt":{"rendered":"<p>[vc_row bg_image=&#8221;5802&#8243; section_arrow=&#8221;false&#8221; top_padding=&#8221;60&#8243; bottom_padding=&#8221;100&#8243;][vc_column width=&#8221;3\/4&#8243;][vc_column_text el_class=&#8221;text&#8221;]A marketingcsapat egy \u00faj term\u00e9k kommunik\u00e1ci\u00f3s kamp\u00e1ny\u00e1nak r\u00e9szleteir\u0151l egyeztet. D\u00f3ri meggy\u0151z\u0151d\u00e9se, hogy a felhaszn\u00e1l\u00f3k sz\u00e1m\u00e1ra k\u00f6nnyen befogadhat\u00f3 term\u00e9kbemutat\u00f3 vide\u00f3 k\u00e9sz\u00edt\u00e9se n\u00e9lk\u00fcl az eg\u00e9sz projektre keresztet vethetnek, D\u00e9nes viszont amellett \u00e9rvel, hogy ezt a p\u00e9nzt jobban is el lehetne k\u00f6lteni. Ti hogyan hozz\u00e1tok felsz\u00ednre \u00e9s sim\u00edtj\u00e1tok el az ellent\u00e9teket?[\/vc_column_text][\/vc_column][vc_column el_class=&#8221;text&#8221; column_padding=&#8221;custom-padding&#8221; column_center=&#8221;true&#8221; width=&#8221;1\/4&#8243;][\/vc_column][\/vc_row][vc_row section_arrow=&#8221;false&#8221; top_padding=&#8221;40&#8243; bottom_padding=&#8221;40&#8243;][vc_column width=&#8221;1\/2&#8243;][\/vc_column][vc_column el_class=&#8221;text&#8221; column_padding=&#8221;custom-padding&#8221; column_center=&#8221;true&#8221; width=&#8221;1\/2&#8243;][vc_column_text el_class=&#8221;text&#8221;]A j\u00e1t\u00e9k c\u00e9lja, hogy meg\u00e9rts\u00e9tek a csapat er\u0151ss\u00e9geit \u00e9s gyenges\u00e9geit, mert ezek ar\u00e1nya jelzi a projekt sikeress\u00e9g\u00e9t. A brut\u00e1lis \u0151szintes\u00e9g alapfelt\u00e9telnek sz\u00e1m\u00edt, de nem csup\u00e1n kellemetlen, hanem j\u00f3l m\u0171k\u00f6d\u0151 dolgokat is felfedezhettek a j\u00e1t\u00e9k sor\u00e1n. M\u00e9rj\u00e9tek fel a csapat hat\u00e9konys\u00e1g\u00e1t! T\u00e1rj\u00e1tok fel az er\u0151ss\u00e9geket \u00e9s az elakad\u00e1sokat j\u00e1t\u00e9kosan! Optimaliz\u00e1ljatok folyamatosan! [\/vc_column_text][\/vc_column][\/vc_row][vc_row][vc_column width=&#8221;1\/1&#8243;][vc_column_text] [\/vc_column_text][\/vc_column][\/vc_row][vc_row top_padding=&#8221;40&#8243;][vc_column width=&#8221;2\/12&#8243;][\/vc_column][vc_column width=&#8221;8\/12&#8243;][\/vc_column][vc_column width=&#8221;2\/12&#8243;][\/vc_column][\/vc_row][vc_row section_arrow=&#8221;false&#8221; top_padding=&#8221;50&#8243; bottom_padding=&#8221;25&#8243;][vc_column width=&#8221;1\/4&#8243;][\/vc_column][vc_column width=&#8221;1\/2&#8243;][\/vc_column][vc_column width=&#8221;1\/4&#8243;][\/vc_column][\/vc_row]<\/p>\n","protected":false},"author":7,"featured_media":0,"parent":0,"menu_order":0,"comment_status":"closed","ping_status":"closed","template":"","meta":{"footnotes":""},"class_list":["post-6037","page","type-page","status-publish","hentry"],"yoast_head":"<!-- This site is optimized with the Yoast SEO plugin v27.3 - https:\/\/yoast.com\/product\/yoast-seo-wordpress\/ -->\n<title>Projektcsapat hat\u00e9konys\u00e1gi mutat\u00f3 - MORESIMP<\/title>\n<meta name=\"description\" content=\"Projekt-csapat hat\u00e9konys\u00e1gi mutat\u00f3. Csapatod er\u0151ss\u00e9geinek \u00e9s gyenges\u00e9geinek j\u00e1t\u00e9kos felfed\u00e9s\u00e9vel megismerheted a projekt sikeress\u00e9g\u00e9nek es\u00e9lyeit is!\" \/>\n<meta name=\"robots\" content=\"index, follow, max-snippet:-1, max-image-preview:large, max-video-preview:-1\" \/>\n<link rel=\"canonical\" href=\"https:\/\/moresimp.com\/hu\/projektsiker\/\" \/>\n<meta property=\"og:locale\" content=\"hu_HU\" \/>\n<meta property=\"og:type\" content=\"article\" \/>\n<meta property=\"og:title\" content=\"Projektcsapat hat\u00e9konys\u00e1gi mutat\u00f3 - MORESIMP\" \/>\n<meta property=\"og:description\" content=\"Projekt-csapat hat\u00e9konys\u00e1gi mutat\u00f3. Csapatod er\u0151ss\u00e9geinek \u00e9s gyenges\u00e9geinek j\u00e1t\u00e9kos felfed\u00e9s\u00e9vel megismerheted a projekt sikeress\u00e9g\u00e9nek es\u00e9lyeit is!\" \/>\n<meta property=\"og:url\" content=\"https:\/\/moresimp.com\/hu\/projektsiker\/\" \/>\n<meta property=\"og:site_name\" content=\"MORESIMP\" \/>\n<meta property=\"article:modified_time\" content=\"2020-05-04T16:20:45+00:00\" \/>\n<meta name=\"twitter:card\" content=\"summary_large_image\" \/>\n<meta name=\"twitter:label1\" content=\"Becs\u00fclt olvas\u00e1si id\u0151\" \/>\n\t<meta name=\"twitter:data1\" content=\"2 perc\" \/>\n<script type=\"application\/ld+json\" class=\"yoast-schema-graph\">{\"@context\":\"https:\\\/\\\/schema.org\",\"@graph\":[{\"@type\":\"WebPage\",\"@id\":\"https:\\\/\\\/moresimp.com\\\/hu\\\/projektsiker\\\/\",\"url\":\"https:\\\/\\\/moresimp.com\\\/hu\\\/projektsiker\\\/\",\"name\":\"Projektcsapat hat\u00e9konys\u00e1gi mutat\u00f3 - MORESIMP\",\"isPartOf\":{\"@id\":\"https:\\\/\\\/moresimp.com\\\/hu\\\/#website\"},\"datePublished\":\"2020-04-30T14:55:29+00:00\",\"dateModified\":\"2020-05-04T16:20:45+00:00\",\"description\":\"Projekt-csapat hat\u00e9konys\u00e1gi mutat\u00f3. Csapatod er\u0151ss\u00e9geinek \u00e9s gyenges\u00e9geinek j\u00e1t\u00e9kos felfed\u00e9s\u00e9vel megismerheted a projekt sikeress\u00e9g\u00e9nek es\u00e9lyeit is!\",\"breadcrumb\":{\"@id\":\"https:\\\/\\\/moresimp.com\\\/hu\\\/projektsiker\\\/#breadcrumb\"},\"inLanguage\":\"hu\",\"potentialAction\":[{\"@type\":\"ReadAction\",\"target\":[\"https:\\\/\\\/moresimp.com\\\/hu\\\/projektsiker\\\/\"]}]},{\"@type\":\"BreadcrumbList\",\"@id\":\"https:\\\/\\\/moresimp.com\\\/hu\\\/projektsiker\\\/#breadcrumb\",\"itemListElement\":[{\"@type\":\"ListItem\",\"position\":1,\"name\":\"Home\",\"item\":\"https:\\\/\\\/moresimp.com\\\/hu\\\/\"},{\"@type\":\"ListItem\",\"position\":2,\"name\":\"Projektcsapat hat\u00e9konys\u00e1gi mutat\u00f3\"}]},{\"@type\":\"WebSite\",\"@id\":\"https:\\\/\\\/moresimp.com\\\/hu\\\/#website\",\"url\":\"https:\\\/\\\/moresimp.com\\\/hu\\\/\",\"name\":\"MORESIMP\",\"description\":\"Smart software, more life.\",\"potentialAction\":[{\"@type\":\"SearchAction\",\"target\":{\"@type\":\"EntryPoint\",\"urlTemplate\":\"https:\\\/\\\/moresimp.com\\\/hu\\\/?s={search_term_string}\"},\"query-input\":{\"@type\":\"PropertyValueSpecification\",\"valueRequired\":true,\"valueName\":\"search_term_string\"}}],\"inLanguage\":\"hu\"}]}<\/script>\n<!-- \/ Yoast SEO plugin. -->","yoast_head_json":{"title":"Projektcsapat hat\u00e9konys\u00e1gi mutat\u00f3 - MORESIMP","description":"Projekt-csapat hat\u00e9konys\u00e1gi mutat\u00f3. Csapatod er\u0151ss\u00e9geinek \u00e9s gyenges\u00e9geinek j\u00e1t\u00e9kos felfed\u00e9s\u00e9vel megismerheted a projekt sikeress\u00e9g\u00e9nek es\u00e9lyeit is!","robots":{"index":"index","follow":"follow","max-snippet":"max-snippet:-1","max-image-preview":"max-image-preview:large","max-video-preview":"max-video-preview:-1"},"canonical":"https:\/\/moresimp.com\/hu\/projektsiker\/","og_locale":"hu_HU","og_type":"article","og_title":"Projektcsapat hat\u00e9konys\u00e1gi mutat\u00f3 - MORESIMP","og_description":"Projekt-csapat hat\u00e9konys\u00e1gi mutat\u00f3. Csapatod er\u0151ss\u00e9geinek \u00e9s gyenges\u00e9geinek j\u00e1t\u00e9kos felfed\u00e9s\u00e9vel megismerheted a projekt sikeress\u00e9g\u00e9nek es\u00e9lyeit is!","og_url":"https:\/\/moresimp.com\/hu\/projektsiker\/","og_site_name":"MORESIMP","article_modified_time":"2020-05-04T16:20:45+00:00","twitter_card":"summary_large_image","twitter_misc":{"Becs\u00fclt olvas\u00e1si id\u0151":"2 perc"},"schema":{"@context":"https:\/\/schema.org","@graph":[{"@type":"WebPage","@id":"https:\/\/moresimp.com\/hu\/projektsiker\/","url":"https:\/\/moresimp.com\/hu\/projektsiker\/","name":"Projektcsapat hat\u00e9konys\u00e1gi mutat\u00f3 - MORESIMP","isPartOf":{"@id":"https:\/\/moresimp.com\/hu\/#website"},"datePublished":"2020-04-30T14:55:29+00:00","dateModified":"2020-05-04T16:20:45+00:00","description":"Projekt-csapat hat\u00e9konys\u00e1gi mutat\u00f3. Csapatod er\u0151ss\u00e9geinek \u00e9s gyenges\u00e9geinek j\u00e1t\u00e9kos felfed\u00e9s\u00e9vel megismerheted a projekt sikeress\u00e9g\u00e9nek es\u00e9lyeit is!","breadcrumb":{"@id":"https:\/\/moresimp.com\/hu\/projektsiker\/#breadcrumb"},"inLanguage":"hu","potentialAction":[{"@type":"ReadAction","target":["https:\/\/moresimp.com\/hu\/projektsiker\/"]}]},{"@type":"BreadcrumbList","@id":"https:\/\/moresimp.com\/hu\/projektsiker\/#breadcrumb","itemListElement":[{"@type":"ListItem","position":1,"name":"Home","item":"https:\/\/moresimp.com\/hu\/"},{"@type":"ListItem","position":2,"name":"Projektcsapat hat\u00e9konys\u00e1gi mutat\u00f3"}]},{"@type":"WebSite","@id":"https:\/\/moresimp.com\/hu\/#website","url":"https:\/\/moresimp.com\/hu\/","name":"MORESIMP","description":"Smart software, more life.","potentialAction":[{"@type":"SearchAction","target":{"@type":"EntryPoint","urlTemplate":"https:\/\/moresimp.com\/hu\/?s={search_term_string}"},"query-input":{"@type":"PropertyValueSpecification","valueRequired":true,"valueName":"search_term_string"}}],"inLanguage":"hu"}]}},"_links":{"self":[{"href":"https:\/\/moresimp.com\/hu\/wp-json\/wp\/v2\/pages\/6037","targetHints":{"allow":["GET"]}}],"collection":[{"href":"https:\/\/moresimp.com\/hu\/wp-json\/wp\/v2\/pages"}],"about":[{"href":"https:\/\/moresimp.com\/hu\/wp-json\/wp\/v2\/types\/page"}],"author":[{"embeddable":true,"href":"https:\/\/moresimp.com\/hu\/wp-json\/wp\/v2\/users\/7"}],"replies":[{"embeddable":true,"href":"https:\/\/moresimp.com\/hu\/wp-json\/wp\/v2\/comments?post=6037"}],"version-history":[{"count":15,"href":"https:\/\/moresimp.com\/hu\/wp-json\/wp\/v2\/pages\/6037\/revisions"}],"predecessor-version":[{"id":6101,"href":"https:\/\/moresimp.com\/hu\/wp-json\/wp\/v2\/pages\/6037\/revisions\/6101"}],"wp:attachment":[{"href":"https:\/\/moresimp.com\/hu\/wp-json\/wp\/v2\/media?parent=6037"}],"curies":[{"name":"wp","href":"https:\/\/api.w.org\/{rel}","templated":true}]}}