{"id":6200,"date":"2020-05-12T17:43:41","date_gmt":"2020-05-12T17:43:41","guid":{"rendered":"https:\/\/moresimp.com\/?page_id=6200"},"modified":"2020-06-09T14:33:22","modified_gmt":"2020-06-09T14:33:22","slug":"tanfolyam-erdeklodes","status":"publish","type":"page","link":"https:\/\/moresimp.com\/hu\/tanfolyam-erdeklodes\/","title":{"rendered":"Tanfolyam \u00e9rdekl\u0151d\u00e9s"},"content":{"rendered":"<div class=\"wpb-content-wrapper\"><p>[vc_row bg_image=&#8221;5802&#8243; top_padding=&#8221;60&#8243; bottom_padding=&#8221;80&#8243;][vc_column width=&#8221;1\/2&#8243;]<h1 class=\"headline font-inherit fontsize-xl fontweight-inherit lh-inherit align-left transform-inherit \" style=\"margin: 0 0 0px 0;\">Tanulj gyorsan \u00e9s sz\u00f3rakoztat\u00f3an!<\/h1><h2 class=\"headline font-inherit fontsize-m fontweight-inherit lh-inherit align-left transform-inherit \" style=\"margin: 0 0 20px 0;\">A szem\u00e9lyre szabott tanfolyamokra csapat-kedvezm\u00e9nyt biztos\u00edtunk!<\/h2><div class=\"spacer\" style=\"height: 40px;\"><\/div>\n<div class=\"wpcf7 no-js\" id=\"wpcf7-f6211-o1\" lang=\"hu-HU\" dir=\"ltr\" data-wpcf7-id=\"6211\">\n<div class=\"screen-reader-response\"><p role=\"status\" aria-live=\"polite\" aria-atomic=\"true\"><\/p> <ul><\/ul><\/div>\n<form action=\"\/hu\/wp-json\/wp\/v2\/pages\/6200#wpcf7-f6211-o1\" method=\"post\" class=\"wpcf7-form init 1afc3c664a02 cmatic-disconn cmatic-aud-2 cmatic-mapd0-0 cmatic-v097802 cmatic-sent-0 cmatic-total-191\" aria-label=\"Kapcsolatfelv\u00e9teli \u0171rlap\" novalidate=\"novalidate\" data-status=\"init\">\n<fieldset class=\"hidden-fields-container\"><input type=\"hidden\" name=\"_wpcf7\" value=\"6211\" \/><input type=\"hidden\" name=\"_wpcf7_version\" value=\"6.1.5\" \/><input type=\"hidden\" name=\"_wpcf7_locale\" value=\"hu_HU\" \/><input type=\"hidden\" name=\"_wpcf7_unit_tag\" value=\"wpcf7-f6211-o1\" \/><input type=\"hidden\" name=\"_wpcf7_container_post\" value=\"0\" \/><input type=\"hidden\" name=\"_wpcf7_posted_data_hash\" value=\"\" \/><input type=\"hidden\" name=\"_wpcf7_recaptcha_response\" value=\"\" \/>\n<\/fieldset>\n<p><label> N\u00e9v (*)<br \/>\n<span class=\"wpcf7-form-control-wrap\" data-name=\"your-name\"><input size=\"40\" maxlength=\"400\" class=\"wpcf7-form-control wpcf7-text wpcf7-validates-as-required\" aria-required=\"true\" aria-invalid=\"false\" value=\"\" type=\"text\" name=\"your-name\" \/><\/span> <\/label>\n<\/p>\n<p><label> E-mail c\u00edm (*)<br \/>\n<span class=\"wpcf7-form-control-wrap\" data-name=\"your-email\"><input size=\"40\" maxlength=\"400\" class=\"wpcf7-form-control wpcf7-email wpcf7-validates-as-required wpcf7-text wpcf7-validates-as-email\" aria-required=\"true\" aria-invalid=\"false\" value=\"\" type=\"email\" name=\"your-email\" \/><\/span> <\/label>\n<\/p>\n<p><label> C\u00e9gn\u00e9v (*)<br \/>\n<span class=\"wpcf7-form-control-wrap\" data-name=\"Cgnv\"><input size=\"40\" maxlength=\"400\" class=\"wpcf7-form-control wpcf7-text wpcf7-validates-as-required\" aria-required=\"true\" aria-invalid=\"false\" value=\"\" type=\"text\" name=\"Cgnv\" \/><\/span> <\/label>\n<\/p>\n<p><label> Telefonsz\u00e1m (*)<br \/>\n<span class=\"wpcf7-form-control-wrap\" data-name=\"Tel\"><input size=\"40\" maxlength=\"400\" class=\"wpcf7-form-control wpcf7-tel wpcf7-validates-as-required wpcf7-text wpcf7-validates-as-tel\" aria-required=\"true\" aria-invalid=\"false\" value=\"\" type=\"tel\" name=\"Tel\" \/><\/span> <\/label>\n<\/p>\n<p>Melyik tanfolyam \u00e9rdekel?\n<\/p>\n<p><span class=\"wpcf7-form-control-wrap\" data-name=\"checkbox-796\"><span class=\"wpcf7-form-control wpcf7-checkbox\"><span class=\"wpcf7-list-item first\"><input type=\"checkbox\" name=\"checkbox-796[]\" value=\"Jira user\" \/><span class=\"wpcf7-list-item-label\">Jira user<\/span><\/span><span class=\"wpcf7-list-item\"><input type=\"checkbox\" name=\"checkbox-796[]\" value=\"Jira admin\" \/><span class=\"wpcf7-list-item-label\">Jira admin<\/span><\/span><span class=\"wpcf7-list-item\"><input type=\"checkbox\" name=\"checkbox-796[]\" value=\"Jira Service Management user\" \/><span class=\"wpcf7-list-item-label\">Jira Service Management user<\/span><\/span><span class=\"wpcf7-list-item\"><input type=\"checkbox\" name=\"checkbox-796[]\" value=\"Confluence user\" \/><span class=\"wpcf7-list-item-label\">Confluence user<\/span><\/span><span class=\"wpcf7-list-item last\"><input type=\"checkbox\" name=\"checkbox-796[]\" value=\"Confluence admin\" \/><span class=\"wpcf7-list-item-label\">Confluence admin<\/span><\/span><\/span><\/span>\n<\/p>\n<p><label> R\u00e9sztvev\u0151k sz\u00e1ma (Csapat-kedvezm\u00e9nyt biztos\u00edtunk!)<br \/>\n<span class=\"wpcf7-form-control-wrap\" data-name=\"Participants\"><input size=\"40\" maxlength=\"400\" class=\"wpcf7-form-control wpcf7-text\" aria-invalid=\"false\" value=\"\" type=\"text\" name=\"Participants\" \/><\/span> <\/label>\n<\/p>\n<p>\n<span class=\"wpcf7-form-control-wrap recaptcha\" data-name=\"recaptcha\"><span data-sitekey=\"6Lfb6QkTAAAAAKz1Q1HL0bPKQzNYZf0ycia0CxKa\" class=\"wpcf7-form-control wpcf7-recaptcha g-recaptcha\"><\/span>\r\n<noscript>\r\n\t<div class=\"grecaptcha-noscript\">\r\n\t\t<iframe loading=\"lazy\" src=\"https:\/\/www.google.com\/recaptcha\/api\/fallback?k=6Lfb6QkTAAAAAKz1Q1HL0bPKQzNYZf0ycia0CxKa\" frameborder=\"0\" scrolling=\"no\" width=\"310\" height=\"430\">\r\n\t\t<\/iframe>\r\n\t\t<textarea name=\"g-recaptcha-response\" rows=\"3\" cols=\"40\" placeholder=\"reCaptcha Response Here\">\r\n\t\t<\/textarea>\r\n\t<\/div>\r\n<\/noscript>\r\n<\/span>\n<\/p>\n<p><span class=\"wpcf7-form-control-wrap\" data-name=\"accept-this-1\"><span class=\"wpcf7-form-control wpcf7-acceptance\"><span class=\"wpcf7-list-item\"><label><input type=\"checkbox\" name=\"accept-this-1\" value=\"1\" aria-invalid=\"false\" \/><span class=\"wpcf7-list-item-label\">Kifejezetten hozz\u00e1j\u00e1rulok ahhoz, hogy kapcsolattart\u00e1s c\u00e9lj\u00e1b\u00f3l a szolg\u00e1ltat\u00f3 az \u00e1ltalam megadott szem\u00e9lyes adataimat felhaszn\u00e1lja.<\/span><\/label><\/span><\/span><\/span><br \/>\n<span class=\"wpcf7-form-control-wrap\" data-name=\"accept-this-2\"><span class=\"wpcf7-form-control wpcf7-acceptance\"><span class=\"wpcf7-list-item\"><label><input type=\"checkbox\" name=\"accept-this-2\" value=\"1\" aria-invalid=\"false\" \/><span class=\"wpcf7-list-item-label\">Elolvastam \u00e9s tudom\u00e1sul vettem az <a href=\"\/hu\/aszf\/\">\u00c1SZF<\/a> \u00e9s az <a href=\"\/hu\/adatkezelesi-tajekoztato\/\">Adatkezel\u00e9si t\u00e1j\u00e9koztat\u00f3<\/a> tartalm\u00e1t.<\/span><\/label><\/span><\/span><\/span>\n<\/p>\n<p><input class=\"wpcf7-form-control wpcf7-submit has-spinner\" type=\"submit\" value=\"K\u00fcld\u00e9s\" \/>\n<\/p>\n<p><script>\ndocument.addEventListener( 'wpcf7mailsent', function( event ) {\n location = 'https:\/\/moresimp.com\/hu\/koszonjuk-tanfolyamok\/';\n}, false );\n<\/script>\n<\/p><div class=\"wpcf7-response-output\" aria-hidden=\"true\"><\/div>\n<\/form>\n<\/div>\n[\/vc_column][vc_column width=&#8221;1\/2&#8243;][\/vc_column][\/vc_row]<\/p>\n<\/div>","protected":false},"excerpt":{"rendered":"<p>[vc_row bg_image=&#8221;5802&#8243; top_padding=&#8221;60&#8243; bottom_padding=&#8221;80&#8243;][vc_column width=&#8221;1\/2&#8243;][\/vc_column][vc_column width=&#8221;1\/2&#8243;][\/vc_column][\/vc_row]<\/p>\n","protected":false},"author":7,"featured_media":0,"parent":0,"menu_order":0,"comment_status":"closed","ping_status":"closed","template":"","meta":{"footnotes":""},"class_list":["post-6200","page","type-page","status-publish","hentry"],"yoast_head":"<!-- This site is optimized with the Yoast SEO plugin v27.4 - https:\/\/yoast.com\/product\/yoast-seo-wordpress\/ -->\n<title>Tanfolyam \u00e9rdekl\u0151d\u00e9s - MORESIMP<\/title>\n<meta name=\"description\" content=\"Ismerd meg az Atlassian JIra \u00e9s Confluence megold\u00e1sait!\" \/>\n<meta name=\"robots\" content=\"index, follow, max-snippet:-1, max-image-preview:large, max-video-preview:-1\" \/>\n<link rel=\"canonical\" href=\"https:\/\/moresimp.com\/hu\/tanfolyam-erdeklodes\/\" \/>\n<meta property=\"og:locale\" content=\"hu_HU\" \/>\n<meta property=\"og:type\" content=\"article\" \/>\n<meta property=\"og:title\" content=\"Tanfolyam \u00e9rdekl\u0151d\u00e9s - MORESIMP\" \/>\n<meta property=\"og:description\" content=\"Ismerd meg az Atlassian JIra \u00e9s Confluence megold\u00e1sait!\" \/>\n<meta property=\"og:url\" content=\"https:\/\/moresimp.com\/hu\/tanfolyam-erdeklodes\/\" \/>\n<meta property=\"og:site_name\" content=\"MORESIMP\" \/>\n<meta property=\"article:modified_time\" content=\"2020-06-09T14:33:22+00:00\" \/>\n<meta name=\"twitter:card\" content=\"summary_large_image\" \/>\n<script type=\"application\/ld+json\" class=\"yoast-schema-graph\">{\"@context\":\"https:\\\/\\\/schema.org\",\"@graph\":[{\"@type\":\"WebPage\",\"@id\":\"https:\\\/\\\/moresimp.com\\\/hu\\\/tanfolyam-erdeklodes\\\/\",\"url\":\"https:\\\/\\\/moresimp.com\\\/hu\\\/tanfolyam-erdeklodes\\\/\",\"name\":\"Tanfolyam \u00e9rdekl\u0151d\u00e9s - MORESIMP\",\"isPartOf\":{\"@id\":\"https:\\\/\\\/moresimp.com\\\/hu\\\/#website\"},\"datePublished\":\"2020-05-12T17:43:41+00:00\",\"dateModified\":\"2020-06-09T14:33:22+00:00\",\"description\":\"Ismerd meg az Atlassian JIra \u00e9s Confluence megold\u00e1sait!\",\"breadcrumb\":{\"@id\":\"https:\\\/\\\/moresimp.com\\\/hu\\\/tanfolyam-erdeklodes\\\/#breadcrumb\"},\"inLanguage\":\"hu\",\"potentialAction\":[{\"@type\":\"ReadAction\",\"target\":[\"https:\\\/\\\/moresimp.com\\\/hu\\\/tanfolyam-erdeklodes\\\/\"]}]},{\"@type\":\"BreadcrumbList\",\"@id\":\"https:\\\/\\\/moresimp.com\\\/hu\\\/tanfolyam-erdeklodes\\\/#breadcrumb\",\"itemListElement\":[{\"@type\":\"ListItem\",\"position\":1,\"name\":\"Home\",\"item\":\"https:\\\/\\\/moresimp.com\\\/hu\\\/\"},{\"@type\":\"ListItem\",\"position\":2,\"name\":\"Tanfolyam \u00e9rdekl\u0151d\u00e9s\"}]},{\"@type\":\"WebSite\",\"@id\":\"https:\\\/\\\/moresimp.com\\\/hu\\\/#website\",\"url\":\"https:\\\/\\\/moresimp.com\\\/hu\\\/\",\"name\":\"MORESIMP\",\"description\":\"Smart software, more life.\",\"potentialAction\":[{\"@type\":\"SearchAction\",\"target\":{\"@type\":\"EntryPoint\",\"urlTemplate\":\"https:\\\/\\\/moresimp.com\\\/hu\\\/?s={search_term_string}\"},\"query-input\":{\"@type\":\"PropertyValueSpecification\",\"valueRequired\":true,\"valueName\":\"search_term_string\"}}],\"inLanguage\":\"hu\"}]}<\/script>\n<!-- \/ Yoast SEO plugin. -->","yoast_head_json":{"title":"Tanfolyam \u00e9rdekl\u0151d\u00e9s - MORESIMP","description":"Ismerd meg az Atlassian JIra \u00e9s Confluence megold\u00e1sait!","robots":{"index":"index","follow":"follow","max-snippet":"max-snippet:-1","max-image-preview":"max-image-preview:large","max-video-preview":"max-video-preview:-1"},"canonical":"https:\/\/moresimp.com\/hu\/tanfolyam-erdeklodes\/","og_locale":"hu_HU","og_type":"article","og_title":"Tanfolyam \u00e9rdekl\u0151d\u00e9s - MORESIMP","og_description":"Ismerd meg az Atlassian JIra \u00e9s Confluence megold\u00e1sait!","og_url":"https:\/\/moresimp.com\/hu\/tanfolyam-erdeklodes\/","og_site_name":"MORESIMP","article_modified_time":"2020-06-09T14:33:22+00:00","twitter_card":"summary_large_image","schema":{"@context":"https:\/\/schema.org","@graph":[{"@type":"WebPage","@id":"https:\/\/moresimp.com\/hu\/tanfolyam-erdeklodes\/","url":"https:\/\/moresimp.com\/hu\/tanfolyam-erdeklodes\/","name":"Tanfolyam \u00e9rdekl\u0151d\u00e9s - MORESIMP","isPartOf":{"@id":"https:\/\/moresimp.com\/hu\/#website"},"datePublished":"2020-05-12T17:43:41+00:00","dateModified":"2020-06-09T14:33:22+00:00","description":"Ismerd meg az Atlassian JIra \u00e9s Confluence megold\u00e1sait!","breadcrumb":{"@id":"https:\/\/moresimp.com\/hu\/tanfolyam-erdeklodes\/#breadcrumb"},"inLanguage":"hu","potentialAction":[{"@type":"ReadAction","target":["https:\/\/moresimp.com\/hu\/tanfolyam-erdeklodes\/"]}]},{"@type":"BreadcrumbList","@id":"https:\/\/moresimp.com\/hu\/tanfolyam-erdeklodes\/#breadcrumb","itemListElement":[{"@type":"ListItem","position":1,"name":"Home","item":"https:\/\/moresimp.com\/hu\/"},{"@type":"ListItem","position":2,"name":"Tanfolyam \u00e9rdekl\u0151d\u00e9s"}]},{"@type":"WebSite","@id":"https:\/\/moresimp.com\/hu\/#website","url":"https:\/\/moresimp.com\/hu\/","name":"MORESIMP","description":"Smart software, more life.","potentialAction":[{"@type":"SearchAction","target":{"@type":"EntryPoint","urlTemplate":"https:\/\/moresimp.com\/hu\/?s={search_term_string}"},"query-input":{"@type":"PropertyValueSpecification","valueRequired":true,"valueName":"search_term_string"}}],"inLanguage":"hu"}]}},"_links":{"self":[{"href":"https:\/\/moresimp.com\/hu\/wp-json\/wp\/v2\/pages\/6200","targetHints":{"allow":["GET"]}}],"collection":[{"href":"https:\/\/moresimp.com\/hu\/wp-json\/wp\/v2\/pages"}],"about":[{"href":"https:\/\/moresimp.com\/hu\/wp-json\/wp\/v2\/types\/page"}],"author":[{"embeddable":true,"href":"https:\/\/moresimp.com\/hu\/wp-json\/wp\/v2\/users\/7"}],"replies":[{"embeddable":true,"href":"https:\/\/moresimp.com\/hu\/wp-json\/wp\/v2\/comments?post=6200"}],"version-history":[{"count":11,"href":"https:\/\/moresimp.com\/hu\/wp-json\/wp\/v2\/pages\/6200\/revisions"}],"predecessor-version":[{"id":6327,"href":"https:\/\/moresimp.com\/hu\/wp-json\/wp\/v2\/pages\/6200\/revisions\/6327"}],"wp:attachment":[{"href":"https:\/\/moresimp.com\/hu\/wp-json\/wp\/v2\/media?parent=6200"}],"curies":[{"name":"wp","href":"https:\/\/api.w.org\/{rel}","templated":true}]}}