{"id":6403,"date":"2020-06-12T11:06:55","date_gmt":"2020-06-12T11:06:55","guid":{"rendered":"https:\/\/moresimp.com\/?page_id=6403"},"modified":"2021-06-25T11:33:20","modified_gmt":"2021-06-25T11:33:20","slug":"jira-service-desk-opciok","status":"publish","type":"page","link":"https:\/\/moresimp.com\/hu\/jira-service-desk-opciok\/","title":{"rendered":"Jira Service Management opci\u00f3k"},"content":{"rendered":"<div class=\"wpb-content-wrapper\"><p>[vc_row bg_image=&#8221;6380&#8243; text_align=&#8221;center&#8221; top_padding=&#8221;100&#8243; bottom_padding=&#8221;200&#8243;][vc_column width=&#8221;1\/1&#8243;]<h1 class=\"headline font-inherit fontsize-xxxl fontweight-600 lh-inherit align-center transform-inherit \" style=\"margin: 0 0 0px 0; color: #5f5f5f;\">Teljes \u00e1tl\u00e1that\u00f3s\u00e1g Jira Service Management<br \/>\n\u00fcgyf\u00e9lszolg\u00e1lati szoftverrel<\/h1><h2 class=\"headline font-inherit fontsize-l fontweight-inherit lh-inherit align-center transform-inherit \" style=\"margin: 0 0 20px 0; color: #5f5f5f;\">Egyetlen fel\u00fclet, tervezhet\u0151s\u00e9g, csapat\u00e9lm\u00e9ny<\/h2><div class=\"spacer\" style=\"height: 50px;\"><\/div><h2 class=\"headline font-inherit fontsize-xl fontweight-600 lh-inherit align-center transform-inherit \" style=\"margin: 0 0 20px 0; color: #5f5f5f;\">Hogyan tov\u00e1bb?<\/h2><a href=\"\/hu\/jira-service-desk-kapcsolat\" target=\"_self\" class=\"button color-3 large \" style=\"border-radius: 2px;\">ISMEREM A TERM\u00c9KET<\/a><a href=\"\/hu\/jira-service-desk-demo\" target=\"_self\" class=\"button color-3 large \" style=\"border-radius: 2px;\">NEM ISMEREM A TERM\u00c9KET<\/a>[\/vc_column][\/vc_row]<\/p>\n<\/div>","protected":false},"excerpt":{"rendered":"<p>[vc_row bg_image=&#8221;6380&#8243; text_align=&#8221;center&#8221; top_padding=&#8221;100&#8243; bottom_padding=&#8221;200&#8243;][vc_column width=&#8221;1\/1&#8243;][\/vc_column][\/vc_row]<\/p>\n","protected":false},"author":7,"featured_media":0,"parent":0,"menu_order":0,"comment_status":"closed","ping_status":"closed","template":"","meta":{"footnotes":""},"class_list":["post-6403","page","type-page","status-publish","hentry"],"yoast_head":"<!-- This site is optimized with the Yoast SEO plugin v27.3 - https:\/\/yoast.com\/product\/yoast-seo-wordpress\/ -->\n<title>Jira Service Management opci\u00f3k - MORESIMP<\/title>\n<meta name=\"description\" content=\"Jira Service Desk \u00fcgyf\u00e9lszolg\u00e1lati szoftver.\" \/>\n<meta name=\"robots\" content=\"index, follow, max-snippet:-1, max-image-preview:large, max-video-preview:-1\" \/>\n<link rel=\"canonical\" href=\"https:\/\/moresimp.com\/hu\/jira-service-desk-opciok\/\" \/>\n<meta property=\"og:locale\" content=\"hu_HU\" \/>\n<meta property=\"og:type\" content=\"article\" \/>\n<meta property=\"og:title\" content=\"Jira Service Management opci\u00f3k - MORESIMP\" \/>\n<meta property=\"og:description\" content=\"Jira Service Desk \u00fcgyf\u00e9lszolg\u00e1lati szoftver.\" \/>\n<meta property=\"og:url\" content=\"https:\/\/moresimp.com\/hu\/jira-service-desk-opciok\/\" \/>\n<meta property=\"og:site_name\" content=\"MORESIMP\" \/>\n<meta property=\"article:modified_time\" content=\"2021-06-25T11:33:20+00:00\" \/>\n<meta name=\"twitter:card\" content=\"summary_large_image\" \/>\n<meta name=\"twitter:label1\" content=\"Becs\u00fclt olvas\u00e1si id\u0151\" \/>\n\t<meta name=\"twitter:data1\" content=\"1 perc\" \/>\n<script type=\"application\/ld+json\" class=\"yoast-schema-graph\">{\"@context\":\"https:\\\/\\\/schema.org\",\"@graph\":[{\"@type\":\"WebPage\",\"@id\":\"https:\\\/\\\/moresimp.com\\\/hu\\\/jira-service-desk-opciok\\\/\",\"url\":\"https:\\\/\\\/moresimp.com\\\/hu\\\/jira-service-desk-opciok\\\/\",\"name\":\"Jira Service Management opci\u00f3k - MORESIMP\",\"isPartOf\":{\"@id\":\"https:\\\/\\\/moresimp.com\\\/hu\\\/#website\"},\"datePublished\":\"2020-06-12T11:06:55+00:00\",\"dateModified\":\"2021-06-25T11:33:20+00:00\",\"description\":\"Jira Service Desk \u00fcgyf\u00e9lszolg\u00e1lati szoftver.\",\"breadcrumb\":{\"@id\":\"https:\\\/\\\/moresimp.com\\\/hu\\\/jira-service-desk-opciok\\\/#breadcrumb\"},\"inLanguage\":\"hu\",\"potentialAction\":[{\"@type\":\"ReadAction\",\"target\":[\"https:\\\/\\\/moresimp.com\\\/hu\\\/jira-service-desk-opciok\\\/\"]}]},{\"@type\":\"BreadcrumbList\",\"@id\":\"https:\\\/\\\/moresimp.com\\\/hu\\\/jira-service-desk-opciok\\\/#breadcrumb\",\"itemListElement\":[{\"@type\":\"ListItem\",\"position\":1,\"name\":\"Home\",\"item\":\"https:\\\/\\\/moresimp.com\\\/hu\\\/\"},{\"@type\":\"ListItem\",\"position\":2,\"name\":\"Jira Service Management opci\u00f3k\"}]},{\"@type\":\"WebSite\",\"@id\":\"https:\\\/\\\/moresimp.com\\\/hu\\\/#website\",\"url\":\"https:\\\/\\\/moresimp.com\\\/hu\\\/\",\"name\":\"MORESIMP\",\"description\":\"Smart software, more life.\",\"potentialAction\":[{\"@type\":\"SearchAction\",\"target\":{\"@type\":\"EntryPoint\",\"urlTemplate\":\"https:\\\/\\\/moresimp.com\\\/hu\\\/?s={search_term_string}\"},\"query-input\":{\"@type\":\"PropertyValueSpecification\",\"valueRequired\":true,\"valueName\":\"search_term_string\"}}],\"inLanguage\":\"hu\"}]}<\/script>\n<!-- \/ Yoast SEO plugin. -->","yoast_head_json":{"title":"Jira Service Management opci\u00f3k - MORESIMP","description":"Jira Service Desk \u00fcgyf\u00e9lszolg\u00e1lati szoftver.","robots":{"index":"index","follow":"follow","max-snippet":"max-snippet:-1","max-image-preview":"max-image-preview:large","max-video-preview":"max-video-preview:-1"},"canonical":"https:\/\/moresimp.com\/hu\/jira-service-desk-opciok\/","og_locale":"hu_HU","og_type":"article","og_title":"Jira Service Management opci\u00f3k - MORESIMP","og_description":"Jira Service Desk \u00fcgyf\u00e9lszolg\u00e1lati szoftver.","og_url":"https:\/\/moresimp.com\/hu\/jira-service-desk-opciok\/","og_site_name":"MORESIMP","article_modified_time":"2021-06-25T11:33:20+00:00","twitter_card":"summary_large_image","twitter_misc":{"Becs\u00fclt olvas\u00e1si id\u0151":"1 perc"},"schema":{"@context":"https:\/\/schema.org","@graph":[{"@type":"WebPage","@id":"https:\/\/moresimp.com\/hu\/jira-service-desk-opciok\/","url":"https:\/\/moresimp.com\/hu\/jira-service-desk-opciok\/","name":"Jira Service Management opci\u00f3k - MORESIMP","isPartOf":{"@id":"https:\/\/moresimp.com\/hu\/#website"},"datePublished":"2020-06-12T11:06:55+00:00","dateModified":"2021-06-25T11:33:20+00:00","description":"Jira Service Desk \u00fcgyf\u00e9lszolg\u00e1lati szoftver.","breadcrumb":{"@id":"https:\/\/moresimp.com\/hu\/jira-service-desk-opciok\/#breadcrumb"},"inLanguage":"hu","potentialAction":[{"@type":"ReadAction","target":["https:\/\/moresimp.com\/hu\/jira-service-desk-opciok\/"]}]},{"@type":"BreadcrumbList","@id":"https:\/\/moresimp.com\/hu\/jira-service-desk-opciok\/#breadcrumb","itemListElement":[{"@type":"ListItem","position":1,"name":"Home","item":"https:\/\/moresimp.com\/hu\/"},{"@type":"ListItem","position":2,"name":"Jira Service Management opci\u00f3k"}]},{"@type":"WebSite","@id":"https:\/\/moresimp.com\/hu\/#website","url":"https:\/\/moresimp.com\/hu\/","name":"MORESIMP","description":"Smart software, more life.","potentialAction":[{"@type":"SearchAction","target":{"@type":"EntryPoint","urlTemplate":"https:\/\/moresimp.com\/hu\/?s={search_term_string}"},"query-input":{"@type":"PropertyValueSpecification","valueRequired":true,"valueName":"search_term_string"}}],"inLanguage":"hu"}]}},"_links":{"self":[{"href":"https:\/\/moresimp.com\/hu\/wp-json\/wp\/v2\/pages\/6403","targetHints":{"allow":["GET"]}}],"collection":[{"href":"https:\/\/moresimp.com\/hu\/wp-json\/wp\/v2\/pages"}],"about":[{"href":"https:\/\/moresimp.com\/hu\/wp-json\/wp\/v2\/types\/page"}],"author":[{"embeddable":true,"href":"https:\/\/moresimp.com\/hu\/wp-json\/wp\/v2\/users\/7"}],"replies":[{"embeddable":true,"href":"https:\/\/moresimp.com\/hu\/wp-json\/wp\/v2\/comments?post=6403"}],"version-history":[{"count":6,"href":"https:\/\/moresimp.com\/hu\/wp-json\/wp\/v2\/pages\/6403\/revisions"}],"predecessor-version":[{"id":7426,"href":"https:\/\/moresimp.com\/hu\/wp-json\/wp\/v2\/pages\/6403\/revisions\/7426"}],"wp:attachment":[{"href":"https:\/\/moresimp.com\/hu\/wp-json\/wp\/v2\/media?parent=6403"}],"curies":[{"name":"wp","href":"https:\/\/api.w.org\/{rel}","templated":true}]}}