{"id":6555,"date":"2020-07-31T13:54:52","date_gmt":"2020-07-31T13:54:52","guid":{"rendered":"https:\/\/moresimp.com\/?page_id=6555"},"modified":"2020-11-17T16:23:12","modified_gmt":"2020-11-17T16:23:12","slug":"jira-start-program","status":"publish","type":"page","link":"https:\/\/moresimp.com\/hu\/jira-start-program\/","title":{"rendered":"Jira START program"},"content":{"rendered":"<div class=\"wpb-content-wrapper\"><p>[vc_row top_padding=&#8221;60&#8243; bottom_padding=&#8221;40&#8243; bg_position=&#8221;center center&#8221;][vc_column el_class=&#8221;text&#8221; width=&#8221;2\/3&#8243;]<h1 class=\"headline font-special fontsize-xxl fontweight-600 lh-inherit align-left transform-inherit \" style=\"margin: 0; color: #5f5f5f;\">Jira START program<\/h1><h2 class=\"headline font-special fontsize-l fontweight-600 lh-inherit align-left transform-inherit \" style=\"margin: 0; color: #5f5f5f;\">Gyorsulj fel bevezet\u0151 csomagunkkal!<\/h2><div class=\"spacer\" style=\"height: 40px;\"><\/div><h2 class=\"headline font-special fontsize-m fontweight-600 lh-inherit align-left transform-inherit \" style=\"margin: 0 0 0px 0;\">Jira Software feladat- \u00e9s projektkezel\u0151<\/h2><h3 class=\"headline font-special fontsize-s fontweight-600 lh-inherit align-left transform-inherit \" style=\"margin: 0 0 20px 0;\">Ingyenes ak\u00e1r 10 felhaszn\u00e1l\u00f3 sz\u00e1m\u00e1ra is!<\/h3>[vc_column_text el_class=&#8221;text&#8221;]A vil\u00e1g els\u0151sz\u00e1m\u00fa projekt- \u00e9s feladatkezel\u0151 szoftvere radik\u00e1lisan cs\u00f6kkenti az id\u0151rabl\u00f3 megbesz\u00e9l\u00e9sek \u00e9s a csapattagok k\u00f6z\u00f6tti f\u00e9lre\u00e9rt\u00e9sek sz\u00e1m\u00e1t!<\/p>\n<p>Tedd le a napi szervez\u00e9si feladatok terh\u00e9t! Sp\u00f3rolj id\u0151t a bevezet\u00e9ssel![\/vc_column_text]<a href=\"#erdekel\" target=\"_self\" class=\"button color-2 large \" style=\"border-radius: 2px;\">INGYENES DEMO<\/a><a href=\"#start\" target=\"_self\" class=\"button color-3 large \" style=\"border-radius: 2px;\">JIRA START PROGRAM<\/a>[\/vc_column][vc_column column_padding=&#8221;custom-padding&#8221; column_center=&#8221;true&#8221; width=&#8221;1\/3&#8243;]<div class=\"single_image wpb_content_element align-left    \" data-animation=\"none\" data-delay=\"0\"><img loading=\"lazy\" decoding=\"async\" width=\"933\" height=\"771\" src=\"https:\/\/moresimp.com\/wp-content\/uploads\/2020\/08\/space-ship-website.jpg\" class=\"attachment-full\" alt=\"Jira START csomag\" title=\"space-ship-website\" srcset=\"https:\/\/moresimp.com\/wp-content\/uploads\/2020\/08\/space-ship-website.jpg 933w, https:\/\/moresimp.com\/wp-content\/uploads\/2020\/08\/space-ship-website-300x248.jpg 300w, https:\/\/moresimp.com\/wp-content\/uploads\/2020\/08\/space-ship-website-768x635.jpg 768w\" sizes=\"auto, (max-width: 933px) 100vw, 933px\"><\/div>\n[\/vc_column][\/vc_row][vc_row top_padding=&#8221;40&#8243; bottom_padding=&#8221;60&#8243;][vc_column el_class=&#8221;text&#8221; width=&#8221;1\/2&#8243;]<h3 class=\"headline font-inherit fontsize-l fontweight-600 lh-inherit align-left transform-inherit \" style=\"margin: 0 0 20px 0;\">Mi\u00e9rt szerethet\u0151 a Jira Software?<\/h3>[vc_column_text el_class=&#8221;text&#8221;]<\/p>\n<ul>\n<li>Csapatra szabott munkafolyamatokat (projekteket) alak\u00edthatsz ki.<\/li>\n<li>Egyetlen helyen rendszerezheted az \u00f6sszes feladatot.<\/li>\n<li>K\u00f6nny\u0171 a feladatkioszt\u00e1s.<\/li>\n<li>J\u00f3l k\u00f6vethet\u0151 a munkaid\u0151-r\u00e1ford\u00edt\u00e1s.<\/li>\n<li>Mindig tudni fogod, hogy ki min dolgozik \u00e9ppen.<\/li>\n<\/ul>\n<p>Nem sz\u00fcks\u00e9ges t\u00f6bb\u00e9 a levelez\u0151rendszerben b\u00f6ng\u00e9szni a csatolm\u00e1nyokat \u00e9s az el\u0151zm\u00e9nyeket![\/vc_column_text]<a href=\"https:\/\/moresimp.com\/hu\/jira-software\" target=\"_self\" class=\"button color-2 large \" style=\"border-radius: 2px;\">M\u00c9G T\u00d6BB JIRA<\/a><a href=\"#start\" target=\"_self\" class=\"button color-3 large \" style=\"border-radius: 2px;\">KEZDJ\u00dcK EL!<\/a>[\/vc_column][vc_column el_class=&#8221;text&#8221; column_padding=&#8221;custom-padding&#8221; column_center=&#8221;true&#8221; width=&#8221;1\/2&#8243;]<div class=\"single_image wpb_content_element align-left    \" data-animation=\"none\" data-delay=\"0\"><img loading=\"lazy\" decoding=\"async\" width=\"1334\" height=\"435\" src=\"https:\/\/moresimp.com\/wp-content\/uploads\/2020\/04\/jira-task-management.gif\" class=\"attachment-full\" alt=\"\" title=\"jira task management\"><\/div>\n[\/vc_column][\/vc_row][vc_row section_arrow=&#8221;false&#8221; bottom_padding=&#8221;20&#8243;][vc_column width=&#8221;1\/1&#8243;][vc_column_text]<\/p>\n<p style=\"position: relative;\"><a style=\"position: absolute; top: -100px;\" name=\"start\"><\/a><\/p>\n<p>[\/vc_column_text][\/vc_column][\/vc_row][vc_row top_padding=&#8221;40&#8243; bottom_padding=&#8221;40&#8243; class=&#8221;doclist&#8221;][vc_column el_class=&#8221;text&#8221; width=&#8221;7\/12&#8243;]<h2 class=\"headline font-inherit fontsize-xl fontweight-inherit lh-inherit align-left transform-inherit \" style=\"margin: 0 0 20px 0;\">Gyorsulj fel START programunkkal!<\/h2><h3 class=\"headline font-inherit fontsize-m fontweight-inherit lh-inherit align-left transform-inherit \" style=\"margin: 0 0 30px 0;\">Most rengeteg id\u0151t \u00e9s energi\u00e1t megsp\u00f3rolhatsz vel\u00fcnk!<\/h3>[vc_column_text el_class=&#8221;text&#8221;]<\/p>\n<h4><strong>Mire sz\u00e1m\u00edthatsz?<\/strong><\/h4>\n<p>Egy \u00e1tfog\u00f3 ig\u00e9nyfelm\u00e9r\u00e9s ut\u00e1n beregisztr\u00e1lunk a Jira Software 10 felhaszn\u00e1l\u00f3ig ingyenes Cloud rendszer\u00e9be; szem\u00e9lyre szabva megmutatjuk a k\u00f6nnyen kezelhet\u0151 next-gen projektek f\u0151bb funkci\u00f3it;\u00a0 felvessz\u00fck a csapatod tagjait, elind\u00edtunk egy projektet, be\u00e1ll\u00edtjuk az ir\u00e1ny\u00edt\u00f3pultodat, \u00e9s megmutatunk n\u00e9h\u00e1ny hasznos jelent\u00e9sk\u00e9sz\u00edt\u0151 funkci\u00f3t.[\/vc_column_text][vc_column_text el_class=&#8221;text&#8221;]<\/p>\n<h4><strong>Mit nyerhetsz ezzel?<\/strong><\/h4>\n<ul>\n<li>A vil\u00e1g els\u0151sz\u00e1m\u00fa, c\u00e9gedre el\u0151k\u00e9sz\u00edtett feladatkezel\u0151 rendszer\u00e9t.<\/li>\n<li>Tippeket \u00e9s tr\u00fckk\u00f6ket, hogy a be\u00e1ll\u00edt\u00e1sokkal k\u00e9s\u0151bb magad is boldogulj.<\/li>\n<li>Rengeteg id\u0151t \u00e9s energi\u00e1t, mert szak\u00e9rt\u0151ink t\u00e1mogatnak.<\/li>\n<li>Extra aj\u00e1nlatokat, ha \u00fagy gondolod, hogy vel\u00fcnk folytatod tov\u00e1bb a munk\u00e1t.<\/li>\n<\/ul>\n<p>[\/vc_column_text][\/vc_column][vc_column width=&#8221;5\/12&#8243;]<div class=\"pricing-plan pricing-color-true wpb_content_element\">\n\t\t\t\t<div class=\"pricing-plan-head\" style=\"background-color:#0bcad9;\">\n\t\t\t\t\t<h3>JIRA START PROGRAM<\/h3>\n\t\t\t\t\t<div class=\"pricing-price\"><span class=\"pricing-amount\">39.900 Ft + \u00c1FA<\/span><span class=\"pricing-per\">Id\u0151tartam: 4 \u00f3ra<\/span><\/div>\n\t\t\t\t<\/div>\n\t\t\t\t\n<ul>\n<li style=\"text-align: left;\">ig\u00e9nyfelm\u00e9r\u00e9s<\/li>\n<li style=\"text-align: left;\">\u00fcgyf\u00e9lregisztr\u00e1ci\u00f3<\/li>\n<li style=\"text-align: left;\">rendszerel\u0151k\u00e9sz\u00edt\u00e9s az alapfunkci\u00f3k szerint<\/li>\n<li style=\"text-align: left;\">felhaszn\u00e1l\u00f3k r\u00f6gz\u00edt\u00e9se (max 10 f\u0151)<\/li>\n<li style=\"text-align: left;\">munkafolyamat r\u00f6gz\u00edt\u00e9se (1db)<\/li>\n<li style=\"text-align: left;\">kezel\u0151pult (1db)<\/li>\n<li style=\"text-align: left;\">riport (1db)<\/li>\n<\/ul>\n\n\t\t\t\t<div class=\"pricing-signup\"><a href=\"#erdekel\" class=\"button color-5\">KEZDJ\u00dcK EL!<\/a><\/div>\n\t\t\t<\/div>[vc_column_text]START csomagunkat \u00faj partnereink egyszeri alkalommal, bevezet\u0151 \u00e1ron vehetik ig\u00e9nybe! Aj\u00e1nlatunk a 10 f\u0151 felett fizetend\u0151 szoftverlicenc d\u00edj\u00e1t nem tartalmazza![\/vc_column_text][\/vc_column][\/vc_row][vc_row section_arrow=&#8221;false&#8221; bottom_padding=&#8221;20&#8243;][vc_column width=&#8221;1\/1&#8243;][vc_column_text]<\/p>\n<p style=\"position: relative;\"><a style=\"position: absolute; top: -100px;\" name=\"erdekel\"><\/a><\/p>\n<p>[\/vc_column_text][\/vc_column][\/vc_row][vc_row section_arrow=&#8221;false&#8221; top_padding=&#8221;40&#8243; bottom_padding=&#8221;20&#8243;][vc_column width=&#8221;1\/4&#8243;][\/vc_column][vc_column width=&#8221;1\/2&#8243;]<h3 class=\"headline font-inherit fontsize-l fontweight-600 lh-inherit align-center transform-inherit \" style=\"margin: 0 0 30px 0;\">Jira START PROGRAM \u00e9rdekl\u0151d\u00e9s<br \/>\n<\/h3>\n<div class=\"wpcf7 no-js\" id=\"wpcf7-f6593-o1\" lang=\"hu-HU\" dir=\"ltr\" data-wpcf7-id=\"6593\">\n<div class=\"screen-reader-response\"><p role=\"status\" aria-live=\"polite\" aria-atomic=\"true\"><\/p> <ul><\/ul><\/div>\n<form action=\"\/hu\/wp-json\/wp\/v2\/pages\/6555#wpcf7-f6593-o1\" method=\"post\" class=\"wpcf7-form init 1afc3c664a02 cmatic-disconn cmatic-aud-2 cmatic-mapd0-0 cmatic-v097802 cmatic-sent-0 cmatic-total-191 wpcf7-acceptance-as-validation\" aria-label=\"Kapcsolatfelv\u00e9teli \u0171rlap\" novalidate=\"novalidate\" data-status=\"init\">\n<fieldset class=\"hidden-fields-container\"><input type=\"hidden\" name=\"_wpcf7\" value=\"6593\" \/><input type=\"hidden\" name=\"_wpcf7_version\" value=\"6.1.5\" \/><input type=\"hidden\" name=\"_wpcf7_locale\" value=\"hu_HU\" \/><input type=\"hidden\" name=\"_wpcf7_unit_tag\" value=\"wpcf7-f6593-o1\" \/><input type=\"hidden\" name=\"_wpcf7_container_post\" value=\"0\" \/><input type=\"hidden\" name=\"_wpcf7_posted_data_hash\" value=\"\" \/><input type=\"hidden\" name=\"_wpcf7_recaptcha_response\" value=\"\" \/>\n<\/fieldset>\n<p><label> N\u00e9v (*)<br \/>\n<span class=\"wpcf7-form-control-wrap\" data-name=\"your-name\"><input size=\"40\" maxlength=\"400\" class=\"wpcf7-form-control wpcf7-text wpcf7-validates-as-required\" aria-required=\"true\" aria-invalid=\"false\" value=\"\" type=\"text\" name=\"your-name\" \/><\/span> <\/label>\n<\/p>\n<p><label> E-mail c\u00edm (*)<br \/>\n<span class=\"wpcf7-form-control-wrap\" data-name=\"your-email\"><input size=\"40\" maxlength=\"400\" class=\"wpcf7-form-control wpcf7-email wpcf7-validates-as-required wpcf7-text wpcf7-validates-as-email\" aria-required=\"true\" aria-invalid=\"false\" value=\"\" type=\"email\" name=\"your-email\" \/><\/span> <\/label>\n<\/p>\n<p><label> C\u00e9gn\u00e9v (*)<br \/>\n<span class=\"wpcf7-form-control-wrap\" data-name=\"Cgnv\"><input size=\"40\" maxlength=\"400\" class=\"wpcf7-form-control wpcf7-text wpcf7-validates-as-required\" aria-required=\"true\" aria-invalid=\"false\" value=\"\" type=\"text\" name=\"Cgnv\" \/><\/span> <\/label>\n<\/p>\n<p><label> Telefonsz\u00e1m (*)<br \/>\n<span class=\"wpcf7-form-control-wrap\" data-name=\"Tel\"><input size=\"40\" maxlength=\"400\" class=\"wpcf7-form-control wpcf7-tel wpcf7-validates-as-required wpcf7-text wpcf7-validates-as-tel\" aria-required=\"true\" aria-invalid=\"false\" value=\"\" type=\"tel\" name=\"Tel\" \/><\/span> <\/label>\n<\/p>\n<p>Miben seg\u00edthet\u00fcnk?\n<\/p>\n<p><span class=\"wpcf7-form-control-wrap\" data-name=\"checkbox-74\"><span class=\"wpcf7-form-control wpcf7-checkbox\"><span class=\"wpcf7-list-item first\"><input type=\"checkbox\" name=\"checkbox-74[]\" value=\"Ingyenes konzult\u00e1ci\u00f3 (30 perc)\" \/><span class=\"wpcf7-list-item-label\">Ingyenes konzult\u00e1ci\u00f3 (30 perc)<\/span><\/span><span class=\"wpcf7-list-item last\"><input type=\"checkbox\" name=\"checkbox-74[]\" value=\"Jira START program jelentkez\u00e9s\" \/><span class=\"wpcf7-list-item-label\">Jira START program jelentkez\u00e9s<\/span><\/span><\/span><\/span>\n<\/p>\n<p>H\u00e1ny f\u0151s a csapatod?\n<\/p>\n<p><span class=\"wpcf7-form-control-wrap\" data-name=\"Csapatszm\"><span class=\"wpcf7-form-control wpcf7-checkbox\"><span class=\"wpcf7-list-item first\"><input type=\"checkbox\" name=\"Csapatszm[]\" value=\"10 f\u0151 alatt\" \/><span class=\"wpcf7-list-item-label\">10 f\u0151 alatt<\/span><\/span><span class=\"wpcf7-list-item last\"><input type=\"checkbox\" name=\"Csapatszm[]\" value=\"10 f\u0151 felett\" \/><span class=\"wpcf7-list-item-label\">10 f\u0151 felett<\/span><\/span><\/span><\/span>\n<\/p>\n<p>\n<span class=\"wpcf7-form-control-wrap recaptcha\" data-name=\"recaptcha\"><span data-sitekey=\"6Lfb6QkTAAAAAKz1Q1HL0bPKQzNYZf0ycia0CxKa\" class=\"wpcf7-form-control wpcf7-recaptcha g-recaptcha\"><\/span>\r\n<noscript>\r\n\t<div class=\"grecaptcha-noscript\">\r\n\t\t<iframe loading=\"lazy\" src=\"https:\/\/www.google.com\/recaptcha\/api\/fallback?k=6Lfb6QkTAAAAAKz1Q1HL0bPKQzNYZf0ycia0CxKa\" frameborder=\"0\" scrolling=\"no\" width=\"310\" height=\"430\">\r\n\t\t<\/iframe>\r\n\t\t<textarea name=\"g-recaptcha-response\" rows=\"3\" cols=\"40\" placeholder=\"reCaptcha Response Here\">\r\n\t\t<\/textarea>\r\n\t<\/div>\r\n<\/noscript>\r\n<\/span>\n<\/p>\n<p><span class=\"wpcf7-form-control-wrap\" data-name=\"accept-this-1\"><span class=\"wpcf7-form-control wpcf7-acceptance\"><span class=\"wpcf7-list-item\"><label><input type=\"checkbox\" name=\"accept-this-1\" value=\"1\" aria-invalid=\"false\" \/><span class=\"wpcf7-list-item-label\">Kifejezetten hozz\u00e1j\u00e1rulok ahhoz, hogy kapcsolattart\u00e1s c\u00e9lj\u00e1b\u00f3l a szolg\u00e1ltat\u00f3 az \u00e1ltalam megadott szem\u00e9lyes adataimat felhaszn\u00e1lja.<\/span><\/label><\/span><\/span><\/span><br \/>\n<span class=\"wpcf7-form-control-wrap\" data-name=\"accept-this-2\"><span class=\"wpcf7-form-control wpcf7-acceptance\"><span class=\"wpcf7-list-item\"><label><input type=\"checkbox\" name=\"accept-this-2\" value=\"1\" aria-invalid=\"false\" \/><span class=\"wpcf7-list-item-label\">Elolvastam \u00e9s tudom\u00e1sul vettem az <a href=\"\/hu\/aszf\/\">\u00c1SZF<\/a> \u00e9s az <a href=\"\/hu\/adatkezelesi-tajekoztato\/\">Adatkezel\u00e9si t\u00e1j\u00e9koztat\u00f3<\/a> tartalm\u00e1t.<\/span><\/label><\/span><\/span><\/span>\n<\/p>\n<p><input class=\"wpcf7-form-control wpcf7-submit has-spinner\" type=\"submit\" value=\"K\u00fcld\u00e9s\" \/>\n<\/p>\n<p><script>\ndocument.addEventListener( 'wpcf7mailsent', function( event ) {\n location = 'https:\/\/moresimp.com\/hu\/koszonjuk-jira-start-program\/';\n}, false );\n<\/script>\n<\/p><div class=\"wpcf7-response-output\" aria-hidden=\"true\"><\/div>\n<\/form>\n<\/div>\n[\/vc_column][vc_column width=&#8221;1\/4&#8243;][\/vc_column][\/vc_row]<\/p>\n<\/div>","protected":false},"excerpt":{"rendered":"<p>[vc_row top_padding=&#8221;60&#8243; bottom_padding=&#8221;40&#8243; bg_position=&#8221;center center&#8221;][vc_column el_class=&#8221;text&#8221; width=&#8221;2\/3&#8243;][vc_column_text el_class=&#8221;text&#8221;]A vil\u00e1g els\u0151sz\u00e1m\u00fa projekt- \u00e9s feladatkezel\u0151 szoftvere radik\u00e1lisan cs\u00f6kkenti az id\u0151rabl\u00f3 megbesz\u00e9l\u00e9sek \u00e9s a csapattagok k\u00f6z\u00f6tti f\u00e9lre\u00e9rt\u00e9sek sz\u00e1m\u00e1t! Tedd le a napi szervez\u00e9si feladatok terh\u00e9t! Sp\u00f3rolj id\u0151t a bevezet\u00e9ssel![\/vc_column_text][\/vc_column][vc_column column_padding=&#8221;custom-padding&#8221; column_center=&#8221;true&#8221; width=&#8221;1\/3&#8243;][\/vc_column][\/vc_row][vc_row top_padding=&#8221;40&#8243; bottom_padding=&#8221;60&#8243;][vc_column el_class=&#8221;text&#8221; width=&#8221;1\/2&#8243;][vc_column_text el_class=&#8221;text&#8221;] Csapatra szabott munkafolyamatokat (projekteket) alak\u00edthatsz ki. Egyetlen helyen rendszerezheted az \u00f6sszes feladatot. K\u00f6nny\u0171 a feladatkioszt\u00e1s. J\u00f3l k\u00f6vethet\u0151 a munkaid\u0151-r\u00e1ford\u00edt\u00e1s. Mindig tudni fogod, hogy ki min dolgozik \u00e9ppen. Nem sz\u00fcks\u00e9ges t\u00f6bb\u00e9 a levelez\u0151rendszerben b\u00f6ng\u00e9szni a csatolm\u00e1nyokat \u00e9s az el\u0151zm\u00e9nyeket![\/vc_column_text][\/vc_column][vc_column el_class=&#8221;text&#8221; column_padding=&#8221;custom-padding&#8221; column_center=&#8221;true&#8221; width=&#8221;1\/2&#8243;][\/vc_column][\/vc_row][vc_row section_arrow=&#8221;false&#8221; bottom_padding=&#8221;20&#8243;][vc_column width=&#8221;1\/1&#8243;][vc_column_text] [\/vc_column_text][\/vc_column][\/vc_row][vc_row top_padding=&#8221;40&#8243; bottom_padding=&#8221;40&#8243; class=&#8221;doclist&#8221;][vc_column el_class=&#8221;text&#8221; width=&#8221;7\/12&#8243;][vc_column_text el_class=&#8221;text&#8221;] Mire sz\u00e1m\u00edthatsz? Egy \u00e1tfog\u00f3 ig\u00e9nyfelm\u00e9r\u00e9s ut\u00e1n beregisztr\u00e1lunk a Jira Software 10 felhaszn\u00e1l\u00f3ig ingyenes Cloud rendszer\u00e9be; szem\u00e9lyre szabva megmutatjuk a k\u00f6nnyen kezelhet\u0151 next-gen projektek f\u0151bb funkci\u00f3it;\u00a0 felvessz\u00fck a csapatod tagjait, elind\u00edtunk egy projektet, be\u00e1ll\u00edtjuk az ir\u00e1ny\u00edt\u00f3pultodat, \u00e9s megmutatunk n\u00e9h\u00e1ny hasznos jelent\u00e9sk\u00e9sz\u00edt\u0151 funkci\u00f3t.[\/vc_column_text][vc_column_text el_class=&#8221;text&#8221;] Mit nyerhetsz ezzel? A vil\u00e1g els\u0151sz\u00e1m\u00fa, c\u00e9gedre el\u0151k\u00e9sz\u00edtett feladatkezel\u0151 rendszer\u00e9t. Tippeket \u00e9s tr\u00fckk\u00f6ket, hogy a be\u00e1ll\u00edt\u00e1sokkal k\u00e9s\u0151bb magad is boldogulj. Rengeteg id\u0151t \u00e9s energi\u00e1t, mert szak\u00e9rt\u0151ink t\u00e1mogatnak. Extra aj\u00e1nlatokat, ha \u00fagy gondolod, hogy vel\u00fcnk folytatod tov\u00e1bb a munk\u00e1t. [\/vc_column_text][\/vc_column][vc_column width=&#8221;5\/12&#8243;][vc_column_text]START csomagunkat \u00faj partnereink egyszeri alkalommal, bevezet\u0151 \u00e1ron vehetik ig\u00e9nybe! Aj\u00e1nlatunk a 10 f\u0151 felett fizetend\u0151 szoftverlicenc d\u00edj\u00e1t nem tartalmazza![\/vc_column_text][\/vc_column][\/vc_row][vc_row section_arrow=&#8221;false&#8221; bottom_padding=&#8221;20&#8243;][vc_column width=&#8221;1\/1&#8243;][vc_column_text] [&hellip;]<\/p>\n","protected":false},"author":7,"featured_media":0,"parent":0,"menu_order":0,"comment_status":"closed","ping_status":"closed","template":"","meta":{"footnotes":""},"class_list":["post-6555","page","type-page","status-publish","hentry"],"yoast_head":"<!-- This site is optimized with the Yoast SEO plugin v27.4 - https:\/\/yoast.com\/product\/yoast-seo-wordpress\/ -->\n<title>Jira START program - MORESIMP<\/title>\n<meta name=\"description\" content=\"A Jira leveszi a v\u00e1lladr\u00f3l a napi szervez\u00e9si feladatok terh\u00e9t. Sp\u00f3rolj id\u0151t \u00e9s energi\u00e1t Jira START programunkkal!\" \/>\n<meta name=\"robots\" content=\"index, follow, max-snippet:-1, max-image-preview:large, max-video-preview:-1\" \/>\n<link rel=\"canonical\" href=\"https:\/\/moresimp.com\/hu\/jira-start-program\/\" \/>\n<meta property=\"og:locale\" content=\"hu_HU\" \/>\n<meta property=\"og:type\" content=\"article\" \/>\n<meta property=\"og:title\" content=\"Jira START program - MORESIMP\" \/>\n<meta property=\"og:description\" content=\"A Jira leveszi a v\u00e1lladr\u00f3l a napi szervez\u00e9si feladatok terh\u00e9t. Sp\u00f3rolj id\u0151t \u00e9s energi\u00e1t Jira START programunkkal!\" \/>\n<meta property=\"og:url\" content=\"https:\/\/moresimp.com\/hu\/jira-start-program\/\" \/>\n<meta property=\"og:site_name\" content=\"MORESIMP\" \/>\n<meta property=\"article:modified_time\" content=\"2020-11-17T16:23:12+00:00\" \/>\n<meta name=\"twitter:card\" content=\"summary_large_image\" \/>\n<meta name=\"twitter:label1\" content=\"Becs\u00fclt olvas\u00e1si id\u0151\" \/>\n\t<meta name=\"twitter:data1\" content=\"4 perc\" \/>\n<script type=\"application\/ld+json\" class=\"yoast-schema-graph\">{\"@context\":\"https:\\\/\\\/schema.org\",\"@graph\":[{\"@type\":\"WebPage\",\"@id\":\"https:\\\/\\\/moresimp.com\\\/hu\\\/jira-start-program\\\/\",\"url\":\"https:\\\/\\\/moresimp.com\\\/hu\\\/jira-start-program\\\/\",\"name\":\"Jira START program - MORESIMP\",\"isPartOf\":{\"@id\":\"https:\\\/\\\/moresimp.com\\\/hu\\\/#website\"},\"datePublished\":\"2020-07-31T13:54:52+00:00\",\"dateModified\":\"2020-11-17T16:23:12+00:00\",\"description\":\"A Jira leveszi a v\u00e1lladr\u00f3l a napi szervez\u00e9si feladatok terh\u00e9t. Sp\u00f3rolj id\u0151t \u00e9s energi\u00e1t Jira START programunkkal!\",\"breadcrumb\":{\"@id\":\"https:\\\/\\\/moresimp.com\\\/hu\\\/jira-start-program\\\/#breadcrumb\"},\"inLanguage\":\"hu\",\"potentialAction\":[{\"@type\":\"ReadAction\",\"target\":[\"https:\\\/\\\/moresimp.com\\\/hu\\\/jira-start-program\\\/\"]}]},{\"@type\":\"BreadcrumbList\",\"@id\":\"https:\\\/\\\/moresimp.com\\\/hu\\\/jira-start-program\\\/#breadcrumb\",\"itemListElement\":[{\"@type\":\"ListItem\",\"position\":1,\"name\":\"Home\",\"item\":\"https:\\\/\\\/moresimp.com\\\/hu\\\/\"},{\"@type\":\"ListItem\",\"position\":2,\"name\":\"Jira START program\"}]},{\"@type\":\"WebSite\",\"@id\":\"https:\\\/\\\/moresimp.com\\\/hu\\\/#website\",\"url\":\"https:\\\/\\\/moresimp.com\\\/hu\\\/\",\"name\":\"MORESIMP\",\"description\":\"Smart software, more life.\",\"potentialAction\":[{\"@type\":\"SearchAction\",\"target\":{\"@type\":\"EntryPoint\",\"urlTemplate\":\"https:\\\/\\\/moresimp.com\\\/hu\\\/?s={search_term_string}\"},\"query-input\":{\"@type\":\"PropertyValueSpecification\",\"valueRequired\":true,\"valueName\":\"search_term_string\"}}],\"inLanguage\":\"hu\"}]}<\/script>\n<!-- \/ Yoast SEO plugin. -->","yoast_head_json":{"title":"Jira START program - MORESIMP","description":"A Jira leveszi a v\u00e1lladr\u00f3l a napi szervez\u00e9si feladatok terh\u00e9t. Sp\u00f3rolj id\u0151t \u00e9s energi\u00e1t Jira START programunkkal!","robots":{"index":"index","follow":"follow","max-snippet":"max-snippet:-1","max-image-preview":"max-image-preview:large","max-video-preview":"max-video-preview:-1"},"canonical":"https:\/\/moresimp.com\/hu\/jira-start-program\/","og_locale":"hu_HU","og_type":"article","og_title":"Jira START program - MORESIMP","og_description":"A Jira leveszi a v\u00e1lladr\u00f3l a napi szervez\u00e9si feladatok terh\u00e9t. Sp\u00f3rolj id\u0151t \u00e9s energi\u00e1t Jira START programunkkal!","og_url":"https:\/\/moresimp.com\/hu\/jira-start-program\/","og_site_name":"MORESIMP","article_modified_time":"2020-11-17T16:23:12+00:00","twitter_card":"summary_large_image","twitter_misc":{"Becs\u00fclt olvas\u00e1si id\u0151":"4 perc"},"schema":{"@context":"https:\/\/schema.org","@graph":[{"@type":"WebPage","@id":"https:\/\/moresimp.com\/hu\/jira-start-program\/","url":"https:\/\/moresimp.com\/hu\/jira-start-program\/","name":"Jira START program - MORESIMP","isPartOf":{"@id":"https:\/\/moresimp.com\/hu\/#website"},"datePublished":"2020-07-31T13:54:52+00:00","dateModified":"2020-11-17T16:23:12+00:00","description":"A Jira leveszi a v\u00e1lladr\u00f3l a napi szervez\u00e9si feladatok terh\u00e9t. Sp\u00f3rolj id\u0151t \u00e9s energi\u00e1t Jira START programunkkal!","breadcrumb":{"@id":"https:\/\/moresimp.com\/hu\/jira-start-program\/#breadcrumb"},"inLanguage":"hu","potentialAction":[{"@type":"ReadAction","target":["https:\/\/moresimp.com\/hu\/jira-start-program\/"]}]},{"@type":"BreadcrumbList","@id":"https:\/\/moresimp.com\/hu\/jira-start-program\/#breadcrumb","itemListElement":[{"@type":"ListItem","position":1,"name":"Home","item":"https:\/\/moresimp.com\/hu\/"},{"@type":"ListItem","position":2,"name":"Jira START program"}]},{"@type":"WebSite","@id":"https:\/\/moresimp.com\/hu\/#website","url":"https:\/\/moresimp.com\/hu\/","name":"MORESIMP","description":"Smart software, more life.","potentialAction":[{"@type":"SearchAction","target":{"@type":"EntryPoint","urlTemplate":"https:\/\/moresimp.com\/hu\/?s={search_term_string}"},"query-input":{"@type":"PropertyValueSpecification","valueRequired":true,"valueName":"search_term_string"}}],"inLanguage":"hu"}]}},"_links":{"self":[{"href":"https:\/\/moresimp.com\/hu\/wp-json\/wp\/v2\/pages\/6555","targetHints":{"allow":["GET"]}}],"collection":[{"href":"https:\/\/moresimp.com\/hu\/wp-json\/wp\/v2\/pages"}],"about":[{"href":"https:\/\/moresimp.com\/hu\/wp-json\/wp\/v2\/types\/page"}],"author":[{"embeddable":true,"href":"https:\/\/moresimp.com\/hu\/wp-json\/wp\/v2\/users\/7"}],"replies":[{"embeddable":true,"href":"https:\/\/moresimp.com\/hu\/wp-json\/wp\/v2\/comments?post=6555"}],"version-history":[{"count":43,"href":"https:\/\/moresimp.com\/hu\/wp-json\/wp\/v2\/pages\/6555\/revisions"}],"predecessor-version":[{"id":6855,"href":"https:\/\/moresimp.com\/hu\/wp-json\/wp\/v2\/pages\/6555\/revisions\/6855"}],"wp:attachment":[{"href":"https:\/\/moresimp.com\/hu\/wp-json\/wp\/v2\/media?parent=6555"}],"curies":[{"name":"wp","href":"https:\/\/api.w.org\/{rel}","templated":true}]}}