{"id":6688,"date":"2020-08-04T18:15:06","date_gmt":"2020-08-04T18:15:06","guid":{"rendered":"https:\/\/moresimp.com\/?page_id=6688"},"modified":"2020-08-04T18:18:36","modified_gmt":"2020-08-04T18:18:36","slug":"koszonjuk-atlassian-tanacsadas-tamogatas","status":"publish","type":"page","link":"https:\/\/moresimp.com\/hu\/koszonjuk-atlassian-tanacsadas-tamogatas\/","title":{"rendered":"K\u00f6sz\u00f6nj\u00fck Atlassian tan\u00e1csad\u00e1s t\u00e1mogat\u00e1s"},"content":{"rendered":"<div class=\"wpb-content-wrapper\"><p>[vc_row bg_color=&#8221;#fafafa&#8221; top_padding=&#8221;100&#8243; bottom_padding=&#8221;100&#8243;][vc_column width=&#8221;1\/1&#8243;]<h1 class=\"headline font-inherit fontsize-xxl fontweight-inherit lh-inherit align-left transform-inherit \" style=\"margin: 0 0 20px 0;\">K\u00f6sz\u00f6nj\u00fck \u00e9rdekl\u0151d\u00e9sed!<\/h1><h2 class=\"headline font-inherit fontsize-xl fontweight-inherit lh-inherit align-left transform-inherit \" style=\"margin: 0 0 20px 0;\">Hamarosan hallasz r\u00f3lunk!<\/h2>[\/vc_column][\/vc_row]<\/p>\n<\/div>","protected":false},"excerpt":{"rendered":"<p>[vc_row bg_color=&#8221;#fafafa&#8221; top_padding=&#8221;100&#8243; bottom_padding=&#8221;100&#8243;][vc_column width=&#8221;1\/1&#8243;][\/vc_column][\/vc_row]<\/p>\n","protected":false},"author":7,"featured_media":0,"parent":0,"menu_order":0,"comment_status":"closed","ping_status":"closed","template":"","meta":{"footnotes":""},"class_list":["post-6688","page","type-page","status-publish","hentry"],"yoast_head":"<!-- This site is optimized with the Yoast SEO plugin v27.3 - https:\/\/yoast.com\/product\/yoast-seo-wordpress\/ -->\n<title>K\u00f6sz\u00f6nj\u00fck Atlassian tan\u00e1csad\u00e1s t\u00e1mogat\u00e1s - MORESIMP<\/title>\n<meta name=\"description\" content=\"K\u00f6sz\u00f6nj\u00fck az \u00e9rdekl\u0151d\u00e9sedet! Hamarosan hallasz r\u00f3lunk!\" \/>\n<meta name=\"robots\" content=\"index, follow, max-snippet:-1, max-image-preview:large, max-video-preview:-1\" \/>\n<link rel=\"canonical\" href=\"https:\/\/moresimp.com\/hu\/koszonjuk-atlassian-tanacsadas-tamogatas\/\" \/>\n<meta property=\"og:locale\" content=\"hu_HU\" \/>\n<meta property=\"og:type\" content=\"article\" \/>\n<meta property=\"og:title\" content=\"K\u00f6sz\u00f6nj\u00fck Atlassian tan\u00e1csad\u00e1s t\u00e1mogat\u00e1s - MORESIMP\" \/>\n<meta property=\"og:description\" content=\"K\u00f6sz\u00f6nj\u00fck az \u00e9rdekl\u0151d\u00e9sedet! Hamarosan hallasz r\u00f3lunk!\" \/>\n<meta property=\"og:url\" content=\"https:\/\/moresimp.com\/hu\/koszonjuk-atlassian-tanacsadas-tamogatas\/\" \/>\n<meta property=\"og:site_name\" content=\"MORESIMP\" \/>\n<meta property=\"article:modified_time\" content=\"2020-08-04T18:18:36+00:00\" \/>\n<meta name=\"twitter:card\" content=\"summary_large_image\" \/>\n<script type=\"application\/ld+json\" class=\"yoast-schema-graph\">{\"@context\":\"https:\\\/\\\/schema.org\",\"@graph\":[{\"@type\":\"WebPage\",\"@id\":\"https:\\\/\\\/moresimp.com\\\/hu\\\/koszonjuk-atlassian-tanacsadas-tamogatas\\\/\",\"url\":\"https:\\\/\\\/moresimp.com\\\/hu\\\/koszonjuk-atlassian-tanacsadas-tamogatas\\\/\",\"name\":\"K\u00f6sz\u00f6nj\u00fck Atlassian tan\u00e1csad\u00e1s t\u00e1mogat\u00e1s - MORESIMP\",\"isPartOf\":{\"@id\":\"https:\\\/\\\/moresimp.com\\\/hu\\\/#website\"},\"datePublished\":\"2020-08-04T18:15:06+00:00\",\"dateModified\":\"2020-08-04T18:18:36+00:00\",\"description\":\"K\u00f6sz\u00f6nj\u00fck az \u00e9rdekl\u0151d\u00e9sedet! Hamarosan hallasz r\u00f3lunk!\",\"breadcrumb\":{\"@id\":\"https:\\\/\\\/moresimp.com\\\/hu\\\/koszonjuk-atlassian-tanacsadas-tamogatas\\\/#breadcrumb\"},\"inLanguage\":\"hu\",\"potentialAction\":[{\"@type\":\"ReadAction\",\"target\":[\"https:\\\/\\\/moresimp.com\\\/hu\\\/koszonjuk-atlassian-tanacsadas-tamogatas\\\/\"]}]},{\"@type\":\"BreadcrumbList\",\"@id\":\"https:\\\/\\\/moresimp.com\\\/hu\\\/koszonjuk-atlassian-tanacsadas-tamogatas\\\/#breadcrumb\",\"itemListElement\":[{\"@type\":\"ListItem\",\"position\":1,\"name\":\"Home\",\"item\":\"https:\\\/\\\/moresimp.com\\\/hu\\\/\"},{\"@type\":\"ListItem\",\"position\":2,\"name\":\"K\u00f6sz\u00f6nj\u00fck Atlassian tan\u00e1csad\u00e1s t\u00e1mogat\u00e1s\"}]},{\"@type\":\"WebSite\",\"@id\":\"https:\\\/\\\/moresimp.com\\\/hu\\\/#website\",\"url\":\"https:\\\/\\\/moresimp.com\\\/hu\\\/\",\"name\":\"MORESIMP\",\"description\":\"Smart software, more life.\",\"potentialAction\":[{\"@type\":\"SearchAction\",\"target\":{\"@type\":\"EntryPoint\",\"urlTemplate\":\"https:\\\/\\\/moresimp.com\\\/hu\\\/?s={search_term_string}\"},\"query-input\":{\"@type\":\"PropertyValueSpecification\",\"valueRequired\":true,\"valueName\":\"search_term_string\"}}],\"inLanguage\":\"hu\"}]}<\/script>\n<!-- \/ Yoast SEO plugin. -->","yoast_head_json":{"title":"K\u00f6sz\u00f6nj\u00fck Atlassian tan\u00e1csad\u00e1s t\u00e1mogat\u00e1s - MORESIMP","description":"K\u00f6sz\u00f6nj\u00fck az \u00e9rdekl\u0151d\u00e9sedet! Hamarosan hallasz r\u00f3lunk!","robots":{"index":"index","follow":"follow","max-snippet":"max-snippet:-1","max-image-preview":"max-image-preview:large","max-video-preview":"max-video-preview:-1"},"canonical":"https:\/\/moresimp.com\/hu\/koszonjuk-atlassian-tanacsadas-tamogatas\/","og_locale":"hu_HU","og_type":"article","og_title":"K\u00f6sz\u00f6nj\u00fck Atlassian tan\u00e1csad\u00e1s t\u00e1mogat\u00e1s - MORESIMP","og_description":"K\u00f6sz\u00f6nj\u00fck az \u00e9rdekl\u0151d\u00e9sedet! Hamarosan hallasz r\u00f3lunk!","og_url":"https:\/\/moresimp.com\/hu\/koszonjuk-atlassian-tanacsadas-tamogatas\/","og_site_name":"MORESIMP","article_modified_time":"2020-08-04T18:18:36+00:00","twitter_card":"summary_large_image","schema":{"@context":"https:\/\/schema.org","@graph":[{"@type":"WebPage","@id":"https:\/\/moresimp.com\/hu\/koszonjuk-atlassian-tanacsadas-tamogatas\/","url":"https:\/\/moresimp.com\/hu\/koszonjuk-atlassian-tanacsadas-tamogatas\/","name":"K\u00f6sz\u00f6nj\u00fck Atlassian tan\u00e1csad\u00e1s t\u00e1mogat\u00e1s - MORESIMP","isPartOf":{"@id":"https:\/\/moresimp.com\/hu\/#website"},"datePublished":"2020-08-04T18:15:06+00:00","dateModified":"2020-08-04T18:18:36+00:00","description":"K\u00f6sz\u00f6nj\u00fck az \u00e9rdekl\u0151d\u00e9sedet! Hamarosan hallasz r\u00f3lunk!","breadcrumb":{"@id":"https:\/\/moresimp.com\/hu\/koszonjuk-atlassian-tanacsadas-tamogatas\/#breadcrumb"},"inLanguage":"hu","potentialAction":[{"@type":"ReadAction","target":["https:\/\/moresimp.com\/hu\/koszonjuk-atlassian-tanacsadas-tamogatas\/"]}]},{"@type":"BreadcrumbList","@id":"https:\/\/moresimp.com\/hu\/koszonjuk-atlassian-tanacsadas-tamogatas\/#breadcrumb","itemListElement":[{"@type":"ListItem","position":1,"name":"Home","item":"https:\/\/moresimp.com\/hu\/"},{"@type":"ListItem","position":2,"name":"K\u00f6sz\u00f6nj\u00fck Atlassian tan\u00e1csad\u00e1s t\u00e1mogat\u00e1s"}]},{"@type":"WebSite","@id":"https:\/\/moresimp.com\/hu\/#website","url":"https:\/\/moresimp.com\/hu\/","name":"MORESIMP","description":"Smart software, more life.","potentialAction":[{"@type":"SearchAction","target":{"@type":"EntryPoint","urlTemplate":"https:\/\/moresimp.com\/hu\/?s={search_term_string}"},"query-input":{"@type":"PropertyValueSpecification","valueRequired":true,"valueName":"search_term_string"}}],"inLanguage":"hu"}]}},"_links":{"self":[{"href":"https:\/\/moresimp.com\/hu\/wp-json\/wp\/v2\/pages\/6688","targetHints":{"allow":["GET"]}}],"collection":[{"href":"https:\/\/moresimp.com\/hu\/wp-json\/wp\/v2\/pages"}],"about":[{"href":"https:\/\/moresimp.com\/hu\/wp-json\/wp\/v2\/types\/page"}],"author":[{"embeddable":true,"href":"https:\/\/moresimp.com\/hu\/wp-json\/wp\/v2\/users\/7"}],"replies":[{"embeddable":true,"href":"https:\/\/moresimp.com\/hu\/wp-json\/wp\/v2\/comments?post=6688"}],"version-history":[{"count":2,"href":"https:\/\/moresimp.com\/hu\/wp-json\/wp\/v2\/pages\/6688\/revisions"}],"predecessor-version":[{"id":6690,"href":"https:\/\/moresimp.com\/hu\/wp-json\/wp\/v2\/pages\/6688\/revisions\/6690"}],"wp:attachment":[{"href":"https:\/\/moresimp.com\/hu\/wp-json\/wp\/v2\/media?parent=6688"}],"curies":[{"name":"wp","href":"https:\/\/api.w.org\/{rel}","templated":true}]}}