{"id":6931,"date":"2020-09-25T08:42:59","date_gmt":"2020-09-25T08:42:59","guid":{"rendered":"https:\/\/moresimp.com\/?page_id=6931"},"modified":"2020-09-25T08:44:14","modified_gmt":"2020-09-25T08:44:14","slug":"koszonjuk-jira-core","status":"publish","type":"page","link":"https:\/\/moresimp.com\/hu\/koszonjuk-jira-core\/","title":{"rendered":"K\u00f6sz\u00f6nj\u00fck Jira Core"},"content":{"rendered":"<div class=\"wpb-content-wrapper\"><p>[vc_row bg_image=&#8221;6345&#8243; bg_color=&#8221;#fafafa&#8221; top_padding=&#8221;100&#8243; bottom_padding=&#8221;100&#8243;][vc_column width=&#8221;2\/3&#8243;]<h1 class=\"headline font-inherit fontsize-xxl fontweight-inherit lh-inherit align-left transform-inherit \" style=\"margin: 0 0 0px 0;\">K\u00f6sz\u00f6nj\u00fck az \u00e9rdekl\u0151d\u00e9sedet!<\/h1><h2 class=\"headline font-inherit fontsize-xl fontweight-inherit lh-inherit align-left transform-inherit \" style=\"margin: 0 0 20px 0;\">Hamarosan hallasz r\u00f3lunk!<\/h2>[vc_column_text el_class=&#8221;text&#8221;]Addig is t\u00f6ltsd le kiadv\u00e1nyunkat, ha t\u00f6bbet tudn\u00e1l meg a Jira portf\u00f3li\u00f3r\u00f3l![\/vc_column_text][\/vc_column][vc_column width=&#8221;1\/3&#8243;]<div class=\"single_image wpb_content_element align-left  image_box_rounded  \" data-animation=\"none\" data-delay=\"0\"><a href=\"https:\/\/moresimp.com\/wp-content\/uploads\/2020\/06\/Jira-kiadvany.pdf?x62976\" target=\"_self\"><img decoding=\"async\" class=\"\" src=\"https:\/\/moresimp.com\/wp-content\/uploads\/2020\/06\/Jira-feladatesprojektkezeles-175x250.jpg\" width=\"175\" height=\"250\" alt=\"jira feladat &eacute;s projektkezel&eacute;s\" title=\"Jira-feladatesprojektkezeles\" loading=\"lazy\"><\/a><\/div>\n[\/vc_column][\/vc_row]<\/p>\n<\/div>","protected":false},"excerpt":{"rendered":"<p>[vc_row bg_image=&#8221;6345&#8243; bg_color=&#8221;#fafafa&#8221; top_padding=&#8221;100&#8243; bottom_padding=&#8221;100&#8243;][vc_column width=&#8221;2\/3&#8243;][vc_column_text el_class=&#8221;text&#8221;]Addig is t\u00f6ltsd le kiadv\u00e1nyunkat, ha t\u00f6bbet tudn\u00e1l meg a Jira portf\u00f3li\u00f3r\u00f3l![\/vc_column_text][\/vc_column][vc_column width=&#8221;1\/3&#8243;][\/vc_column][\/vc_row]<\/p>\n","protected":false},"author":7,"featured_media":0,"parent":0,"menu_order":0,"comment_status":"closed","ping_status":"closed","template":"","meta":{"footnotes":""},"class_list":["post-6931","page","type-page","status-publish","hentry"],"yoast_head":"<!-- This site is optimized with the Yoast SEO plugin v27.4 - https:\/\/yoast.com\/product\/yoast-seo-wordpress\/ -->\n<title>K\u00f6sz\u00f6nj\u00fck Jira Core - MORESIMP<\/title>\n<meta name=\"description\" content=\"We are a software developer start-up with the dream of bringing simplicity to people&#039;s lives. Our applications are designed for broadening personal perspective and boosting productivity in business. We provide custom software development, Atlassian consulting and hosting.\" \/>\n<meta name=\"robots\" content=\"index, follow, max-snippet:-1, max-image-preview:large, max-video-preview:-1\" \/>\n<link rel=\"canonical\" href=\"https:\/\/moresimp.com\/hu\/koszonjuk-jira-core\/\" \/>\n<meta property=\"og:locale\" content=\"hu_HU\" \/>\n<meta property=\"og:type\" content=\"article\" \/>\n<meta property=\"og:title\" content=\"K\u00f6sz\u00f6nj\u00fck Jira Core - MORESIMP\" \/>\n<meta property=\"og:description\" content=\"We are a software developer start-up with the dream of bringing simplicity to people&#039;s lives. Our applications are designed for broadening personal perspective and boosting productivity in business. We provide custom software development, Atlassian consulting and hosting.\" \/>\n<meta property=\"og:url\" content=\"https:\/\/moresimp.com\/hu\/koszonjuk-jira-core\/\" \/>\n<meta property=\"og:site_name\" content=\"MORESIMP\" \/>\n<meta property=\"article:modified_time\" content=\"2020-09-25T08:44:14+00:00\" \/>\n<meta name=\"twitter:card\" content=\"summary_large_image\" \/>\n<meta name=\"twitter:label1\" content=\"Becs\u00fclt olvas\u00e1si id\u0151\" \/>\n\t<meta name=\"twitter:data1\" content=\"1 perc\" \/>\n<script type=\"application\/ld+json\" class=\"yoast-schema-graph\">{\"@context\":\"https:\\\/\\\/schema.org\",\"@graph\":[{\"@type\":\"WebPage\",\"@id\":\"https:\\\/\\\/moresimp.com\\\/hu\\\/koszonjuk-jira-core\\\/\",\"url\":\"https:\\\/\\\/moresimp.com\\\/hu\\\/koszonjuk-jira-core\\\/\",\"name\":\"K\u00f6sz\u00f6nj\u00fck Jira Core - MORESIMP\",\"isPartOf\":{\"@id\":\"https:\\\/\\\/moresimp.com\\\/hu\\\/#website\"},\"datePublished\":\"2020-09-25T08:42:59+00:00\",\"dateModified\":\"2020-09-25T08:44:14+00:00\",\"description\":\"We are a software developer start-up with the dream of bringing simplicity to people's lives. Our applications are designed for broadening personal perspective and boosting productivity in business. We provide custom software development, Atlassian consulting and hosting.\",\"breadcrumb\":{\"@id\":\"https:\\\/\\\/moresimp.com\\\/hu\\\/koszonjuk-jira-core\\\/#breadcrumb\"},\"inLanguage\":\"hu\",\"potentialAction\":[{\"@type\":\"ReadAction\",\"target\":[\"https:\\\/\\\/moresimp.com\\\/hu\\\/koszonjuk-jira-core\\\/\"]}]},{\"@type\":\"BreadcrumbList\",\"@id\":\"https:\\\/\\\/moresimp.com\\\/hu\\\/koszonjuk-jira-core\\\/#breadcrumb\",\"itemListElement\":[{\"@type\":\"ListItem\",\"position\":1,\"name\":\"Home\",\"item\":\"https:\\\/\\\/moresimp.com\\\/hu\\\/\"},{\"@type\":\"ListItem\",\"position\":2,\"name\":\"K\u00f6sz\u00f6nj\u00fck Jira Core\"}]},{\"@type\":\"WebSite\",\"@id\":\"https:\\\/\\\/moresimp.com\\\/hu\\\/#website\",\"url\":\"https:\\\/\\\/moresimp.com\\\/hu\\\/\",\"name\":\"MORESIMP\",\"description\":\"Smart software, more life.\",\"potentialAction\":[{\"@type\":\"SearchAction\",\"target\":{\"@type\":\"EntryPoint\",\"urlTemplate\":\"https:\\\/\\\/moresimp.com\\\/hu\\\/?s={search_term_string}\"},\"query-input\":{\"@type\":\"PropertyValueSpecification\",\"valueRequired\":true,\"valueName\":\"search_term_string\"}}],\"inLanguage\":\"hu\"}]}<\/script>\n<!-- \/ Yoast SEO plugin. -->","yoast_head_json":{"title":"K\u00f6sz\u00f6nj\u00fck Jira Core - MORESIMP","description":"We are a software developer start-up with the dream of bringing simplicity to people's lives. Our applications are designed for broadening personal perspective and boosting productivity in business. We provide custom software development, Atlassian consulting and hosting.","robots":{"index":"index","follow":"follow","max-snippet":"max-snippet:-1","max-image-preview":"max-image-preview:large","max-video-preview":"max-video-preview:-1"},"canonical":"https:\/\/moresimp.com\/hu\/koszonjuk-jira-core\/","og_locale":"hu_HU","og_type":"article","og_title":"K\u00f6sz\u00f6nj\u00fck Jira Core - MORESIMP","og_description":"We are a software developer start-up with the dream of bringing simplicity to people's lives. Our applications are designed for broadening personal perspective and boosting productivity in business. We provide custom software development, Atlassian consulting and hosting.","og_url":"https:\/\/moresimp.com\/hu\/koszonjuk-jira-core\/","og_site_name":"MORESIMP","article_modified_time":"2020-09-25T08:44:14+00:00","twitter_card":"summary_large_image","twitter_misc":{"Becs\u00fclt olvas\u00e1si id\u0151":"1 perc"},"schema":{"@context":"https:\/\/schema.org","@graph":[{"@type":"WebPage","@id":"https:\/\/moresimp.com\/hu\/koszonjuk-jira-core\/","url":"https:\/\/moresimp.com\/hu\/koszonjuk-jira-core\/","name":"K\u00f6sz\u00f6nj\u00fck Jira Core - MORESIMP","isPartOf":{"@id":"https:\/\/moresimp.com\/hu\/#website"},"datePublished":"2020-09-25T08:42:59+00:00","dateModified":"2020-09-25T08:44:14+00:00","description":"We are a software developer start-up with the dream of bringing simplicity to people's lives. Our applications are designed for broadening personal perspective and boosting productivity in business. We provide custom software development, Atlassian consulting and hosting.","breadcrumb":{"@id":"https:\/\/moresimp.com\/hu\/koszonjuk-jira-core\/#breadcrumb"},"inLanguage":"hu","potentialAction":[{"@type":"ReadAction","target":["https:\/\/moresimp.com\/hu\/koszonjuk-jira-core\/"]}]},{"@type":"BreadcrumbList","@id":"https:\/\/moresimp.com\/hu\/koszonjuk-jira-core\/#breadcrumb","itemListElement":[{"@type":"ListItem","position":1,"name":"Home","item":"https:\/\/moresimp.com\/hu\/"},{"@type":"ListItem","position":2,"name":"K\u00f6sz\u00f6nj\u00fck Jira Core"}]},{"@type":"WebSite","@id":"https:\/\/moresimp.com\/hu\/#website","url":"https:\/\/moresimp.com\/hu\/","name":"MORESIMP","description":"Smart software, more life.","potentialAction":[{"@type":"SearchAction","target":{"@type":"EntryPoint","urlTemplate":"https:\/\/moresimp.com\/hu\/?s={search_term_string}"},"query-input":{"@type":"PropertyValueSpecification","valueRequired":true,"valueName":"search_term_string"}}],"inLanguage":"hu"}]}},"_links":{"self":[{"href":"https:\/\/moresimp.com\/hu\/wp-json\/wp\/v2\/pages\/6931","targetHints":{"allow":["GET"]}}],"collection":[{"href":"https:\/\/moresimp.com\/hu\/wp-json\/wp\/v2\/pages"}],"about":[{"href":"https:\/\/moresimp.com\/hu\/wp-json\/wp\/v2\/types\/page"}],"author":[{"embeddable":true,"href":"https:\/\/moresimp.com\/hu\/wp-json\/wp\/v2\/users\/7"}],"replies":[{"embeddable":true,"href":"https:\/\/moresimp.com\/hu\/wp-json\/wp\/v2\/comments?post=6931"}],"version-history":[{"count":1,"href":"https:\/\/moresimp.com\/hu\/wp-json\/wp\/v2\/pages\/6931\/revisions"}],"predecessor-version":[{"id":6932,"href":"https:\/\/moresimp.com\/hu\/wp-json\/wp\/v2\/pages\/6931\/revisions\/6932"}],"wp:attachment":[{"href":"https:\/\/moresimp.com\/hu\/wp-json\/wp\/v2\/media?parent=6931"}],"curies":[{"name":"wp","href":"https:\/\/api.w.org\/{rel}","templated":true}]}}