{"id":7601,"date":"2021-11-08T12:27:10","date_gmt":"2021-11-08T12:27:10","guid":{"rendered":"https:\/\/moresimp.com\/?page_id=7601"},"modified":"2025-04-04T11:24:33","modified_gmt":"2025-04-04T11:24:33","slug":"smart-waste-management","status":"publish","type":"page","link":"https:\/\/moresimp.com\/hu\/smart-waste-management\/","title":{"rendered":"Smart Waste Management"},"content":{"rendered":"<div class=\"wpb-content-wrapper\"><p>[vc_row type=&#8221;full_width_section&#8221;][vc_column column_center=&#8221;true&#8221; text_align=&#8221;center&#8221; width=&#8221;9\/12&#8243;]<div class=\"spacer\" style=\"height: 30px;\"><\/div><h1 class=\"headline font-inherit fontsize-xxxl fontweight-600 lh-inherit align-center transform-inherit \" style=\"margin: 0 0 20px 0; color: #0052cc;\">GINOP-2.1.2-8<\/h1><a href=\"#rendezveny\" target=\"_self\" class=\"button custom small \" style=\"background-color: #0052cc; border-color: #0052cc;border-radius: 20px;\"><i class='fa fa-chevron-down'><\/i>\u00d6KOPolisz Klaszter K+F rendezv\u00e9ny<\/a>[\/vc_column][vc_column width=&#8221;3\/12&#8243;]<div class=\"single_image wpb_content_element align-left    \" data-animation=\"none\" data-delay=\"0\"><img loading=\"lazy\" decoding=\"async\" width=\"1453\" height=\"1004\" src=\"https:\/\/moresimp.com\/wp-content\/uploads\/2021\/11\/infoblokk_kedv_final_felso_cmyk_ERFA.jpg\" class=\"attachment-full\" alt=\"\" title=\"infoblokk_kedv_final_felso_cmyk_ERFA\" srcset=\"https:\/\/moresimp.com\/wp-content\/uploads\/2021\/11\/infoblokk_kedv_final_felso_cmyk_ERFA.jpg 1453w, https:\/\/moresimp.com\/wp-content\/uploads\/2021\/11\/infoblokk_kedv_final_felso_cmyk_ERFA-300x207.jpg 300w, https:\/\/moresimp.com\/wp-content\/uploads\/2021\/11\/infoblokk_kedv_final_felso_cmyk_ERFA-1024x708.jpg 1024w, https:\/\/moresimp.com\/wp-content\/uploads\/2021\/11\/infoblokk_kedv_final_felso_cmyk_ERFA-768x531.jpg 768w\" sizes=\"auto, (max-width: 1453px) 100vw, 1453px\"><\/div>\n[\/vc_column][\/vc_row][vc_row top_padding=&#8221;30&#8243; bottom_padding=&#8221;30&#8243; bg_position=&#8221;center center&#8221;][vc_column width=&#8221;1\/1&#8243;][vc_column_text el_class=&#8221;text2&#8243;]<strong>Projekt c\u00edme:<\/strong><\/p>\n<p>&#8222;MoreSimp Smart Waste Management&#8221; intelligens v\u00e9gberendez\u00e9s \u00e9s keretrendszer<\/p>\n<p><strong>Kedvezm\u00e9nyezett:<\/strong><\/p>\n<p>Moresimp Kft.<\/p>\n<p><strong>Projekt azonos\u00edt\u00f3:<\/strong><\/p>\n<p>GINOP-2.1.2-8-1-4-16-2017-00179<\/p>\n<p><strong>Az Eur\u00f3pai Uni\u00f3 \u00e9s a Magyar \u00c1llam \u00e1ltal ny\u00fajtott t\u00e1mogat\u00e1s \u00f6sszege:<\/strong><\/p>\n<p>vissza nem t\u00e9r\u00edtend\u0151 t\u00e1mogat\u00e1s: 88.548.652 Ft<\/p>\n<p>a konstrukci\u00f3 keret\u00e9ben ig\u00e9nyelt k\u00f6lcs\u00f6n: 56.349.143 Ft<\/p>\n<p><strong>A t\u00e1mogat\u00e1s m\u00e9rt\u00e9ke:<\/strong><\/p>\n<p>vissza nem t\u00e9r\u00edtend\u0151 t\u00e1mogat\u00e1s: 55 %<\/p>\n<p>a konstrukci\u00f3 keret\u00e9ben ig\u00e9nyelt k\u00f6lcs\u00f6n: 35%<\/p>\n<p><strong>A projekt r\u00f6vid bemutat\u00e1sa<\/strong><\/p>\n<p>A fejleszt\u00e9s eredm\u00e9nye a MoreSimp Smart Waste Management komplex rendszer, amely szem\u00e9tt\u00e1rol\u00f3k monitoroz\u00e1s\u00e1ra alkalmas v\u00e9gberendez\u00e9sekb\u0151l, valamint a v\u00e9gberendez\u00e9sek \u00e1ltal bek\u00fcld\u00f6tt adatokat fogad\u00f3, t\u00e1rol\u00f3, feldolgoz\u00f3, elemz\u0151 \u00e9s megjelen\u00edt\u0151 adatk\u00f6zpontb\u00f3l valamint az \u00e1ltala kiszolg\u00e1lt port\u00e1l-keretrendszerb\u0151l (felh\u0151szolg\u00e1ltat\u00e1sb\u00f3l) \u00e1ll. Mind a port\u00e1l rendszer el\u00e9r\u00e9s\u00e9re, mind a v\u00e9gberendez\u00e9sekkel t\u00f6rt\u00e9n\u0151 kommunik\u00e1ci\u00f3ra mobiltelefonon kereszt\u00fcl is lehet\u0151s\u00e9get biztos\u00edtunk.<\/p>\n<p>A fejleszt\u00e9s sor\u00e1n az al\u00e1bbi alapvet\u0151 szakmai feladatokat val\u00f3s\u00edtottuk meg:<\/p>\n<ol>\n<li>MoreSimp Smart Waste Management v\u00e9gberendez\u00e9s \u00e9s k\u00f6zponti rendszer fejleszt\u00e9se<\/li>\n<\/ol>\n<p>A v\u00e9gberendez\u00e9s alapvet\u0151 funkcionalit\u00e1sa \u00e9s feladata szem\u00e9tt\u00e1rol\u00f3k monitoroz\u00e1s\u00e1nak megval\u00f3s\u00edt\u00e1sa. A megoldand\u00f3 feladat a szem\u00e9tt\u00e1rol\u00f3 tel\u00edtetts\u00e9g\u00e9nek \u00e9s h\u0151m\u00e9rs\u00e9klet\u00e9nek folyamatos nyomon k\u00f6vet\u00e9se \u00e9s a m\u00e9rt \u00e9rt\u00e9kek adatk\u00f6zpontba t\u00f6rt\u00e9n\u0151 tov\u00e1bb\u00edt\u00e1sa.<\/p>\n<ol start=\"2\">\n<li>J\u00e1ratoptimaliz\u00e1ci\u00f3s algoritmus kidolgoz\u00e1sa<\/li>\n<\/ol>\n<p>A feladat egy meghat\u00e1rozott ter\u00fcleten (pl. v\u00e1rosr\u00e9sz) tal\u00e1lhat\u00f3 t\u00e1rol\u00f3k \u00fcr\u00edt\u00e9s\u00e9nek optimaliz\u00e1l\u00e1sa (optim\u00e1lis \u00fatvonal meghat\u00e1roz\u00e1sa) a rendelkez\u00e9sre \u00e1ll\u00f3 szem\u00e9tsz\u00e1ll\u00edt\u00e1si kapacit\u00e1s, a sz\u00e1ll\u00edt\u00e1si gyakoris\u00e1g \u00e9s term\u00e9szetesen a t\u00e1rol\u00f3k t\u00e9nyleges, illetve v\u00e1rhat\u00f3 tel\u00edtetts\u00e9g\u00e9nek f\u00fcggv\u00e9ny\u00e9ben.<\/p>\n<ol start=\"3\">\n<li>Vezet\u00e9k n\u00e9lk\u00fcli adattov\u00e1bb\u00edt\u00e1si megold\u00e1s fejleszt\u00e9se<\/li>\n<\/ol>\n<p>A m\u00e9r\u00e9si eredm\u00e9nyeket vezet\u00e9kn\u00e9lk\u00fcli kommunik\u00e1ci\u00f3s megold\u00e1ssal egy adatk\u00f6zpontba tov\u00e1bb\u00edtjuk, illetve a m\u00e9r\u0151egys\u00e9g okostelefonnal is k\u00e9pes kommunik\u00e1lni. A kifejlesztett megold\u00e1s a jelenleg tal\u00e1n leg\u00edg\u00e9retesebb NBIoT technol\u00f3gi\u00e1n alapul \u00e9s k\u00e9pes nagy adatmennyis\u00e9g gyorsan \u00e9s alacsony k\u00f6lts\u00e9ggel t\u00f6rt\u00e9n\u0151 tov\u00e1bb\u00edt\u00e1s\u00e1ra.<\/p>\n<p><strong>A projekt fizikai befejez\u00e9se:<\/strong> 2021.07.31.[\/vc_column_text][\/vc_column][\/vc_row][vc_row top_padding=&#8221;30&#8243; bg_position=&#8221;center center&#8221;][vc_column width=&#8221;1\/1&#8243;][vc_separator el_id=&#8221;rendezveny&#8221;][vc_column_text el_class=&#8221;text2&#8243;]<\/p>\n<h3><span style=\"color: #0052cc;\"><strong>\u00d6KOPolisz Klaszter K+F rendezv\u00e9ny<\/strong><\/span><\/h3>\n<p>Az esem\u00e9nyen partnereink mutatj\u00e1k be a k\u00fcl\u00f6nb\u00f6z\u0151 K+F+I ter\u00fcleteket \u00e9rint\u0151 projektjeik megval\u00f3s\u00edt\u00e1sa sor\u00e1n el\u00e9rt eredm\u00e9nyeiket, tapasztalataikat, melyeket kerekasztal besz\u00e9lget\u00e9s form\u00e1j\u00e1ban vitatunk meg.<\/p>\n<p><strong>A rendezv\u00e9ny id\u0151pontja \u00e9s helysz\u00edne:<\/strong><\/p>\n<p><strong>Id\u0151pontja:<\/strong> 2021. december 16. (cs\u00fct\u00f6rt\u00f6k) 10:00 \u00f3ra<\/p>\n<p><strong>Helysz\u00edne:<\/strong> Alliance Innov\u00e1ci\u00f3s Centrum (8200 Veszpr\u00e9m, Csererdei \u00fat 23. 1. emelet. 5.<\/p>\n<p>el\u0151ad\u00f3 terem.)<\/p>\n<p><strong>Program:<\/strong><\/p>\n<p>9:30 \u2013 10:00 \u00c9rkez\u00e9s, regisztr\u00e1ci\u00f3<\/p>\n<p><strong>10:00 Megnyit\u00f3<\/strong><\/p>\n<p>Sch\u00fcll Zolt\u00e1n klasztermenedzser, \u00d6KOPolisz Klaszter<\/p>\n<p><strong>10:30 \u2013 13:00 El\u0151ad\u00e1sok, kerekasztal besz\u00e9lget\u00e9s<\/strong><\/p>\n<p>T\u00e9m\u00e1k:[\/vc_column_text][\/vc_column][\/vc_row][vc_row][vc_column el_class=&#8221;box&#8221; text_align=&#8221;center&#8221; width=&#8221;1\/3&#8243;][vc_column_text el_class=&#8221;text3&#8243;]<\/p>\n<p style=\"text-align: center;\"><strong>Alkimia Kft.<br \/>\n<\/strong><em>Mobil vegyszeres tiszt\u00edt\u00f3 berendez\u00e9s, technol\u00f3gia \u00e9s vegyszer fejleszt\u00e9se az Alkimia Kft.-n\u00e9l<\/em><\/p>\n<p style=\"text-align: center;\">GINOP-2.1.7-15-2016-01087<\/p>\n<p>[\/vc_column_text]<a href=\"https:\/\/moresimp.com\/wp-content\/uploads\/2025\/04\/alkimia_eloadas_20211216.pdf\" target=\"_self\" class=\"button custom small \" style=\"background-color: #0052cc; border-color: #0052cc;border-radius: 20px;\"><i class='fa fa-download'><\/i>El\u0151ad\u00e1s let\u00f6lt\u00e9se (PDF)<\/a>[\/vc_column][vc_column el_class=&#8221;box&#8221; text_align=&#8221;center&#8221; width=&#8221;1\/3&#8243;][vc_column_text el_class=&#8221;text3&#8243;]<\/p>\n<p style=\"text-align: center;\"><strong>CNW Zrt.<\/strong><\/p>\n<p style=\"text-align: center;\"><em>Intelligens v\u00e9rcukorm\u00e9r\u0151, kutat\u00e1son alapul\u00f3 kifejleszt\u00e9se a CNW Zrt-n\u00e9l<\/em><\/p>\n<p style=\"text-align: center;\">GINOP-2.1.2-8-1-4-16-2017-00168<\/p>\n<p>[\/vc_column_text]<a href=\"https:\/\/moresimp.com\/wp-content\/uploads\/2025\/04\/cnw_eloadas_20211216.pdf\" target=\"_self\" class=\"button custom small \" style=\"background-color: #0052cc; border-color: #0052cc;border-radius: 20px;\"><i class='fa fa-download'><\/i>El\u0151ad\u00e1s let\u00f6lt\u00e9se (PDF)<\/a>[\/vc_column][vc_column el_class=&#8221;box&#8221; text_align=&#8221;center&#8221; width=&#8221;1\/3&#8243;][vc_column_text el_class=&#8221;text3&#8243;]<\/p>\n<p style=\"text-align: center;\"><strong>K\u00e9k Duna Energia Kft.<\/strong><\/p>\n<p style=\"text-align: center;\"><em>Hibrid energia\u00e1llom\u00e1s kifejleszt\u00e9se a K\u00e9k Duna Energia Kft-n\u00e9l<\/em><\/p>\n<p style=\"text-align: center;\">GINOP-2.1.2-8-1-4-16-2019-00756<\/p>\n<p>[\/vc_column_text]<a href=\"https:\/\/moresimp.com\/wp-content\/uploads\/2025\/04\/kekduna_eloadas_20211216.pdf\" target=\"_self\" class=\"button custom small \" style=\"background-color: #0052cc; border-color: #0052cc;border-radius: 20px;\"><i class='fa fa-download'><\/i>El\u0151ad\u00e1s let\u00f6lt\u00e9se (PDF)<\/a>[\/vc_column][\/vc_row][vc_row][vc_column el_class=&#8221;box&#8221; text_align=&#8221;center&#8221; width=&#8221;1\/3&#8243;][vc_column_text el_class=&#8221;text3&#8243;]<\/p>\n<p style=\"text-align: center;\"><span style=\"color: #0052cc;\"><strong>Moresimp Kft.<\/strong><\/span><\/p>\n<p style=\"text-align: center;\"><span style=\"color: #0052cc;\"><em>MoreSimp &#8222;Smart Waste Management&#8221; intelligens v\u00e9gberendez\u00e9s \u00e9s keretrendszer<\/em><\/span><\/p>\n<p style=\"text-align: center;\">GINOP-2.1.2-8-1-4-16-2017-00179<\/p>\n<p>[\/vc_column_text]<a href=\"https:\/\/moresimp.com\/wp-content\/uploads\/2025\/04\/morseimp_eloadas_20211216.pdf\" target=\"_self\" class=\"button custom small \" style=\"background-color: #0052cc; border-color: #0052cc;border-radius: 20px;\"><i class='fa fa-download'><\/i>El\u0151ad\u00e1s let\u00f6lt\u00e9se (PDF)<\/a>[\/vc_column][vc_column el_class=&#8221;box&#8221; text_align=&#8221;center&#8221; width=&#8221;1\/3&#8243;][vc_column_text el_class=&#8221;text3&#8243;]<\/p>\n<p style=\"text-align: center;\"><strong>Combit Zrt.<\/strong><\/p>\n<p style=\"text-align: center;\"><em>AIRPAIN \u2013 tanuljunk nyelveket j\u00e1t\u00e9kos\u00edtva<\/em><\/p>\n<p style=\"text-align: center;\">GINOP-2.1.7-15-2016-01621<\/p>\n<p>[\/vc_column_text]<a href=\"https:\/\/moresimp.com\/wp-content\/uploads\/2025\/04\/combit_eloadas_2_20211216.pdf\" target=\"_self\" class=\"button custom small \" style=\"background-color: #0052cc; border-color: #0052cc;border-radius: 20px;\"><i class='fa fa-download'><\/i>El\u0151ad\u00e1s let\u00f6lt\u00e9se (PDF)<\/a>[\/vc_column][vc_column el_class=&#8221;box&#8221; text_align=&#8221;center&#8221; width=&#8221;1\/3&#8243;][vc_column_text el_class=&#8221;text3&#8243;]<\/p>\n<p style=\"text-align: center;\"><strong>Combit Zrt.<\/strong><\/p>\n<p style=\"text-align: center;\"><em>SmartBlock \u2013 T\u00e1rsash\u00e1zi okoslak\u00e1sok \u00faj gener\u00e1ci\u00f3ja \u2013 Lora kommunik\u00e1ci\u00f3 a gyakorlatban<\/em><\/p>\n<p style=\"text-align: center;\">VEKOP-2.1.1-15-2016-00109<\/p>\n<p>[\/vc_column_text]<a href=\"https:\/\/moresimp.com\/wp-content\/uploads\/2025\/04\/combit_eloadas_3_20211216.pdf\" target=\"_self\" class=\"button custom small \" style=\"background-color: #0052cc; border-color: #0052cc;border-radius: 20px;\"><i class='fa fa-download'><\/i>El\u0151ad\u00e1s let\u00f6lt\u00e9se (PDF)<\/a>[\/vc_column][\/vc_row][vc_row bottom_padding=&#8221;40&#8243;][vc_column el_class=&#8221;box&#8221; text_align=&#8221;center&#8221; width=&#8221;1\/3&#8243;][vc_column_text el_class=&#8221;text3&#8243;]<\/p>\n<p style=\"text-align: center;\"><strong>Combit Zrt.<\/strong><\/p>\n<p style=\"text-align: center;\"><em>Intelligens m\u00e9r\u0151eszk\u00f6z, valamint el\u0151rejelz\u0151- \u00e9s beavatkoz\u00e1si javaslattev\u0151 rendszer kifejleszt\u00e9se a hypertonia \u00e9s hypotonia visszaszor\u00edt\u00e1sa \u00e9rdek\u00e9ben<\/em><\/p>\n<p style=\"text-align: center;\">GINOP-2.1.2-8-1-4-16-2017-00170<\/p>\n<p>[\/vc_column_text]<a href=\"https:\/\/moresimp.com\/wp-content\/uploads\/2025\/04\/combit_eloadas_1_20211216.pdf\" target=\"_self\" class=\"button custom small \" style=\"background-color: #0052cc; border-color: #0052cc;border-radius: 20px;\"><i class='fa fa-download'><\/i>El\u0151ad\u00e1s let\u00f6lt\u00e9se (PDF)<\/a>[\/vc_column][vc_column el_class=&#8221;box&#8221; text_align=&#8221;center&#8221; width=&#8221;1\/3&#8243;][vc_column_text el_class=&#8221;text3&#8243;]<\/p>\n<p style=\"text-align: center;\"><strong>Albacomp Services Kft.<\/strong><\/p>\n<p style=\"text-align: center;\"><em>NBIoT eszk\u00f6z\u00f6k \u00e9s szolg\u00e1ltat\u00e1sok fejleszt\u00e9se az Albacomp Services Kft-n\u00e9l<\/em><\/p>\n<p style=\"text-align: center;\">GINOP-2.1.2-8-1-4-16-2017-00101<\/p>\n<p>[\/vc_column_text]<a href=\"https:\/\/moresimp.com\/wp-content\/uploads\/2025\/04\/acsv_eloadas_20211216.pdf\" target=\"_self\" class=\"button custom small \" style=\"background-color: #0052cc; border-color: #0052cc;border-radius: 20px;\"><i class='fa fa-download'><\/i>El\u0151ad\u00e1s let\u00f6lt\u00e9se (PDF)<\/a>[\/vc_column][vc_column el_class=&#8221;box&#8221; text_align=&#8221;center&#8221; width=&#8221;1\/3&#8243;][\/vc_column][\/vc_row]<\/p>\n<\/div>","protected":false},"excerpt":{"rendered":"<p>[vc_row type=&#8221;full_width_section&#8221;][vc_column column_center=&#8221;true&#8221; text_align=&#8221;center&#8221; width=&#8221;9\/12&#8243;][\/vc_column][vc_column width=&#8221;3\/12&#8243;][\/vc_column][\/vc_row][vc_row top_padding=&#8221;30&#8243; bottom_padding=&#8221;30&#8243; bg_position=&#8221;center center&#8221;][vc_column width=&#8221;1\/1&#8243;][vc_column_text el_class=&#8221;text2&#8243;]Projekt c\u00edme: &#8222;MoreSimp Smart Waste Management&#8221; intelligens v\u00e9gberendez\u00e9s \u00e9s keretrendszer Kedvezm\u00e9nyezett: Moresimp Kft. Projekt azonos\u00edt\u00f3: GINOP-2.1.2-8-1-4-16-2017-00179 Az Eur\u00f3pai Uni\u00f3 \u00e9s a Magyar \u00c1llam \u00e1ltal ny\u00fajtott t\u00e1mogat\u00e1s \u00f6sszege: vissza nem t\u00e9r\u00edtend\u0151 t\u00e1mogat\u00e1s: 88.548.652 Ft a konstrukci\u00f3 keret\u00e9ben ig\u00e9nyelt k\u00f6lcs\u00f6n: 56.349.143 Ft A t\u00e1mogat\u00e1s m\u00e9rt\u00e9ke: vissza nem t\u00e9r\u00edtend\u0151 t\u00e1mogat\u00e1s: 55 % a konstrukci\u00f3 keret\u00e9ben ig\u00e9nyelt k\u00f6lcs\u00f6n: 35% A projekt r\u00f6vid bemutat\u00e1sa A fejleszt\u00e9s eredm\u00e9nye a MoreSimp Smart Waste Management komplex rendszer, amely szem\u00e9tt\u00e1rol\u00f3k monitoroz\u00e1s\u00e1ra alkalmas v\u00e9gberendez\u00e9sekb\u0151l, valamint a v\u00e9gberendez\u00e9sek \u00e1ltal bek\u00fcld\u00f6tt adatokat fogad\u00f3, t\u00e1rol\u00f3, feldolgoz\u00f3, elemz\u0151 \u00e9s megjelen\u00edt\u0151 adatk\u00f6zpontb\u00f3l valamint az \u00e1ltala kiszolg\u00e1lt port\u00e1l-keretrendszerb\u0151l (felh\u0151szolg\u00e1ltat\u00e1sb\u00f3l) \u00e1ll. Mind a port\u00e1l rendszer el\u00e9r\u00e9s\u00e9re, mind a v\u00e9gberendez\u00e9sekkel t\u00f6rt\u00e9n\u0151 kommunik\u00e1ci\u00f3ra mobiltelefonon kereszt\u00fcl is lehet\u0151s\u00e9get biztos\u00edtunk. A fejleszt\u00e9s sor\u00e1n az al\u00e1bbi alapvet\u0151 szakmai feladatokat val\u00f3s\u00edtottuk meg: MoreSimp Smart Waste Management v\u00e9gberendez\u00e9s \u00e9s k\u00f6zponti rendszer fejleszt\u00e9se A v\u00e9gberendez\u00e9s alapvet\u0151 funkcionalit\u00e1sa \u00e9s feladata szem\u00e9tt\u00e1rol\u00f3k monitoroz\u00e1s\u00e1nak megval\u00f3s\u00edt\u00e1sa. A megoldand\u00f3 feladat a szem\u00e9tt\u00e1rol\u00f3 tel\u00edtetts\u00e9g\u00e9nek \u00e9s h\u0151m\u00e9rs\u00e9klet\u00e9nek folyamatos nyomon k\u00f6vet\u00e9se \u00e9s a m\u00e9rt \u00e9rt\u00e9kek adatk\u00f6zpontba t\u00f6rt\u00e9n\u0151 tov\u00e1bb\u00edt\u00e1sa. J\u00e1ratoptimaliz\u00e1ci\u00f3s algoritmus kidolgoz\u00e1sa A feladat egy meghat\u00e1rozott ter\u00fcleten (pl. v\u00e1rosr\u00e9sz) tal\u00e1lhat\u00f3 t\u00e1rol\u00f3k \u00fcr\u00edt\u00e9s\u00e9nek optimaliz\u00e1l\u00e1sa (optim\u00e1lis \u00fatvonal meghat\u00e1roz\u00e1sa) a rendelkez\u00e9sre \u00e1ll\u00f3 szem\u00e9tsz\u00e1ll\u00edt\u00e1si kapacit\u00e1s, a sz\u00e1ll\u00edt\u00e1si gyakoris\u00e1g \u00e9s term\u00e9szetesen a t\u00e1rol\u00f3k t\u00e9nyleges, illetve v\u00e1rhat\u00f3 tel\u00edtetts\u00e9g\u00e9nek f\u00fcggv\u00e9ny\u00e9ben. [&hellip;]<\/p>\n","protected":false},"author":4,"featured_media":0,"parent":0,"menu_order":0,"comment_status":"closed","ping_status":"closed","template":"","meta":{"footnotes":""},"class_list":["post-7601","page","type-page","status-publish","hentry"],"yoast_head":"<!-- This site is optimized with the Yoast SEO plugin v27.3 - https:\/\/yoast.com\/product\/yoast-seo-wordpress\/ -->\n<title>Smart Waste Management - MORESIMP<\/title>\n<meta name=\"description\" content=\"We are a software developer start-up with the dream of bringing simplicity to people&#039;s lives. Our applications are designed for broadening personal perspective and boosting productivity in business. We provide custom software development, Atlassian consulting and hosting.\" \/>\n<meta name=\"robots\" content=\"index, follow, max-snippet:-1, max-image-preview:large, max-video-preview:-1\" \/>\n<link rel=\"canonical\" href=\"https:\/\/moresimp.com\/hu\/smart-waste-management\/\" \/>\n<meta property=\"og:locale\" content=\"hu_HU\" \/>\n<meta property=\"og:type\" content=\"article\" \/>\n<meta property=\"og:title\" content=\"Smart Waste Management - MORESIMP\" \/>\n<meta property=\"og:description\" content=\"We are a software developer start-up with the dream of bringing simplicity to people&#039;s lives. Our applications are designed for broadening personal perspective and boosting productivity in business. We provide custom software development, Atlassian consulting and hosting.\" \/>\n<meta property=\"og:url\" content=\"https:\/\/moresimp.com\/hu\/smart-waste-management\/\" \/>\n<meta property=\"og:site_name\" content=\"MORESIMP\" \/>\n<meta property=\"article:modified_time\" content=\"2025-04-04T11:24:33+00:00\" \/>\n<meta name=\"twitter:card\" content=\"summary_large_image\" \/>\n<meta name=\"twitter:label1\" content=\"Becs\u00fclt olvas\u00e1si id\u0151\" \/>\n\t<meta name=\"twitter:data1\" content=\"3 perc\" \/>\n<script type=\"application\/ld+json\" class=\"yoast-schema-graph\">{\"@context\":\"https:\\\/\\\/schema.org\",\"@graph\":[{\"@type\":\"WebPage\",\"@id\":\"https:\\\/\\\/moresimp.com\\\/hu\\\/smart-waste-management\\\/\",\"url\":\"https:\\\/\\\/moresimp.com\\\/hu\\\/smart-waste-management\\\/\",\"name\":\"Smart Waste Management - MORESIMP\",\"isPartOf\":{\"@id\":\"https:\\\/\\\/moresimp.com\\\/hu\\\/#website\"},\"datePublished\":\"2021-11-08T12:27:10+00:00\",\"dateModified\":\"2025-04-04T11:24:33+00:00\",\"description\":\"We are a software developer start-up with the dream of bringing simplicity to people's lives. Our applications are designed for broadening personal perspective and boosting productivity in business. We provide custom software development, Atlassian consulting and hosting.\",\"breadcrumb\":{\"@id\":\"https:\\\/\\\/moresimp.com\\\/hu\\\/smart-waste-management\\\/#breadcrumb\"},\"inLanguage\":\"hu\",\"potentialAction\":[{\"@type\":\"ReadAction\",\"target\":[\"https:\\\/\\\/moresimp.com\\\/hu\\\/smart-waste-management\\\/\"]}]},{\"@type\":\"BreadcrumbList\",\"@id\":\"https:\\\/\\\/moresimp.com\\\/hu\\\/smart-waste-management\\\/#breadcrumb\",\"itemListElement\":[{\"@type\":\"ListItem\",\"position\":1,\"name\":\"Home\",\"item\":\"https:\\\/\\\/moresimp.com\\\/hu\\\/\"},{\"@type\":\"ListItem\",\"position\":2,\"name\":\"Smart Waste Management\"}]},{\"@type\":\"WebSite\",\"@id\":\"https:\\\/\\\/moresimp.com\\\/hu\\\/#website\",\"url\":\"https:\\\/\\\/moresimp.com\\\/hu\\\/\",\"name\":\"MORESIMP\",\"description\":\"Smart software, more life.\",\"potentialAction\":[{\"@type\":\"SearchAction\",\"target\":{\"@type\":\"EntryPoint\",\"urlTemplate\":\"https:\\\/\\\/moresimp.com\\\/hu\\\/?s={search_term_string}\"},\"query-input\":{\"@type\":\"PropertyValueSpecification\",\"valueRequired\":true,\"valueName\":\"search_term_string\"}}],\"inLanguage\":\"hu\"}]}<\/script>\n<!-- \/ Yoast SEO plugin. -->","yoast_head_json":{"title":"Smart Waste Management - MORESIMP","description":"We are a software developer start-up with the dream of bringing simplicity to people's lives. Our applications are designed for broadening personal perspective and boosting productivity in business. We provide custom software development, Atlassian consulting and hosting.","robots":{"index":"index","follow":"follow","max-snippet":"max-snippet:-1","max-image-preview":"max-image-preview:large","max-video-preview":"max-video-preview:-1"},"canonical":"https:\/\/moresimp.com\/hu\/smart-waste-management\/","og_locale":"hu_HU","og_type":"article","og_title":"Smart Waste Management - MORESIMP","og_description":"We are a software developer start-up with the dream of bringing simplicity to people's lives. Our applications are designed for broadening personal perspective and boosting productivity in business. We provide custom software development, Atlassian consulting and hosting.","og_url":"https:\/\/moresimp.com\/hu\/smart-waste-management\/","og_site_name":"MORESIMP","article_modified_time":"2025-04-04T11:24:33+00:00","twitter_card":"summary_large_image","twitter_misc":{"Becs\u00fclt olvas\u00e1si id\u0151":"3 perc"},"schema":{"@context":"https:\/\/schema.org","@graph":[{"@type":"WebPage","@id":"https:\/\/moresimp.com\/hu\/smart-waste-management\/","url":"https:\/\/moresimp.com\/hu\/smart-waste-management\/","name":"Smart Waste Management - MORESIMP","isPartOf":{"@id":"https:\/\/moresimp.com\/hu\/#website"},"datePublished":"2021-11-08T12:27:10+00:00","dateModified":"2025-04-04T11:24:33+00:00","description":"We are a software developer start-up with the dream of bringing simplicity to people's lives. Our applications are designed for broadening personal perspective and boosting productivity in business. We provide custom software development, Atlassian consulting and hosting.","breadcrumb":{"@id":"https:\/\/moresimp.com\/hu\/smart-waste-management\/#breadcrumb"},"inLanguage":"hu","potentialAction":[{"@type":"ReadAction","target":["https:\/\/moresimp.com\/hu\/smart-waste-management\/"]}]},{"@type":"BreadcrumbList","@id":"https:\/\/moresimp.com\/hu\/smart-waste-management\/#breadcrumb","itemListElement":[{"@type":"ListItem","position":1,"name":"Home","item":"https:\/\/moresimp.com\/hu\/"},{"@type":"ListItem","position":2,"name":"Smart Waste Management"}]},{"@type":"WebSite","@id":"https:\/\/moresimp.com\/hu\/#website","url":"https:\/\/moresimp.com\/hu\/","name":"MORESIMP","description":"Smart software, more life.","potentialAction":[{"@type":"SearchAction","target":{"@type":"EntryPoint","urlTemplate":"https:\/\/moresimp.com\/hu\/?s={search_term_string}"},"query-input":{"@type":"PropertyValueSpecification","valueRequired":true,"valueName":"search_term_string"}}],"inLanguage":"hu"}]}},"_links":{"self":[{"href":"https:\/\/moresimp.com\/hu\/wp-json\/wp\/v2\/pages\/7601","targetHints":{"allow":["GET"]}}],"collection":[{"href":"https:\/\/moresimp.com\/hu\/wp-json\/wp\/v2\/pages"}],"about":[{"href":"https:\/\/moresimp.com\/hu\/wp-json\/wp\/v2\/types\/page"}],"author":[{"embeddable":true,"href":"https:\/\/moresimp.com\/hu\/wp-json\/wp\/v2\/users\/4"}],"replies":[{"embeddable":true,"href":"https:\/\/moresimp.com\/hu\/wp-json\/wp\/v2\/comments?post=7601"}],"version-history":[{"count":8,"href":"https:\/\/moresimp.com\/hu\/wp-json\/wp\/v2\/pages\/7601\/revisions"}],"predecessor-version":[{"id":28198,"href":"https:\/\/moresimp.com\/hu\/wp-json\/wp\/v2\/pages\/7601\/revisions\/28198"}],"wp:attachment":[{"href":"https:\/\/moresimp.com\/hu\/wp-json\/wp\/v2\/media?parent=7601"}],"curies":[{"name":"wp","href":"https:\/\/api.w.org\/{rel}","templated":true}]}}