{"id":8439,"date":"2022-05-05T00:22:58","date_gmt":"2022-05-05T00:22:58","guid":{"rendered":"https:\/\/moresimp.com\/?page_id=8439"},"modified":"2023-09-28T14:25:34","modified_gmt":"2023-09-28T14:25:34","slug":"passman-vallalati-jelszokezelo","status":"publish","type":"page","link":"https:\/\/moresimp.com\/hu\/passman-vallalati-jelszokezelo\/","title":{"rendered":"PassMan &#8211; V\u00e1llalati jelsz\u00f3kezel\u00e9s egyszer\u0171en"},"content":{"rendered":"<div class=\"wpb-content-wrapper\"><p>[vc_row bg_image=&#8221;18921&#8243; bg_color=&#8221;#0052cc&#8221; text_color=&#8221;custom&#8221; custom_text_color=&#8221;#a6c549&#8243; top_padding=&#8221;100&#8243; bottom_padding=&#8221;100&#8243; class=&#8221;no-mobile&#8221;][vc_column column_center=&#8221;true&#8221; text_align=&#8221;center&#8221; width=&#8221;1\/1&#8243;]<h1 class=\"headline font-inherit fontsize-xxl fontweight-600 lh-12 align-center transform-inherit \" style=\"margin: 0 0 20px 0; color: #3d3d3d;\">Jir\u00e1ban t\u00e1roltok jeszavakat?<\/h1><h2 class=\"headline font-inherit fontsize-xl fontweight-inherit lh-12 align-center transform-inherit \" style=\"margin: 0 0 20px 0; color: #3d3d3d;\">Haszn\u00e1ljatok ink\u00e1bb biztons\u00e1gos URL-t!<\/h2><div class=\"spacer\" style=\"height: 30px;\"><\/div><a href=\"https:\/\/marketplace.atlassian.com\/apps\/1225071\/passman-insight-connector-for-data-center?hosting=datacenter&#038;tab=overview\" target=\"_blank\" class=\"button custom large text2\" style=\"background-color: #e2b203; border-color: #e2b203;border-radius: 2px;\">PASSMAN CONNECTOR LET\u00d6LT\u00c9S<\/a>[\/vc_column][\/vc_row][vc_row text_color=&#8221;custom&#8221; custom_text_color=&#8221;#a6c549&#8243; top_padding=&#8221;60&#8243;][vc_column width=&#8221;1\/1&#8243;]<h1 class=\"headline font-inherit fontsize-xxl fontweight-600 lh-12 align-center transform-inherit \" style=\"margin: 0 0 20px 0; color: #3d3d3d;\">V\u00e9dd meg a titkaid a Jir\u00e1ban is!<\/h1>[\/vc_column][\/vc_row][vc_row text_color=&#8221;custom&#8221; custom_text_color=&#8221;#a6c549&#8243; top_padding=&#8221;20&#8243;][vc_column column_center=&#8221;true&#8221; width=&#8221;6\/12&#8243;]<div class=\"headline font-inherit fontsize-xl fontweight-inherit lh-14 align-left transform-inherit \" style=\" color: #3d3d3d;\"> K\u00f6sd \u00f6ssze PassMan Jelsz\u00f3kezel\u0151d a Jir\u00e1val, hogy a m\u00falt\u00e9 legyen a felel\u0151tlen jelsz\u00f3kezel\u00e9s!<\/div><div class=\"newdivider align-left\" style=\"border-bottom-style: solid; border-color: #045be0; border-bottom-width: 3px; margin-top: 0; margin-bottom: 0; width: 50%; \"><\/div><div class=\"clear\"><\/div>[\/vc_column][vc_column width=&#8221;1\/12&#8243;][\/vc_column][vc_column width=&#8221;5\/12&#8243;]<div class=\"single_image wpb_content_element align-left    \" data-animation=\"none\" data-delay=\"0\"><img loading=\"lazy\" decoding=\"async\" width=\"1200\" height=\"1200\" src=\"https:\/\/moresimp.com\/wp-content\/uploads\/2023\/09\/passman-connector-hu-1.jpeg\" class=\"attachment-full\" alt=\"\" title=\"passman-connector-hu-1\" srcset=\"https:\/\/moresimp.com\/wp-content\/uploads\/2023\/09\/passman-connector-hu-1.jpeg 1200w, https:\/\/moresimp.com\/wp-content\/uploads\/2023\/09\/passman-connector-hu-1-300x300.jpeg 300w, https:\/\/moresimp.com\/wp-content\/uploads\/2023\/09\/passman-connector-hu-1-1024x1024.jpeg 1024w, https:\/\/moresimp.com\/wp-content\/uploads\/2023\/09\/passman-connector-hu-1-150x150.jpeg 150w, https:\/\/moresimp.com\/wp-content\/uploads\/2023\/09\/passman-connector-hu-1-768x768.jpeg 768w, https:\/\/moresimp.com\/wp-content\/uploads\/2023\/09\/passman-connector-hu-1-80x80.jpeg 80w, https:\/\/moresimp.com\/wp-content\/uploads\/2023\/09\/passman-connector-hu-1-500x500.jpeg 500w, https:\/\/moresimp.com\/wp-content\/uploads\/2023\/09\/passman-connector-hu-1-1000x1000.jpeg 1000w\" sizes=\"auto, (max-width: 1200px) 100vw, 1200px\"><\/div>\n[\/vc_column][\/vc_row][vc_row bg_color=&#8221;#f9f9f9&#8243; top_padding=&#8221;60&#8243; bottom_padding=&#8221;40&#8243; class=&#8221;no-mobile&#8221;][vc_column el_class=&#8221;text&#8221; column_center=&#8221;true&#8221; width=&#8221;1\/6&#8243;][\/vc_column][vc_column width=&#8221;2\/3&#8243;]<h2 class=\"headline font-inherit fontsize-xl fontweight-600 lh-inherit align-center transform-inherit \" style=\" color: #3d3d3d;\">Biztons\u00e1gos \u00fat a c\u00e9ges jelsz\u00f3kezel\u00e9shez!<\/h2>[vc_column_text el_class=&#8221;text&#8221;]A PassMan felsz\u00e1molja a r\u00e9gim\u00f3di, kock\u00e1zatos jelsz\u00f3kezel\u00e9si szok\u00e1sokat az eg\u00e9sz v\u00e1llalkoz\u00e1sodban! \u00c1tl\u00e1that\u00f3 \u00e9s k\u00f6nnyen kezelhet\u0151 fel\u00fcletet biztos\u00edt, ahol a jelszavakat kock\u00e1zatok n\u00e9lk\u00fcl oszthatj\u00e1tok meg egym\u00e1ssal. Gyerekj\u00e1t\u00e9k lesz a jelsz\u00f3kezel\u00e9s![\/vc_column_text][\/vc_column][vc_column width=&#8221;1\/6&#8243;][\/vc_column][\/vc_row][vc_row bg_color=&#8221;#091e42&#8243; top_padding=&#8221;20&#8243; bottom_padding=&#8221;20&#8243; class=&#8221;no-mobile&#8221;][vc_column el_class=&#8221;text&#8221; column_center=&#8221;true&#8221; text_align=&#8221;right&#8221; width=&#8221;1\/2&#8243;]<h2 class=\"headline font-inherit fontsize-xl fontweight-inherit lh-12 align-center transform-inherit \" style=\" color: #ffffff;\">Nincs m\u00e9g PassMan Jelsz\u00f3kezel\u0151d?<\/h2>[\/vc_column][vc_column text_align=&#8221;center&#8221; width=&#8221;1\/2&#8243;]<a href=\"https:\/\/passman.co\/hu\/probald-ki\/\" target=\"_blank\" class=\"button custom medium text2\" style=\"background-color: #e2b203; border-color: #e2b203;border-radius: 2px;\">Regisztr\u00e1lj Ingyen!<\/a>[\/vc_column][\/vc_row][vc_row top_padding=&#8221;60&#8243; bottom_padding=&#8221;60&#8243;][vc_column el_class=&#8221;text&#8221; width=&#8221;2\/3&#8243;]<h2 class=\"headline font-inherit fontsize-xl fontweight-inherit lh-14 align-left transform-inherit \" style=\" color: #3d3d3d;\">Tov\u00e1bbi funkci\u00f3k a PassMan-t\u00f3l&#8230;<\/h2><div class=\"minti_list wpb_content_element color-accent checkbox\" style=\"\">\n<ul>\n<li>Legmagasabb titkos\u00edt\u00e1si elj\u00e1r\u00e1s,<\/li>\n<li>Automatikus jelsz\u00f3gener\u00e1l\u00e1s \u00e9s jelsz\u00f3csere,<\/li>\n<li>Jelsz\u00f3 ir\u00e1nyelv \u00e9s folyamatos \u00e1llapotellen\u0151rz\u00e9s,<\/li>\n<li>T\u00f6bbszint\u0171, profi jogosults\u00e1gkezel\u00e9s,<\/li>\n<li>SIEM integr\u00e1ci\u00f3 \u00e9s riportok,<\/li>\n<li>1-click bejelentkez\u00e9s (ak\u00e1r a jelsz\u00f3 ismerete n\u00e9lk\u00fcl),<\/li>\n<li>Vide\u00f3s visszaj\u00e1tsz\u00e1s (Session Recording) \u00e9s sok m\u00e1s!<\/li>\n<\/ul>\n<\/div>[\/vc_column][vc_column el_class=&#8221;text&#8221; column_center=&#8221;true&#8221; width=&#8221;1\/3&#8243;]<div class=\"single_image wpb_content_element align-left    \" data-animation=\"none\" data-delay=\"0\"><img loading=\"lazy\" decoding=\"async\" width=\"1000\" height=\"1000\" src=\"https:\/\/moresimp.com\/wp-content\/uploads\/2023\/09\/passman-access-leves.jpg\" class=\"attachment-large\" alt=\"\" title=\"passman-access-leves\" srcset=\"https:\/\/moresimp.com\/wp-content\/uploads\/2023\/09\/passman-access-leves.jpg 1000w, https:\/\/moresimp.com\/wp-content\/uploads\/2023\/09\/passman-access-leves-300x300.jpg 300w, https:\/\/moresimp.com\/wp-content\/uploads\/2023\/09\/passman-access-leves-150x150.jpg 150w, https:\/\/moresimp.com\/wp-content\/uploads\/2023\/09\/passman-access-leves-768x768.jpg 768w, https:\/\/moresimp.com\/wp-content\/uploads\/2023\/09\/passman-access-leves-80x80.jpg 80w, https:\/\/moresimp.com\/wp-content\/uploads\/2023\/09\/passman-access-leves-500x500.jpg 500w\" sizes=\"auto, (max-width: 1000px) 100vw, 1000px\"><\/div>\n[\/vc_column][\/vc_row][vc_row bg_color=&#8221;#e2b203&#8243; top_padding=&#8221;60&#8243; bottom_padding=&#8221;60&#8243; class=&#8221;no-mobile&#8221;][vc_column el_class=&#8221;text&#8221; column_center=&#8221;true&#8221; width=&#8221;5\/12&#8243;]<div class=\"single_image wpb_content_element align-right  image_box_shadow image_zoom \" data-animation=\"none\" data-delay=\"0\"><a href=\"https:\/\/moresimp.atlassian.net\/wiki\/spaces\/PIC\/pages\/2721841212\/About+the+app\" target=\"_self\"><img loading=\"lazy\" decoding=\"async\" width=\"210\" height=\"300\" src=\"https:\/\/moresimp.com\/wp-content\/uploads\/2023\/09\/passman-insight-connector-utmutato-210x300.jpg\" class=\"attachment-medium\" alt=\"\" title=\"passman-insight-connector-utmutato\" srcset=\"https:\/\/moresimp.com\/wp-content\/uploads\/2023\/09\/passman-insight-connector-utmutato-210x300.jpg 210w, https:\/\/moresimp.com\/wp-content\/uploads\/2023\/09\/passman-insight-connector-utmutato-500x714.jpg 500w, https:\/\/moresimp.com\/wp-content\/uploads\/2023\/09\/passman-insight-connector-utmutato.jpg 700w\" sizes=\"auto, (max-width: 210px) 100vw, 210px\"><\/a><\/div>\n[\/vc_column][vc_column width=&#8221;5\/12&#8243;]<h2 class=\"headline font-inherit fontsize-xl fontweight-inherit lh-14 align-left transform-inherit \" style=\" color: #3d3d3d;\">L\u00e9pj be c\u00e9lrendszereidre biztons\u00e1gosan PassMan-b\u00f3l, Jira szoftverb\u0151l, vagy ak\u00e1r automatikusan a b\u00f6ng\u00e9sz\u0151b\u0151l!<\/h2><div class=\"headline font-inherit fontsize-m fontweight-inherit lh-14 align-left transform-inherit \" style=\" color: #3d3d3d;\">A lehet\u0151s\u00e9g adott, Te d\u00f6ntesz!<\/div><a href=\"https:\/\/moresimp.atlassian.net\/wiki\/spaces\/PIC\/pages\/2721841212\/About+the+app\" target=\"_blank\" class=\"button custom large \" style=\"background-color: #0052cc; border-color: #0052cc;border-radius: 2px;\"><i class='fa fa-chevron-right'><\/i>FELHASZN\u00c1L\u00d3I \u00daTMUTAT\u00d3<\/a>[\/vc_column][vc_column width=&#8221;2\/12&#8243;][\/vc_column][\/vc_row]<\/p>\n<\/div>","protected":false},"excerpt":{"rendered":"<p>[vc_row bg_image=&#8221;18921&#8243; bg_color=&#8221;#0052cc&#8221; text_color=&#8221;custom&#8221; custom_text_color=&#8221;#a6c549&#8243; top_padding=&#8221;100&#8243; bottom_padding=&#8221;100&#8243; class=&#8221;no-mobile&#8221;][vc_column column_center=&#8221;true&#8221; text_align=&#8221;center&#8221; width=&#8221;1\/1&#8243;][\/vc_column][\/vc_row][vc_row text_color=&#8221;custom&#8221; custom_text_color=&#8221;#a6c549&#8243; top_padding=&#8221;60&#8243;][vc_column width=&#8221;1\/1&#8243;][\/vc_column][\/vc_row][vc_row text_color=&#8221;custom&#8221; custom_text_color=&#8221;#a6c549&#8243; top_padding=&#8221;20&#8243;][vc_column column_center=&#8221;true&#8221; width=&#8221;6\/12&#8243;][\/vc_column][vc_column width=&#8221;1\/12&#8243;][\/vc_column][vc_column width=&#8221;5\/12&#8243;][\/vc_column][\/vc_row][vc_row bg_color=&#8221;#f9f9f9&#8243; top_padding=&#8221;60&#8243; bottom_padding=&#8221;40&#8243; class=&#8221;no-mobile&#8221;][vc_column el_class=&#8221;text&#8221; column_center=&#8221;true&#8221; width=&#8221;1\/6&#8243;][\/vc_column][vc_column width=&#8221;2\/3&#8243;][vc_column_text el_class=&#8221;text&#8221;]A PassMan felsz\u00e1molja a r\u00e9gim\u00f3di, kock\u00e1zatos jelsz\u00f3kezel\u00e9si szok\u00e1sokat az eg\u00e9sz v\u00e1llalkoz\u00e1sodban! \u00c1tl\u00e1that\u00f3 \u00e9s k\u00f6nnyen kezelhet\u0151 fel\u00fcletet biztos\u00edt, ahol a jelszavakat kock\u00e1zatok n\u00e9lk\u00fcl oszthatj\u00e1tok meg egym\u00e1ssal. Gyerekj\u00e1t\u00e9k lesz a jelsz\u00f3kezel\u00e9s![\/vc_column_text][\/vc_column][vc_column width=&#8221;1\/6&#8243;][\/vc_column][\/vc_row][vc_row bg_color=&#8221;#091e42&#8243; top_padding=&#8221;20&#8243; bottom_padding=&#8221;20&#8243; class=&#8221;no-mobile&#8221;][vc_column el_class=&#8221;text&#8221; column_center=&#8221;true&#8221; text_align=&#8221;right&#8221; width=&#8221;1\/2&#8243;][\/vc_column][vc_column text_align=&#8221;center&#8221; width=&#8221;1\/2&#8243;][\/vc_column][\/vc_row][vc_row top_padding=&#8221;60&#8243; bottom_padding=&#8221;60&#8243;][vc_column el_class=&#8221;text&#8221; width=&#8221;2\/3&#8243;][\/vc_column][vc_column el_class=&#8221;text&#8221; column_center=&#8221;true&#8221; width=&#8221;1\/3&#8243;][\/vc_column][\/vc_row][vc_row bg_color=&#8221;#e2b203&#8243; top_padding=&#8221;60&#8243; bottom_padding=&#8221;60&#8243; class=&#8221;no-mobile&#8221;][vc_column el_class=&#8221;text&#8221; column_center=&#8221;true&#8221; width=&#8221;5\/12&#8243;][\/vc_column][vc_column width=&#8221;5\/12&#8243;][\/vc_column][vc_column width=&#8221;2\/12&#8243;][\/vc_column][\/vc_row]<\/p>\n","protected":false},"author":4,"featured_media":0,"parent":0,"menu_order":0,"comment_status":"closed","ping_status":"closed","template":"","meta":{"footnotes":""},"class_list":["post-8439","page","type-page","status-publish","hentry"],"yoast_head":"<!-- This site is optimized with the Yoast SEO plugin v27.5 - https:\/\/yoast.com\/product\/yoast-seo-wordpress\/ -->\n<title>PassMan - V\u00e1llalati jelsz\u00f3kezel\u00e9s egyszer\u0171en - MORESIMP<\/title>\n<meta name=\"description\" content=\"We are a software developer start-up with the dream of bringing simplicity to people&#039;s lives. Our applications are designed for broadening personal perspective and boosting productivity in business. We provide custom software development, Atlassian consulting and hosting.\" \/>\n<meta name=\"robots\" content=\"index, follow, max-snippet:-1, max-image-preview:large, max-video-preview:-1\" \/>\n<link rel=\"canonical\" href=\"https:\/\/moresimp.com\/hu\/passman-vallalati-jelszokezelo\/\" \/>\n<meta property=\"og:locale\" content=\"hu_HU\" \/>\n<meta property=\"og:type\" content=\"article\" \/>\n<meta property=\"og:title\" content=\"PassMan - V\u00e1llalati jelsz\u00f3kezel\u00e9s egyszer\u0171en - MORESIMP\" \/>\n<meta property=\"og:description\" content=\"We are a software developer start-up with the dream of bringing simplicity to people&#039;s lives. Our applications are designed for broadening personal perspective and boosting productivity in business. We provide custom software development, Atlassian consulting and hosting.\" \/>\n<meta property=\"og:url\" content=\"https:\/\/moresimp.com\/hu\/passman-vallalati-jelszokezelo\/\" \/>\n<meta property=\"og:site_name\" content=\"MORESIMP\" \/>\n<meta property=\"article:modified_time\" content=\"2023-09-28T14:25:34+00:00\" \/>\n<meta name=\"twitter:card\" content=\"summary_large_image\" \/>\n<meta name=\"twitter:label1\" content=\"Becs\u00fclt olvas\u00e1si id\u0151\" \/>\n\t<meta name=\"twitter:data1\" content=\"2 perc\" \/>\n<script type=\"application\/ld+json\" class=\"yoast-schema-graph\">{\"@context\":\"https:\\\/\\\/schema.org\",\"@graph\":[{\"@type\":\"WebPage\",\"@id\":\"https:\\\/\\\/moresimp.com\\\/hu\\\/passman-vallalati-jelszokezelo\\\/\",\"url\":\"https:\\\/\\\/moresimp.com\\\/hu\\\/passman-vallalati-jelszokezelo\\\/\",\"name\":\"PassMan - V\u00e1llalati jelsz\u00f3kezel\u00e9s egyszer\u0171en - MORESIMP\",\"isPartOf\":{\"@id\":\"https:\\\/\\\/moresimp.com\\\/hu\\\/#website\"},\"datePublished\":\"2022-05-05T00:22:58+00:00\",\"dateModified\":\"2023-09-28T14:25:34+00:00\",\"description\":\"We are a software developer start-up with the dream of bringing simplicity to people's lives. Our applications are designed for broadening personal perspective and boosting productivity in business. We provide custom software development, Atlassian consulting and hosting.\",\"breadcrumb\":{\"@id\":\"https:\\\/\\\/moresimp.com\\\/hu\\\/passman-vallalati-jelszokezelo\\\/#breadcrumb\"},\"inLanguage\":\"hu\",\"potentialAction\":[{\"@type\":\"ReadAction\",\"target\":[\"https:\\\/\\\/moresimp.com\\\/hu\\\/passman-vallalati-jelszokezelo\\\/\"]}]},{\"@type\":\"BreadcrumbList\",\"@id\":\"https:\\\/\\\/moresimp.com\\\/hu\\\/passman-vallalati-jelszokezelo\\\/#breadcrumb\",\"itemListElement\":[{\"@type\":\"ListItem\",\"position\":1,\"name\":\"Home\",\"item\":\"https:\\\/\\\/moresimp.com\\\/hu\\\/\"},{\"@type\":\"ListItem\",\"position\":2,\"name\":\"PassMan &#8211; V\u00e1llalati jelsz\u00f3kezel\u00e9s egyszer\u0171en\"}]},{\"@type\":\"WebSite\",\"@id\":\"https:\\\/\\\/moresimp.com\\\/hu\\\/#website\",\"url\":\"https:\\\/\\\/moresimp.com\\\/hu\\\/\",\"name\":\"MORESIMP\",\"description\":\"Smart software, more life.\",\"potentialAction\":[{\"@type\":\"SearchAction\",\"target\":{\"@type\":\"EntryPoint\",\"urlTemplate\":\"https:\\\/\\\/moresimp.com\\\/hu\\\/?s={search_term_string}\"},\"query-input\":{\"@type\":\"PropertyValueSpecification\",\"valueRequired\":true,\"valueName\":\"search_term_string\"}}],\"inLanguage\":\"hu\"}]}<\/script>\n<!-- \/ Yoast SEO plugin. -->","yoast_head_json":{"title":"PassMan - V\u00e1llalati jelsz\u00f3kezel\u00e9s egyszer\u0171en - MORESIMP","description":"We are a software developer start-up with the dream of bringing simplicity to people's lives. Our applications are designed for broadening personal perspective and boosting productivity in business. We provide custom software development, Atlassian consulting and hosting.","robots":{"index":"index","follow":"follow","max-snippet":"max-snippet:-1","max-image-preview":"max-image-preview:large","max-video-preview":"max-video-preview:-1"},"canonical":"https:\/\/moresimp.com\/hu\/passman-vallalati-jelszokezelo\/","og_locale":"hu_HU","og_type":"article","og_title":"PassMan - V\u00e1llalati jelsz\u00f3kezel\u00e9s egyszer\u0171en - MORESIMP","og_description":"We are a software developer start-up with the dream of bringing simplicity to people's lives. Our applications are designed for broadening personal perspective and boosting productivity in business. We provide custom software development, Atlassian consulting and hosting.","og_url":"https:\/\/moresimp.com\/hu\/passman-vallalati-jelszokezelo\/","og_site_name":"MORESIMP","article_modified_time":"2023-09-28T14:25:34+00:00","twitter_card":"summary_large_image","twitter_misc":{"Becs\u00fclt olvas\u00e1si id\u0151":"2 perc"},"schema":{"@context":"https:\/\/schema.org","@graph":[{"@type":"WebPage","@id":"https:\/\/moresimp.com\/hu\/passman-vallalati-jelszokezelo\/","url":"https:\/\/moresimp.com\/hu\/passman-vallalati-jelszokezelo\/","name":"PassMan - V\u00e1llalati jelsz\u00f3kezel\u00e9s egyszer\u0171en - MORESIMP","isPartOf":{"@id":"https:\/\/moresimp.com\/hu\/#website"},"datePublished":"2022-05-05T00:22:58+00:00","dateModified":"2023-09-28T14:25:34+00:00","description":"We are a software developer start-up with the dream of bringing simplicity to people's lives. Our applications are designed for broadening personal perspective and boosting productivity in business. We provide custom software development, Atlassian consulting and hosting.","breadcrumb":{"@id":"https:\/\/moresimp.com\/hu\/passman-vallalati-jelszokezelo\/#breadcrumb"},"inLanguage":"hu","potentialAction":[{"@type":"ReadAction","target":["https:\/\/moresimp.com\/hu\/passman-vallalati-jelszokezelo\/"]}]},{"@type":"BreadcrumbList","@id":"https:\/\/moresimp.com\/hu\/passman-vallalati-jelszokezelo\/#breadcrumb","itemListElement":[{"@type":"ListItem","position":1,"name":"Home","item":"https:\/\/moresimp.com\/hu\/"},{"@type":"ListItem","position":2,"name":"PassMan &#8211; V\u00e1llalati jelsz\u00f3kezel\u00e9s egyszer\u0171en"}]},{"@type":"WebSite","@id":"https:\/\/moresimp.com\/hu\/#website","url":"https:\/\/moresimp.com\/hu\/","name":"MORESIMP","description":"Smart software, more life.","potentialAction":[{"@type":"SearchAction","target":{"@type":"EntryPoint","urlTemplate":"https:\/\/moresimp.com\/hu\/?s={search_term_string}"},"query-input":{"@type":"PropertyValueSpecification","valueRequired":true,"valueName":"search_term_string"}}],"inLanguage":"hu"}]}},"_links":{"self":[{"href":"https:\/\/moresimp.com\/hu\/wp-json\/wp\/v2\/pages\/8439","targetHints":{"allow":["GET"]}}],"collection":[{"href":"https:\/\/moresimp.com\/hu\/wp-json\/wp\/v2\/pages"}],"about":[{"href":"https:\/\/moresimp.com\/hu\/wp-json\/wp\/v2\/types\/page"}],"author":[{"embeddable":true,"href":"https:\/\/moresimp.com\/hu\/wp-json\/wp\/v2\/users\/4"}],"replies":[{"embeddable":true,"href":"https:\/\/moresimp.com\/hu\/wp-json\/wp\/v2\/comments?post=8439"}],"version-history":[{"count":59,"href":"https:\/\/moresimp.com\/hu\/wp-json\/wp\/v2\/pages\/8439\/revisions"}],"predecessor-version":[{"id":19242,"href":"https:\/\/moresimp.com\/hu\/wp-json\/wp\/v2\/pages\/8439\/revisions\/19242"}],"wp:attachment":[{"href":"https:\/\/moresimp.com\/hu\/wp-json\/wp\/v2\/media?parent=8439"}],"curies":[{"name":"wp","href":"https:\/\/api.w.org\/{rel}","templated":true}]}}